{"id":219190,"date":"2024-04-16T19:56:54","date_gmt":"2024-04-16T17:56:54","guid":{"rendered":"https:\/\/desdropi.com\/elparque\/?post_type=product&#038;p=219190"},"modified":"2024-05-17T13:03:38","modified_gmt":"2024-05-17T11:03:38","slug":"smartwatch-garmin-forerunner-45s-iris-010-02156-11","status":"publish","type":"product","link":"https:\/\/desdropi.com\/elparque\/smartwatch-garmin-forerunner-45s-iris-010-02156-11\/","title":{"rendered":"SMARTWATCH GARMIN FORERUNNER 45S IRIS 010-02156-11"},"content":{"rendered":"<div class=\"descripcion-tab\">\n<div class=\"flex-1 overflow-hidden\">\n<div class=\"react-scroll-to-bottom--css-hgwck-79elbk h-full\">\n<div class=\"react-scroll-to-bottom--css-hgwck-1n7m0yu\">\n<div>\n<div class=\"flex flex-col text-sm pb-9\">\n<div class=\"w-full text-token-text-primary\" dir=\"auto\" data-testid=\"conversation-turn-103\">\n<div class=\"px-4 py-2 justify-center text-base md:gap-6 m-auto\">\n<div class=\"flex flex-1 text-base mx-auto gap-3 juice:gap-4 juice:md:gap-6 md:px-5 lg:px-1 xl:px-5 md:max-w-3xl lg:max-w-[40rem] xl:max-w-[48rem]\">\n<div class=\"relative flex w-full flex-col agent-turn\">\n<div class=\"flex-col gap-1 md:gap-3\">\n<div class=\"flex flex-grow flex-col max-w-full\">\n<div class=\"min-h-[20px] text-message flex flex-col items-start gap-3 whitespace-pre-wrap break-words [.text-message+&amp;]:mt-5 overflow-x-auto\" dir=\"auto\" data-message-author-role=\"assistant\" data-message-id=\"6e7d1b8c-4d15-4936-84d0-42deca1153c5\">\n<div class=\"markdown prose w-full break-words dark:prose-invert light\">\n<p><strong>NOMBRE DEL PRODUCTO: Reloj GARMIN 010-02156-11<\/strong><\/p>\n<p><strong>Puertos e Interfaces:<\/strong><\/p>\n<ul>\n<li>Wifi: S\u00ed<\/li>\n<li>Puerto USB: No<\/li>\n<li>Bluetooth: No<\/li>\n<\/ul>\n<p><strong>Peso y dimensiones:<\/strong><\/p>\n<ul>\n<li>Ancho: 39,5 mm<\/li>\n<li>Grosor: 3,95 cm<\/li>\n<li>Profundidad: 11,4 mm<\/li>\n<li>Peso: 32 g<\/li>\n<\/ul>\n<p><strong>Control de energ\u00eda:<\/strong><\/p>\n<ul>\n<li>Modo de espera autom\u00e1tico: No<\/li>\n<li>Vida \u00fatil de la bater\u00eda (modo GPS): 13 horas<\/li>\n<li>Autonom\u00eda: 168 horas<\/li>\n<li>Bater\u00eda incorporada: S\u00ed<\/li>\n<\/ul>\n<p><strong>Contenido del embalaje:<\/strong><\/p>\n<ul>\n<li>Cargador: S\u00ed<\/li>\n<li>Manual de usuario: S\u00ed<\/li>\n<\/ul>\n<p><strong>Dise\u00f1o:<\/strong><\/p>\n<ul>\n<li>Color de la carcasa: Negro<\/li>\n<li>Material de la carcasa: Vidrio<\/li>\n<li>Color de la correa: Violeta<\/li>\n<li>Material de la banda: Silicona<\/li>\n<li>Forma: Alrededor<\/li>\n<li>Tama\u00f1o de mu\u00f1eca: 124 &#8211; 185 mm<\/li>\n<li>Color de hebilla: Gris<\/li>\n<li>Tipo de cierre: Single prong strap buckle<\/li>\n<li>Color de la esfera: Violeta<\/li>\n<\/ul>\n<p><strong>Caracter\u00edsticas:<\/strong><\/p>\n<ul>\n<li>Resoluci\u00f3n de la pantalla: 208 x 208 Pixeles<\/li>\n<li>Pantalla t\u00e1ctil: No<\/li>\n<li>Diagonal de la pantalla: 2,64 cm (1.04&#8243;)<\/li>\n<li>Sistemas operativos m\u00f3viles soportados: Android, iOS<\/li>\n<li>Calidad del sue\u00f1o: S\u00ed<\/li>\n<li>Gesti\u00f3n de la informaci\u00f3n personal: Despertador, calendario, Lunar calendar, Cron\u00f3metro<\/li>\n<li>Distancia recorrida: S\u00ed<\/li>\n<li>Pod\u00f3metro: S\u00ed<\/li>\n<li>Calor\u00edas quemadas: S\u00ed<\/li>\n<li>Sensor frecuencia card\u00edaca: S\u00ed<\/li>\n<li>Aceler\u00f3metro: S\u00ed<\/li>\n<li>Radio FM: No<\/li>\n<li>C\u00e1mara incorporada: No<\/li>\n<li>Notificaciones inteligentes: S\u00ed<\/li>\n<li>Notificaciones del calendario: S\u00ed<\/li>\n<li>Temporizador: S\u00ed<\/li>\n<li>Renovado: No<\/li>\n<\/ul>\n<p><strong>Conexi\u00f3n:<\/strong><\/p>\n<ul>\n<li>Galileo: S\u00ed<\/li>\n<li>GLONASS: S\u00ed<\/li>\n<li>GPS (sat\u00e9lite): S\u00ed<\/li>\n<li>Cellular: S\u00ed<\/li>\n<\/ul>\n<\/div>\n<\/div>\n<\/div>\n<div class=\"mt-1 flex gap-3 empty:hidden\">\n<div class=\"text-gray-400 flex self-end lg:self-center items-center justify-center lg:justify-start mt-0 -ml-1 h-7 gap-[2px] visible\">\n<p>&nbsp;<\/p>\n<div class=\"flex items-center gap-1.5 text-xs\"><\/div>\n<div class=\"flex\"><\/div>\n<\/div>\n<\/div>\n<div class=\"pr-2 lg:pr-0\"><\/div>\n<\/div>\n<div class=\"absolute\">\n<div class=\"flex w-full gap-2 items-center justify-center\"><\/div>\n<\/div>\n<\/div>\n<\/div>\n<\/div>\n<\/div>\n<\/div>\n<\/div>\n<\/div>\n<\/div>\n<\/div>\n<div class=\"w-full pt-2 md:pt-0 dark:border-white\/20 md:border-transparent md:dark:border-transparent md:w-[calc(100%-.5rem)]\">\n<form class=\"stretch mx-2 flex flex-row gap-3 last:mb-2 md:mx-4 md:last:mb-6 lg:mx-auto lg:max-w-2xl xl:max-w-3xl\">\n<div class=\"relative flex h-full flex-1 flex-col\">\n<div class=\"absolute bottom-full left-0 right-0\"><\/div>\n<div class=\"flex w-full items-center\"><\/div>\n<\/div>\n<\/form>\n<\/div>\n<\/div>\n","protected":false},"excerpt":{"rendered":"<p>NOMBRE DEL PRODUCTO: Reloj GARMIN 010-02156-11 Puertos e Interfaces: Wifi: S\u00ed Puerto USB: No Bluetooth: No Peso y dimensiones: Ancho:<\/p>\n","protected":false},"featured_media":219191,"comment_status":"open","ping_status":"closed","template":"","meta":{"_joinchat":[]},"product_cat":[795,6873],"product_tag":[],"class_list":{"0":"post-219190","1":"product","2":"type-product","3":"status-publish","4":"has-post-thumbnail","6":"product_cat-electronica","7":"product_cat-smartwatches","9":"first","10":"instock","11":"sale","12":"taxable","13":"shipping-taxable","14":"purchasable","15":"product-type-simple"},"_links":{"self":[{"href":"https:\/\/desdropi.com\/elparque\/wp-json\/wp\/v2\/product\/219190"}],"collection":[{"href":"https:\/\/desdropi.com\/elparque\/wp-json\/wp\/v2\/product"}],"about":[{"href":"https:\/\/desdropi.com\/elparque\/wp-json\/wp\/v2\/types\/product"}],"replies":[{"embeddable":true,"href":"https:\/\/desdropi.com\/elparque\/wp-json\/wp\/v2\/comments?post=219190"}],"version-history":[{"count":0,"href":"https:\/\/desdropi.com\/elparque\/wp-json\/wp\/v2\/product\/219190\/revisions"}],"wp:featuredmedia":[{"embeddable":true,"href":"https:\/\/desdropi.com\/elparque\/wp-json\/wp\/v2\/media\/219191"}],"wp:attachment":[{"href":"https:\/\/desdropi.com\/elparque\/wp-json\/wp\/v2\/media?parent=219190"}],"wp:term":[{"taxonomy":"product_cat","embeddable":true,"href":"https:\/\/desdropi.com\/elparque\/wp-json\/wp\/v2\/product_cat?post=219190"},{"taxonomy":"product_tag","embeddable":true,"href":"https:\/\/desdropi.com\/elparque\/wp-json\/wp\/v2\/product_tag?post=219190"}],"curies":[{"name":"wp","href":"https:\/\/api.w.org\/{rel}","templated":true}]}}