{"id":219219,"date":"2024-04-17T09:43:10","date_gmt":"2024-04-17T07:43:10","guid":{"rendered":"https:\/\/desdropi.com\/elparque\/?post_type=product&#038;p=219219"},"modified":"2024-05-17T13:03:40","modified_gmt":"2024-05-17T11:03:40","slug":"smartwatch-polar-ignite-3-negro-s-l","status":"publish","type":"product","link":"https:\/\/desdropi.com\/elparque\/smartwatch-polar-ignite-3-negro-s-l\/","title":{"rendered":"SMARTWATCH POLAR IGNITE 3 NEGRO S-L"},"content":{"rendered":"<div class=\"descripcion-tab\">\n<strong>NOMBRE DEL PRODUCTO: Reloj POLAR 900106234<\/strong><\/p>\n<p><strong>Exhibici\u00f3n:<\/strong><\/p>\n<ul>\n<li>Tipo de visualizador: Digital<\/li>\n<li>Resoluci\u00f3n de la pantalla: 416 x 416<\/li>\n<li>Pantalla t\u00e1ctil: S\u00ed<\/li>\n<li>Diagonal de la pantalla: 1,28&#8243;<\/li>\n<li>Tecnolog\u00eda de visualizaci\u00f3n: AMOLED<\/li>\n<li>Pantalla a color: S\u00ed<\/li>\n<li>Tipo de vidrio de reloj: Corning Gorilla Glass<\/li>\n<li>Retroiluminaci\u00f3n: S\u00ed<\/li>\n<\/ul>\n<p><strong>Puertos e Interfaces:<\/strong><\/p>\n<ul>\n<li>Puerto USB: No<\/li>\n<li>Wifi: No<\/li>\n<li>Bluetooth: S\u00ed<\/li>\n<li>Versi\u00f3n de Bluetooth: 5.1<\/li>\n<li>Comunicaci\u00f3n de Campo Cercano (NFC): No<\/li>\n<li>Auriculares: No<\/li>\n<\/ul>\n<p><strong>Peso y dimensiones:<\/strong><\/p>\n<ul>\n<li>Ancho: 43 mm<\/li>\n<li>Profundidad: 43 mm<\/li>\n<li>Grosor: 9,5 mm<\/li>\n<li>Peso: 21 g<\/li>\n<li>Ancho de banda: 2 mm<\/li>\n<\/ul>\n<p><strong>Control de energ\u00eda:<\/strong><\/p>\n<ul>\n<li>Tipo de bater\u00eda: Bater\u00eda integrada<\/li>\n<li>Tecnolog\u00eda de bater\u00eda: Pol\u00edmero de litio<\/li>\n<li>Capacidad de bater\u00eda: 215 mAh<\/li>\n<li>Autonom\u00eda: 120 horas<\/li>\n<li>Duraci\u00f3n de la bater\u00eda: 5 d\u00edas<\/li>\n<li>Duraci\u00f3n de bater\u00eda (modo ahorro de energ\u00eda): 100 horas<\/li>\n<\/ul>\n<p><strong>Condiciones ambientales:<\/strong><\/p>\n<ul>\n<li>Intervalo de temperatura operativa: -10\u00b0C &#8211; 50\u00b0C<\/li>\n<\/ul>\n<p><strong>Contenido del embalaje:<\/strong><\/p>\n<ul>\n<li>Cables incluidos: USB<\/li>\n<li>Manual de usuario: S\u00ed<\/li>\n<\/ul>\n<p><strong>Dise\u00f1o:<\/strong><\/p>\n<ul>\n<li>Posicionamiento de mercado: Reloj para deporte<\/li>\n<li>Watch case size: 43 mm<\/li>\n<li>Color de la esfera: Marr\u00f3n<\/li>\n<li>Watch case material: Pl\u00e1stico, Acero inoxidable<\/li>\n<li>Color de la correa: Marr\u00f3n<\/li>\n<li>Material de la banda: Silicona<\/li>\n<li>Tama\u00f1o de banda: M\/L<\/li>\n<li>Forma: Alrededor<\/li>\n<li>Color de hebilla: Marr\u00f3n<\/li>\n<li>Material de hebilla: Acero inoxidable<\/li>\n<li>Tipo de cierre: Hebilla para correa con una clavija<\/li>\n<li>Funciones de protecci\u00f3n: Resistente al agua (30 metros)<\/li>\n<\/ul>\n<p><strong>Desempe\u00f1o:<\/strong><\/p>\n<ul>\n<li>Micr\u00f3fono incorporado: S\u00ed<\/li>\n<li>Altavoces incorporados: S\u00ed<\/li>\n<li>C\u00e1mara incorporada: No<\/li>\n<li>Radio FM: No<\/li>\n<li>Capacidad de RAM: 5 GB<\/li>\n<li>Memoria flash: 0,032 GB<\/li>\n<li>Frecuencia del procesador: 192 MHz<\/li>\n<li>Idiomas de soporte: Multilenguaje<\/li>\n<\/ul>\n<p><strong>Caracter\u00edsticas:<\/strong><\/p>\n<ul>\n<li>Prueba de aptitud: S\u00ed<\/li>\n<li>Actividad recomendada: Correr, Nataci\u00f3n<\/li>\n<li>Sensor frecuencia card\u00edaca: S\u00ed<\/li>\n<li>Medici\u00f3n de frecuencia card\u00edaca: Autom\u00e1tico<\/li>\n<li>Aceler\u00f3metro: S\u00ed<\/li>\n<li>Activity tracker: S\u00ed<\/li>\n<li>Modo multideporte: S\u00ed<\/li>\n<li>Metas personales: S\u00ed<\/li>\n<li>Servicios de mensajes cortos (SMS): S\u00ed<\/li>\n<li>Gesti\u00f3n de la informaci\u00f3n personal: Contador regresivo<\/li>\n<li>Sensor de luz ambiental: S\u00ed<\/li>\n<li>Modo reloj: 24 horas<\/li>\n<li>Activaci\u00f3n por voz: S\u00ed<\/li>\n<li>Firmware actualizable: S\u00ed<\/li>\n<li>Temporizador: S\u00ed<\/li>\n<li>Alarma: S\u00ed<\/li>\n<li>Cron\u00f3metro: S\u00ed<\/li>\n<li>Intervalo de entrenamiento: S\u00ed<\/li>\n<li>Recomendaciones de entrenamiento: S\u00ed<\/li>\n<\/ul>\n<p><strong>Conexi\u00f3n:<\/strong><\/p>\n<ul>\n<li>Tarjeta SIM Datos M\u00f3viles: No<\/li>\n<li>GPS (sat\u00e9lite): S\u00ed<\/li>\n<li>BeiDou: S\u00ed<\/li>\n<li>GLONASS: S\u00ed<\/li>\n<li>Galileo: S\u00ed<\/li>\n<li>Sistema por Sat\u00e9lite Quasi-Zenith (QZSS): S\u00ed<\/li>\n<\/ul>\n<\/div>\n","protected":false},"excerpt":{"rendered":"<p><span style=\"color: #ff0000;\"><strong>\u00a1ENV\u00cdO GRATIS!<\/strong><\/span><\/p>\n","protected":false},"featured_media":219220,"comment_status":"open","ping_status":"closed","template":"","meta":{"_joinchat":[]},"product_cat":[795,6873],"product_tag":[],"class_list":{"0":"post-219219","1":"product","2":"type-product","3":"status-publish","4":"has-post-thumbnail","6":"product_cat-electronica","7":"product_cat-smartwatches","9":"first","10":"instock","11":"sale","12":"taxable","13":"shipping-taxable","14":"purchasable","15":"product-type-simple"},"_links":{"self":[{"href":"https:\/\/desdropi.com\/elparque\/wp-json\/wp\/v2\/product\/219219"}],"collection":[{"href":"https:\/\/desdropi.com\/elparque\/wp-json\/wp\/v2\/product"}],"about":[{"href":"https:\/\/desdropi.com\/elparque\/wp-json\/wp\/v2\/types\/product"}],"replies":[{"embeddable":true,"href":"https:\/\/desdropi.com\/elparque\/wp-json\/wp\/v2\/comments?post=219219"}],"version-history":[{"count":0,"href":"https:\/\/desdropi.com\/elparque\/wp-json\/wp\/v2\/product\/219219\/revisions"}],"wp:featuredmedia":[{"embeddable":true,"href":"https:\/\/desdropi.com\/elparque\/wp-json\/wp\/v2\/media\/219220"}],"wp:attachment":[{"href":"https:\/\/desdropi.com\/elparque\/wp-json\/wp\/v2\/media?parent=219219"}],"wp:term":[{"taxonomy":"product_cat","embeddable":true,"href":"https:\/\/desdropi.com\/elparque\/wp-json\/wp\/v2\/product_cat?post=219219"},{"taxonomy":"product_tag","embeddable":true,"href":"https:\/\/desdropi.com\/elparque\/wp-json\/wp\/v2\/product_tag?post=219219"}],"curies":[{"name":"wp","href":"https:\/\/api.w.org\/{rel}","templated":true}]}}