{"id":219225,"date":"2024-04-17T09:54:07","date_gmt":"2024-04-17T07:54:07","guid":{"rendered":"https:\/\/desdropi.com\/elparque\/?post_type=product&#038;p=219225"},"modified":"2024-06-05T11:33:57","modified_gmt":"2024-06-05T09:33:57","slug":"smartwatch-samsung-galaxy-watch-6-40mm-gold","status":"publish","type":"product","link":"https:\/\/desdropi.com\/elparque\/smartwatch-samsung-galaxy-watch-6-40mm-gold\/","title":{"rendered":"SMARTWATCH SAMSUNG GALAXY WATCH 6 40MM GOLD"},"content":{"rendered":"<div class=\"descripcion-tab\">\n<strong>NOMBRE DEL PRODUCTO: Reloj SAMSUNG SM-R930NZEAPHE<\/strong><strong>Exhibici\u00f3n:<\/strong><\/p>\n<ul>\n<li>Tipo de vidrio de reloj: Zafiro<\/li>\n<li>Resoluci\u00f3n de la pantalla: 432 x 432<\/li>\n<li>Pantalla t\u00e1ctil: S\u00ed<\/li>\n<li>Display technology marketing name: Super AMOLED<\/li>\n<li>Diagonal de la pantalla: 3,3&#8243;<\/li>\n<li>Brillo de pantalla: 600<\/li>\n<li>N\u00famero de colores de la pantalla: 16 millones de colores<\/li>\n<li>Pantalla a color: S\u00ed<\/li>\n<li>Pantalla con funci\u00f3n Always-on: S\u00ed<\/li>\n<li>Tipo de visualizador: Digital<\/li>\n<li>Tecnolog\u00eda de visualizaci\u00f3n: OLED<\/li>\n<li>Densidad del pixel: 330<\/li>\n<\/ul>\n<p><strong>Puertos e Interfaces:<\/strong><\/p>\n<ul>\n<li>Comunicaci\u00f3n de Campo Cercano (NFC): S\u00ed<\/li>\n<li>Auriculares: Bluetooth<\/li>\n<li>Wi-Fi est\u00e1ndares: 802.11a, 802.11b, 802.11g, Wi-Fi 4 (802.11n)<\/li>\n<li>Versi\u00f3n de Bluetooth: 5.3<\/li>\n<li>Wifi: S\u00ed<\/li>\n<li>Bluetooth: S\u00ed<\/li>\n<\/ul>\n<p><strong>Peso y dimensiones:<\/strong><\/p>\n<ul>\n<li>Grosor: 9 mm<\/li>\n<li>Ancho: 38,8 mm<\/li>\n<li>Profundidad: 40,4 mm<\/li>\n<li>Peso: 28,7 g<\/li>\n<\/ul>\n<p><strong>Control de energ\u00eda:<\/strong><\/p>\n<ul>\n<li>Cargador inal\u00e1mbrico: S\u00ed<\/li>\n<li>Capacidad de bater\u00eda: 300 mAh<\/li>\n<li>Tipo de bater\u00eda: Bater\u00eda integrada<\/li>\n<\/ul>\n<p><strong>Dise\u00f1o:<\/strong><\/p>\n<ul>\n<li>Forma: Alrededor<\/li>\n<li>Posicionamiento de mercado: Reloj inteligente<\/li>\n<li>Color de la esfera: Oro<\/li>\n<li>Watch case material: Aluminio<\/li>\n<li>La resistencia al agua: 5 ATM<\/li>\n<li>Watch case size: 40 mm<\/li>\n<li>Color de la correa: Oro<\/li>\n<li>C\u00f3digo IP (International Protection): IP68<\/li>\n<\/ul>\n<p><strong>Desempe\u00f1o:<\/strong><\/p>\n<ul>\n<li>Sistemas operativos m\u00f3viles soportados: Android 10.0, Android 11.0, Android 12.0, Android 13.0<\/li>\n<li>Micr\u00f3fono incorporado: S\u00ed<\/li>\n<li>Memoria flash: 16 GB<\/li>\n<li>Frecuencia del procesador: 1,4 GHz<\/li>\n<li>Altavoces incorporados: S\u00ed<\/li>\n<li>Sistema operativo instalado: Wear OS<\/li>\n<li>N\u00famero de n\u00facleos de procesador: 2<\/li>\n<li>Fabricante de procesador: Samsung<\/li>\n<li>C\u00e1mara incorporada: No<\/li>\n<li>Capacidad de RAM: 2000 MB<\/li>\n<\/ul>\n<p><strong>Caracter\u00edsticas:<\/strong><\/p>\n<ul>\n<li>Certificado militar: MIL-STD-810H<\/li>\n<li>Tensi\u00f3metro: S\u00ed<\/li>\n<li>Pod\u00f3metro: S\u00ed<\/li>\n<li>Sensor frecuencia card\u00edaca: S\u00ed<\/li>\n<li>Reproductor de m\u00fasica: S\u00ed<\/li>\n<li>Aceler\u00f3metro: S\u00ed<\/li>\n<li>Modo multideporte: S\u00ed<\/li>\n<li>Cron\u00f3metro: S\u00ed<\/li>\n<li>Br\u00fajula electr\u00f3nica: S\u00ed<\/li>\n<li>Calendario: S\u00ed<\/li>\n<li>Sensor geomagn\u00e9tico: S\u00ed<\/li>\n<li>Funci\u00f3n de monitorizaci\u00f3n del estr\u00e9s: S\u00ed<\/li>\n<li>Bar\u00f3metro: S\u00ed<\/li>\n<li>Formatos de audio soportados: 3GA, AAC, AMR, AWB, M4A, MP3, OGA, OGG, WAV<\/li>\n<li>Calidad del sue\u00f1o: S\u00ed<\/li>\n<li>Pron\u00f3sticos del clima: S\u00ed<\/li>\n<li>Funci\u00f3n de alerta SOS: S\u00ed<\/li>\n<li>Heart rate sensor type: \u00d3ptico<\/li>\n<li>Alarma: S\u00ed<\/li>\n<li>Giroscopio: S\u00ed<\/li>\n<li>Temporizador: S\u00ed<\/li>\n<li>Sensor de nivel de ox\u00edgeno en sangre: S\u00ed<\/li>\n<li>Sensor de luz ambiental: S\u00ed<\/li>\n<li>Grabaci\u00f3n de voz: S\u00ed<\/li>\n<\/ul>\n<p><strong>Conexi\u00f3n:<\/strong><\/p>\n<ul>\n<li>GLONASS: S\u00ed<\/li>\n<li>Tarjeta SIM Datos M\u00f3viles: No<\/li>\n<li>Galileo: S\u00ed<\/li>\n<li>GPS (sat\u00e9lite): S\u00ed<\/li>\n<li>BeiDou: S\u00ed<\/li>\n<\/ul>\n<\/div>\n","protected":false},"excerpt":{"rendered":"<p><span style=\"color: #ff0000;\"><strong>\u00a1ENV\u00cdO GRATIS!<\/strong><\/span><\/p>\n","protected":false},"featured_media":219226,"comment_status":"open","ping_status":"closed","template":"","meta":{"_joinchat":[]},"product_cat":[795,6873],"product_tag":[],"class_list":{"0":"post-219225","1":"product","2":"type-product","3":"status-publish","4":"has-post-thumbnail","6":"product_cat-electronica","7":"product_cat-smartwatches","9":"first","10":"instock","11":"taxable","12":"shipping-taxable","13":"purchasable","14":"product-type-simple"},"_links":{"self":[{"href":"https:\/\/desdropi.com\/elparque\/wp-json\/wp\/v2\/product\/219225"}],"collection":[{"href":"https:\/\/desdropi.com\/elparque\/wp-json\/wp\/v2\/product"}],"about":[{"href":"https:\/\/desdropi.com\/elparque\/wp-json\/wp\/v2\/types\/product"}],"replies":[{"embeddable":true,"href":"https:\/\/desdropi.com\/elparque\/wp-json\/wp\/v2\/comments?post=219225"}],"version-history":[{"count":0,"href":"https:\/\/desdropi.com\/elparque\/wp-json\/wp\/v2\/product\/219225\/revisions"}],"wp:featuredmedia":[{"embeddable":true,"href":"https:\/\/desdropi.com\/elparque\/wp-json\/wp\/v2\/media\/219226"}],"wp:attachment":[{"href":"https:\/\/desdropi.com\/elparque\/wp-json\/wp\/v2\/media?parent=219225"}],"wp:term":[{"taxonomy":"product_cat","embeddable":true,"href":"https:\/\/desdropi.com\/elparque\/wp-json\/wp\/v2\/product_cat?post=219225"},{"taxonomy":"product_tag","embeddable":true,"href":"https:\/\/desdropi.com\/elparque\/wp-json\/wp\/v2\/product_tag?post=219225"}],"curies":[{"name":"wp","href":"https:\/\/api.w.org\/{rel}","templated":true}]}}