{"id":219245,"date":"2024-04-17T10:23:16","date_gmt":"2024-04-17T08:23:16","guid":{"rendered":"https:\/\/desdropi.com\/elparque\/?post_type=product&#038;p=219245"},"modified":"2024-05-17T13:03:41","modified_gmt":"2024-05-17T11:03:41","slug":"smartwatch-samsung-galaxy-watch-5-pro-45mm-black","status":"publish","type":"product","link":"https:\/\/desdropi.com\/elparque\/smartwatch-samsung-galaxy-watch-5-pro-45mm-black\/","title":{"rendered":"SMARTWATCH SAMSUNG GALAXY WATCH 5 PRO 45MM BLACK"},"content":{"rendered":"<div class=\"descripcion-tab\">\n<strong>NOMBRE DEL PRODUCTO: Reloj SAMSUNG SM-R920NZKAPHE<\/strong><strong>Exhibici\u00f3n:<\/strong><\/p>\n<ul>\n<li>Pantalla t\u00e1ctil: S\u00ed<\/li>\n<li>Tipo de visualizador: SAMOLED<\/li>\n<li>Resoluci\u00f3n de la pantalla: 450 x 450<\/li>\n<li>Diagonal de la pantalla: 1,4&#8243;<\/li>\n<li>Pantalla a color: S\u00ed<\/li>\n<li>Tipo de vidrio de reloj: Cristal de zafiro<\/li>\n<\/ul>\n<p><strong>Puertos e Interfaces:<\/strong><\/p>\n<ul>\n<li>Wifi: S\u00ed<\/li>\n<li>Wi-Fi est\u00e1ndares: 802.11 a\/b\/g\/n 2.4+5GHz<\/li>\n<li>Versi\u00f3n de Bluetooth: 5.2<\/li>\n<li>Comunicaci\u00f3n de Campo Cercano (NFC): S\u00ed<\/li>\n<li>Auriculares: Bluetooth<\/li>\n<\/ul>\n<p><strong>Peso y dimensiones:<\/strong><\/p>\n<ul>\n<li>Ancho: 45,4 mm<\/li>\n<li>Profundidad: 45,4 mm<\/li>\n<li>Grosor: 10,5 mm<\/li>\n<li>Peso: 46,5 g<\/li>\n<\/ul>\n<p><strong>Control de energ\u00eda:<\/strong><\/p>\n<ul>\n<li>Capacidad de bater\u00eda: 590 mAh<\/li>\n<li>Cargador inal\u00e1mbrico: S\u00ed<\/li>\n<\/ul>\n<p><strong>Empaquetado:<\/strong><\/p>\n<ul>\n<li>Tipo de embalaje: Caja<\/li>\n<li>Contenido del embalaje: Manual de usuario, Cargador<\/li>\n<\/ul>\n<p><strong>Dise\u00f1o:<\/strong><\/p>\n<ul>\n<li>Color de la esfera: Negro<\/li>\n<li>Watch case material: Titanio<\/li>\n<li>Color de la correa: Negro<\/li>\n<li>Forma: Alrededor<\/li>\n<li>Tipo de cierre: Hebilla para correa con una clavija<\/li>\n<li>C\u00f3digo IP (International Protection): IP68<\/li>\n<li>Funciones de protecci\u00f3n: Resistente al polvo, Resistente al agua<\/li>\n<li>Posicionamiento de mercado: Reloj inteligente<\/li>\n<\/ul>\n<p><strong>Desempe\u00f1o:<\/strong><\/p>\n<ul>\n<li>Capacidad de RAM: 1,5 GB<\/li>\n<li>Sistema operativo instalado: Wear OS<\/li>\n<li>Sistemas operativos m\u00f3viles soportados: Android 8 o superior<\/li>\n<li>Memoria flash: 16 GB<\/li>\n<li>Fabricante de procesador: Samsung<\/li>\n<li>Frecuencia del procesador: 1180 GHz<\/li>\n<li>N\u00famero de n\u00facleos de procesador: 2<\/li>\n<\/ul>\n<p><strong>Caracter\u00edsticas:<\/strong><\/p>\n<ul>\n<li>Br\u00fajula electr\u00f3nica: S\u00ed<\/li>\n<li>Sensor geomagn\u00e9tico: S\u00ed<\/li>\n<li>Bar\u00f3metro: S\u00ed<\/li>\n<li>Sensor frecuencia card\u00edaca: S\u00ed<\/li>\n<li>Tensi\u00f3metro: S\u00ed<\/li>\n<li>Heart rate sensor type: Electrical, \u00d3ptico<\/li>\n<li>Calor\u00edas quemadas: S\u00ed<\/li>\n<li>Aceler\u00f3metro: S\u00ed<\/li>\n<li>Giroscopio: S\u00ed<\/li>\n<li>Activity tracker: S\u00ed<\/li>\n<li>Calidad del sue\u00f1o: S\u00ed<\/li>\n<li>Sensor de luz ambiental: S\u00ed<\/li>\n<li>Temporizador: S\u00ed<\/li>\n<\/ul>\n<p><strong>Conexi\u00f3n:<\/strong><\/p>\n<ul>\n<li>Tarjeta SIM Datos M\u00f3viles: No<\/li>\n<li>GPS (sat\u00e9lite): S\u00ed<\/li>\n<li>BeiDou: S\u00ed<\/li>\n<li>GLONASS: S\u00ed<\/li>\n<li>Galileo: S\u00ed<\/li>\n<\/ul>\n<\/div>\n","protected":false},"excerpt":{"rendered":"<p><span style=\"color: #ff0000;\"><strong>\u00a1ENV\u00cdO GRATIS!<\/strong><\/span><\/p>\n","protected":false},"featured_media":219246,"comment_status":"open","ping_status":"closed","template":"","meta":{"_joinchat":[]},"product_cat":[795,6873],"product_tag":[],"class_list":{"0":"post-219245","1":"product","2":"type-product","3":"status-publish","4":"has-post-thumbnail","6":"product_cat-electronica","7":"product_cat-smartwatches","9":"first","10":"instock","11":"sale","12":"taxable","13":"shipping-taxable","14":"purchasable","15":"product-type-simple"},"_links":{"self":[{"href":"https:\/\/desdropi.com\/elparque\/wp-json\/wp\/v2\/product\/219245"}],"collection":[{"href":"https:\/\/desdropi.com\/elparque\/wp-json\/wp\/v2\/product"}],"about":[{"href":"https:\/\/desdropi.com\/elparque\/wp-json\/wp\/v2\/types\/product"}],"replies":[{"embeddable":true,"href":"https:\/\/desdropi.com\/elparque\/wp-json\/wp\/v2\/comments?post=219245"}],"version-history":[{"count":0,"href":"https:\/\/desdropi.com\/elparque\/wp-json\/wp\/v2\/product\/219245\/revisions"}],"wp:featuredmedia":[{"embeddable":true,"href":"https:\/\/desdropi.com\/elparque\/wp-json\/wp\/v2\/media\/219246"}],"wp:attachment":[{"href":"https:\/\/desdropi.com\/elparque\/wp-json\/wp\/v2\/media?parent=219245"}],"wp:term":[{"taxonomy":"product_cat","embeddable":true,"href":"https:\/\/desdropi.com\/elparque\/wp-json\/wp\/v2\/product_cat?post=219245"},{"taxonomy":"product_tag","embeddable":true,"href":"https:\/\/desdropi.com\/elparque\/wp-json\/wp\/v2\/product_tag?post=219245"}],"curies":[{"name":"wp","href":"https:\/\/api.w.org\/{rel}","templated":true}]}}