{"id":219251,"date":"2024-04-17T11:13:42","date_gmt":"2024-04-17T09:13:42","guid":{"rendered":"https:\/\/desdropi.com\/elparque\/?post_type=product&#038;p=219251"},"modified":"2024-05-17T13:03:42","modified_gmt":"2024-05-17T11:03:42","slug":"smartwatch-garmin-fr-245-music-010-02120-32-turque","status":"publish","type":"product","link":"https:\/\/desdropi.com\/elparque\/smartwatch-garmin-fr-245-music-010-02120-32-turque\/","title":{"rendered":"SMARTWATCH GARMIN FR 245 MUSIC 010-02120-32 TURQUE"},"content":{"rendered":"<div class=\"descripcion-tab\">\n<strong>NOMBRE DEL PRODUCTO: Reloj GARMIN 010-02120-32<\/strong><strong>Exhibici\u00f3n:<\/strong><\/p>\n<ul>\n<li>Tipo de visualizador: MIP<\/li>\n<li>Resoluci\u00f3n de la pantalla: 240 x 240<\/li>\n<li>Diagonal de la pantalla: 3,05 cm<\/li>\n<li>Tama\u00f1o de la pantalla (HxV): 30,4 x 30,4 mm<\/li>\n<li>Pantalla a color: S\u00ed<\/li>\n<li>Tipo de vidrio de reloj: Corning Gorilla Glass 3<\/li>\n<li>Di\u00e1metro de la pantalla: 3,04 cm<\/li>\n<\/ul>\n<p><strong>Puertos e Interfaces:<\/strong><\/p>\n<ul>\n<li>Puerto USB: S\u00ed<\/li>\n<li>Versi\u00f3n USB: 2.0<\/li>\n<li>Conector USB: Mini-USB<\/li>\n<li>Wifi: S\u00ed<\/li>\n<li>Auriculares: Bluetooth<\/li>\n<\/ul>\n<p><strong>Peso y dimensiones:<\/strong><\/p>\n<ul>\n<li>Ancho: 42,3 mm<\/li>\n<li>Profundidad: 42,3 mm<\/li>\n<li>Grosor: 1,22 mm<\/li>\n<li>Peso: 38,5 g<\/li>\n<\/ul>\n<p><strong>Control de energ\u00eda:<\/strong><\/p>\n<ul>\n<li>Autonom\u00eda: 168 horas<\/li>\n<li>Vida \u00fatil de la bater\u00eda (modo GPS): 6 horas<\/li>\n<li>Modo de espera autom\u00e1tico: S\u00ed<\/li>\n<\/ul>\n<p><strong>Empaquetado:<\/strong><\/p>\n<ul>\n<li>Tipo de embalaje: Caja<\/li>\n<li>Contenido del embalaje: Cables USB, Manual de usuario<\/li>\n<\/ul>\n<p><strong>Dise\u00f1o:<\/strong><\/p>\n<ul>\n<li>Posicionamiento de mercado: Reloj inteligente<\/li>\n<li>Watch case size: 30 mm<\/li>\n<li>Watch case material: Fibre Reinforced Plastic (FRP)<\/li>\n<li>Material de la banda: Silicona<\/li>\n<li>Tama\u00f1o de banda: Talla \u00fanica<\/li>\n<li>Material de la lente: Vidrio<\/li>\n<li>Forma: Alrededor<\/li>\n<li>G\u00e9nero: Unisex<\/li>\n<li>Color de hebilla: Acero inoxidable<\/li>\n<li>Material de hebilla: Metal<\/li>\n<li>Tipo de cierre: Hebilla para correa con una clavija<\/li>\n<li>Funciones de protecci\u00f3n: Resistente al polvo, Resistente a rayones, A prueba de salpicaduras, Resistente al agua<\/li>\n<li>La resistencia al agua: 5 ATM<\/li>\n<li>Color de la esfera: Negro<\/li>\n<li>Color de la correa: Turquesa<\/li>\n<\/ul>\n<p><strong>Desempe\u00f1o:<\/strong><\/p>\n<ul>\n<li>Radio FM: No<\/li>\n<\/ul>\n<p><strong>Caracter\u00edsticas:<\/strong><\/p>\n<ul>\n<li>Actividad recomendada: Ciclismo, Fitness, Correr, Nataci\u00f3n<\/li>\n<li>Supervisi\u00f3n de la actividad: S\u00ed<\/li>\n<li>Control de la m\u00fasica: S\u00ed<\/li>\n<li>Funci\u00f3n \u00abEncuentra mi tel\u00e9fono\u00bb: S\u00ed<\/li>\n<li>Funci\u00f3n Virtual Partner: S\u00ed<\/li>\n<li>Indicador de carrera: S\u00ed<\/li>\n<li>Term\u00f3metro: S\u00ed<\/li>\n<li>Sensor frecuencia card\u00edaca: S\u00ed<\/li>\n<li>Medici\u00f3n del pulso por contacto: S\u00ed<\/li>\n<li>Medici\u00f3n de frecuencia card\u00edaca: Autom\u00e1tico<\/li>\n<li>Sensor de nivel de ox\u00edgeno en sangre: S\u00ed<\/li>\n<li>Distancia recorrida: S\u00ed<\/li>\n<li>Calor\u00edas quemadas: S\u00ed<\/li>\n<li>Aceler\u00f3metro: S\u00ed<\/li>\n<li>Activity tracker: S\u00ed<\/li>\n<li>Modo multideporte: S\u00ed<\/li>\n<li>Metas personales: S\u00ed<\/li>\n<li>Calidad del sue\u00f1o: S\u00ed<\/li>\n<li>Modo reloj: 12h\/24h<\/li>\n<li>Notificaciones inteligentes: S\u00ed<\/li>\n<li>Visualizaci\u00f3n de clima: S\u00ed<\/li>\n<li>Notificaciones del calendario: S\u00ed<\/li>\n<li>Temporizador: S\u00ed<\/li>\n<li>Br\u00fajula electr\u00f3nica: S\u00ed<\/li>\n<li>Reproductor de m\u00fasica: S\u00ed<\/li>\n<li>Alarma: S\u00ed<\/li>\n<li>Cron\u00f3metro: S\u00ed<\/li>\n<li>Pod\u00f3metro: S\u00ed<\/li>\n<li>Calendario: S\u00ed<\/li>\n<li>Informaci\u00f3n de la luna y el Sol: S\u00ed<\/li>\n<li>Intervalo de entrenamiento: S\u00ed<\/li>\n<li>Funci\u00f3n de monitorizaci\u00f3n del estr\u00e9s: S\u00ed<\/li>\n<li>Pausa autom\u00e1tica: S\u00ed<\/li>\n<li>Din\u00e1micas de correr: S\u00ed<\/li>\n<li>Entrenamientos avanzados: S\u00ed<\/li>\n<\/ul>\n<p><strong>Conexi\u00f3n:<\/strong><\/p>\n<ul>\n<li>Tarjeta SIM Datos M\u00f3viles: No<\/li>\n<li>ANT+ habilitado: S\u00ed<\/li>\n<li>GPS (sat\u00e9lite): S\u00ed<\/li>\n<li>GLONASS: S\u00ed<\/li>\n<li>Galileo: S\u00ed<\/li>\n<\/ul>\n<\/div>\n","protected":false},"excerpt":{"rendered":"<p><span style=\"color: #ff0000;\"><strong>\u00a1ENV\u00cdO GRATIS!<\/strong><\/span><\/p>\n","protected":false},"featured_media":219252,"comment_status":"open","ping_status":"closed","template":"","meta":{"_joinchat":[]},"product_cat":[795,6873],"product_tag":[],"class_list":{"0":"post-219251","1":"product","2":"type-product","3":"status-publish","4":"has-post-thumbnail","6":"product_cat-electronica","7":"product_cat-smartwatches","9":"first","10":"instock","11":"sale","12":"taxable","13":"shipping-taxable","14":"purchasable","15":"product-type-simple"},"_links":{"self":[{"href":"https:\/\/desdropi.com\/elparque\/wp-json\/wp\/v2\/product\/219251"}],"collection":[{"href":"https:\/\/desdropi.com\/elparque\/wp-json\/wp\/v2\/product"}],"about":[{"href":"https:\/\/desdropi.com\/elparque\/wp-json\/wp\/v2\/types\/product"}],"replies":[{"embeddable":true,"href":"https:\/\/desdropi.com\/elparque\/wp-json\/wp\/v2\/comments?post=219251"}],"version-history":[{"count":0,"href":"https:\/\/desdropi.com\/elparque\/wp-json\/wp\/v2\/product\/219251\/revisions"}],"wp:featuredmedia":[{"embeddable":true,"href":"https:\/\/desdropi.com\/elparque\/wp-json\/wp\/v2\/media\/219252"}],"wp:attachment":[{"href":"https:\/\/desdropi.com\/elparque\/wp-json\/wp\/v2\/media?parent=219251"}],"wp:term":[{"taxonomy":"product_cat","embeddable":true,"href":"https:\/\/desdropi.com\/elparque\/wp-json\/wp\/v2\/product_cat?post=219251"},{"taxonomy":"product_tag","embeddable":true,"href":"https:\/\/desdropi.com\/elparque\/wp-json\/wp\/v2\/product_tag?post=219251"}],"curies":[{"name":"wp","href":"https:\/\/api.w.org\/{rel}","templated":true}]}}