{"id":219265,"date":"2024-04-17T11:41:44","date_gmt":"2024-04-17T09:41:44","guid":{"rendered":"https:\/\/desdropi.com\/elparque\/?post_type=product&#038;p=219265"},"modified":"2024-05-17T13:03:42","modified_gmt":"2024-05-17T11:03:42","slug":"smartwatch-garmin-venu-2s-010-02429-10-gris-pizarr","status":"publish","type":"product","link":"https:\/\/desdropi.com\/elparque\/smartwatch-garmin-venu-2s-010-02429-10-gris-pizarr\/","title":{"rendered":"SMARTWATCH GARMIN VENU 2S 010-02429-10 GRIS PIZARR"},"content":{"rendered":"<div class=\"descripcion-tab\">\n<strong>NOMBRE DEL PRODUCTO: Reloj GARMIN 010-02429-10<\/strong><strong>Exhibici\u00f3n:<\/strong><\/p>\n<ul>\n<li>Tipo de visualizador: AMOLED<\/li>\n<li>Resoluci\u00f3n de la pantalla: 360 x 360<\/li>\n<li>Pantalla t\u00e1ctil: S\u00ed<\/li>\n<li>Diagonal de la pantalla: 2,79 pulgadas<\/li>\n<li>Pantalla a color: S\u00ed<\/li>\n<li>Tipo de vidrio de reloj: Corning Gorilla Glass 3<\/li>\n<\/ul>\n<p><strong>Puertos e Interfaces:<\/strong><\/p>\n<ul>\n<li>Puerto USB: No<\/li>\n<li>Wifi: S\u00ed<\/li>\n<li>Comunicaci\u00f3n de Campo Cercano (NFC): No<\/li>\n<\/ul>\n<p><strong>Peso y dimensiones:<\/strong><\/p>\n<ul>\n<li>Ancho: 40,4 mm<\/li>\n<li>Grosor: 1,21 mm<\/li>\n<li>Profundidad: 40,4 mm<\/li>\n<li>Peso: 38,2 g<\/li>\n<\/ul>\n<p><strong>Control de energ\u00eda:<\/strong><\/p>\n<ul>\n<li>Autonom\u00eda: 264 horas<\/li>\n<li>Vida \u00fatil de la bater\u00eda (modo GPS): 19 horas<\/li>\n<\/ul>\n<p><strong>Contenido del embalaje:<\/strong><\/p>\n<ul>\n<li>Manual de usuario: S\u00ed<\/li>\n<li>Cargador: S\u00ed<\/li>\n<\/ul>\n<p><strong>Dise\u00f1o:<\/strong><\/p>\n<ul>\n<li>Watch case size: 40 mm<\/li>\n<li>Color de la esfera: Negro<\/li>\n<li>Watch case material: Carbon Fibre Reinforced Polymer (CFRP)<\/li>\n<li>Color de la correa: Negro<\/li>\n<li>Material de la banda: Silicona<\/li>\n<li>Forma: Alrededor<\/li>\n<li>G\u00e9nero: Unisex<\/li>\n<li>Color de hebilla: Negro<\/li>\n<li>Tipo de cierre: Hebilla para correa con una clavija<\/li>\n<li>A prueba de agua: S\u00ed<\/li>\n<li>La resistencia al agua: 5 ATM<\/li>\n<li>Tama\u00f1o de mu\u00f1eca: 110 &#8211; 175 mm<\/li>\n<\/ul>\n<p><strong>Desempe\u00f1o:<\/strong><\/p>\n<ul>\n<li>Micr\u00f3fono incorporado: No<\/li>\n<li>Altavoces incorporados: No<\/li>\n<li>C\u00e1mara incorporada: No<\/li>\n<li>Radio FM: No<\/li>\n<li>Sistemas operativos m\u00f3viles soportados: Android, iOS<\/li>\n<\/ul>\n<p><strong>Caracter\u00edsticas:<\/strong><\/p>\n<ul>\n<li>Sensor frecuencia card\u00edaca: S\u00ed<\/li>\n<li>Medici\u00f3n de frecuencia card\u00edaca: Autom\u00e1tico<\/li>\n<li>Sensor de nivel de ox\u00edgeno en sangre: S\u00ed<\/li>\n<li>Distancia recorrida: S\u00ed<\/li>\n<li>Calor\u00edas quemadas: S\u00ed<\/li>\n<li>Aceler\u00f3metro: S\u00ed<\/li>\n<li>Giroscopio: S\u00ed<\/li>\n<li>Activity tracker: S\u00ed<\/li>\n<li>Modo multideporte: S\u00ed<\/li>\n<li>Metas personales: S\u00ed<\/li>\n<li>Calidad del sue\u00f1o: S\u00ed<\/li>\n<li>Sensor de luz ambiental: S\u00ed<\/li>\n<li>Notificaciones inteligentes: S\u00ed<\/li>\n<li>Acceso remoto para responder al tel\u00e9fono: S\u00ed<\/li>\n<li>Visualizaci\u00f3n de clima: S\u00ed<\/li>\n<li>Notificaciones del calendario: S\u00ed<\/li>\n<li>Notificaciones de SMS: S\u00ed<\/li>\n<li>Temporizador: S\u00ed<\/li>\n<li>Reproductor de m\u00fasica: S\u00ed<\/li>\n<li>Br\u00fajula electr\u00f3nica: S\u00ed<\/li>\n<li>Term\u00f3metro: S\u00ed<\/li>\n<li>Alt\u00edmetro: S\u00ed<\/li>\n<li>Reloj despertador vibrante: S\u00ed<\/li>\n<\/ul>\n<p><strong>Conexi\u00f3n:<\/strong><\/p>\n<ul>\n<li>Tarjeta SIM Datos M\u00f3viles: No<\/li>\n<li>ANT+ habilitado: S\u00ed<\/li>\n<li>GPS (sat\u00e9lite): S\u00ed<\/li>\n<li>GLONASS: S\u00ed<\/li>\n<li>Galileo: S\u00ed<\/li>\n<\/ul>\n<\/div>\n","protected":false},"excerpt":{"rendered":"<p><span style=\"color: #ff0000;\"><strong>\u00a1ENV\u00cdO GRATIS!<\/strong><\/span><\/p>\n","protected":false},"featured_media":219266,"comment_status":"open","ping_status":"closed","template":"","meta":{"_joinchat":[]},"product_cat":[795,6873],"product_tag":[],"class_list":{"0":"post-219265","1":"product","2":"type-product","3":"status-publish","4":"has-post-thumbnail","6":"product_cat-electronica","7":"product_cat-smartwatches","9":"first","10":"instock","11":"sale","12":"taxable","13":"shipping-taxable","14":"purchasable","15":"product-type-simple"},"_links":{"self":[{"href":"https:\/\/desdropi.com\/elparque\/wp-json\/wp\/v2\/product\/219265"}],"collection":[{"href":"https:\/\/desdropi.com\/elparque\/wp-json\/wp\/v2\/product"}],"about":[{"href":"https:\/\/desdropi.com\/elparque\/wp-json\/wp\/v2\/types\/product"}],"replies":[{"embeddable":true,"href":"https:\/\/desdropi.com\/elparque\/wp-json\/wp\/v2\/comments?post=219265"}],"version-history":[{"count":0,"href":"https:\/\/desdropi.com\/elparque\/wp-json\/wp\/v2\/product\/219265\/revisions"}],"wp:featuredmedia":[{"embeddable":true,"href":"https:\/\/desdropi.com\/elparque\/wp-json\/wp\/v2\/media\/219266"}],"wp:attachment":[{"href":"https:\/\/desdropi.com\/elparque\/wp-json\/wp\/v2\/media?parent=219265"}],"wp:term":[{"taxonomy":"product_cat","embeddable":true,"href":"https:\/\/desdropi.com\/elparque\/wp-json\/wp\/v2\/product_cat?post=219265"},{"taxonomy":"product_tag","embeddable":true,"href":"https:\/\/desdropi.com\/elparque\/wp-json\/wp\/v2\/product_tag?post=219265"}],"curies":[{"name":"wp","href":"https:\/\/api.w.org\/{rel}","templated":true}]}}