{"id":219299,"date":"2024-04-17T12:48:07","date_gmt":"2024-04-17T10:48:07","guid":{"rendered":"https:\/\/desdropi.com\/elparque\/?post_type=product&#038;p=219299"},"modified":"2024-05-17T13:03:43","modified_gmt":"2024-05-17T11:03:43","slug":"smartwatch-suunto-vertical-all-black-46mm","status":"publish","type":"product","link":"https:\/\/desdropi.com\/elparque\/smartwatch-suunto-vertical-all-black-46mm\/","title":{"rendered":"SMARTWATCH SUUNTO VERTICAL ALL BLACK 46MM"},"content":{"rendered":"<div class=\"descripcion-tab\"><strong>NOMBRE DEL PRODUCTO: Reloj SUUNTO SS050862000<\/strong><strong>Exhibici\u00f3n:<\/strong><\/p>\n<ul>\n<li>Resoluci\u00f3n de la pantalla: 280 x 280<\/li>\n<li>Pantalla t\u00e1ctil: S\u00ed<\/li>\n<li>Diagonal de la pantalla: 3,56&#8243;<\/li>\n<li>Tecnolog\u00eda de visualizaci\u00f3n: Matriz de puntos<\/li>\n<li>Pantalla a color: S\u00ed<\/li>\n<li>Tipo de vidrio de reloj: Zafiro<\/li>\n<li>Retroiluminaci\u00f3n: S\u00ed<\/li>\n<\/ul>\n<p><strong>Puertos e Interfaces:<\/strong><\/p>\n<ul>\n<li>Bluetooth: S\u00ed<\/li>\n<\/ul>\n<p><strong>Peso y dimensiones:<\/strong><\/p>\n<ul>\n<li>Ancho de banda: 2,2 mm<\/li>\n<li>Dimensiones (Ancho x Profundidad x Altura): 49 x 49 x 13,6 mm<\/li>\n<li>Peso: 86 g<\/li>\n<\/ul>\n<p><strong>Control de energ\u00eda:<\/strong><\/p>\n<ul>\n<li>Tipo de bater\u00eda: Bater\u00eda integrada de ion de litio<\/li>\n<li>Tecnolog\u00eda de bater\u00eda: I\u00f3n de litio<\/li>\n<li>Autonom\u00eda: 1440 horas<\/li>\n<li>Duraci\u00f3n de la bater\u00eda: 60 d\u00edas<\/li>\n<li>Vida \u00fatil de la bater\u00eda (modo GPS): 720 horas<\/li>\n<li>Energ\u00eda solar: S\u00ed<\/li>\n<\/ul>\n<p><strong>Condiciones ambientales:<\/strong><\/p>\n<ul>\n<li>Intervalo de temperatura operativa: -20\u00b0C a 55\u00b0C<\/li>\n<li>Intervalo de temperatura de almacenaje: -20\u00b0C a 55\u00b0C<\/li>\n<\/ul>\n<p><strong>Software:<\/strong><\/p>\n<ul>\n<li>Aplicaciones de actividad deportiva: Strava, TrainingPeaks<\/li>\n<\/ul>\n<p><strong>Contenido del embalaje:<\/strong><\/p>\n<ul>\n<li>Manual de usuario: S\u00ed<\/li>\n<li>Cargador: S\u00ed<\/li>\n<\/ul>\n<p><strong>Dise\u00f1o:<\/strong><\/p>\n<ul>\n<li>Posicionamiento de mercado: Reloj para deporte<\/li>\n<li>Watch case size: 49 mm<\/li>\n<li>Color de la esfera: Negro<\/li>\n<li>Watch case material: Pol\u00edmero reforzado con fibra de vidrio (GFRP)<\/li>\n<li>Color de la correa: Negro<\/li>\n<li>Material de la banda: Silicona<\/li>\n<li>Tama\u00f1o de banda: S\/M<\/li>\n<li>Forma: Alrededor<\/li>\n<li>Tama\u00f1o de mu\u00f1eca: 125 mm &#8211; 175 mm<\/li>\n<li>Material de la correa: Silicona<\/li>\n<li>Longitud de la correa: 21,5 cm<\/li>\n<li>Funciones de protecci\u00f3n: Resistente al agua hasta 100 m<\/li>\n<\/ul>\n<p><strong>Desempe\u00f1o:<\/strong><\/p>\n<ul>\n<li>Micr\u00f3fono incorporado: No<\/li>\n<li>Altavoces incorporados: No<\/li>\n<li>C\u00e1mara incorporada: No<\/li>\n<\/ul>\n<p><strong>Caracter\u00edsticas:<\/strong><\/p>\n<ul>\n<li>Programaci\u00f3n del entrenamiento: S\u00ed<\/li>\n<li>Orientaci\u00f3n en tiempo real: S\u00ed<\/li>\n<li>Sugerencia de tiempo de recuperaci\u00f3n: S\u00ed<\/li>\n<li>Supervisi\u00f3n de la actividad: S\u00ed<\/li>\n<li>Medici\u00f3n del efecto del entrenamiento: S\u00ed<\/li>\n<li>Din\u00e1micas de correr: S\u00ed<\/li>\n<li>Bar\u00f3metro: S\u00ed<\/li>\n<li>Alt\u00edmetro: S\u00ed<\/li>\n<li>Pa\u00eds de origen: Finlandia<\/li>\n<li>Sensor frecuencia card\u00edaca: S\u00ed<\/li>\n<li>Medici\u00f3n del pulso por contacto: S\u00ed<\/li>\n<li>Sensor de nivel de ox\u00edgeno en sangre: S\u00ed<\/li>\n<li>Calor\u00edas quemadas: S\u00ed<\/li>\n<li>Activity tracker: S\u00ed<\/li>\n<li>Modo multideporte: S\u00ed<\/li>\n<li>Calidad del sue\u00f1o: S\u00ed<\/li>\n<li>Gesti\u00f3n de la informaci\u00f3n personal: Contador regresivo, Cron\u00f3metro<\/li>\n<li>Notificaciones inteligentes: S\u00ed<\/li>\n<li>Firmware actualizable: S\u00ed<\/li>\n<li>Br\u00fajula electr\u00f3nica: S\u00ed<\/li>\n<li>Funci\u00f3n de monitorizaci\u00f3n del estr\u00e9s: S\u00ed<\/li>\n<li>Alt\u00edmetro barom\u00e9trico: S\u00ed<\/li>\n<li>Alarma: S\u00ed<\/li>\n<li>Sistema de medici\u00f3n a distancia: Imperial, M\u00e9trico<\/li>\n<li>Pron\u00f3sticos del clima: S\u00ed<\/li>\n<\/ul>\n<p><strong>Conexi\u00f3n:<\/strong><\/p>\n<ul>\n<li>GPS (sat\u00e9lite): S\u00ed<\/li>\n<li>BeiDou: S\u00ed<\/li>\n<li>GLONASS: S\u00ed<\/li>\n<li>Galileo: S\u00ed<\/li>\n<li>Sistema por Sat\u00e9lite Quasi-Zenith (QZSS): S\u00ed<\/li>\n<\/ul>\n<\/div>\n","protected":false},"excerpt":{"rendered":"<p><span style=\"color: #ff0000;\"><strong>\u00a1ENV\u00cdO GRATIS!<\/strong><\/span><\/p>\n","protected":false},"featured_media":219300,"comment_status":"open","ping_status":"closed","template":"","meta":{"_joinchat":[]},"product_cat":[795,6873],"product_tag":[],"class_list":{"0":"post-219299","1":"product","2":"type-product","3":"status-publish","4":"has-post-thumbnail","6":"product_cat-electronica","7":"product_cat-smartwatches","9":"first","10":"instock","11":"sale","12":"taxable","13":"shipping-taxable","14":"purchasable","15":"product-type-simple"},"_links":{"self":[{"href":"https:\/\/desdropi.com\/elparque\/wp-json\/wp\/v2\/product\/219299"}],"collection":[{"href":"https:\/\/desdropi.com\/elparque\/wp-json\/wp\/v2\/product"}],"about":[{"href":"https:\/\/desdropi.com\/elparque\/wp-json\/wp\/v2\/types\/product"}],"replies":[{"embeddable":true,"href":"https:\/\/desdropi.com\/elparque\/wp-json\/wp\/v2\/comments?post=219299"}],"version-history":[{"count":0,"href":"https:\/\/desdropi.com\/elparque\/wp-json\/wp\/v2\/product\/219299\/revisions"}],"wp:featuredmedia":[{"embeddable":true,"href":"https:\/\/desdropi.com\/elparque\/wp-json\/wp\/v2\/media\/219300"}],"wp:attachment":[{"href":"https:\/\/desdropi.com\/elparque\/wp-json\/wp\/v2\/media?parent=219299"}],"wp:term":[{"taxonomy":"product_cat","embeddable":true,"href":"https:\/\/desdropi.com\/elparque\/wp-json\/wp\/v2\/product_cat?post=219299"},{"taxonomy":"product_tag","embeddable":true,"href":"https:\/\/desdropi.com\/elparque\/wp-json\/wp\/v2\/product_tag?post=219299"}],"curies":[{"name":"wp","href":"https:\/\/api.w.org\/{rel}","templated":true}]}}