{"id":219305,"date":"2024-04-17T12:52:57","date_gmt":"2024-04-17T10:52:57","guid":{"rendered":"https:\/\/desdropi.com\/elparque\/?post_type=product&#038;p=219305"},"modified":"2024-05-17T13:03:44","modified_gmt":"2024-05-17T11:03:44","slug":"smartwatch-garmin-fenix-7s-solar-010-02539-13-gr-b","status":"publish","type":"product","link":"https:\/\/desdropi.com\/elparque\/smartwatch-garmin-fenix-7s-solar-010-02539-13-gr-b\/","title":{"rendered":"SMARTWATCH GARMIN FENIX 7S SOLAR 010-02539-13 GR\/B"},"content":{"rendered":"<div class=\"descripcion-tab\">\n<strong>NOMBRE DEL PRODUCTO: Reloj GARMIN 010-02539-13<\/strong><strong>Exhibici\u00f3n:<\/strong><\/p>\n<ul>\n<li>Tipo de visualizador: MIP<\/li>\n<li>Resoluci\u00f3n de la pantalla: 240 x 240<\/li>\n<li>Pantalla t\u00e1ctil: S\u00ed<\/li>\n<li>Diagonal de la pantalla: 3,05&#8243;<\/li>\n<li>Pantalla a color: S\u00ed<\/li>\n<li>Tipo de vidrio de reloj: Power Glass<\/li>\n<\/ul>\n<p><strong>Puertos e Interfaces:<\/strong><\/p>\n<ul>\n<li>Wifi: S\u00ed<\/li>\n<li>Bluetooth: S\u00ed<\/li>\n<\/ul>\n<p><strong>Peso y dimensiones:<\/strong><\/p>\n<ul>\n<li>Ancho: 42 mm<\/li>\n<li>Profundidad: 42 mm<\/li>\n<li>Grosor: 1,41 mm<\/li>\n<li>Peso: 63 g<\/li>\n<\/ul>\n<p><strong>Control de energ\u00eda:<\/strong><\/p>\n<ul>\n<li>Duraci\u00f3n de la bater\u00eda: 11 d\u00edas<\/li>\n<li>Energ\u00eda solar: S\u00ed<\/li>\n<\/ul>\n<p><strong>Detalles t\u00e9cnicos:<\/strong><\/p>\n<ul>\n<li>Productos compatibles: Android, iPhone<\/li>\n<\/ul>\n<p><strong>Dise\u00f1o:<\/strong><\/p>\n<ul>\n<li>Watch case material: Metal, Pol\u00edmero<\/li>\n<li>Forma: Alrededor<\/li>\n<li>Resistencia al agua: 10 ATM<\/li>\n<li>A prueba de agua: S\u00ed<\/li>\n<li>Watch case size: 42 mm<\/li>\n<li>Color de la esfera: Gris Pizarra<\/li>\n<li>Color de la correa: Negro<\/li>\n<li>Material de la banda: Silicona<\/li>\n<\/ul>\n<p><strong>Desempe\u00f1o:<\/strong><\/p>\n<ul>\n<li>C\u00e1mara incorporada: No<\/li>\n<li>Memoria flash: 16 GB<\/li>\n<\/ul>\n<p><strong>Caracter\u00edsticas:<\/strong><\/p>\n<ul>\n<li>Sugerencia de tiempo de recuperaci\u00f3n: S\u00ed<\/li>\n<li>Detecci\u00f3n autom\u00e1tica de la actividad diaria: S\u00ed<\/li>\n<li>Supervisi\u00f3n de la actividad: S\u00ed<\/li>\n<li>Control de la m\u00fasica: S\u00ed<\/li>\n<li>Funci\u00f3n \u00abEncuentra mi tel\u00e9fono\u00bb: S\u00ed<\/li>\n<li>Bar\u00f3metro: S\u00ed<\/li>\n<li>Term\u00f3metro: S\u00ed<\/li>\n<li>Alt\u00edmetro: S\u00ed<\/li>\n<li>Sensor frecuencia card\u00edaca: S\u00ed<\/li>\n<li>Sensor de nivel de ox\u00edgeno en sangre: S\u00ed<\/li>\n<li>Distancia recorrida: S\u00ed<\/li>\n<li>Pod\u00f3metro: S\u00ed<\/li>\n<li>Calor\u00edas quemadas: S\u00ed<\/li>\n<li>Aceler\u00f3metro: S\u00ed<\/li>\n<li>Giroscopio: S\u00ed<\/li>\n<li>Activity tracker: S\u00ed<\/li>\n<li>Modo multideporte: S\u00ed<\/li>\n<li>Metas personales: S\u00ed<\/li>\n<li>Calidad del sue\u00f1o: S\u00ed<\/li>\n<li>Notificaciones inteligentes: S\u00ed<\/li>\n<li>Visualizaci\u00f3n de clima: S\u00ed<\/li>\n<li>Notificaciones del calendario: S\u00ed<\/li>\n<li>Notificaciones de SMS: S\u00ed<\/li>\n<li>Temporizador: S\u00ed<\/li>\n<li>Br\u00fajula electr\u00f3nica: S\u00ed<\/li>\n<li>Reproductor de m\u00fasica: S\u00ed<\/li>\n<li>Cron\u00f3metro: S\u00ed<\/li>\n<li>Entrenamientos avanzados: S\u00ed<\/li>\n<li>Alt\u00edmetro barom\u00e9trico: S\u00ed<\/li>\n<li>Alarma: S\u00ed<\/li>\n<li>Funci\u00f3n de monitorizaci\u00f3n del estr\u00e9s: S\u00ed<\/li>\n<li>Calendario: S\u00ed<\/li>\n<li>Intervalo de entrenamiento: S\u00ed<\/li>\n<li>Calendario de caza\/pesca: S\u00ed<\/li>\n<li>Pron\u00f3sticos del clima: S\u00ed<\/li>\n<\/ul>\n<p><strong>Conexi\u00f3n:<\/strong><\/p>\n<ul>\n<li>ANT+ habilitado: S\u00ed<\/li>\n<li>GPS (sat\u00e9lite): S\u00ed<\/li>\n<li>GLONASS: S\u00ed<\/li>\n<li>Galileo: S\u00ed<\/li>\n<\/ul>\n<\/div>\n","protected":false},"excerpt":{"rendered":"<p><span style=\"color: #ff0000;\"><strong>\u00a1ENV\u00cdO GRATIS!<\/strong><\/span><\/p>\n","protected":false},"featured_media":219306,"comment_status":"open","ping_status":"closed","template":"","meta":{"_joinchat":[]},"product_cat":[795,6873],"product_tag":[],"class_list":{"0":"post-219305","1":"product","2":"type-product","3":"status-publish","4":"has-post-thumbnail","6":"product_cat-electronica","7":"product_cat-smartwatches","9":"first","10":"instock","11":"sale","12":"taxable","13":"shipping-taxable","14":"purchasable","15":"product-type-simple"},"_links":{"self":[{"href":"https:\/\/desdropi.com\/elparque\/wp-json\/wp\/v2\/product\/219305"}],"collection":[{"href":"https:\/\/desdropi.com\/elparque\/wp-json\/wp\/v2\/product"}],"about":[{"href":"https:\/\/desdropi.com\/elparque\/wp-json\/wp\/v2\/types\/product"}],"replies":[{"embeddable":true,"href":"https:\/\/desdropi.com\/elparque\/wp-json\/wp\/v2\/comments?post=219305"}],"version-history":[{"count":0,"href":"https:\/\/desdropi.com\/elparque\/wp-json\/wp\/v2\/product\/219305\/revisions"}],"wp:featuredmedia":[{"embeddable":true,"href":"https:\/\/desdropi.com\/elparque\/wp-json\/wp\/v2\/media\/219306"}],"wp:attachment":[{"href":"https:\/\/desdropi.com\/elparque\/wp-json\/wp\/v2\/media?parent=219305"}],"wp:term":[{"taxonomy":"product_cat","embeddable":true,"href":"https:\/\/desdropi.com\/elparque\/wp-json\/wp\/v2\/product_cat?post=219305"},{"taxonomy":"product_tag","embeddable":true,"href":"https:\/\/desdropi.com\/elparque\/wp-json\/wp\/v2\/product_tag?post=219305"}],"curies":[{"name":"wp","href":"https:\/\/api.w.org\/{rel}","templated":true}]}}