{"id":219365,"date":"2024-04-17T18:52:09","date_gmt":"2024-04-17T16:52:09","guid":{"rendered":"https:\/\/desdropi.com\/elparque\/?post_type=product&#038;p=219365"},"modified":"2024-05-17T13:03:45","modified_gmt":"2024-05-17T11:03:45","slug":"monitor-aoc-27-27b2h-eu-75hz-ips-hdmi","status":"publish","type":"product","link":"https:\/\/desdropi.com\/elparque\/monitor-aoc-27-27b2h-eu-75hz-ips-hdmi\/","title":{"rendered":"MONITOR AOC 27&#8243; 27B2H\/EU 75Hz IPS HDMI"},"content":{"rendered":"<div class=\"descripcion-tab\">\n<strong>NOMBRE DEL PRODUCTO: Monitor AOC 27B2H\/EU<\/strong><strong>Exhibici\u00f3n:<\/strong><\/p>\n<ul>\n<li>Diagonal de la pantalla: 68,6 cm (27 pulgadas)<\/li>\n<li>N\u00famero de colores de la pantalla: 16,78 millones de colores<\/li>\n<li>\u00c1ngulo de visi\u00f3n, horizontal: 178\u00b0<\/li>\n<li>\u00c1ngulo de visi\u00f3n, vertical: 178\u00b0<\/li>\n<li>Tama\u00f1o visible, horizontal: 52,7 cm<\/li>\n<li>Tama\u00f1o visible, vertical: 33,6 cm<\/li>\n<li>Tama\u00f1o de pixel: 0,311 x 0,311 mm<\/li>\n<li>Raz\u00f3n de contraste (t\u00edpica): 1000:1<\/li>\n<li>Relaci\u00f3n de contraste (din\u00e1mico): 20000000:1<\/li>\n<li>Display brightness (typical): 250 cd\/m\u00b2<\/li>\n<li>Resoluci\u00f3n de la pantalla: 1920 x 1080<\/li>\n<li>Relaci\u00f3n de aspecto nativa: 16:9<\/li>\n<li>Resoluci\u00f3n: Full HD<\/li>\n<li>Tecnolog\u00eda de visualizaci\u00f3n: LED<\/li>\n<li>Tipo de retroiluminaci\u00f3n: W-LED<\/li>\n<li>Forma de la pantalla: Plana<\/li>\n<li>M\u00e1xima velocidad de actualizaci\u00f3n: 75 Hz<\/li>\n<li>Tiempo de respuesta (ms): 7 ms<\/li>\n<li>3D: No<\/li>\n<li>Tipo de pantalla: IPS<\/li>\n<li>Formatos gr\u00e1ficos soportados: 1920 x 1080 (HD 1080)<\/li>\n<li>Intervalo de escaneado horizontal: 30 &#8211; 83 kHz<\/li>\n<li>Intervalo de escaneado vertical: 50 &#8211; 76 Hz<\/li>\n<li>Profundidad de color: 8 bits<\/li>\n<li>Cobertura sRGB (t\u00edpica): 101%<\/li>\n<li>Cobertura Adobe RGB: 74%<\/li>\n<\/ul>\n<p><strong>Puertos e Interfaces:<\/strong><\/p>\n<ul>\n<li>N\u00famero de puertos HDMI: 1<\/li>\n<li>HDMI: S\u00ed<\/li>\n<li>Versi\u00f3n HDMI: 1.4<\/li>\n<li>Cantidad de puertos VGA (D-Sub): 1<\/li>\n<li>Puerto DVI: No<\/li>\n<li>Entrada de audio: No<\/li>\n<li>Conector USB incorporado: No<\/li>\n<li>Salidas para auriculares: 1<\/li>\n<li>Salida de auriculares: S\u00ed<\/li>\n<li>Tipo de auriculares: 3,5 mm<\/li>\n<li>Jack de entrada CD: S\u00ed<\/li>\n<\/ul>\n<p><strong>Peso y dimensiones:<\/strong><\/p>\n<ul>\n<li>Altura del dispositivo (con soporte): 419,8 mm<\/li>\n<li>Ancho del dispositivo (con soporte): 540,1 mm<\/li>\n<li>Profundidad dispositivo (con soporte): 186,8 mm<\/li>\n<li>Ancho (sin base): 54 mm<\/li>\n<li>Peso (sin base): 2,18 kg<\/li>\n<li>Peso (con soporte): 3,6 kg<\/li>\n<\/ul>\n<p><strong>Control de energ\u00eda:<\/strong><\/p>\n<ul>\n<li>Consumo energ\u00e9tico: 22 W<\/li>\n<li>Consumo de energ\u00eda (inactivo): 0,5 W<\/li>\n<li>Consumo de energ\u00eda (apagado): 0,5 W<\/li>\n<li>Voltaje de entrada AC: 100 &#8211; 240 V<\/li>\n<li>Frecuencia de entrada AC: 50\/60 Hz<\/li>\n<li>Adaptador de energ\u00eda externo: S\u00ed<\/li>\n<li>Clase de eficiencia energ\u00e9tica (SDR): E<\/li>\n<li>Consumo de energ\u00eda (SDR) por 1000 horas: 21 kWh<\/li>\n<\/ul>\n<p><strong>Empaquetado:<\/strong><\/p>\n<ul>\n<li>Peso del paquete: 5,5 kg<\/li>\n<li>Ancho del paquete: 614 mm<\/li>\n<li>Profundidad del paquete: 131 mm<\/li>\n<li>Altura del paquete: 492 mm<\/li>\n<li>Cables incluidos: Corriente alterna, HDMI<\/li>\n<li>Stand incluido: S\u00ed<\/li>\n<\/ul>\n<p><strong>Otras caracter\u00edsticas:<\/strong><\/p>\n<ul>\n<li>Tiempo medio entre fallos: 50000 horas<\/li>\n<li>Sintonizador de TV integrado: No<\/li>\n<li>Interruptor de encendido\/apagado integrado: S\u00ed<\/li>\n<li>Material de embalaje reciclable: 100%<\/li>\n<\/ul>\n<p><strong>Ergonom\u00eda:<\/strong><\/p>\n<ul>\n<li>Inclinable: S\u00ed<\/li>\n<li>\u00c1ngulo de inclinaci\u00f3n: -5\u00b0 a 21,5\u00b0<\/li>\n<li>Exhibici\u00f3n en pantalla (OSD): S\u00ed<\/li>\n<li>Idiomas OSD: Chino simplificado, Chino tradicional, Checo, Alem\u00e1n, Holand\u00e9s, Ingl\u00e9s, Espa\u00f1ol, Fin\u00e9s, Franc\u00e9s, Italiano, Japon\u00e9s, Coreano, Polaco, Portugu\u00e9s, Ruso, SER<\/li>\n<li>N\u00famero de lenguajes OSD: 16<\/li>\n<li>Montaje VESA: S\u00ed (100 x 100 mm)<\/li>\n<li>Ranura para cable de seguridad: No<\/li>\n<li>Ajustes de altura: No<\/li>\n<\/ul>\n<p><strong>Dise\u00f1o:<\/strong><\/p>\n<ul>\n<li>Posicionamiento de mercado: Hogar<\/li>\n<li>Color del producto: Negro<\/li>\n<li>Certificaci\u00f3n: ISO<\/li>\n<li>Color de pies: Negro<\/li>\n<li>Dise\u00f1o sin marco: S\u00ed<\/li>\n<li>Libre de metales pesados: Hg (mercurio)<\/li>\n<li>Soporte desmontable: S\u00ed<\/li>\n<\/ul>\n<p><strong>Desempe\u00f1o:<\/strong><\/p>\n<ul>\n<li>Tecnolog\u00eda Flicker free (reduce el parpadeo de la pantalla): S\u00ed<\/li>\n<li>NVIDIA G-SYNC: No<\/li>\n<li>AMD FreeSync: No<\/li>\n<li>Tecnolog\u00eda Low Blue Light (baja luz azul): S\u00ed<\/li>\n<\/ul>\n<p><strong>Multimedia:<\/strong><\/p>\n<ul>\n<li>Altavoces incorporados: No<\/li>\n<li>C\u00e1mara incorporada: No<\/li>\n<\/ul>\n<p><strong>Sostenibilidad:<\/strong><\/p>\n<ul>\n<li>Certificados de sostenibilidad: RoHS<\/li>\n<\/ul>\n<\/div>\n","protected":false},"excerpt":{"rendered":"<p><span style=\"color: #ff0000;\"><strong>\u00a1ENV\u00cdO GRATIS!<\/strong><\/span><\/p>\n","protected":false},"featured_media":219368,"comment_status":"open","ping_status":"closed","template":"","meta":{"_joinchat":[]},"product_cat":[6536,6555,7024],"product_tag":[],"class_list":{"0":"post-219365","1":"product","2":"type-product","3":"status-publish","4":"has-post-thumbnail","6":"product_cat-informatica-y-ocio","7":"product_cat-ordenadores-informatica-y-gaming","8":"product_cat-monitores","10":"first","11":"instock","12":"sale","13":"taxable","14":"shipping-taxable","15":"purchasable","16":"product-type-simple"},"_links":{"self":[{"href":"https:\/\/desdropi.com\/elparque\/wp-json\/wp\/v2\/product\/219365"}],"collection":[{"href":"https:\/\/desdropi.com\/elparque\/wp-json\/wp\/v2\/product"}],"about":[{"href":"https:\/\/desdropi.com\/elparque\/wp-json\/wp\/v2\/types\/product"}],"replies":[{"embeddable":true,"href":"https:\/\/desdropi.com\/elparque\/wp-json\/wp\/v2\/comments?post=219365"}],"version-history":[{"count":0,"href":"https:\/\/desdropi.com\/elparque\/wp-json\/wp\/v2\/product\/219365\/revisions"}],"wp:featuredmedia":[{"embeddable":true,"href":"https:\/\/desdropi.com\/elparque\/wp-json\/wp\/v2\/media\/219368"}],"wp:attachment":[{"href":"https:\/\/desdropi.com\/elparque\/wp-json\/wp\/v2\/media?parent=219365"}],"wp:term":[{"taxonomy":"product_cat","embeddable":true,"href":"https:\/\/desdropi.com\/elparque\/wp-json\/wp\/v2\/product_cat?post=219365"},{"taxonomy":"product_tag","embeddable":true,"href":"https:\/\/desdropi.com\/elparque\/wp-json\/wp\/v2\/product_tag?post=219365"}],"curies":[{"name":"wp","href":"https:\/\/api.w.org\/{rel}","templated":true}]}}