{"id":219393,"date":"2024-04-17T19:29:00","date_gmt":"2024-04-17T17:29:00","guid":{"rendered":"https:\/\/desdropi.com\/elparque\/?post_type=product&#038;p=219393"},"modified":"2024-05-17T13:03:47","modified_gmt":"2024-05-17T11:03:47","slug":"monitor-lenovo-27-d27q-30-75hz-hdmi-vga","status":"publish","type":"product","link":"https:\/\/desdropi.com\/elparque\/monitor-lenovo-27-d27q-30-75hz-hdmi-vga\/","title":{"rendered":"MONITOR LENOVO 27&#8243; D27Q 30 75HZ\/ HDMI\/VGA"},"content":{"rendered":"<div class=\"descripcion-tab\">\n<strong>NOMBRE DEL PRODUCTO:<\/strong><\/p>\n<ul>\n<li><strong>Marca:<\/strong> LENOVO<\/li>\n<li><strong>Modelo:<\/strong> 66FAGAC6EU<\/li>\n<li><strong>EAN:<\/strong> 196800351333<\/li>\n<\/ul>\n<p><strong>Exhibici\u00f3n:<\/strong><\/p>\n<ul>\n<li><strong>Pantalla t\u00e1ctil:<\/strong> No<\/li>\n<li><strong>Tipo de pantalla:<\/strong> VA<\/li>\n<li><strong>Diagonal de la pantalla:<\/strong> 68,6 cm (27&#8243;)<\/li>\n<li><strong>Resoluci\u00f3n de la pantalla:<\/strong> 2560 x 1440<\/li>\n<li><strong>Relaci\u00f3n de aspecto nativa:<\/strong> 16:9<\/li>\n<li><strong>Tama\u00f1o de pixel:<\/strong> 0,233 x 0,233<\/li>\n<li><strong>Densidad del pixel:<\/strong> 109<\/li>\n<li><strong>Brillo de la pantalla (t\u00edpico):<\/strong> 250<\/li>\n<li><strong>Raz\u00f3n de contraste (t\u00edpica):<\/strong> 3000:1<\/li>\n<li><strong>Relaci\u00f3n de contraste (din\u00e1mico):<\/strong> 3000000:1<\/li>\n<li><strong>\u00c1ngulo de visi\u00f3n, horizontal:<\/strong> 178<\/li>\n<li><strong>\u00c1ngulo de visi\u00f3n, vertical:<\/strong> 178<\/li>\n<li><strong>Tiempo de respuesta (extremo):<\/strong> 4<\/li>\n<li><strong>Tiempo de respuesta (r\u00e1pido):<\/strong> 6<\/li>\n<li><strong>Tiempo de respuesta (ms):<\/strong> 14<\/li>\n<li><strong>M\u00e1xima velocidad de actualizaci\u00f3n:<\/strong> 60<\/li>\n<li><strong>Espacio de color RGB:<\/strong> NTSC<\/li>\n<li><strong>Gama de colores:<\/strong> 72<\/li>\n<li><strong>N\u00famero de colores de la pantalla:<\/strong> 16,7 millones de colores<\/li>\n<li><strong>Profundidad de color:<\/strong> 8<\/li>\n<li><strong>Pantalla antirreflectante:<\/strong> S\u00ed<\/li>\n<li><strong>Forma de la pantalla:<\/strong> Plana<\/li>\n<li><strong>Resoluci\u00f3n:<\/strong> Quad HD<\/li>\n<li><strong>Tecnolog\u00eda de visualizaci\u00f3n:<\/strong> LCD<\/li>\n<li><strong>Tipo de retroiluminaci\u00f3n:<\/strong> W-LED<\/li>\n<li><strong>Tama\u00f1o visible, horizontal:<\/strong> 59,7<\/li>\n<li><strong>Tama\u00f1o visible, vertical:<\/strong> 33,6<\/li>\n<\/ul>\n<p><strong>Puertos e Interfaces:<\/strong><\/p>\n<ul>\n<li><strong>HDMI:<\/strong> S\u00ed<\/li>\n<li><strong>N\u00famero de puertos HDMI:<\/strong> 1<\/li>\n<li><strong>Versi\u00f3n HDMI:<\/strong> 1.4<\/li>\n<li><strong>DisplayPort:<\/strong> S\u00ed<\/li>\n<li><strong>Cantidad:<\/strong> 1<\/li>\n<li><strong>Versi\u00f3n:<\/strong> 1.4<\/li>\n<li><strong>Salida de audio:<\/strong> S\u00ed<\/li>\n<li><strong>Auriculares:<\/strong> 3,5 mm<\/li>\n<li><strong>Jack de entrada CD:<\/strong> S\u00ed<\/li>\n<li><strong>Conector USB incorporado:<\/strong> No<\/li>\n<li><strong>Salida de auriculares:<\/strong> S\u00ed<\/li>\n<\/ul>\n<p><strong>Peso y dimensiones:<\/strong><\/p>\n<ul>\n<li><strong>Ancho del marco (lateral):<\/strong> 1,8<\/li>\n<li><strong>Ancho del marco (superior):<\/strong> 1,8<\/li>\n<li><strong>Ancho del marco (inferior):<\/strong> 2,81<\/li>\n<li><strong>Ancho del dispositivo (con soporte):<\/strong> 614,1<\/li>\n<li><strong>Profundidad dispositivo (con soporte):<\/strong> 231,2<\/li>\n<li><strong>Altura del dispositivo (con soporte):<\/strong> 444,4<\/li>\n<li><strong>Ancho (sin base):<\/strong> 61,4<\/li>\n<li><strong>Profundidad (sin base):<\/strong> 4,37<\/li>\n<li><strong>Altura (sin base):<\/strong> 37,5<\/li>\n<li><strong>Peso (con soporte):<\/strong> 4,7<\/li>\n<li><strong>Peso (sin base):<\/strong> 4,1<\/li>\n<\/ul>\n<p><strong>Control de energ\u00eda:<\/strong><\/p>\n<ul>\n<li><strong>Consumo energ\u00e9tico:<\/strong> 28<\/li>\n<li><strong>Consumo de energ\u00eda (max):<\/strong> 35<\/li>\n<li><strong>Consumo de energ\u00eda (apagado):<\/strong> 0,5<\/li>\n<li><strong>Consumo de energ\u00eda (inactivo):<\/strong> 0,5<\/li>\n<li><strong>Tipo de fuente de alimentaci\u00f3n:<\/strong> Interno<\/li>\n<li><strong>Voltaje de entrada AC:<\/strong> 100 &#8211; 240<\/li>\n<li><strong>Frecuencia de entrada AC:<\/strong> 50\/60<\/li>\n<\/ul>\n<p><strong>Empaquetado:<\/strong><\/p>\n<ul>\n<li><strong>Ancho del paquete:<\/strong> 717<\/li>\n<li><strong>Profundidad del paquete:<\/strong> 179<\/li>\n<li><strong>Altura del paquete:<\/strong> 453<\/li>\n<li><strong>Peso del paquete:<\/strong> 6,6<\/li>\n<\/ul>\n<p><strong>Contenido del embalaje:<\/strong><\/p>\n<ul>\n<li><strong>Stand incluido:<\/strong> S\u00ed<\/li>\n<li><strong>Cables incluidos:<\/strong> Corriente alterna, HDMI<\/li>\n<li><strong>Longitud del cable HDMI:<\/strong> 1,8<\/li>\n<li><strong>Longitud del cable:<\/strong> 1,8<\/li>\n<li><strong>Gu\u00eda de configuraci\u00f3n r\u00e1pida:<\/strong> S\u00ed<\/li>\n<\/ul>\n<p><strong>Ergonom\u00eda:<\/strong><\/p>\n<ul>\n<li><strong>Gesti\u00f3n de cables:<\/strong> S\u00ed<\/li>\n<li><strong>Montaje VESA:<\/strong> S\u00ed<\/li>\n<li><strong>Interfaz de panel de montaje:<\/strong> 100 x 100<\/li>\n<li><strong>\u00c1ngulo de inclinaci\u00f3n:<\/strong> -5 &#8211; 22<\/li>\n<li><strong>Ajuste de la inclinaci\u00f3n:<\/strong> S\u00ed<\/li>\n<li><strong>Ranura para cable de seguridad:<\/strong> S\u00ed<\/li>\n<li><strong>Tipo de ranura de bloqueo del cable:<\/strong> Kensington<\/li>\n<li><strong>Ajustes de altura:<\/strong> No<\/li>\n<\/ul>\n<p><strong>Dise\u00f1o:<\/strong><\/p>\n<ul>\n<li><strong>Color del producto:<\/strong> Negro<\/li>\n<li><strong>Bisel frontal:<\/strong> Negro<\/li>\n<li><strong>Color de pies:<\/strong> Negro<\/li>\n<li><strong>Certificaci\u00f3n:<\/strong> T\u00dcV Volatile Organic Compound<\/li>\n<\/ul>\n<p><strong>Desempe\u00f1o:<\/strong><\/p>\n<ul>\n<li><strong>Sistema operativo Windows soportado:<\/strong> Windows 10, Windows 11<\/li>\n<li><strong>AMD FreeSync:<\/strong> S\u00ed<\/li>\n<li><strong>Tipo de FreeSync de AMD:<\/strong> FreeSync<\/li>\n<li><strong>NVIDIA G-SYNC:<\/strong> No<\/li>\n<\/ul>\n<p><strong>Multimedia:<\/strong><\/p>\n<ul>\n<li><strong>Altavoces incorporados:<\/strong> No<\/li>\n<li><strong>C\u00e1mara incorporada:<\/strong> No<\/li>\n<\/ul>\n<p><strong>Sostenibilidad:<\/strong><\/p>\n<ul>\n<li><strong>Certificados de sostenibilidad:<\/strong> RoHS<\/li>\n<\/ul>\n<\/div>\n","protected":false},"excerpt":{"rendered":"<p><span style=\"color: #ff0000;\"><strong>\u00a1ENV\u00cdO GRATIS!<\/strong><\/span><\/p>\n","protected":false},"featured_media":219394,"comment_status":"open","ping_status":"closed","template":"","meta":{"_joinchat":[]},"product_cat":[6536,6555,7024],"product_tag":[],"class_list":{"0":"post-219393","1":"product","2":"type-product","3":"status-publish","4":"has-post-thumbnail","6":"product_cat-informatica-y-ocio","7":"product_cat-ordenadores-informatica-y-gaming","8":"product_cat-monitores","10":"first","11":"instock","12":"sale","13":"taxable","14":"shipping-taxable","15":"purchasable","16":"product-type-simple"},"_links":{"self":[{"href":"https:\/\/desdropi.com\/elparque\/wp-json\/wp\/v2\/product\/219393"}],"collection":[{"href":"https:\/\/desdropi.com\/elparque\/wp-json\/wp\/v2\/product"}],"about":[{"href":"https:\/\/desdropi.com\/elparque\/wp-json\/wp\/v2\/types\/product"}],"replies":[{"embeddable":true,"href":"https:\/\/desdropi.com\/elparque\/wp-json\/wp\/v2\/comments?post=219393"}],"version-history":[{"count":0,"href":"https:\/\/desdropi.com\/elparque\/wp-json\/wp\/v2\/product\/219393\/revisions"}],"wp:featuredmedia":[{"embeddable":true,"href":"https:\/\/desdropi.com\/elparque\/wp-json\/wp\/v2\/media\/219394"}],"wp:attachment":[{"href":"https:\/\/desdropi.com\/elparque\/wp-json\/wp\/v2\/media?parent=219393"}],"wp:term":[{"taxonomy":"product_cat","embeddable":true,"href":"https:\/\/desdropi.com\/elparque\/wp-json\/wp\/v2\/product_cat?post=219393"},{"taxonomy":"product_tag","embeddable":true,"href":"https:\/\/desdropi.com\/elparque\/wp-json\/wp\/v2\/product_tag?post=219393"}],"curies":[{"name":"wp","href":"https:\/\/api.w.org\/{rel}","templated":true}]}}