{"id":219399,"date":"2024-04-17T19:34:16","date_gmt":"2024-04-17T17:34:16","guid":{"rendered":"https:\/\/desdropi.com\/elparque\/?post_type=product&#038;p=219399"},"modified":"2024-05-17T13:03:47","modified_gmt":"2024-05-17T11:03:47","slug":"monitor-aoc-238-24p2q-fhd-wled-75hz-hdmi","status":"publish","type":"product","link":"https:\/\/desdropi.com\/elparque\/monitor-aoc-238-24p2q-fhd-wled-75hz-hdmi\/","title":{"rendered":"MONITOR AOC 23,8&#8243; 24P2Q FHD WLED 75HZ HDMI"},"content":{"rendered":"<div class=\"descripcion-tab\">\n<strong>NOMBRE DEL PRODUCTO:<\/strong><\/p>\n<ul>\n<li><strong>Marca:<\/strong> AOC<\/li>\n<li><strong>Modelo:<\/strong> 24P2Q<\/li>\n<li><strong>EAN:<\/strong> 4038986147293<\/li>\n<\/ul>\n<p><strong>Exhibici\u00f3n:<\/strong><\/p>\n<ul>\n<li><strong>\u00c1ngulo de visi\u00f3n, horizontal:<\/strong> 178<\/li>\n<li><strong>Tipo de retroiluminaci\u00f3n:<\/strong> W-LED<\/li>\n<li><strong>Tipo de pantalla:<\/strong> IPS<\/li>\n<li><strong>Tiempo de respuesta (ms):<\/strong> 4<\/li>\n<li><strong>N\u00famero de colores de la pantalla:<\/strong> 16,78 millones de colores<\/li>\n<li><strong>\u00c1ngulo de visi\u00f3n, vertical:<\/strong> 178<\/li>\n<li><strong>Brillo de la pantalla (t\u00edpico):<\/strong> 250<\/li>\n<li><strong>Raz\u00f3n de contraste (t\u00edpica):<\/strong> 1000:1<\/li>\n<li><strong>Relaci\u00f3n de contraste (din\u00e1mico):<\/strong> 50000000:1<\/li>\n<li><strong>Tama\u00f1o de pixel:<\/strong> 0,275 x 0,275<\/li>\n<li><strong>Diagonal de la pantalla:<\/strong> 60,5 cm (23,8&#8243;)<\/li>\n<li><strong>Relaci\u00f3n de aspecto nativa:<\/strong> 16:9<\/li>\n<li><strong>M\u00e1xima velocidad de actualizaci\u00f3n:<\/strong> 75<\/li>\n<li><strong>Cobertura sRGB (t\u00edpica):<\/strong> 107<\/li>\n<li><strong>Cobertura Adobe RGB:<\/strong> 79<\/li>\n<li><strong>Forma de la pantalla:<\/strong> Plana<\/li>\n<li><strong>Profundidad de color:<\/strong> 8<\/li>\n<li><strong>Resoluci\u00f3n de la pantalla:<\/strong> 1920 x 1080<\/li>\n<li><strong>Resoluci\u00f3n:<\/strong> Full HD<\/li>\n<li><strong>Tecnolog\u00eda de visualizaci\u00f3n:<\/strong> LED<\/li>\n<li><strong>Formatos gr\u00e1ficos soportados:<\/strong> 1920 x 1080 (HD 1080)<\/li>\n<li><strong>Formato de v\u00eddeo soportado:<\/strong> 1080p<\/li>\n<li><strong>Espacio de color RGB:<\/strong> sRGB<\/li>\n<li><strong>Densidad del pixel:<\/strong> 92<\/li>\n<li><strong>Tama\u00f1o visible, horizontal:<\/strong> 52,7<\/li>\n<li><strong>Tama\u00f1o visible, vertical:<\/strong> 29,6<\/li>\n<\/ul>\n<p><strong>Puertos e Interfaces:<\/strong><\/p>\n<ul>\n<li><strong>Conector USB incorporado:<\/strong> S\u00ed<\/li>\n<li><strong>Micr\u00f3fono, jack de entrada:<\/strong> S\u00ed<\/li>\n<li><strong>Salida de auriculares:<\/strong> S\u00ed<\/li>\n<li><strong>HDMI:<\/strong> S\u00ed\n<ul>\n<li><strong>N\u00famero de puertos HDMI:<\/strong> 1<\/li>\n<li><strong>Versi\u00f3n HDMI:<\/strong> 1.4<\/li>\n<\/ul>\n<\/li>\n<li><strong>DisplayPort:<\/strong> S\u00ed\n<ul>\n<li><strong>Cantidad:<\/strong> 1<\/li>\n<li><strong>Versi\u00f3n:<\/strong> 1.2<\/li>\n<\/ul>\n<\/li>\n<li><strong>Puertos VGA (D-Sub):<\/strong> 1<\/li>\n<li><strong>Puerto DVI:<\/strong> S\u00ed<\/li>\n<li><strong>Entrada de audio:<\/strong> S\u00ed<\/li>\n<li><strong>Auriculares:<\/strong> 3,5 mm<\/li>\n<li><strong>Versi\u00f3n de conector USB:<\/strong> 3.2 Gen 1 (3.1 Gen 1)<\/li>\n<li><strong>Cantidad de puertos USB descendentes de tipo A:<\/strong> 4<\/li>\n<\/ul>\n<p><strong>Peso y dimensiones:<\/strong><\/p>\n<ul>\n<li><strong>Peso (con soporte):<\/strong> 4,68<\/li>\n<li><strong>Ancho (sin base):<\/strong> 54<\/li>\n<li><strong>Profundidad (sin base):<\/strong> 5,07<\/li>\n<li><strong>Altura (sin base):<\/strong> 32,6<\/li>\n<li><strong>Ancho del dispositivo (con soporte):<\/strong> 540,2<\/li>\n<li><strong>Profundidad dispositivo (con soporte):<\/strong> 200,1<\/li>\n<li><strong>Altura del dispositivo (con soporte):<\/strong> 513<\/li>\n<\/ul>\n<p><strong>Control de energ\u00eda:<\/strong><\/p>\n<ul>\n<li><strong>Voltaje de entrada AC:<\/strong> 100 &#8211; 240<\/li>\n<li><strong>Adaptador de energ\u00eda externo:<\/strong> No<\/li>\n<li><strong>Consumo de energ\u00eda (inactivo):<\/strong> 0,3<\/li>\n<li><strong>Consumo de energ\u00eda (apagado):<\/strong> 0,3<\/li>\n<li><strong>Consumo energ\u00e9tico:<\/strong> 14,58<\/li>\n<li><strong>Frecuencia de entrada AC:<\/strong> 50\/60<\/li>\n<li><strong>Escala de eficiencia energ\u00e9tica:<\/strong> De la A a la G<\/li>\n<li><strong>Clase de eficiencia energ\u00e9tica (SDR):<\/strong> E<\/li>\n<li><strong>Consumo de energ\u00eda (SDR) por 1000 horas:<\/strong> 17<\/li>\n<\/ul>\n<p><strong>Empaquetado:<\/strong><\/p>\n<ul>\n<li><strong>Stand incluido:<\/strong> S\u00ed<\/li>\n<li><strong>Tipo de embalaje:<\/strong> Caja<\/li>\n<li><strong>Longitud del cable HDMI:<\/strong> 1,8<\/li>\n<li><strong>Longitud del cable DisplayPort:<\/strong> 1,8<\/li>\n<li><strong>Longitud del cable de audio:<\/strong> 1,8<\/li>\n<li><strong>Longitud del cable DVI:<\/strong> 1,8<\/li>\n<li><strong>Longitud del cable VGA:<\/strong> 1,8<\/li>\n<li><strong>Cables incluidos:<\/strong> Audio (3,5mm), DVI, DisplayPort, HDMI, VGA<\/li>\n<li><strong>Peso del paquete:<\/strong> 6,89<\/li>\n<\/ul>\n<p><strong>Otras caracter\u00edsticas:<\/strong><\/p>\n<ul>\n<li><strong>Material de embalaje reciclable:<\/strong> 100<\/li>\n<\/ul>\n<p><strong>Ergonom\u00eda:<\/strong><\/p>\n<ul>\n<li><strong>Eje:<\/strong> S\u00ed<\/li>\n<li><strong>Interfaz de panel de montaje:<\/strong> 100 x 100<\/li>\n<li><strong>\u00c1ngulo de inclinaci\u00f3n:<\/strong> -5 &#8211; 35<\/li>\n<li><strong>Ajuste de altura:<\/strong> 15<\/li>\n<li><strong>Exhibici\u00f3n en pantalla (OSD):<\/strong> S\u00ed<\/li>\n<li><strong>Idiomas OSD:<\/strong> Chino simplificado, Chino tradicional, Checo, Alem\u00e1n, Holand\u00e9s, Ingl\u00e9s, Espa\u00f1ol, Fin\u00e9s, Franc\u00e9s, Italiano, Japon\u00e9s, Polaco, Portugu\u00e9s, Ruso, Sueco<\/li>\n<li><strong>N\u00famero de lenguajes OSD:<\/strong> 16<\/li>\n<li><strong>Montaje VESA:<\/strong> S\u00ed<\/li>\n<li><strong>\u00c1ngulo de pivote:<\/strong> 0 &#8211; 180<\/li>\n<li><strong>Inclinable:<\/strong> S\u00ed<\/li>\n<li><strong>Ajustes de altura:<\/strong> S\u00ed<\/li>\n<\/ul>\n<p><strong>Dise\u00f1o:<\/strong><\/p>\n<ul>\n<li><strong>Soporte desmontable:<\/strong> S\u00ed<\/li>\n<li><strong>Dise\u00f1o sin marco:<\/strong> S\u00ed<\/li>\n<li><strong>Posicionamiento de mercado:<\/strong> Negocios<\/li>\n<li><strong>Color del producto:<\/strong> Negro<\/li>\n<li><strong>Bisel frontal:<\/strong> Negro<\/li>\n<li><strong>Color de pies:<\/strong> Negro<\/li>\n<li><strong>Certificaci\u00f3n:<\/strong> ISO<\/li>\n<li><strong>Libre de metales pesados:<\/strong> Hg (mercurio)<\/li>\n<\/ul>\n<p><strong>Desempe\u00f1o:<\/strong><\/p>\n<ul>\n<li><strong>AMD FreeSync:<\/strong> S\u00ed<\/li>\n<li><strong>Rango de frecuencias de actualizaci\u00f3n de la tecnolog\u00eda FreeSync de AMD:<\/strong> 48 &#8211; 75<\/li>\n<li><strong>Tecnolog\u00eda Flicker free (reduce el parpadeo de la pantalla):<\/strong> S\u00ed<\/li>\n<\/ul>\n<p><strong>Multimedia:<\/strong><\/p>\n<ul>\n<li><strong>Altavoces incorporados:<\/strong> S\u00ed\n<ul>\n<li><strong>N\u00famero de altavoces:<\/strong> 2<\/li>\n<\/ul>\n<\/li>\n<li><strong>C\u00e1mara incorporada:<\/strong> No<\/li>\n<\/ul>\n<p><strong>Datos de reciclado:<\/strong><\/p>\n<ul>\n<li><strong>Pl\u00e1stico reciclado postconsumo:<\/strong> 85<\/li>\n<\/ul>\n<p><strong>Sostenibilidad:<\/strong><\/p>\n<ul>\n<li><strong>Certificados de sostenibilidad:<\/strong> RoHS<\/li>\n<li><strong>No contiene:<\/strong> PVC\/BFR<\/li>\n<\/ul>\n<\/div>\n","protected":false},"excerpt":{"rendered":"<p><strong>\u00a1ENV\u00cdO GRATIS!<\/strong><\/p>\n","protected":false},"featured_media":219400,"comment_status":"open","ping_status":"closed","template":"","meta":{"_joinchat":[]},"product_cat":[6536,6555,7024],"product_tag":[],"class_list":{"0":"post-219399","1":"product","2":"type-product","3":"status-publish","4":"has-post-thumbnail","6":"product_cat-informatica-y-ocio","7":"product_cat-ordenadores-informatica-y-gaming","8":"product_cat-monitores","10":"first","11":"instock","12":"sale","13":"taxable","14":"shipping-taxable","15":"purchasable","16":"product-type-simple"},"_links":{"self":[{"href":"https:\/\/desdropi.com\/elparque\/wp-json\/wp\/v2\/product\/219399"}],"collection":[{"href":"https:\/\/desdropi.com\/elparque\/wp-json\/wp\/v2\/product"}],"about":[{"href":"https:\/\/desdropi.com\/elparque\/wp-json\/wp\/v2\/types\/product"}],"replies":[{"embeddable":true,"href":"https:\/\/desdropi.com\/elparque\/wp-json\/wp\/v2\/comments?post=219399"}],"version-history":[{"count":0,"href":"https:\/\/desdropi.com\/elparque\/wp-json\/wp\/v2\/product\/219399\/revisions"}],"wp:featuredmedia":[{"embeddable":true,"href":"https:\/\/desdropi.com\/elparque\/wp-json\/wp\/v2\/media\/219400"}],"wp:attachment":[{"href":"https:\/\/desdropi.com\/elparque\/wp-json\/wp\/v2\/media?parent=219399"}],"wp:term":[{"taxonomy":"product_cat","embeddable":true,"href":"https:\/\/desdropi.com\/elparque\/wp-json\/wp\/v2\/product_cat?post=219399"},{"taxonomy":"product_tag","embeddable":true,"href":"https:\/\/desdropi.com\/elparque\/wp-json\/wp\/v2\/product_tag?post=219399"}],"curies":[{"name":"wp","href":"https:\/\/api.w.org\/{rel}","templated":true}]}}