{"id":219406,"date":"2024-04-17T19:40:08","date_gmt":"2024-04-17T17:40:08","guid":{"rendered":"https:\/\/desdropi.com\/elparque\/?post_type=product&#038;p=219406"},"modified":"2024-05-18T01:00:05","modified_gmt":"2024-05-17T23:00:05","slug":"monitor-lg-27-27mr400-b-aeuq-100hz-5ms","status":"publish","type":"product","link":"https:\/\/desdropi.com\/elparque\/monitor-lg-27-27mr400-b-aeuq-100hz-5ms\/","title":{"rendered":"MONITOR LG 27&#8243; 27MR400-B.AEUQ 100HZ\/ 5MS"},"content":{"rendered":"<div class=\"descripcion-tab\">\n<strong>NOMBRE DEL PRODUCTO:<\/strong><\/p>\n<ul>\n<li><strong>Marca:<\/strong> LG<\/li>\n<li><strong>Modelo:<\/strong> 27MR400-B.AEUQ<\/li>\n<li><strong>EAN:<\/strong> 8806084706256<\/li>\n<\/ul>\n<p><strong>Exhibici\u00f3n:<\/strong><\/p>\n<ul>\n<li><strong>Diagonal de la pantalla:<\/strong> 27&#8243;<\/li>\n<li><strong>Resoluci\u00f3n de la pantalla:<\/strong> 1920 x 1080<\/li>\n<li><strong>Relaci\u00f3n de aspecto nativa:<\/strong> 16:9<\/li>\n<li><strong>Tecnolog\u00eda de visualizaci\u00f3n:<\/strong> LED<\/li>\n<li><strong>Resoluci\u00f3n:<\/strong> Full HD<\/li>\n<li><strong>Tipo de pantalla:<\/strong> IPS<\/li>\n<li><strong>Tipo de retroiluminaci\u00f3n:<\/strong> LED<\/li>\n<li><strong>Brillo de la pantalla (m\u00e1ximo):<\/strong> 250<\/li>\n<li><strong>Brillo de la pantalla (typical):<\/strong> 220<\/li>\n<li><strong>Tiempo de respuesta (ms):<\/strong> 1<\/li>\n<li><strong>Superficie de la pantalla:<\/strong> Mate<\/li>\n<li><strong>Pantalla antirreflectante:<\/strong> S\u00ed<\/li>\n<li><strong>Forma de la pantalla:<\/strong> Plana<\/li>\n<li><strong>Formatos gr\u00e1ficos soportados:<\/strong> 1920 x 1080 (HD 1080)<\/li>\n<li><strong>Formato de v\u00eddeo soportado:<\/strong> 1080p<\/li>\n<li><strong>Relaci\u00f3n de aspecto:<\/strong> 16:9<\/li>\n<li><strong>Raz\u00f3n de contraste (t\u00edpica):<\/strong> 1300:1<\/li>\n<li><strong>M\u00e1xima velocidad de actualizaci\u00f3n:<\/strong> 100<\/li>\n<li><strong>\u00c1ngulo de visi\u00f3n, horizontal:<\/strong> 178<\/li>\n<li><strong>\u00c1ngulo de visi\u00f3n, vertical:<\/strong> 178<\/li>\n<li><strong>N\u00famero de colores de la pantalla:<\/strong> 16,78 millones de colores<\/li>\n<li><strong>Tiempo de respuesta (r\u00e1pido):<\/strong> 5<\/li>\n<li><strong>Tama\u00f1o de pixel:<\/strong> 0,311 x 0,311<\/li>\n<li><strong>Densidad del pixel:<\/strong> 81,59<\/li>\n<li><strong>Alto Rango Din\u00e1mico (HDR):<\/strong> No<\/li>\n<li><strong>Profundidad de color:<\/strong> 8<\/li>\n<li><strong>Espacio de color RGB:<\/strong> sRGB<\/li>\n<li><strong>Gama de colores:<\/strong> 99<\/li>\n<li><strong>Calibraci\u00f3n del hardware:<\/strong> No<\/li>\n<li><strong>Sensor de calibraci\u00f3n integrado:<\/strong> No<\/li>\n<li><strong>Pantalla dual:<\/strong> No<\/li>\n<li><strong>Gama de colores est\u00e1ndar:<\/strong> sRGB<\/li>\n<li><strong>Pantalla t\u00e1ctil:<\/strong> No<\/li>\n<\/ul>\n<p><strong>Puertos e Interfaces:<\/strong><\/p>\n<ul>\n<li><strong>Conector USB incorporado:<\/strong> No<\/li>\n<li><strong>USB Type-C DisplayPort Alternate Mode:<\/strong> No<\/li>\n<li><strong>Suministro de potencia USB:<\/strong> No<\/li>\n<li><strong>Puerto t\u00e1ctil USB:<\/strong> No<\/li>\n<li><strong>Puerto DVI:<\/strong> No<\/li>\n<li><strong>HDMI:<\/strong> S\u00ed<\/li>\n<li><strong>N\u00famero de puertos HDMI:<\/strong> 1<\/li>\n<li><strong>Versi\u00f3n HDMI:<\/strong> 1.4<\/li>\n<li><strong>Entrada de audio:<\/strong> No<\/li>\n<li><strong>Salida de audio:<\/strong> No<\/li>\n<li><strong>Salida de auriculares:<\/strong> No<\/li>\n<li><strong>Micr\u00f3fono, jack de entrada:<\/strong> No<\/li>\n<li><strong>Entrada de audio para PC:<\/strong> No<\/li>\n<li><strong>Ranura para m\u00f3dulo OPS:<\/strong> No<\/li>\n<li><strong>Built-in conmutador KVM:<\/strong> No<\/li>\n<li><strong>HDCP versi\u00f3n:<\/strong> 1.4<\/li>\n<li><strong>HDCP:<\/strong> S\u00ed<\/li>\n<li><strong>Jack de entrada CD:<\/strong> No<\/li>\n<li><strong>Entrada de CA:<\/strong> No<\/li>\n<\/ul>\n<p><strong>Peso y dimensiones:<\/strong><\/p>\n<ul>\n<li><strong>Ancho del dispositivo (con soporte):<\/strong> 611,7<\/li>\n<li><strong>Profundidad dispositivo (con soporte):<\/strong> 200<\/li>\n<li><strong>Altura del dispositivo (con soporte):<\/strong> 456,1<\/li>\n<li><strong>Peso (con soporte):<\/strong> 3,84<\/li>\n<li><strong>Ancho (sin base):<\/strong> 611,7<\/li>\n<li><strong>Profundidad (sin base):<\/strong> 50,5<\/li>\n<li><strong>Altura (sin base):<\/strong> 362,3<\/li>\n<li><strong>Peso (sin base):<\/strong> 3,26<\/li>\n<\/ul>\n<p><strong>Control de energ\u00eda:<\/strong><\/p>\n<ul>\n<li><strong>Clase de eficiencia energ\u00e9tica (SDR):<\/strong> E<\/li>\n<li><strong>Clase de eficiencia energ\u00e9tica (HDR):<\/strong> No disponible<\/li>\n<li><strong>Consumo de energ\u00eda (SDR) por 1000 horas:<\/strong> 20<\/li>\n<li><strong>Consumo energ\u00e9tico:<\/strong> 24<\/li>\n<li><strong>Consumo de energ\u00eda (inactivo):<\/strong> 0,5<\/li>\n<li><strong>Consumo de energ\u00eda (m\u00e1x.):<\/strong> 26<\/li>\n<li><strong>Consumo de energ\u00eda (promedio):<\/strong> 25<\/li>\n<li><strong>Consumo de energ\u00eda (apagado):<\/strong> 0,3<\/li>\n<li><strong>Voltaje de entrada AC:<\/strong> 100 &#8211; 240<\/li>\n<li><strong>Frecuencia de entrada AC:<\/strong> 50\/60<\/li>\n<li><strong>Tipo de fuente de alimentaci\u00f3n:<\/strong> Externo<\/li>\n<li><strong>Escala de eficiencia energ\u00e9tica:<\/strong> A++ a E<\/li>\n<\/ul>\n<p><strong>Detalles t\u00e9cnicos:<\/strong><\/p>\n<ul>\n<li><strong>Periodo de garant\u00eda:<\/strong> 2 a\u00f1os<\/li>\n<\/ul>\n<p><strong>Empaquetado:<\/strong><\/p>\n<ul>\n<li><strong>Ancho del paquete:<\/strong> 690<\/li>\n<li><strong>Profundidad del paquete:<\/strong> 143<\/li>\n<li><strong>Altura del paquete:<\/strong> 448<\/li>\n<li><strong>Peso del paquete:<\/strong> 5,3<\/li>\n<li><strong>Tipo de embalaje:<\/strong> Caja<\/li>\n<\/ul>\n<p><strong>Contenido del embalaje:<\/strong><\/p>\n<ul>\n<li><strong>Stand incluido:<\/strong> S\u00ed<\/li>\n<li><strong>Cables incluidos:<\/strong> HDMI, Poder<\/li>\n<li><strong>Adaptador de corriente incluido:<\/strong> S\u00ed<\/li>\n<li><strong>Longitud del cable HDMI:<\/strong> 1,5<\/li>\n<li><strong>Longitud del cable:<\/strong> 1,5<\/li>\n<\/ul>\n<p><strong>Ergonom\u00eda:<\/strong><\/p>\n<ul>\n<li><strong>Montaje VESA:<\/strong> S\u00ed<\/li>\n<li><strong>Interfaz de panel de montaje:<\/strong> 100 x 100<\/li>\n<li><strong>Montaje de pared:<\/strong> S\u00ed<\/li>\n<li><strong>Gesti\u00f3n de cables:<\/strong> No<\/li>\n<li><strong>Ranura para cable de seguridad:<\/strong> S\u00ed<\/li>\n<li><strong>Tipo de ranura de bloqueo del cable:<\/strong> Kensington<\/li>\n<li><strong>Ajustes de altura:<\/strong> No<\/li>\n<li><strong>Exhibici\u00f3n en pantalla (OSD):<\/strong> S\u00ed<\/li>\n<li><strong>Idiomas OSD:<\/strong> Chino simplificado, Chino tradicional, Checo, Holand\u00e9s, Ingl\u00e9s, Espa\u00f1ol, Fin\u00e9s, Franc\u00e9s, Griego, Hindi, Italiano, Japon\u00e9s, KAZ, Coreano, Polaco, Ruso, Sueco, Ucraniano<\/li>\n<li><strong>N\u00famero de lenguajes OSD:<\/strong> 18<\/li>\n<li><strong>Conectar y usar (Plug and Play):<\/strong> S\u00ed<\/li>\n<\/ul>\n<p><strong>Dise\u00f1o:<\/strong><\/p>\n<ul>\n<li><strong>Posicionamiento de mercado:<\/strong> Oficina<\/li>\n<li><strong>Color del producto:<\/strong> Negro<\/li>\n<li><strong>Renovado:<\/strong> No<\/li>\n<li><strong>Nombre del color:<\/strong> Black<\/li>\n<li><strong>Dise\u00f1o sin marco:<\/strong> S\u00ed<\/li>\n<li><strong>Bisel frontal:<\/strong> Negro<\/li>\n<li><strong>Soporte desmontable:<\/strong> S\u00ed<\/li>\n<li><strong>Color de pies:<\/strong> Negro<\/li>\n<li><strong>A\u00f1o de introducci\u00f3n:<\/strong> 2023<\/li>\n<\/ul>\n<p><strong>Desempe\u00f1o:<\/strong><\/p>\n<ul>\n<li><strong>NVIDIA G-SYNC:<\/strong> No<\/li>\n<li><strong>AMD FreeSync:<\/strong> S\u00ed<\/li>\n<li><strong>Tipo de FreeSync de AMD:<\/strong> FreeSync<\/li>\n<li><strong>Tecnolog\u00edas espec\u00edficas:<\/strong> Black Equalizer, DAS Mode, Eye Care+, Super+ Resolution<\/li>\n<li><strong>Tecnolog\u00eda Flicker free (reduce el parpadeo de la pantalla):<\/strong> S\u00ed<\/li>\n<li><strong>Tecnolog\u00eda Low Blue Light (baja luz azul):<\/strong> S\u00ed<\/li>\n<li><strong>Control de sombras:<\/strong> S\u00ed<\/li>\n<li><strong>Reducci\u00f3n del desenfoque de movimiento:<\/strong> No<\/li>\n<\/ul>\n<p><strong>Multimedia:<\/strong><\/p>\n<ul>\n<li><strong>Altavoces incorporados:<\/strong> No<\/li>\n<li><strong>C\u00e1mara incorporada:<\/strong> No<\/li>\n<\/ul>\n<p><strong>Sostenibilidad:<\/strong><\/p>\n<ul>\n<li><strong>Cumplimiento de sostenibilidad:<\/strong> S\u00ed<\/li>\n<li><strong>Certificados de sostenibilidad:<\/strong> Certified Enviro Cranberries (CEC)<\/li>\n<\/ul>\n<\/div>\n","protected":false},"excerpt":{"rendered":"<p><span style=\"color: #ff0000;\"><strong>\u00a1ENV\u00cdO GRATIS!<\/strong><\/span><\/p>\n","protected":false},"featured_media":219407,"comment_status":"open","ping_status":"closed","template":"","meta":{"_joinchat":[]},"product_cat":[6536,6555],"product_tag":[],"class_list":{"0":"post-219406","1":"product","2":"type-product","3":"status-publish","4":"has-post-thumbnail","6":"product_cat-informatica-y-ocio","7":"product_cat-ordenadores-informatica-y-gaming","9":"first","10":"instock","11":"taxable","12":"shipping-taxable","13":"purchasable","14":"product-type-simple"},"_links":{"self":[{"href":"https:\/\/desdropi.com\/elparque\/wp-json\/wp\/v2\/product\/219406"}],"collection":[{"href":"https:\/\/desdropi.com\/elparque\/wp-json\/wp\/v2\/product"}],"about":[{"href":"https:\/\/desdropi.com\/elparque\/wp-json\/wp\/v2\/types\/product"}],"replies":[{"embeddable":true,"href":"https:\/\/desdropi.com\/elparque\/wp-json\/wp\/v2\/comments?post=219406"}],"version-history":[{"count":0,"href":"https:\/\/desdropi.com\/elparque\/wp-json\/wp\/v2\/product\/219406\/revisions"}],"wp:featuredmedia":[{"embeddable":true,"href":"https:\/\/desdropi.com\/elparque\/wp-json\/wp\/v2\/media\/219407"}],"wp:attachment":[{"href":"https:\/\/desdropi.com\/elparque\/wp-json\/wp\/v2\/media?parent=219406"}],"wp:term":[{"taxonomy":"product_cat","embeddable":true,"href":"https:\/\/desdropi.com\/elparque\/wp-json\/wp\/v2\/product_cat?post=219406"},{"taxonomy":"product_tag","embeddable":true,"href":"https:\/\/desdropi.com\/elparque\/wp-json\/wp\/v2\/product_tag?post=219406"}],"curies":[{"name":"wp","href":"https:\/\/api.w.org\/{rel}","templated":true}]}}