{"id":219474,"date":"2024-04-19T12:37:13","date_gmt":"2024-04-19T10:37:13","guid":{"rendered":"https:\/\/desdropi.com\/elparque\/?post_type=product&#038;p=219474"},"modified":"2024-05-17T13:03:49","modified_gmt":"2024-05-17T11:03:49","slug":"monitor-lg-32-32sr50fw-aeu-ips-hdr10-smart-tv","status":"publish","type":"product","link":"https:\/\/desdropi.com\/elparque\/monitor-lg-32-32sr50fw-aeu-ips-hdr10-smart-tv\/","title":{"rendered":"MONITOR LG 32&#8243; 32SR50FW AEU IPS HDR10 SMART TV"},"content":{"rendered":"<div class=\"descripcion-tab\">\n<ul>\n<li><strong>Nombre del producto:<\/strong> LG 32SR50F-W.AEU<\/li>\n<li><strong>Marca:<\/strong> LG<\/li>\n<li><strong>EAN:<\/strong> 8806084493507<\/li>\n<\/ul>\n<p><strong>Exhibici\u00f3n:<\/strong><\/p>\n<ul>\n<li>Diagonal de la pantalla: 80 cm<\/li>\n<li>Resoluci\u00f3n de la pantalla: 1920 x 1080<\/li>\n<li>Relaci\u00f3n de aspecto nativa: 16:9<\/li>\n<li>Tecnolog\u00eda de visualizaci\u00f3n: LED<\/li>\n<li>Pantalla t\u00e1ctil: No<\/li>\n<li>Resoluci\u00f3n: Full HD<\/li>\n<li>Tipo de pantalla: IPS<\/li>\n<li>Tipo de retroiluminaci\u00f3n: LED<\/li>\n<li>Brillo de la pantalla (m\u00e1ximo): 250 cd\/m\u00b2<\/li>\n<li>Tiempo de respuesta: 8 ms<\/li>\n<li>Superficie de la pantalla: Mate<\/li>\n<li>Pantalla antirreflectante: S\u00ed<\/li>\n<li>Forma de la pantalla: Plana<\/li>\n<li>Relaci\u00f3n de aspecto: 16:9<\/li>\n<li>Raz\u00f3n de contraste t\u00edpica: 1200:1<\/li>\n<li>M\u00e1xima velocidad de actualizaci\u00f3n: 60 Hz<\/li>\n<li>\u00c1ngulo de visi\u00f3n, horizontal: 178\u00b0<\/li>\n<li>\u00c1ngulo de visi\u00f3n, vertical: 178\u00b0<\/li>\n<li>N\u00famero de colores de la pantalla: 16,7 millones<\/li>\n<li>Tama\u00f1o de pixel: 0,363 x 0,363 mm<\/li>\n<li>Densidad del pixel: 69,93 ppp<\/li>\n<li>Alto Rango Din\u00e1mico (HDR): S\u00ed<\/li>\n<li>Tecnolog\u00eda HDR: High Dynamic Range 10 (HDR10)<\/li>\n<li>DDC \/ CI: S\u00ed<\/li>\n<li>Contrast enhancer: No<\/li>\n<li>Profundidad de color: 8 bits<\/li>\n<li>Espacio de color: sRGB<\/li>\n<li>Gama de colores: 99%<\/li>\n<li>Cobertura sRGB (t\u00edpica): 99%<\/li>\n<li>Sensor de calibraci\u00f3n integrado: No<\/li>\n<li>Pantalla dual: No<\/li>\n<\/ul>\n<p><strong>Puertos e Interfaces:<\/strong><\/p>\n<ul>\n<li>Conector USB incorporado: S\u00ed<\/li>\n<li>Versi\u00f3n de conector USB: 3.2 Gen 1 (3.1 Gen 1)<\/li>\n<li>Cantidad de puertos USB descendentes de tipo A: 2<\/li>\n<li>USB Type-C DisplayPort Alternate Mode: No<\/li>\n<li>Suministro de potencia USB: No<\/li>\n<li>Puerto t\u00e1ctil USB: No<\/li>\n<li>Puerto DVI: No<\/li>\n<li>HDMI: S\u00ed<\/li>\n<li>N\u00famero de puertos HDMI: 2<\/li>\n<li>Versi\u00f3n HDMI: 2.1<\/li>\n<li>Entrada de audio: No<\/li>\n<li>Salida de audio: No<\/li>\n<li>Salida de auriculares: No<\/li>\n<li>Micr\u00f3fono, jack de entrada: No<\/li>\n<li>Entrada de audio para PC: No<\/li>\n<li>Ranura para m\u00f3dulo OPS: No<\/li>\n<li>Built-in conmutador KVM: No<\/li>\n<li>HDCP: S\u00ed<\/li>\n<li>HDCP versi\u00f3n: 1.4<\/li>\n<li>Entrada de CA: S\u00ed<\/li>\n<\/ul>\n<p><strong>Peso y dimensiones:<\/strong><\/p>\n<ul>\n<li>Dimensiones con soporte: 731,8 x 209,9 x 521,2 mm<\/li>\n<li>Peso con soporte: 6,6 kg<\/li>\n<li>Dimensiones sin base: 731,8 x 45 x 440,5 mm<\/li>\n<li>Peso sin base: 5,4 kg<\/li>\n<\/ul>\n<p><strong>Control de energ\u00eda:<\/strong><\/p>\n<ul>\n<li>Clase de eficiencia energ\u00e9tica (SDR): E<\/li>\n<li>Clase de eficiencia energ\u00e9tica (HDR): F<\/li>\n<li>Consumo de energ\u00eda (SDR) por 1000 horas: 26 kWh<\/li>\n<li>Consumo de energ\u00eda (HDR) por 1000 horas: 30 kWh<\/li>\n<li>Consumo energ\u00e9tico: 30 W<\/li>\n<li>Consumo de energ\u00eda en estado inactivo: 0,5 W<\/li>\n<li>Consumo de energ\u00eda m\u00e1ximo: 30 W<\/li>\n<li>Consumo de energ\u00eda promedio: 30 W<\/li>\n<li>Consumo de energ\u00eda en apagado: 0,5 W<\/li>\n<li>Consumo de energ\u00eda en modo de ahorro: 0,5 W<\/li>\n<li>Voltaje de entrada AC: 100 &#8211; 240 V<\/li>\n<li>Frecuencia de entrada AC: 50\/60 Hz<\/li>\n<li>Corriente de entrada: 2,53 A<\/li>\n<li>Voltaje de salida de adaptador AC: 19 V<\/li>\n<li>Tipo de fuente de alimentaci\u00f3n: Externo<\/li>\n<li>Escala de eficiencia energ\u00e9tica: A a F<\/li>\n<\/ul>\n<div class=\"flex-1 overflow-hidden\">\n<div class=\"react-scroll-to-bottom--css-dwnst-79elbk h-full\">\n<div class=\"react-scroll-to-bottom--css-dwnst-1n7m0yu\">\n<div>\n<div class=\"flex flex-col text-sm pb-9\">\n<div class=\"w-full text-token-text-primary\" dir=\"auto\" data-testid=\"conversation-turn-9\">\n<div class=\"px-4 py-2 justify-center text-base md:gap-6 m-auto\">\n<div class=\"flex flex-1 text-base mx-auto gap-3 juice:gap-4 juice:md:gap-6 md:px-5 lg:px-1 xl:px-5 md:max-w-3xl lg:max-w-[40rem] xl:max-w-[48rem]\">\n<div class=\"relative flex w-full flex-col agent-turn\">\n<div class=\"flex-col gap-1 md:gap-3\">\n<div class=\"flex flex-grow flex-col max-w-full\">\n<div class=\"min-h-[20px] text-message flex flex-col items-start gap-3 whitespace-pre-wrap break-words [.text-message+&amp;]:mt-5 overflow-x-auto\" dir=\"auto\" data-message-author-role=\"assistant\" data-message-id=\"9f550851-ee48-4b35-a663-1e90ce134bb6\">\n<div class=\"markdown prose w-full break-words dark:prose-invert light\">\n<p><strong>Detalles t\u00e9cnicos:<\/strong><\/p>\n<ul>\n<li>Periodo de garant\u00eda: 2 a\u00f1os<\/li>\n<\/ul>\n<p><strong>Empaquetado:<\/strong><\/p>\n<ul>\n<li>Ancho del paquete: 892 mm<\/li>\n<li>Profundidad del paquete: 517 mm<\/li>\n<li>Altura del paquete: 132 mm<\/li>\n<li>Peso del paquete: 9 kg<\/li>\n<li>Tipo de embalaje: Caja<\/li>\n<\/ul>\n<p><strong>Contenido del embalaje:<\/strong><\/p>\n<ul>\n<li>Stand incluido: S\u00ed<\/li>\n<li>Cables incluidos: Corriente alterna, HDMI<\/li>\n<li>Adaptador de corriente incluido: S\u00ed<\/li>\n<li>Mando a distancia incluido: S\u00ed<\/li>\n<li>Bater\u00edas del control remoto incluidas: S\u00ed<\/li>\n<li>Pluma digital incluida: No<\/li>\n<li>Incluye parasol: No<\/li>\n<li>Tornillos incluidos: No<\/li>\n<li>Gu\u00eda de configuraci\u00f3n r\u00e1pida: No<\/li>\n<li>Manual de usuario: No<\/li>\n<li>Longitud del cable HDMI: 1,5 m<\/li>\n<li>Longitud del cable: 1,5 m<\/li>\n<\/ul>\n<p><strong>Ergonom\u00eda:<\/strong><\/p>\n<ul>\n<li>Montaje VESA: S\u00ed<\/li>\n<li>Interfaz de panel de montaje: 100 x 100 mm<\/li>\n<li>Montaje de pared: S\u00ed<\/li>\n<li>Gesti\u00f3n de cables: No<\/li>\n<li>Ranura para cable de seguridad: S\u00ed<\/li>\n<li>Tipo de ranura de bloqueo del cable: Kensington<\/li>\n<li>Ajustes de altura: No<\/li>\n<li>Eje: No<\/li>\n<li>Giratorio: No<\/li>\n<li>Imagen en imagen: No<\/li>\n<li>Exhibici\u00f3n en pantalla (OSD): S\u00ed<\/li>\n<li>N\u00famero de lenguajes OSD: 18<\/li>\n<li>Conectar y usar (Plug and Play): S\u00ed<\/li>\n<li>Ajuste de la inclinaci\u00f3n: S\u00ed<\/li>\n<\/ul>\n<p><strong>Dise\u00f1o:<\/strong><\/p>\n<ul>\n<li>Posicionamiento de mercado: Smart<\/li>\n<li>Color del producto: Blanco<\/li>\n<li>Renovado: No<\/li>\n<li>Nombre del color: White<\/li>\n<li>Dise\u00f1o sin marco: S\u00ed<\/li>\n<li>Bisel frontal: Blanco<\/li>\n<li>Soporte desmontable: S\u00ed<\/li>\n<li>Pie iluminado: No<\/li>\n<li>Color de pies: Blanco<\/li>\n<li>A\u00f1o de introducci\u00f3n: 2023<\/li>\n<li>Mes de introducci\u00f3n: Diciembre<\/li>\n<\/ul>\n<p><strong>Desempe\u00f1o:<\/strong><\/p>\n<ul>\n<li>NVIDIA G-SYNC: No<\/li>\n<li>AMD FreeSync: No<\/li>\n<li>Tecnolog\u00eda Flicker free: No<\/li>\n<li>Tecnolog\u00eda Low Blue Light: No<\/li>\n<li>Tiempo de latencia bajo: No<\/li>\n<li>Contador de FPS: No<\/li>\n<li>Dial point: No<\/li>\n<li>Control de sombras: No<\/li>\n<li>Reducci\u00f3n del desenfoque de movimiento: No<\/li>\n<li>Reproducci\u00f3n en pantalla del sonido de un dispositivo m\u00f3vil: No<\/li>\n<li>Duplicaci\u00f3n de pantalla: No<\/li>\n<li>Mejora de di\u00e1logo: No<\/li>\n<li>Compatibilidad con HBR3: No<\/li>\n<li>Modo de juego: No<\/li>\n<li>TV Plus: S\u00ed<\/li>\n<li>Compatibilidad con la aplicaci\u00f3n SmartThings: S\u00ed<\/li>\n<li>Funciona con Samsung Bixby: No<\/li>\n<li>Compatibilidad con Office 365: No<\/li>\n<li>Compatibilidad con Wireless Dex: No<\/li>\n<li>Funciona con Google Home: No<\/li>\n<li>Asistente virtual: No<\/li>\n<li>Navegador web: S\u00ed<\/li>\n<li>Modos inteligentes: Ahorro energ\u00e9tico, Modo director, Pel\u00edcula, PC, Smart HDR, Vivo<\/li>\n<li>Caracter\u00edsticas inteligentes: Audio Bluetooth<\/li>\n<li>AirPlay: S\u00ed<\/li>\n<\/ul>\n<p><strong>Multimedia:<\/strong><\/p>\n<ul>\n<li>Altavoces incorporados: S\u00ed<\/li>\n<li>C\u00e1mara incorporada: No<\/li>\n<li>N\u00famero de altavoces: 2<\/li>\n<li>Potencia estimada RMS: 10 W<\/li>\n<li>Micr\u00f3fono incorporado: No<\/li>\n<li>Multiroom: No<\/li>\n<\/ul>\n<p><strong>Conexi\u00f3n:<\/strong><\/p>\n<ul>\n<li>Wifi: S\u00ed<\/li>\n<li>Wi-Fi Direct: S\u00ed<\/li>\n<li>Bluetooth: S\u00ed<\/li>\n<li>Ethernet: No<\/li>\n<li>Operado remotamente: No<\/li>\n<\/ul>\n<\/div>\n<\/div>\n<\/div>\n<div class=\"mt-1 flex gap-3 empty:hidden\">\n<div class=\"text-gray-400 flex self-end lg:self-center items-center justify-center lg:justify-start mt-0 -ml-1 h-7 gap-[2px] visible\">\n<p>&nbsp;<\/p>\n<div class=\"flex items-center gap-1.5 text-xs\"><\/div>\n<div class=\"flex\"><\/div>\n<\/div>\n<\/div>\n<div class=\"pr-2 lg:pr-0\"><\/div>\n<\/div>\n<div class=\"absolute\">\n<div class=\"flex w-full gap-2 items-center justify-center\"><\/div>\n<\/div>\n<\/div>\n<\/div>\n<\/div>\n<\/div>\n<\/div>\n<\/div>\n<\/div>\n<\/div>\n<\/div>\n<div class=\"w-full pt-2 md:pt-0 dark:border-white\/20 md:border-transparent md:dark:border-transparent md:w-[calc(100%-.5rem)]\">\n<form class=\"stretch mx-2 flex flex-row gap-3 last:mb-2 md:mx-4 md:last:mb-6 lg:mx-auto lg:max-w-2xl xl:max-w-3xl\">\n<div class=\"relative flex h-full flex-1 flex-col\">\n<div class=\"absolute bottom-full left-0 right-0\"><\/div>\n<div class=\"flex w-full items-center\"><\/div>\n<\/div>\n<\/form>\n<\/div>\n<\/div>\n","protected":false},"excerpt":{"rendered":"<p><span style=\"color: #ff0000;\"><strong>\u00a1ENV\u00cdO GRATIS!<\/strong><\/span><\/p>\n","protected":false},"featured_media":219475,"comment_status":"open","ping_status":"closed","template":"","meta":{"_joinchat":[]},"product_cat":[7024,6536,6555],"product_tag":[],"class_list":{"0":"post-219474","1":"product","2":"type-product","3":"status-publish","4":"has-post-thumbnail","6":"product_cat-monitores","7":"product_cat-informatica-y-ocio","8":"product_cat-ordenadores-informatica-y-gaming","10":"first","11":"instock","12":"sale","13":"taxable","14":"shipping-taxable","15":"purchasable","16":"product-type-simple"},"_links":{"self":[{"href":"https:\/\/desdropi.com\/elparque\/wp-json\/wp\/v2\/product\/219474"}],"collection":[{"href":"https:\/\/desdropi.com\/elparque\/wp-json\/wp\/v2\/product"}],"about":[{"href":"https:\/\/desdropi.com\/elparque\/wp-json\/wp\/v2\/types\/product"}],"replies":[{"embeddable":true,"href":"https:\/\/desdropi.com\/elparque\/wp-json\/wp\/v2\/comments?post=219474"}],"version-history":[{"count":0,"href":"https:\/\/desdropi.com\/elparque\/wp-json\/wp\/v2\/product\/219474\/revisions"}],"wp:featuredmedia":[{"embeddable":true,"href":"https:\/\/desdropi.com\/elparque\/wp-json\/wp\/v2\/media\/219475"}],"wp:attachment":[{"href":"https:\/\/desdropi.com\/elparque\/wp-json\/wp\/v2\/media?parent=219474"}],"wp:term":[{"taxonomy":"product_cat","embeddable":true,"href":"https:\/\/desdropi.com\/elparque\/wp-json\/wp\/v2\/product_cat?post=219474"},{"taxonomy":"product_tag","embeddable":true,"href":"https:\/\/desdropi.com\/elparque\/wp-json\/wp\/v2\/product_tag?post=219474"}],"curies":[{"name":"wp","href":"https:\/\/api.w.org\/{rel}","templated":true}]}}