{"id":219578,"date":"2024-04-19T19:24:46","date_gmt":"2024-04-19T17:24:46","guid":{"rendered":"https:\/\/desdropi.com\/elparque\/?post_type=product&#038;p=219578"},"modified":"2024-05-17T13:03:53","modified_gmt":"2024-05-17T11:03:53","slug":"portatil-denver-i5-8295u-8gb-512gb-156-w10-w11","status":"publish","type":"product","link":"https:\/\/desdropi.com\/elparque\/portatil-denver-i5-8295u-8gb-512gb-156-w10-w11\/","title":{"rendered":"PORTATIL DENVER I5-8295U \/8GB\/512GB 15,6&#8243; W10\/W11"},"content":{"rendered":"<div class=\"descripcion-tab\">\n<ul>\n<li><strong>Nombre del Producto:<\/strong>\n<ul>\n<li>Marca: DENVER<\/li>\n<li>Modelo: NBQ-15147ES512<\/li>\n<li>EAN: 8435480082437<\/li>\n<\/ul>\n<\/li>\n<li><strong>Procesador:<\/strong>\n<ul>\n<li>Fabricante de procesador: Intel<\/li>\n<li>Familia de procesador: Intel Core i5<\/li>\n<li>Modelo del procesador: 8259<\/li>\n<li>Frecuencia del procesador: 1,1 GHz<\/li>\n<li>Frecuencia del procesador turbo: 2,68 GHz<\/li>\n<\/ul>\n<\/li>\n<li><strong>Memoria:<\/strong>\n<ul>\n<li>Memoria RAM: 8 GB<\/li>\n<li>Tipo de memoria interna: DDR3-SDRAM<\/li>\n<\/ul>\n<\/li>\n<li><strong>Exhibici\u00f3n:<\/strong>\n<ul>\n<li>Tipo de pantalla: TN<\/li>\n<li>Diagonal de la pantalla: 15,6 pulgadas<\/li>\n<li>Resoluci\u00f3n de la pantalla: 1366 x 768 (XGA)<\/li>\n<li>Tipo HD: HD<\/li>\n<\/ul>\n<\/li>\n<li><strong>Puertos e Interfaces:<\/strong>\n<ul>\n<li>Cantidad de puertos USB 2.0: 1<\/li>\n<li>Cantidad de puertos tipo A USB 3.0 (3.1 Gen 1): 1<\/li>\n<li>Cantidad de puertos Mini HDMI: 1<\/li>\n<\/ul>\n<\/li>\n<li><strong>Peso y dimensiones:<\/strong>\n<ul>\n<li>Altura: 25 mm<\/li>\n<li>Peso: 2,54 kg<\/li>\n<li>Profundidad: 240 mm<\/li>\n<li>Ancho: 370 mm<\/li>\n<\/ul>\n<\/li>\n<li><strong>Teclado:<\/strong>\n<ul>\n<li>Teclado num\u00e9rico: S\u00ed<\/li>\n<li>Idioma del teclado: Espa\u00f1ol<\/li>\n<\/ul>\n<\/li>\n<li><strong>Medios de almacenaje:<\/strong>\n<ul>\n<li>Capacidad del Disco Duro: 512 GB<\/li>\n<li>Tipo de Disco Duro: SSD<\/li>\n<li>Total SSDs capacity: 512 GB<\/li>\n<li>Disco de estado s\u00f3lido, capacidad: 512 GB<\/li>\n<li>Tarjeta de lectura integrada: S\u00ed<\/li>\n<li>Tarjetas de memoria compatibles: MicroSD (TransFlash)<\/li>\n<\/ul>\n<\/li>\n<li><strong>Software:<\/strong>\n<ul>\n<li>Sistema operativo instalado: Windows 10 Home<\/li>\n<\/ul>\n<\/li>\n<li><strong>C\u00e1mara fotogr\u00e1fica:<\/strong>\n<ul>\n<li>C\u00e1mara frontal: S\u00ed<\/li>\n<li>Resoluci\u00f3n de la c\u00e1mara frontal: 0,3 megap\u00edxeles<\/li>\n<\/ul>\n<\/li>\n<li><strong>Bater\u00eda:<\/strong>\n<ul>\n<li>Capacidad de bater\u00eda: 3200 mAh<\/li>\n<li>Tecnolog\u00eda de bater\u00eda: I\u00f3n de litio<\/li>\n<\/ul>\n<\/li>\n<li><strong>Dise\u00f1o:<\/strong>\n<ul>\n<li>Tipo de producto: Port\u00e1til<\/li>\n<li>Color del producto: Negro<\/li>\n<li>Factor de forma: Concha<\/li>\n<\/ul>\n<\/li>\n<li><strong>Conexi\u00f3n:<\/strong>\n<ul>\n<li>Bluetooth: S\u00ed<\/li>\n<li>Wi-Fi est\u00e1ndares: 802.11b, 802.11g, Wi-Fi 4 (802.11n)<\/li>\n<li>Versi\u00f3n de Bluetooth: 4.0<\/li>\n<\/ul>\n<\/li>\n<\/ul>\n<\/div>\n","protected":false},"excerpt":{"rendered":"<p><span style=\"color: #ff0000;\"><strong>\u00a1ENV\u00cdO GRATIS!<\/strong><\/span><\/p>\n","protected":false},"featured_media":219579,"comment_status":"open","ping_status":"closed","template":"","meta":{"_joinchat":[]},"product_cat":[6536,6555,6556],"product_tag":[],"class_list":{"0":"post-219578","1":"product","2":"type-product","3":"status-publish","4":"has-post-thumbnail","6":"product_cat-informatica-y-ocio","7":"product_cat-ordenadores-informatica-y-gaming","8":"product_cat-portatiles-ordenadores-informatica-y-gaming","10":"first","11":"instock","12":"sale","13":"taxable","14":"shipping-taxable","15":"purchasable","16":"product-type-simple"},"_links":{"self":[{"href":"https:\/\/desdropi.com\/elparque\/wp-json\/wp\/v2\/product\/219578"}],"collection":[{"href":"https:\/\/desdropi.com\/elparque\/wp-json\/wp\/v2\/product"}],"about":[{"href":"https:\/\/desdropi.com\/elparque\/wp-json\/wp\/v2\/types\/product"}],"replies":[{"embeddable":true,"href":"https:\/\/desdropi.com\/elparque\/wp-json\/wp\/v2\/comments?post=219578"}],"version-history":[{"count":0,"href":"https:\/\/desdropi.com\/elparque\/wp-json\/wp\/v2\/product\/219578\/revisions"}],"wp:featuredmedia":[{"embeddable":true,"href":"https:\/\/desdropi.com\/elparque\/wp-json\/wp\/v2\/media\/219579"}],"wp:attachment":[{"href":"https:\/\/desdropi.com\/elparque\/wp-json\/wp\/v2\/media?parent=219578"}],"wp:term":[{"taxonomy":"product_cat","embeddable":true,"href":"https:\/\/desdropi.com\/elparque\/wp-json\/wp\/v2\/product_cat?post=219578"},{"taxonomy":"product_tag","embeddable":true,"href":"https:\/\/desdropi.com\/elparque\/wp-json\/wp\/v2\/product_tag?post=219578"}],"curies":[{"name":"wp","href":"https:\/\/api.w.org\/{rel}","templated":true}]}}