{"id":219584,"date":"2024-04-19T20:16:25","date_gmt":"2024-04-19T18:16:25","guid":{"rendered":"https:\/\/desdropi.com\/elparque\/?post_type=product&#038;p=219584"},"modified":"2024-05-18T01:00:06","modified_gmt":"2024-05-17T23:00:06","slug":"portatil-denver-celeron-n4000-4-256-156-w10-w11","status":"publish","type":"product","link":"https:\/\/desdropi.com\/elparque\/portatil-denver-celeron-n4000-4-256-156-w10-w11\/","title":{"rendered":"PORTATIL DENVER CELERON N4000 4\/256 15,6&#8243; W10\/W11"},"content":{"rendered":"<div class=\"descripcion-tab\">\n<div class=\"flex-1 overflow-hidden\">\n<div class=\"react-scroll-to-bottom--css-colyn-79elbk h-full\">\n<div class=\"react-scroll-to-bottom--css-colyn-1n7m0yu\">\n<div>\n<div class=\"flex flex-col text-sm pb-9\">\n<div class=\"w-full text-token-text-primary\" dir=\"auto\" data-testid=\"conversation-turn-17\">\n<div class=\"px-4 py-2 justify-center text-base md:gap-6 m-auto\">\n<div class=\"flex flex-1 text-base mx-auto gap-3 juice:gap-4 juice:md:gap-6 md:px-5 lg:px-1 xl:px-5 md:max-w-3xl lg:max-w-[40rem] xl:max-w-[48rem]\">\n<div class=\"relative flex w-full flex-col agent-turn\">\n<div class=\"flex-col gap-1 md:gap-3\">\n<div class=\"flex flex-grow flex-col max-w-full\">\n<div class=\"min-h-[20px] text-message flex flex-col items-start gap-3 whitespace-pre-wrap break-words [.text-message+&amp;]:mt-5 overflow-x-auto\" dir=\"auto\" data-message-author-role=\"assistant\" data-message-id=\"d3739132-9e68-4128-83e1-fcaf7615e101\">\n<div class=\"markdown prose w-full break-words dark:prose-invert light\">\n<ul>\n<li><strong>Nombre del Producto:<\/strong>\n<ul>\n<li>Marca: DENVER<\/li>\n<li>Modelo: NBD-15136ES256<\/li>\n<li>EAN: 8435480082420<\/li>\n<\/ul>\n<\/li>\n<li><strong>Procesador:<\/strong>\n<ul>\n<li>Fabricante de procesador: Intel<\/li>\n<li>Familia de procesador: Celeron<\/li>\n<li>Modelo del procesador: N4000<\/li>\n<li>Frecuencia del procesador: 1,1 GHz<\/li>\n<li>Frecuencia del procesador turbo: 2,6 GHz<\/li>\n<li>N\u00famero de n\u00facleos de procesador: 2<\/li>\n<li>Cach\u00e9 del procesador: 4 MB<\/li>\n<\/ul>\n<\/li>\n<li><strong>Memoria:<\/strong>\n<ul>\n<li>Memoria RAM: 4 GB<\/li>\n<li>Tipo de memoria interna: DDR3-SDRAM<\/li>\n<\/ul>\n<\/li>\n<li><strong>Exhibici\u00f3n:<\/strong>\n<ul>\n<li>Tipo de pantalla: TN<\/li>\n<li>Diagonal de la pantalla: 15,6 pulgadas<\/li>\n<li>Resoluci\u00f3n de la pantalla: 1366 x 768 (XGA)<\/li>\n<li>Tipo HD: XGA<\/li>\n<\/ul>\n<\/li>\n<li><strong>Puertos e Interfaces:<\/strong>\n<ul>\n<li>Cantidad de puertos USB 2.0: 1<\/li>\n<li>Cantidad de puertos tipo A USB 3.0 (3.1 Gen 1): 1<\/li>\n<li>Cantidad de puertos Mini HDMI: 1<\/li>\n<li>Salidas para auriculares: 1<\/li>\n<\/ul>\n<\/li>\n<li><strong>Peso y dimensiones:<\/strong>\n<ul>\n<li>Altura: 25 mm<\/li>\n<li>Peso: 2,06 kg<\/li>\n<li>Profundidad: 235 mm<\/li>\n<li>Ancho: 370 mm<\/li>\n<\/ul>\n<\/li>\n<li><strong>Control de energ\u00eda:<\/strong>\n<ul>\n<li>Potencia de adaptador AC: 12 W<\/li>\n<\/ul>\n<\/li>\n<li><strong>Teclado:<\/strong>\n<ul>\n<li>Teclado num\u00e9rico: S\u00ed<\/li>\n<li>Idioma del teclado: Espa\u00f1ol<\/li>\n<\/ul>\n<\/li>\n<li><strong>Medios de almacenaje:<\/strong>\n<ul>\n<li>Capacidad del Disco Duro: 256 GB<\/li>\n<li>Tipo de Disco Duro: SSD<\/li>\n<li>Total SSDs capacity: 256 GB<\/li>\n<li>Disco de estado s\u00f3lido, capacidad: 256 GB<\/li>\n<li>Tarjeta de lectura integrada: S\u00ed<\/li>\n<li>Tarjetas de memoria compatibles: MicroSD (TransFlash)<\/li>\n<\/ul>\n<\/li>\n<li><strong>Software:<\/strong>\n<ul>\n<li>Sistema operativo instalado: Windows 10 Home<\/li>\n<\/ul>\n<\/li>\n<li><strong>C\u00e1mara fotogr\u00e1fica:<\/strong>\n<ul>\n<li>C\u00e1mara frontal: S\u00ed<\/li>\n<li>Resoluci\u00f3n de la c\u00e1mara frontal: 0,3 megap\u00edxeles<\/li>\n<\/ul>\n<\/li>\n<li><strong>Bater\u00eda:<\/strong>\n<ul>\n<li>Capacidad de bater\u00eda: 5000 mAh<\/li>\n<li>Tecnolog\u00eda de bater\u00eda: I\u00f3n de litio<\/li>\n<\/ul>\n<\/li>\n<li><strong>Dise\u00f1o:<\/strong>\n<ul>\n<li>Tipo de producto: Port\u00e1til<\/li>\n<li>Color del producto: Plata<\/li>\n<li>Factor de forma: Concha<\/li>\n<\/ul>\n<\/li>\n<li><strong>Gr\u00e1ficos:<\/strong>\n<ul>\n<li>Tarjeta gr\u00e1fica integrada: S\u00ed<\/li>\n<li>Modelo de tarjeta gr\u00e1fica: Intel\u00ae UHD Graphics 600<\/li>\n<\/ul>\n<\/li>\n<li><strong>Caracter\u00edsticas especiales del procesador:<\/strong>\n<ul>\n<li>Tecnolog\u00eda SpeedStep mejorada de Intel: S\u00ed<\/li>\n<li>Execute Disable Bit: S\u00ed<\/li>\n<li>Estados de inactividad: S\u00ed<\/li>\n<li>Configuraci\u00f3n de CPU (m\u00e1ximo): 1<\/li>\n<li>Intel\u00ae Enhanced Halt State: S\u00ed<\/li>\n<li>VT-x de Intel\u00ae con Extended Page Tables (EPT): S\u00ed<\/li>\n<li>Intel\u00ae 64: S\u00ed<\/li>\n<li>Tecnolog\u00eda de virtualizaci\u00f3n de Intel\u00ae para E \/ S dirigida (VT-d): S\u00ed<\/li>\n<li>Extensiones de protecci\u00f3n de software Intel\u00ae (Intel\u00ae SGX): S\u00ed<\/li>\n<li>Versi\u00f3n de Intel\u00ae Identity Protection Technology: 1,00<\/li>\n<li>Versi\u00f3n de Intel\u00ae Secure Key Technology: 1,00<\/li>\n<li>Versi\u00f3n de Intel\u00ae Smart Response Technology: 0,00<\/li>\n<li>Tecnolog\u00eda de virtualizaci\u00f3n Intel\u00ae (VT-x): S\u00ed<\/li>\n<li>Procesador libre de conflictos: S\u00ed<\/li>\n<\/ul>\n<\/li>\n<li><strong>Conexi\u00f3n:<\/strong>\n<ul>\n<li>Bluetooth: S\u00ed<\/li>\n<li>Est\u00e1ndar Wi-Fi: Wi-Fi 4 (802.11n)<\/li>\n<li>Wi-Fi est\u00e1ndares: 802.11b, 802.11g, Wi-Fi 4 (802.11n)<\/li>\n<li>Wi-Fi velocidad de transferencia de datos (max): 150 Mbps<\/li>\n<li>Versi\u00f3n de Bluetooth: 4.0<\/li>\n<\/ul>\n<\/li>\n<\/ul>\n<\/div>\n<\/div>\n<\/div>\n<div class=\"mt-1 flex gap-3 empty:hidden\">\n<div class=\"text-gray-400 flex self-end lg:self-center items-center justify-center lg:justify-start mt-0 -ml-1 h-7 gap-[2px] visible\">\n<p>&nbsp;<\/p>\n<div class=\"flex items-center gap-1.5 text-xs\"><\/div>\n<div class=\"flex\"><\/div>\n<\/div>\n<\/div>\n<div class=\"pr-2 lg:pr-0\"><\/div>\n<\/div>\n<div class=\"absolute\">\n<div class=\"flex w-full gap-2 items-center justify-center\"><\/div>\n<\/div>\n<\/div>\n<\/div>\n<\/div>\n<\/div>\n<\/div>\n<\/div>\n<\/div>\n<\/div>\n<\/div>\n<div class=\"w-full pt-2 md:pt-0 dark:border-white\/20 md:border-transparent md:dark:border-transparent md:w-[calc(100%-.5rem)]\">\n<form class=\"stretch mx-2 flex flex-row gap-3 last:mb-2 md:mx-4 md:last:mb-6 lg:mx-auto lg:max-w-2xl xl:max-w-3xl\">\n<div class=\"relative flex h-full flex-1 flex-col\">\n<div class=\"absolute bottom-full left-0 right-0\"><\/div>\n<div class=\"flex w-full items-center\"><\/div>\n<\/div>\n<\/form>\n<\/div>\n<\/div>\n","protected":false},"excerpt":{"rendered":"<p><span style=\"color: #ff0000;\"><strong>\u00a1ENV\u00cdO GRATIS!<\/strong><\/span><\/p>\n","protected":false},"featured_media":219585,"comment_status":"open","ping_status":"closed","template":"","meta":{"_joinchat":[]},"product_cat":[6536,6555,6556],"product_tag":[],"class_list":{"0":"post-219584","1":"product","2":"type-product","3":"status-publish","4":"has-post-thumbnail","6":"product_cat-informatica-y-ocio","7":"product_cat-ordenadores-informatica-y-gaming","8":"product_cat-portatiles-ordenadores-informatica-y-gaming","10":"first","11":"instock","12":"taxable","13":"shipping-taxable","14":"purchasable","15":"product-type-simple"},"_links":{"self":[{"href":"https:\/\/desdropi.com\/elparque\/wp-json\/wp\/v2\/product\/219584"}],"collection":[{"href":"https:\/\/desdropi.com\/elparque\/wp-json\/wp\/v2\/product"}],"about":[{"href":"https:\/\/desdropi.com\/elparque\/wp-json\/wp\/v2\/types\/product"}],"replies":[{"embeddable":true,"href":"https:\/\/desdropi.com\/elparque\/wp-json\/wp\/v2\/comments?post=219584"}],"version-history":[{"count":0,"href":"https:\/\/desdropi.com\/elparque\/wp-json\/wp\/v2\/product\/219584\/revisions"}],"wp:featuredmedia":[{"embeddable":true,"href":"https:\/\/desdropi.com\/elparque\/wp-json\/wp\/v2\/media\/219585"}],"wp:attachment":[{"href":"https:\/\/desdropi.com\/elparque\/wp-json\/wp\/v2\/media?parent=219584"}],"wp:term":[{"taxonomy":"product_cat","embeddable":true,"href":"https:\/\/desdropi.com\/elparque\/wp-json\/wp\/v2\/product_cat?post=219584"},{"taxonomy":"product_tag","embeddable":true,"href":"https:\/\/desdropi.com\/elparque\/wp-json\/wp\/v2\/product_tag?post=219584"}],"curies":[{"name":"wp","href":"https:\/\/api.w.org\/{rel}","templated":true}]}}