{"id":219592,"date":"2024-04-19T20:32:06","date_gmt":"2024-04-19T18:32:06","guid":{"rendered":"https:\/\/desdropi.com\/elparque\/?post_type=product&#038;p=219592"},"modified":"2024-06-05T11:33:57","modified_gmt":"2024-06-05T09:33:57","slug":"portatil-lenovo-slim3-15ian8-i3-8gb-256ssd-w11","status":"publish","type":"product","link":"https:\/\/desdropi.com\/elparque\/portatil-lenovo-slim3-15ian8-i3-8gb-256ssd-w11\/","title":{"rendered":"PORTATIL LENOVO SLIM3 15IAN8 I3\/ 8GB\/ 256SSD W11"},"content":{"rendered":"<div class=\"descripcion-tab\">\n<ul>\n<li><strong>Nombre del Producto:<\/strong>\n<ul>\n<li>Marca: LENOVO<\/li>\n<li>Modelo: 82XB005MSP<\/li>\n<li>EAN: 197532488854<\/li>\n<\/ul>\n<\/li>\n<li><strong>Procesador:<\/strong>\n<ul>\n<li>Fabricante de procesador: Intel<\/li>\n<li>N\u00famero de n\u00facleos de procesador: 8<\/li>\n<li>Frecuencia del procesador turbo: 3,8 GHz<\/li>\n<li>Circuito integrado de tarjeta madre: Intel\u00ae SoC<\/li>\n<li>Familia de procesador: Intel Core i3<\/li>\n<li>Cach\u00e9 del procesador: 6 MB<\/li>\n<li>Tipo de cache en procesador: Smart Cache<\/li>\n<li>Modelo del procesador: i3-N305<\/li>\n<li>Generaci\u00f3n del procesador: Intel Core i3-Nxxx<\/li>\n<\/ul>\n<\/li>\n<li><strong>Memoria:<\/strong>\n<ul>\n<li>Memoria interna m\u00e1xima: 8 GB<\/li>\n<li>Velocidad de memoria del reloj: 4800 MHz<\/li>\n<li>Memoria RAM: 8 GB<\/li>\n<li>Forma de factor de memoria: Incorporado<\/li>\n<li>Tipo de memoria interna: LPDDR5-SDRAM<\/li>\n<\/ul>\n<\/li>\n<li><strong>Exhibici\u00f3n:<\/strong>\n<ul>\n<li>Diagonal de la pantalla: 15,6 pulgadas<\/li>\n<li>Resoluci\u00f3n de la pantalla: 1920 x 1080<\/li>\n<li>Tipo de pantalla: TN<\/li>\n<li>Pantalla antirreflectante: S\u00ed<\/li>\n<li>Brillo de pantalla: 250 nits<\/li>\n<li>Relaci\u00f3n de aspecto nativa: 16:9<\/li>\n<li>Retroiluminaci\u00f3n LED: S\u00ed<\/li>\n<li>Pantalla t\u00e1ctil: No<\/li>\n<li>Tipo HD: Full HD<\/li>\n<\/ul>\n<\/li>\n<li><strong>Audio:<\/strong>\n<ul>\n<li>N\u00famero de altavoces incorporados: 2<\/li>\n<li>Sistema de audio: Dolby Audio<\/li>\n<li>Micr\u00f3fono incorporado: S\u00ed<\/li>\n<li>Potencia de altavoz: 1,5 W<\/li>\n<li>N\u00famero de micr\u00f3fonos: 2<\/li>\n<\/ul>\n<\/li>\n<li><strong>Puertos e Interfaces:<\/strong>\n<ul>\n<li>Combo de salida de auriculares \/ micr\u00f3fono del puerto: S\u00ed<\/li>\n<li>Suministro de potencia USB: S\u00ed<\/li>\n<li>Puerto USB tipo C reversible: S\u00ed<\/li>\n<li>Cantidad de puertos tipo C USB 3.0 (3.1 Gen 1): 1<\/li>\n<li>N\u00famero de puertos HDMI: 1<\/li>\n<li>Versi\u00f3n HDMI: 1.4<\/li>\n<li>Cantidad de puertos tipo A USB 3.0 (3.1 Gen 1): 2<\/li>\n<\/ul>\n<\/li>\n<li><strong>Peso y dimensiones:<\/strong>\n<ul>\n<li>Peso: 1,55 kg<\/li>\n<li>Profundidad: 235 mm<\/li>\n<li>Altura: 17,9 mm<\/li>\n<li>Ancho: 359,3 mm<\/li>\n<\/ul>\n<\/li>\n<li><strong>Control de energ\u00eda:<\/strong>\n<ul>\n<li>Potencia de adaptador AC: 65 W<\/li>\n<li>Voltaje de entrada de adaptador AC: 100 &#8211; 240 V<\/li>\n<li>Frecuencia de adaptador AC: 50\/60 Hz<\/li>\n<\/ul>\n<\/li>\n<li><strong>Condiciones ambientales:<\/strong>\n<ul>\n<li>Intervalo de temperatura operativa: 5\u00b0C &#8211; 35\u00b0C<\/li>\n<li>Intervalo de humedad relativa para funcionamiento: 8% &#8211; 95%<\/li>\n<li>Intervalo de temperatura de almacenaje: 5\u00b0C &#8211; 43\u00b0C<\/li>\n<li>Intervalo de humedad relativa durante almacenaje: 5% &#8211; 95%<\/li>\n<li>Altura m\u00e1xima de env\u00edo: 3048 metros<\/li>\n<\/ul>\n<\/li>\n<li><strong>Teclado:<\/strong>\n<ul>\n<li>Retroiluminaci\u00f3n de teclado: No<\/li>\n<li>Idioma del teclado: Espa\u00f1ol<\/li>\n<li>Teclado num\u00e9rico: S\u00ed<\/li>\n<li>Dispositivo apuntador: Touchpad<\/li>\n<\/ul>\n<\/li>\n<li><strong>Medios de almacenaje:<\/strong>\n<ul>\n<li>Disco de estado s\u00f3lido, capacidad: 256 GB<\/li>\n<li>Capacidad Disco Duro: 256 GB<\/li>\n<li>Total SSDs capacity: 256 GB<\/li>\n<li>NVMe: S\u00ed<\/li>\n<li>N\u00famero de unidades SSD instalados: 1<\/li>\n<li>Factor de forma de disco SSD: M.2<\/li>\n<li>Interfaces de disco de estado s\u00f3lido: PCI Express 4.0<\/li>\n<li>Tipo de Disco Duro: SSD<\/li>\n<li>Tarjetas de memoria compatibles: SD<\/li>\n<li>Tarjeta de lectura integrada: S\u00ed<\/li>\n<\/ul>\n<\/li>\n<li><strong>Software:<\/strong>\n<ul>\n<li>Software de prueba: Office<\/li>\n<li>Sistema operativo instalado: Windows 11 Home<\/li>\n<li>Arquitectura del sistema operativo: 64 bits<\/li>\n<\/ul>\n<\/li>\n<li><strong>C\u00e1mara fotogr\u00e1fica:<\/strong>\n<ul>\n<li>Tipo de c\u00e1mara frontal HD: HD<\/li>\n<li>Resoluci\u00f3n de la c\u00e1mara delantera: 1280 x 720<\/li>\n<li>C\u00e1mara frontal: S\u00ed<\/li>\n<li>C\u00e1mara con configuraci\u00f3n de privacidad: S\u00ed<\/li>\n<li>Tipo de privacidad: Tapa de obturador<\/li>\n<\/ul>\n<\/li>\n<li><strong>Bater\u00eda:<\/strong>\n<ul>\n<li>Capacidad de bater\u00eda: 47 Wh<\/li>\n<li>Tecnolog\u00eda de bater\u00eda: Pol\u00edmero de litio<\/li>\n<\/ul>\n<\/li>\n<li><strong>Dise\u00f1o:<\/strong>\n<ul>\n<li>Material de la carcasa: Acrilonitrilo butadieno estireno (ABS), Policarbonato (PC)<\/li>\n<li>Nombre del color: Arctic Grey<\/li>\n<li>Color del producto: Gris<\/li>\n<li>Factor de forma: Concha<\/li>\n<li>Tipo de producto: Port\u00e1til<\/li>\n<\/ul>\n<\/li>\n<li><strong>Gr\u00e1ficos:<\/strong>\n<ul>\n<li>Modelo de tarjeta gr\u00e1fica: Intel\u00ae UHD Graphics<\/li>\n<li>Tarjeta gr\u00e1fica integrada: S\u00ed<\/li>\n<li>On-board graphics adapter family: Intel\u00ae UHD Graphics<\/li>\n<\/ul>\n<\/li>\n<li><strong>Conexi\u00f3n:<\/strong>\n<ul>\n<li>Wi-Fi est\u00e1ndares: Wi-Fi 6 (802.11ax)<\/li>\n<li>WWAN: Sin instalar<\/li>\n<li>Tipo de antena: 2&#215;2<\/li>\n<li>Bluetooth: S\u00ed<\/li>\n<li>Versi\u00f3n de Bluetooth: 5.1<\/li>\n<\/ul>\n<\/li>\n<\/ul>\n<\/div>\n","protected":false},"excerpt":{"rendered":"<p><span style=\"color: #ff0000;\"><strong>\u00a1ENV\u00cdO GRATIS!<\/strong><\/span><\/p>\n","protected":false},"featured_media":219593,"comment_status":"open","ping_status":"closed","template":"","meta":{"_joinchat":[]},"product_cat":[6536,6555,6556],"product_tag":[],"class_list":{"0":"post-219592","1":"product","2":"type-product","3":"status-publish","4":"has-post-thumbnail","6":"product_cat-informatica-y-ocio","7":"product_cat-ordenadores-informatica-y-gaming","8":"product_cat-portatiles-ordenadores-informatica-y-gaming","10":"first","11":"instock","12":"taxable","13":"shipping-taxable","14":"purchasable","15":"product-type-simple"},"_links":{"self":[{"href":"https:\/\/desdropi.com\/elparque\/wp-json\/wp\/v2\/product\/219592"}],"collection":[{"href":"https:\/\/desdropi.com\/elparque\/wp-json\/wp\/v2\/product"}],"about":[{"href":"https:\/\/desdropi.com\/elparque\/wp-json\/wp\/v2\/types\/product"}],"replies":[{"embeddable":true,"href":"https:\/\/desdropi.com\/elparque\/wp-json\/wp\/v2\/comments?post=219592"}],"version-history":[{"count":0,"href":"https:\/\/desdropi.com\/elparque\/wp-json\/wp\/v2\/product\/219592\/revisions"}],"wp:featuredmedia":[{"embeddable":true,"href":"https:\/\/desdropi.com\/elparque\/wp-json\/wp\/v2\/media\/219593"}],"wp:attachment":[{"href":"https:\/\/desdropi.com\/elparque\/wp-json\/wp\/v2\/media?parent=219592"}],"wp:term":[{"taxonomy":"product_cat","embeddable":true,"href":"https:\/\/desdropi.com\/elparque\/wp-json\/wp\/v2\/product_cat?post=219592"},{"taxonomy":"product_tag","embeddable":true,"href":"https:\/\/desdropi.com\/elparque\/wp-json\/wp\/v2\/product_tag?post=219592"}],"curies":[{"name":"wp","href":"https:\/\/api.w.org\/{rel}","templated":true}]}}