{"id":219619,"date":"2024-04-20T10:12:23","date_gmt":"2024-04-20T08:12:23","guid":{"rendered":"https:\/\/desdropi.com\/elparque\/?post_type=product&#038;p=219619"},"modified":"2024-06-05T11:33:57","modified_gmt":"2024-06-05T09:33:57","slug":"portatil-lenovo-ip3-15alc6-ryz-5-16gb-512ssd-w11","status":"publish","type":"product","link":"https:\/\/desdropi.com\/elparque\/portatil-lenovo-ip3-15alc6-ryz-5-16gb-512ssd-w11\/","title":{"rendered":"PORTATIL LENOVO IP3 15ALC6 RYZ 5\/ 16GB\/ 512SSD W11"},"content":{"rendered":"<div class=\"descripcion-tab\">\n<ul>\n<li><strong>Nombre del Producto:<\/strong>\n<ul>\n<li>Marca: LENOVO<\/li>\n<li>Modelo: 82KU022NSP<\/li>\n<li>EAN: 196803677027<\/li>\n<\/ul>\n<\/li>\n<li><strong>Procesador:<\/strong>\n<ul>\n<li>Fabricante de procesador: AMD<\/li>\n<li>Familia de procesador: AMD Ryzen 5<\/li>\n<li>Modelo del procesador: 5500U<\/li>\n<li>N\u00famero de n\u00facleos de procesador: 6<\/li>\n<li>Frecuencia del procesador: 2,1 GHz<\/li>\n<li>Frecuencia del procesador turbo: 4 GHz<\/li>\n<li>Circuito integrado de tarjeta madre: AMD SoC<\/li>\n<\/ul>\n<\/li>\n<li><strong>Memoria:<\/strong>\n<ul>\n<li>Memoria RAM: 16GB<\/li>\n<li>Memoria interna m\u00e1xima: 12GB<\/li>\n<li>Tipo de memoria interna: DDR4-SDRAM<\/li>\n<li>Velocidad de memoria del reloj: 3200 MHz<\/li>\n<li>Forma de factor de memoria: Incorporado + SO-DIMM<\/li>\n<li>Ranuras de memoria: 1x SO-DIMM<\/li>\n<li>Disposici\u00f3n de la memoria: 1 x 4<\/li>\n<\/ul>\n<\/li>\n<li><strong>Exhibici\u00f3n:<\/strong>\n<ul>\n<li>Diagonal de la pantalla: 15,6 pulgadas<\/li>\n<li>Resoluci\u00f3n de la pantalla: 1920 x 1080 (Full HD)<\/li>\n<li>Pantalla antirreflectante: S\u00ed<\/li>\n<li>Brillo de pantalla: 250 cd\/m\u00b2<\/li>\n<li>Retroiluminaci\u00f3n LED: S\u00ed<\/li>\n<li>Tipo de pantalla: TN<\/li>\n<li>Relaci\u00f3n de aspecto nativa: 16:9<\/li>\n<\/ul>\n<\/li>\n<li><strong>Audio:<\/strong>\n<ul>\n<li>N\u00famero de altavoces incorporados: 2<\/li>\n<li>Sistema de audio: Dolby Audio<\/li>\n<li>Micr\u00f3fono incorporado: S\u00ed<\/li>\n<li>Potencia de altavoz: 1,5 W<\/li>\n<li>N\u00famero de micr\u00f3fonos: 2<\/li>\n<\/ul>\n<\/li>\n<li><strong>Puertos e Interfaces:<\/strong>\n<ul>\n<li>Combo de salida de auriculares \/ micr\u00f3fono del puerto: S\u00ed<\/li>\n<li>Cantidad de puertos USB 2.0: 1<\/li>\n<li>Versi\u00f3n HDMI: 1.4b<\/li>\n<li>Cantidad de puertos tipo A USB 3.0 (3.1 Gen 1): 1<\/li>\n<li>Cantidad de puertos tipo C USB 3.0 (3.1 Gen 1): 1<\/li>\n<li>N\u00famero de puertos HDMI: 1<\/li>\n<\/ul>\n<\/li>\n<li><strong>Peso y dimensiones:<\/strong>\n<ul>\n<li>Peso: 1,65 kg<\/li>\n<li>Ancho: 359,2 mm<\/li>\n<li>Profundidad: 208,1 mm<\/li>\n<li>Altura: 19,9 mm<\/li>\n<\/ul>\n<\/li>\n<li><strong>Control de energ\u00eda:<\/strong>\n<ul>\n<li>Potencia de adaptador AC: 65 W<\/li>\n<\/ul>\n<\/li>\n<li><strong>Teclado:<\/strong>\n<ul>\n<li>Idioma del teclado: Espa\u00f1ol<\/li>\n<li>Dispositivo apuntador: Touchpad<\/li>\n<li>Teclado num\u00e9rico: S\u00ed<\/li>\n<li>Retroiluminaci\u00f3n de teclado: S\u00ed<\/li>\n<\/ul>\n<\/li>\n<li><strong>Medios de almacenaje:<\/strong>\n<ul>\n<li>Total SSDs capacity: 512 GB<\/li>\n<li>Capacidad Disco Duro: 512 GB<\/li>\n<li>Tipo de Disco Duro: SSD<\/li>\n<li>Interfaces de disco de estado s\u00f3lido: PCI Express<\/li>\n<li>N\u00famero de unidades SSD instalados: 1<\/li>\n<li>Factor de forma de disco SSD: M.2<\/li>\n<li>Tarjeta de lectura integrada: S\u00ed<\/li>\n<li>Tarjetas de memoria compatibles: SD, SDHC, SDXC, MMC<\/li>\n<\/ul>\n<\/li>\n<li><strong>Seguridad:<\/strong>\n<ul>\n<li>M\u00f3dulo de plataforma confiable (TPM): S\u00ed<\/li>\n<li>Protecci\u00f3n con contrase\u00f1a: Unidad de disco duro, Encendido, Supervisor<\/li>\n<li>Protecci\u00f3n mediante contrase\u00f1a: S\u00ed<\/li>\n<\/ul>\n<\/li>\n<li><strong>Software:<\/strong>\n<ul>\n<li>Sistema operativo instalado: Windows 10 Home en modo S<\/li>\n<li>Software de prueba: Office<\/li>\n<\/ul>\n<\/li>\n<li><strong>C\u00e1mara fotogr\u00e1fica:<\/strong>\n<ul>\n<li>C\u00e1mara frontal: S\u00ed<\/li>\n<li>Tipo de privacidad: Tapa de obturador<\/li>\n<li>C\u00e1mara con configuraci\u00f3n de privacidad: S\u00ed<\/li>\n<li>Tipo de c\u00e1mara frontal HD: HD<\/li>\n<\/ul>\n<\/li>\n<li><strong>Bater\u00eda:<\/strong>\n<ul>\n<li>Autonom\u00eda: 7,5 horas<\/li>\n<li>Capacidad de bater\u00eda: 38 Wh<\/li>\n<li>Tecnolog\u00eda de bater\u00eda: Pol\u00edmero de litio<\/li>\n<li>Carga r\u00e1pida: S\u00ed<\/li>\n<\/ul>\n<\/li>\n<li><strong>Dise\u00f1o:<\/strong>\n<ul>\n<li>Color del producto: Gris<\/li>\n<li>Nombre del color: Arctic Grey<\/li>\n<li>Tipo de producto: Port\u00e1til<\/li>\n<li>Factor de forma: Concha<\/li>\n<li>Material de la carcasa: Acrilonitrilo butadieno estireno (ABS), Policarbonato (PC)<\/li>\n<\/ul>\n<\/li>\n<li><strong>Gr\u00e1ficos:<\/strong>\n<ul>\n<li>Tarjeta gr\u00e1fica integrada: S\u00ed<\/li>\n<li>Modelo de tarjeta gr\u00e1fica: AMD Radeon Graphics<\/li>\n<\/ul>\n<\/li>\n<li><strong>Conexi\u00f3n:<\/strong>\n<ul>\n<li>Wi-Fi est\u00e1ndares: 802.11a, 802.11b, 802.11g, Wi-Fi 4 (802.11n), Wi-Fi 5 (802.11ac)<\/li>\n<li>Versi\u00f3n de Bluetooth: 5.0<\/li>\n<li>Ethernet: No<\/li>\n<li>Tipo de antena: 2&#215;2<\/li>\n<li>Est\u00e1ndar Wi-Fi: Wi-Fi 5 (802.11ac)<\/li>\n<li>Bluetooth: S\u00ed<\/li>\n<li>Conexi\u00f3n a red m\u00f3vil: No<\/li>\n<\/ul>\n<\/li>\n<li><strong>Sostenibilidad:<\/strong>\n<ul>\n<li>Certificados de sostenibilidad: ENERGY STAR, RoHS<\/li>\n<\/ul>\n<\/li>\n<\/ul>\n<\/div>\n","protected":false},"excerpt":{"rendered":"<p><span style=\"color: #ff0000;\"><strong>\u00a1ENV\u00cdO GRATIS!<\/strong><\/span><\/p>\n","protected":false},"featured_media":219621,"comment_status":"open","ping_status":"closed","template":"","meta":{"_joinchat":[]},"product_cat":[6536,6555,6556],"product_tag":[],"class_list":{"0":"post-219619","1":"product","2":"type-product","3":"status-publish","4":"has-post-thumbnail","6":"product_cat-informatica-y-ocio","7":"product_cat-ordenadores-informatica-y-gaming","8":"product_cat-portatiles-ordenadores-informatica-y-gaming","10":"first","11":"instock","12":"taxable","13":"shipping-taxable","14":"purchasable","15":"product-type-simple"},"_links":{"self":[{"href":"https:\/\/desdropi.com\/elparque\/wp-json\/wp\/v2\/product\/219619"}],"collection":[{"href":"https:\/\/desdropi.com\/elparque\/wp-json\/wp\/v2\/product"}],"about":[{"href":"https:\/\/desdropi.com\/elparque\/wp-json\/wp\/v2\/types\/product"}],"replies":[{"embeddable":true,"href":"https:\/\/desdropi.com\/elparque\/wp-json\/wp\/v2\/comments?post=219619"}],"version-history":[{"count":0,"href":"https:\/\/desdropi.com\/elparque\/wp-json\/wp\/v2\/product\/219619\/revisions"}],"wp:featuredmedia":[{"embeddable":true,"href":"https:\/\/desdropi.com\/elparque\/wp-json\/wp\/v2\/media\/219621"}],"wp:attachment":[{"href":"https:\/\/desdropi.com\/elparque\/wp-json\/wp\/v2\/media?parent=219619"}],"wp:term":[{"taxonomy":"product_cat","embeddable":true,"href":"https:\/\/desdropi.com\/elparque\/wp-json\/wp\/v2\/product_cat?post=219619"},{"taxonomy":"product_tag","embeddable":true,"href":"https:\/\/desdropi.com\/elparque\/wp-json\/wp\/v2\/product_tag?post=219619"}],"curies":[{"name":"wp","href":"https:\/\/api.w.org\/{rel}","templated":true}]}}