{"id":219633,"date":"2024-04-20T10:26:19","date_gmt":"2024-04-20T08:26:19","guid":{"rendered":"https:\/\/desdropi.com\/elparque\/?post_type=product&#038;p=219633"},"modified":"2024-05-17T13:03:54","modified_gmt":"2024-05-17T11:03:54","slug":"portatil-asus-f1500ea-ej3095w-i3-1115-8gb-256ssd","status":"publish","type":"product","link":"https:\/\/desdropi.com\/elparque\/portatil-asus-f1500ea-ej3095w-i3-1115-8gb-256ssd\/","title":{"rendered":"PORTATIL ASUS F1500EA-EJ3095W I3 1115\/8GB\/ 256SSD"},"content":{"rendered":"<div class=\"descripcion-tab\">\n<ul>\n<li><strong>ombre del Producto:<\/strong>\n<ul>\n<li>Marca: ASUS<\/li>\n<li>Modelo: 90NB0TY6-M02VF0<\/li>\n<li>EAN: 4711081953319<\/li>\n<\/ul>\n<\/li>\n<li><strong>Procesador:<\/strong>\n<ul>\n<li>Generaci\u00f3n del procesador: Intel\u00ae Core\u2122 i3 de 11ma Generaci\u00f3n<\/li>\n<li>Modelo del procesador: i3-1115G4<\/li>\n<li>Fabricante de procesador: Intel<\/li>\n<li>N\u00famero de n\u00facleos de procesador: 2<\/li>\n<li>Frecuencia del procesador turbo: 4,1 GHz<\/li>\n<li>Cach\u00e9 del procesador: 6 MB<\/li>\n<li>Potencia de dise\u00f1o t\u00e9rmico configurable-baja: 12 W<\/li>\n<li>Frecuencia de potencia de dise\u00f1o t\u00e9rmico configurable-baja: 1,7 GHz<\/li>\n<li>Frecuencia de potencia de dise\u00f1o t\u00e9rmico configurable-alta: 3 GHz<\/li>\n<li>Potencia de dise\u00f1o t\u00e9rmico configurable-alta: 28 W<\/li>\n<\/ul>\n<\/li>\n<li><strong>Memoria:<\/strong>\n<ul>\n<li>Memoria RAM: 8GB<\/li>\n<li>Memoria interna m\u00e1xima: 16GB<\/li>\n<li>Tipo de memoria interna: DDR4-SDRAM<\/li>\n<li>Forma de factor de memoria: Incorporado + SO-DIMM<\/li>\n<li>Disposici\u00f3n de la memoria: 1 x 8<\/li>\n<\/ul>\n<\/li>\n<li><strong>Exhibici\u00f3n:<\/strong>\n<ul>\n<li>Diagonal de la pantalla: 15,6 pulgadas<\/li>\n<li>Resoluci\u00f3n de la pantalla: 1920 x 1080 (Full HD)<\/li>\n<li>Pantalla antirreflectante: S\u00ed<\/li>\n<li>Brillo de pantalla: 220 cd\/m\u00b2<\/li>\n<li>Retroiluminaci\u00f3n LED: S\u00ed<\/li>\n<li>Tipo de pantalla: TN<\/li>\n<li>Relaci\u00f3n de aspecto nativa: 16:9<\/li>\n<\/ul>\n<\/li>\n<li><strong>Audio:<\/strong>\n<ul>\n<li>Micr\u00f3fono incorporado: S\u00ed<\/li>\n<li>Sistema de audio: SonicMaster<\/li>\n<\/ul>\n<\/li>\n<li><strong>Puertos e Interfaces:<\/strong>\n<ul>\n<li>Cantidad de puertos USB 2.0: 2<\/li>\n<li>N\u00famero de puertos HDMI: 1<\/li>\n<li>Versi\u00f3n HDMI: 1.4<\/li>\n<li>Combo de salida de auriculares \/ micr\u00f3fono del puerto: S\u00ed<\/li>\n<li>Cantidad de puertos tipo A USB 3.0 (3.1 Gen 1): 1<\/li>\n<li>Cantidad de puertos tipo C USB 3.0 (3.1 Gen 1): 1<\/li>\n<li>Charging port type: Toma de entrada de CC<\/li>\n<li>Conector cil\u00edndrico del adaptador de CA: 4.0 mm<\/li>\n<\/ul>\n<\/li>\n<li><strong>Peso y dimensiones:<\/strong>\n<ul>\n<li>Peso: 1,8 kg<\/li>\n<li>Ancho: 360 mm<\/li>\n<li>Profundidad: 235 mm<\/li>\n<li>Altura: 19,9 mm<\/li>\n<\/ul>\n<\/li>\n<li><strong>Control de energ\u00eda:<\/strong>\n<ul>\n<li>Voltaje de entrada de adaptador AC: 100 &#8211; 240 V<\/li>\n<li>Frecuencia de adaptador AC: 50 &#8211; 60 Hz<\/li>\n<li>Potencia de adaptador AC: 45 W<\/li>\n<li>Voltaje de salida de adaptador AC: 19 V<\/li>\n<li>Corriente de salida de adaptador AC: 2,37 A<\/li>\n<\/ul>\n<\/li>\n<li><strong>Teclado:<\/strong>\n<ul>\n<li>Dispositivo apuntador: Touchpad<\/li>\n<li>Teclado num\u00e9rico: S\u00ed<\/li>\n<\/ul>\n<\/li>\n<li><strong>Medios de almacenaje:<\/strong>\n<ul>\n<li>Capacidad Disco Duro: 256 GB<\/li>\n<li>Tipo de Disco Duro: SSD<\/li>\n<li>Total SSDs capacity: 256 GB<\/li>\n<li>Interfaces de disco de estado s\u00f3lido: PCI Express 3.0<\/li>\n<li>N\u00famero de unidades SSD instalados: 1<\/li>\n<li>Factor de forma de disco SSD: M.2<\/li>\n<\/ul>\n<\/li>\n<li><strong>Empaquetado:<\/strong>\n<ul>\n<li>Altura del paquete: 288 mm<\/li>\n<li>Peso del paquete: 2,53 kg<\/li>\n<li>Ancho del paquete: 481 mm<\/li>\n<li>Profundidad del paquete: 65 mm<\/li>\n<\/ul>\n<\/li>\n<li><strong>Seguridad:<\/strong>\n<ul>\n<li>Ranura para cable de seguridad: S\u00ed<\/li>\n<li>M\u00f3dulo de plataforma confiable (TPM): S\u00ed<\/li>\n<li>Protecci\u00f3n mediante contrase\u00f1a: S\u00ed<\/li>\n<\/ul>\n<\/li>\n<li><strong>Software:<\/strong>\n<ul>\n<li>Sistema operativo instalado: Windows 11 Home in S mode<\/li>\n<li>Software de prueba: McAfee LiveSafe\u2122 30-day trial<\/li>\n<\/ul>\n<\/li>\n<li><strong>C\u00e1mara fotogr\u00e1fica:<\/strong>\n<ul>\n<li>C\u00e1mara frontal: S\u00ed<\/li>\n<\/ul>\n<\/li>\n<li><strong>Bater\u00eda:<\/strong>\n<ul>\n<li>Tecnolog\u00eda de bater\u00eda: I\u00f3n de litio<\/li>\n<li>N\u00famero de celdas de bater\u00eda: 2<\/li>\n<li>Capacidad de bater\u00eda: 37 Wh<\/li>\n<\/ul>\n<\/li>\n<li><strong>Dise\u00f1o:<\/strong>\n<ul>\n<li>Posicionamiento de mercado: Hogar<\/li>\n<li>Nombre del color: Transparent Silver<\/li>\n<li>Color del producto: Plata<\/li>\n<li>Tipo de producto: Port\u00e1til<\/li>\n<li>Material de la carcasa: Pl\u00e1stico<\/li>\n<li>Introduction year: 2022<\/li>\n<\/ul>\n<\/li>\n<li><strong>Gr\u00e1ficos:<\/strong>\n<ul>\n<li>Modelo de tarjeta gr\u00e1fica: Intel\u00ae UHD Graphics<\/li>\n<li>Tarjeta gr\u00e1fica integrada: S\u00ed<\/li>\n<li>Discrete graphics adapter: No disponible<\/li>\n<\/ul>\n<\/li>\n<li><strong>Caracter\u00edsticas especiales del procesador:<\/strong>\n<ul>\n<li>Estados de inactividad: S\u00ed<\/li>\n<li>Configuraci\u00f3n de CPU (m\u00e1ximo): 1<\/li>\n<li>VT-x de Intel\u00ae con Extended Page Tables (EPT): S\u00ed<\/li>\n<li>Tecnolog\u00eda de virtualizaci\u00f3n de Intel\u00ae para E \/ S dirigida (VT-d): S\u00ed<\/li>\n<li>Tecnolog\u00eda de virtualizaci\u00f3n Intel\u00ae (VT-x): S\u00ed<\/li>\n<\/ul>\n<\/li>\n<li><strong>Conexi\u00f3n:<\/strong>\n<ul>\n<li>Wi-Fi est\u00e1ndares: 802.11a, 802.11b, 802.11g, Wi-Fi 4 (802.11n), Wi-Fi 5 (802.11ac)<\/li>\n<li>Versi\u00f3n de Bluetooth: 4.1<\/li>\n<li>Ethernet: No<\/li>\n<li>Tipo de antena: 1&#215;1<\/li>\n<\/ul>\n<\/li>\n<\/ul>\n<\/div>\n","protected":false},"excerpt":{"rendered":"<p><span style=\"color: #ff0000;\"><strong>\u00a1ENV\u00cdO GRATIS!<\/strong><\/span><\/p>\n","protected":false},"featured_media":219634,"comment_status":"open","ping_status":"closed","template":"","meta":{"_joinchat":[]},"product_cat":[6536,6555,6556],"product_tag":[],"class_list":{"0":"post-219633","1":"product","2":"type-product","3":"status-publish","4":"has-post-thumbnail","6":"product_cat-informatica-y-ocio","7":"product_cat-ordenadores-informatica-y-gaming","8":"product_cat-portatiles-ordenadores-informatica-y-gaming","10":"first","11":"instock","12":"sale","13":"taxable","14":"shipping-taxable","15":"purchasable","16":"product-type-simple"},"_links":{"self":[{"href":"https:\/\/desdropi.com\/elparque\/wp-json\/wp\/v2\/product\/219633"}],"collection":[{"href":"https:\/\/desdropi.com\/elparque\/wp-json\/wp\/v2\/product"}],"about":[{"href":"https:\/\/desdropi.com\/elparque\/wp-json\/wp\/v2\/types\/product"}],"replies":[{"embeddable":true,"href":"https:\/\/desdropi.com\/elparque\/wp-json\/wp\/v2\/comments?post=219633"}],"version-history":[{"count":0,"href":"https:\/\/desdropi.com\/elparque\/wp-json\/wp\/v2\/product\/219633\/revisions"}],"wp:featuredmedia":[{"embeddable":true,"href":"https:\/\/desdropi.com\/elparque\/wp-json\/wp\/v2\/media\/219634"}],"wp:attachment":[{"href":"https:\/\/desdropi.com\/elparque\/wp-json\/wp\/v2\/media?parent=219633"}],"wp:term":[{"taxonomy":"product_cat","embeddable":true,"href":"https:\/\/desdropi.com\/elparque\/wp-json\/wp\/v2\/product_cat?post=219633"},{"taxonomy":"product_tag","embeddable":true,"href":"https:\/\/desdropi.com\/elparque\/wp-json\/wp\/v2\/product_tag?post=219633"}],"curies":[{"name":"wp","href":"https:\/\/api.w.org\/{rel}","templated":true}]}}