{"id":219646,"date":"2024-04-20T11:12:06","date_gmt":"2024-04-20T09:12:06","guid":{"rendered":"https:\/\/desdropi.com\/elparque\/?post_type=product&#038;p=219646"},"modified":"2024-05-17T13:03:55","modified_gmt":"2024-05-17T11:03:55","slug":"portatil-acer-ex215-55-37qa-i3-8gb-256ssd-156","status":"publish","type":"product","link":"https:\/\/desdropi.com\/elparque\/portatil-acer-ex215-55-37qa-i3-8gb-256ssd-156\/","title":{"rendered":"PORTATIL ACER EX215 55 37QA I3\/ 8GB\/ 256SSD\/ 15,6&#8243;"},"content":{"rendered":"<div class=\"descripcion-tab\">\n<ul>\n<li><strong>Nombre del Producto:<\/strong>\n<ul>\n<li>Marca: ACER<\/li>\n<li>Modelo: NX.EH0EB.001<\/li>\n<li>EAN: 4711121433061<\/li>\n<\/ul>\n<\/li>\n<li><strong>Procesador:<\/strong>\n<ul>\n<li>Fabricante de procesador: Intel<\/li>\n<li>Familia de procesador: Intel Core i3<\/li>\n<li>Generaci\u00f3n del procesador: Intel\u00ae Core\u2122 i3 de 12ma Generaci\u00f3n<\/li>\n<li>Modelo del procesador: i3-1215U<\/li>\n<li>Frecuencia del procesador turbo: 4,4 GHz<\/li>\n<li>Frecuencia turbo m\u00e1xima del n\u00facleo de eficiencia: 3,3 GHz<\/li>\n<li>Frecuencia turbo m\u00e1xima del n\u00facleo de rendimiento: 4,4 GHz<\/li>\n<li>N\u00famero de n\u00facleos de procesador: 6<\/li>\n<li>Cach\u00e9 del procesador: 10 MB<\/li>\n<li>Tipo de cache en procesador: Smart Cache<\/li>\n<li>Potencia base del procesador: 15 W<\/li>\n<li>Potencia turbo m\u00e1xima: 55 W<\/li>\n<li>N\u00facleos de rendimiento: 2<\/li>\n<li>N\u00facleos de eficiencia: 4<\/li>\n<\/ul>\n<\/li>\n<li><strong>Memoria:<\/strong>\n<ul>\n<li>Memoria RAM: 8 GB<\/li>\n<li>Tipo de memoria interna: DDR4-SDRAM<\/li>\n<li>Forma de factor de memoria: SO-DIMM<\/li>\n<\/ul>\n<\/li>\n<li><strong>Exhibici\u00f3n:<\/strong>\n<ul>\n<li>Diagonal de la pantalla: 39,6 cm (15,6 pulgadas)<\/li>\n<li>Tipo de pantalla: LCD<\/li>\n<li>Retroiluminaci\u00f3n LED: S\u00ed<\/li>\n<li>Pantalla t\u00e1ctil: No<\/li>\n<li>M\u00e1xima velocidad de actualizaci\u00f3n: 60 Hz<\/li>\n<li>Resoluci\u00f3n de la pantalla: 1920 x 1080 (Full HD)<\/li>\n<\/ul>\n<\/li>\n<li><strong>Audio:<\/strong>\n<ul>\n<li>N\u00famero de altavoces incorporados: 2<\/li>\n<li>Micr\u00f3fono incorporado: S\u00ed<\/li>\n<\/ul>\n<\/li>\n<li><strong>Puertos e Interfaces:<\/strong>\n<ul>\n<li>N\u00famero de puertos HDMI: 1<\/li>\n<li>Cantidad de puertos tipo A USB 3.0 (3.1 Gen 1): 3<\/li>\n<li>Ethernet LAN (RJ-45) cantidad de puertos: 1<\/li>\n<li>Salidas para auriculares: 1<\/li>\n<\/ul>\n<\/li>\n<li><strong>Peso y dimensiones:<\/strong>\n<ul>\n<li>Altura: 19,9 mm<\/li>\n<li>Profundidad: 241,3 mm<\/li>\n<li>Ancho: 362,9 mm<\/li>\n<li>Peso: 1,84 kg<\/li>\n<\/ul>\n<\/li>\n<li><strong>Control de energ\u00eda:<\/strong>\n<ul>\n<li>Potencia de adaptador AC: 45 W<\/li>\n<\/ul>\n<\/li>\n<li><strong>Teclado:<\/strong>\n<ul>\n<li>Teclado num\u00e9rico: S\u00ed<\/li>\n<li>Dispositivo apuntador: Touchpad<\/li>\n<\/ul>\n<\/li>\n<li><strong>Medios de almacenaje:<\/strong>\n<ul>\n<li>Tipo de unidad \u00f3ptica: No<\/li>\n<li>Interfaces de disco de estado s\u00f3lido: PCI Express<\/li>\n<li>N\u00famero de unidades SSD instalados: 1<\/li>\n<li>Tipo de Disco Duro: SSD<\/li>\n<li>Capacidad Disco Duro: 256 GB<\/li>\n<li>Total SSDs capacity: 256 GB<\/li>\n<li>Disco de estado s\u00f3lido, capacidad: 256 GB<\/li>\n<\/ul>\n<\/li>\n<li><strong>Software:<\/strong>\n<ul>\n<li>Sistema operativo instalado: Windows 11 Home in S mode<\/li>\n<li>Arquitectura del sistema operativo: 64 bits<\/li>\n<\/ul>\n<\/li>\n<li><strong>C\u00e1mara fotogr\u00e1fica:<\/strong>\n<ul>\n<li>C\u00e1mara frontal: S\u00ed<\/li>\n<\/ul>\n<\/li>\n<li><strong>Bater\u00eda:<\/strong>\n<ul>\n<li>N\u00famero de celdas de bater\u00eda: 3<\/li>\n<li>Capacidad de bater\u00eda: 40 Wh<\/li>\n<li>Tecnolog\u00eda de bater\u00eda: I\u00f3n de litio<\/li>\n<li>Autonom\u00eda: 5,5 horas<\/li>\n<\/ul>\n<\/li>\n<li><strong>Dise\u00f1o:<\/strong>\n<ul>\n<li>Tipo de producto: Port\u00e1til<\/li>\n<li>Nombre de marca original: Acer<\/li>\n<li>Factor de forma: Concha<\/li>\n<li>Color del producto: Gris<\/li>\n<\/ul>\n<\/li>\n<li><strong>Gr\u00e1ficos:<\/strong>\n<ul>\n<li>Tarjeta gr\u00e1fica integrada: S\u00ed<\/li>\n<li>Modelo de tarjeta gr\u00e1fica: Intel\u00ae UHD Graphics<\/li>\n<li>Adaptador gr\u00e1fico compatible con Open GL: S\u00ed<\/li>\n<li>4K soporte de adaptador gr\u00e1fico incorporado: S\u00ed<\/li>\n<li>Compatibilidad con 6K de gr\u00e1ficos integrados: S\u00ed<\/li>\n<\/ul>\n<\/li>\n<li><strong>Caracter\u00edsticas especiales del procesador:<\/strong>\n<ul>\n<li>Configuraci\u00f3n de CPU (m\u00e1ximo): 1<\/li>\n<\/ul>\n<\/li>\n<li><strong>Conexi\u00f3n:<\/strong>\n<ul>\n<li>Ethernet: S\u00ed<\/li>\n<li>Conexi\u00f3n a red m\u00f3vil: No<\/li>\n<li>Versi\u00f3n de Bluetooth: 5.0<\/li>\n<li>Est\u00e1ndar Wi-Fi: Wi-Fi 6 (802.11ax)<\/li>\n<li>Bluetooth: S\u00ed<\/li>\n<li>Wi-Fi est\u00e1ndares: 802.11a, 802.11b, 802.11g, Wi-Fi 4 (802.11n), Wi-Fi 5 (802.11ac), Wi-Fi 6 (802.11ax)<\/li>\n<li>Ethernet LAN, velocidad de transferencia de datos: 1000 Mbps<\/li>\n<\/ul>\n<\/li>\n<\/ul>\n<\/div>\n","protected":false},"excerpt":{"rendered":"<p><span style=\"color: #ff0000;\"><strong>\u00a1ENV\u00cdO GRATIS!<\/strong><\/span><\/p>\n","protected":false},"featured_media":219647,"comment_status":"open","ping_status":"closed","template":"","meta":{"_joinchat":[]},"product_cat":[6536,6555,6556],"product_tag":[],"class_list":{"0":"post-219646","1":"product","2":"type-product","3":"status-publish","4":"has-post-thumbnail","6":"product_cat-informatica-y-ocio","7":"product_cat-ordenadores-informatica-y-gaming","8":"product_cat-portatiles-ordenadores-informatica-y-gaming","10":"first","11":"instock","12":"sale","13":"taxable","14":"shipping-taxable","15":"purchasable","16":"product-type-simple"},"_links":{"self":[{"href":"https:\/\/desdropi.com\/elparque\/wp-json\/wp\/v2\/product\/219646"}],"collection":[{"href":"https:\/\/desdropi.com\/elparque\/wp-json\/wp\/v2\/product"}],"about":[{"href":"https:\/\/desdropi.com\/elparque\/wp-json\/wp\/v2\/types\/product"}],"replies":[{"embeddable":true,"href":"https:\/\/desdropi.com\/elparque\/wp-json\/wp\/v2\/comments?post=219646"}],"version-history":[{"count":0,"href":"https:\/\/desdropi.com\/elparque\/wp-json\/wp\/v2\/product\/219646\/revisions"}],"wp:featuredmedia":[{"embeddable":true,"href":"https:\/\/desdropi.com\/elparque\/wp-json\/wp\/v2\/media\/219647"}],"wp:attachment":[{"href":"https:\/\/desdropi.com\/elparque\/wp-json\/wp\/v2\/media?parent=219646"}],"wp:term":[{"taxonomy":"product_cat","embeddable":true,"href":"https:\/\/desdropi.com\/elparque\/wp-json\/wp\/v2\/product_cat?post=219646"},{"taxonomy":"product_tag","embeddable":true,"href":"https:\/\/desdropi.com\/elparque\/wp-json\/wp\/v2\/product_tag?post=219646"}],"curies":[{"name":"wp","href":"https:\/\/api.w.org\/{rel}","templated":true}]}}