{"id":219653,"date":"2024-04-20T11:17:19","date_gmt":"2024-04-20T09:17:19","guid":{"rendered":"https:\/\/desdropi.com\/elparque\/?post_type=product&#038;p=219653"},"modified":"2024-05-17T13:03:55","modified_gmt":"2024-05-17T11:03:55","slug":"portatil-acer-aspire-a315-510p-i3-8gb-512ssd-156","status":"publish","type":"product","link":"https:\/\/desdropi.com\/elparque\/portatil-acer-aspire-a315-510p-i3-8gb-512ssd-156\/","title":{"rendered":"PORTATIL ACER ASPIRE A315 510P I3\/8GB\/512SSD\/15,6&#8243;"},"content":{"rendered":"<div class=\"descripcion-tab\">\n<div class=\"flex-1 overflow-hidden\">\n<div class=\"react-scroll-to-bottom--css-lwddp-79elbk h-full\">\n<div class=\"react-scroll-to-bottom--css-lwddp-1n7m0yu\">\n<div>\n<div class=\"flex flex-col text-sm pb-9\">\n<div class=\"w-full text-token-text-primary\" dir=\"auto\" data-testid=\"conversation-turn-43\">\n<div class=\"px-4 py-2 justify-center text-base md:gap-6 m-auto\">\n<div class=\"flex flex-1 text-base mx-auto gap-3 juice:gap-4 juice:md:gap-6 md:px-5 lg:px-1 xl:px-5 md:max-w-3xl lg:max-w-[40rem] xl:max-w-[48rem]\">\n<div class=\"relative flex w-full flex-col agent-turn\">\n<div class=\"flex-col gap-1 md:gap-3\">\n<div class=\"flex flex-grow flex-col max-w-full\">\n<div class=\"min-h-[20px] text-message flex flex-col items-start gap-3 whitespace-pre-wrap break-words [.text-message+&amp;]:mt-5 overflow-x-auto\" dir=\"auto\" data-message-author-role=\"assistant\" data-message-id=\"a3942f74-0728-42d0-a72d-e509c3cab9e3\">\n<div class=\"markdown prose w-full break-words dark:prose-invert light\">\n<ul>\n<li><strong>Nombre del Producto:<\/strong>\n<ul>\n<li>Marca: ACER<\/li>\n<li>Modelo: NX.KDHEB.00Y<\/li>\n<li>EAN: 4711121676017<\/li>\n<\/ul>\n<\/li>\n<li><strong>Procesador:<\/strong>\n<ul>\n<li>Fabricante de procesador: Intel\u00ae<\/li>\n<li>Familia de procesador: Intel Core i3<\/li>\n<li>Modelo del procesador: i3-N305<\/li>\n<li>Frecuencia del procesador turbo: 4,5 GHz<\/li>\n<li>Cach\u00e9 del procesador: 6 MB<\/li>\n<li>N\u00famero de n\u00facleos de procesador: 8<\/li>\n<\/ul>\n<\/li>\n<li><strong>Memoria:<\/strong>\n<ul>\n<li>Memoria RAM: 8 GB<\/li>\n<li>Tipo de memoria interna: LPDDR5<\/li>\n<li>Disposici\u00f3n de la memoria: 1 x 8<\/li>\n<li>Ranuras de memoria: 1<\/li>\n<li>Memoria interna m\u00e1xima: 16 GB<\/li>\n<\/ul>\n<\/li>\n<li><strong>Exhibici\u00f3n:<\/strong>\n<ul>\n<li>Tipo de pantalla: LCD<\/li>\n<li>Diagonal de la pantalla: 15,6 pulgadas<\/li>\n<li>Resoluci\u00f3n de la pantalla: 1920 x 1080 (Full HD)<\/li>\n<li>Pantalla t\u00e1ctil: No<\/li>\n<\/ul>\n<\/li>\n<li><strong>Audio:<\/strong>\n<ul>\n<li>N\u00famero de altavoces incorporados: 2<\/li>\n<li>Altavoces incorporados: S\u00ed<\/li>\n<\/ul>\n<\/li>\n<li><strong>Puertos e Interfaces:<\/strong>\n<ul>\n<li>Cantidad de puertos tipo C USB 3.0 (3.1 Gen 1): 1<\/li>\n<li>Cantidad de puertos tipo A USB 3.0 (3.1 Gen 1): 2<\/li>\n<li>N\u00famero de puertos HDMI: 1<\/li>\n<li>Combo de salida de auriculares \/ micr\u00f3fono del puerto: S\u00ed<\/li>\n<\/ul>\n<\/li>\n<li><strong>Peso y dimensiones:<\/strong>\n<ul>\n<li>Ancho: 362,9 mm<\/li>\n<li>Profundidad: 237,5 mm<\/li>\n<li>Altura: 18,9 mm<\/li>\n<li>Peso: 1,7 kg<\/li>\n<\/ul>\n<\/li>\n<li><strong>Teclado:<\/strong>\n<ul>\n<li>Dispositivo apuntador: Touchpad<\/li>\n<li>Teclado resistente a l\u00edquidos: S\u00ed<\/li>\n<\/ul>\n<\/li>\n<li><strong>Medios de almacenaje:<\/strong>\n<ul>\n<li>Capacidad Disco Duro: 512 GB<\/li>\n<li>Tipo de Disco Duro: SSD<\/li>\n<li>N\u00famero de unidades SSD instalados: 1 x 256 GB<\/li>\n<li>Disco de estado s\u00f3lido, capacidad: 256 GB<\/li>\n<li>Interfaces de disco de estado s\u00f3lido: PCIe NVMe<\/li>\n<li>NVMe: S\u00ed<\/li>\n<li>Tipo de unidad \u00f3ptica: No<\/li>\n<\/ul>\n<\/li>\n<li><strong>Seguridad:<\/strong>\n<ul>\n<li>No especificado.<\/li>\n<\/ul>\n<\/li>\n<li><strong>Software:<\/strong>\n<ul>\n<li>Sistema operativo instalado: No especificado.<\/li>\n<\/ul>\n<\/li>\n<li><strong>C\u00e1mara fotogr\u00e1fica:<\/strong>\n<ul>\n<li>C\u00e1mara frontal: S\u00ed<\/li>\n<\/ul>\n<\/li>\n<li><strong>Bater\u00eda:<\/strong>\n<ul>\n<li>Tecnolog\u00eda de bater\u00eda: I\u00f3n de litio<\/li>\n<li>N\u00famero de celdas de bater\u00eda: 3<\/li>\n<\/ul>\n<\/li>\n<li><strong>Dise\u00f1o:<\/strong>\n<ul>\n<li>Tipo de producto: Port\u00e1til<\/li>\n<li>Color del producto: Plata<\/li>\n<li>Nombre de marca original: Acer<\/li>\n<\/ul>\n<\/li>\n<li><strong>Gr\u00e1ficos:<\/strong>\n<ul>\n<li>Modelo de tarjeta gr\u00e1fica: UHD Graphics<\/li>\n<\/ul>\n<\/li>\n<li><strong>Conexi\u00f3n:<\/strong>\n<ul>\n<li>Modelo de controlador WLAN: Realtek RTL8852BE<\/li>\n<li>Wi-Fi est\u00e1ndares: IEEE 802.11ac<\/li>\n<li>Versi\u00f3n de Bluetooth: 5.1<\/li>\n<li>Bluetooth: S\u00ed<\/li>\n<\/ul>\n<\/li>\n<\/ul>\n<\/div>\n<\/div>\n<\/div>\n<div class=\"mt-1 flex gap-3 empty:hidden\">\n<div class=\"text-gray-400 flex self-end lg:self-center items-center justify-center lg:justify-start mt-0 -ml-1 h-7 gap-[2px] visible\">\n<p>&nbsp;<\/p>\n<div class=\"flex items-center gap-1.5 text-xs\"><\/div>\n<div class=\"flex\"><\/div>\n<\/div>\n<\/div>\n<div class=\"pr-2 lg:pr-0\"><\/div>\n<\/div>\n<div class=\"absolute\">\n<div class=\"flex w-full gap-2 items-center justify-center\"><\/div>\n<\/div>\n<\/div>\n<\/div>\n<\/div>\n<\/div>\n<\/div>\n<\/div>\n<\/div>\n<\/div>\n<\/div>\n<div class=\"w-full pt-2 md:pt-0 dark:border-white\/20 md:border-transparent md:dark:border-transparent md:w-[calc(100%-.5rem)]\">\n<form class=\"stretch mx-2 flex flex-row gap-3 last:mb-2 md:mx-4 md:last:mb-6 lg:mx-auto lg:max-w-2xl xl:max-w-3xl\">\n<div class=\"relative flex h-full flex-1 flex-col\">\n<div class=\"absolute bottom-full left-0 right-0\"><\/div>\n<div class=\"flex w-full items-center\"><\/div>\n<\/div>\n<\/form>\n<\/div>\n<\/div>\n","protected":false},"excerpt":{"rendered":"<p><span style=\"color: #ff0000;\"><strong>\u00a1ENV\u00cdO GRATIS!<\/strong><\/span><\/p>\n","protected":false},"featured_media":219654,"comment_status":"open","ping_status":"closed","template":"","meta":{"_joinchat":[]},"product_cat":[6536,6555,6556],"product_tag":[],"class_list":{"0":"post-219653","1":"product","2":"type-product","3":"status-publish","4":"has-post-thumbnail","6":"product_cat-informatica-y-ocio","7":"product_cat-ordenadores-informatica-y-gaming","8":"product_cat-portatiles-ordenadores-informatica-y-gaming","10":"first","11":"instock","12":"sale","13":"taxable","14":"shipping-taxable","15":"purchasable","16":"product-type-simple"},"_links":{"self":[{"href":"https:\/\/desdropi.com\/elparque\/wp-json\/wp\/v2\/product\/219653"}],"collection":[{"href":"https:\/\/desdropi.com\/elparque\/wp-json\/wp\/v2\/product"}],"about":[{"href":"https:\/\/desdropi.com\/elparque\/wp-json\/wp\/v2\/types\/product"}],"replies":[{"embeddable":true,"href":"https:\/\/desdropi.com\/elparque\/wp-json\/wp\/v2\/comments?post=219653"}],"version-history":[{"count":0,"href":"https:\/\/desdropi.com\/elparque\/wp-json\/wp\/v2\/product\/219653\/revisions"}],"wp:featuredmedia":[{"embeddable":true,"href":"https:\/\/desdropi.com\/elparque\/wp-json\/wp\/v2\/media\/219654"}],"wp:attachment":[{"href":"https:\/\/desdropi.com\/elparque\/wp-json\/wp\/v2\/media?parent=219653"}],"wp:term":[{"taxonomy":"product_cat","embeddable":true,"href":"https:\/\/desdropi.com\/elparque\/wp-json\/wp\/v2\/product_cat?post=219653"},{"taxonomy":"product_tag","embeddable":true,"href":"https:\/\/desdropi.com\/elparque\/wp-json\/wp\/v2\/product_tag?post=219653"}],"curies":[{"name":"wp","href":"https:\/\/api.w.org\/{rel}","templated":true}]}}