{"id":219670,"date":"2024-04-20T11:36:55","date_gmt":"2024-04-20T09:36:55","guid":{"rendered":"https:\/\/desdropi.com\/elparque\/?post_type=product&#038;p=219670"},"modified":"2024-05-17T13:03:56","modified_gmt":"2024-05-17T11:03:56","slug":"portatil-hp-15-fs0065ns-i3-n305-8gb-512ssd-156","status":"publish","type":"product","link":"https:\/\/desdropi.com\/elparque\/portatil-hp-15-fs0065ns-i3-n305-8gb-512ssd-156\/","title":{"rendered":"PORTATIL HP 15 FS0065NS I3 N305\/8GB\/512SSD\/15,6&#8243;"},"content":{"rendered":"<div class=\"descripcion-tab\">\n<ul>\n<li><strong>Nombre del Producto:<\/strong>\n<ul>\n<li>Marca: HP<\/li>\n<li>Modelo: 9J1G1EA<\/li>\n<li>EAN: 197961623307<\/li>\n<\/ul>\n<\/li>\n<li><strong>Procesador:<\/strong>\n<ul>\n<li>Circuito integrado de tarjeta madre: Intel\u00ae SoC<\/li>\n<li>Fabricante de procesador: Intel<\/li>\n<li>N\u00famero de filamentos de procesador: 8<\/li>\n<li>Frecuencia del procesador turbo: 3.8 GHz<\/li>\n<li>Familia de procesador: Intel Core i3<\/li>\n<li>Cach\u00e9 del procesador: 6 MB<\/li>\n<li>Tipo de cache en procesador: Smart Cache<\/li>\n<li>N\u00famero de n\u00facleos de procesador: 8<\/li>\n<li>Processor generation: Intel Core i3-Nxxx<\/li>\n<li>Modelo del procesador: i3-N305<\/li>\n<\/ul>\n<\/li>\n<li><strong>Memoria:<\/strong>\n<ul>\n<li>Memoria RAM: 8GB<\/li>\n<li>Tipo de memoria interna: DDR4-SDRAM<\/li>\n<li>Velocidad de memoria del reloj: 3200 MHz<\/li>\n<li>Disposici\u00f3n de la memoria: 1 x 8GB<\/li>\n<\/ul>\n<\/li>\n<li><strong>Exhibici\u00f3n:<\/strong>\n<ul>\n<li>Relaci\u00f3n de aspecto nativa: 16:9<\/li>\n<li>Diagonal de la pantalla: 39.6 cm (15.6 pulgadas)<\/li>\n<li>Tipo HD: Full HD<\/li>\n<li>Resoluci\u00f3n de la pantalla: 1920 x 1080 pixels<\/li>\n<li>Pantalla antirreflectante: S\u00ed<\/li>\n<li>Brillo de pantalla: 250 cd\/m\u00b2<\/li>\n<li>Tecnolog\u00eda de pantalla bisel: Micro-Edge<\/li>\n<li>Gama de colores: 45<\/li>\n<li>RGB colour space: NTSC<\/li>\n<li>Pantalla t\u00e1ctil: No<\/li>\n<\/ul>\n<\/li>\n<li><strong>Audio:<\/strong>\n<ul>\n<li>Altavoces incorporados: S\u00ed<\/li>\n<li>N\u00famero de altavoces incorporados: 2<\/li>\n<li>Micr\u00f3fono incorporado: S\u00ed<\/li>\n<li>N\u00famero de micr\u00f3fonos: 2<\/li>\n<\/ul>\n<\/li>\n<li><strong>Puertos e Interfaces:<\/strong>\n<ul>\n<li>Cantidad de puertos tipo A USB 3.0 (3.1 Gen 1): 2<\/li>\n<li>Cantidad de puertos tipo C USB 3.0 (3.1 Gen 1): 1<\/li>\n<li>N\u00famero de puertos HDMI: 1<\/li>\n<li>Versi\u00f3n HDMI: 1.4b<\/li>\n<li>Combo de salida de auriculares \/ micr\u00f3fono del puerto: S\u00ed<\/li>\n<\/ul>\n<\/li>\n<li><strong>Peso y Dimensiones:<\/strong>\n<ul>\n<li>Peso: 1.59 kg<\/li>\n<li>Ancho: 359.8 mm<\/li>\n<li>Profundidad: 236 mm<\/li>\n<li>Altura: 18.6 mm<\/li>\n<\/ul>\n<\/li>\n<li><strong>Control de Energ\u00eda:<\/strong>\n<ul>\n<li>Potencia de adaptador AC: 45W<\/li>\n<li>Frecuencia de adaptador AC: 50\/60 Hz<\/li>\n<li>Voltaje de entrada de adaptador AC: 100 &#8211; 240V<\/li>\n<\/ul>\n<\/li>\n<li><strong>Teclado:<\/strong>\n<ul>\n<li>Teclado num\u00e9rico: S\u00ed<\/li>\n<li>Teclado de tama\u00f1o completo: S\u00ed<\/li>\n<li>Dispositivo apuntador: Touchpad<\/li>\n<\/ul>\n<\/li>\n<li><strong>Medios de Almacenaje:<\/strong>\n<ul>\n<li>Capacidad Disco Duro: 512GB<\/li>\n<li>Tipo de Disco Duro: SSD<\/li>\n<li>Total SSDs capacity: 512GB<\/li>\n<li>N\u00famero de unidades SSD instalados: 1<\/li>\n<li>Disco de estado s\u00f3lido, capacidad: 512GB<\/li>\n<li>Interfaces de disco de estado s\u00f3lido: PCIe<\/li>\n<li>NVMe: S\u00ed<\/li>\n<li>Factor de forma de disco SSD: M.2<\/li>\n<\/ul>\n<\/li>\n<li><strong>Empaquetado:<\/strong>\n<ul>\n<li>Ancho del paquete: 69 mm<\/li>\n<li>Profundidad del paquete: 520 mm<\/li>\n<li>Altura del paquete: 305 mm<\/li>\n<li>Peso del paquete: 2.29 kg<\/li>\n<\/ul>\n<\/li>\n<li><strong>Seguridad:<\/strong>\n<ul>\n<li>Protecci\u00f3n mediante contrase\u00f1a: S\u00ed<\/li>\n<li>M\u00f3dulo de plataforma confiable (TPM): S\u00ed<\/li>\n<\/ul>\n<\/li>\n<li><strong>Software:<\/strong>\n<ul>\n<li>Sistema operativo instalado: Windows 11 Home<\/li>\n<li>Software de prueba: Almacenamiento en Dropbox de 25 GB durante 12 meses<\/li>\n<\/ul>\n<\/li>\n<li><strong>C\u00e1mara Fotogr\u00e1fica:<\/strong>\n<ul>\n<li>C\u00e1mara frontal: S\u00ed<\/li>\n<li>Tipo de c\u00e1mara frontal HD: HD<\/li>\n<\/ul>\n<\/li>\n<li><strong>Bater\u00eda:<\/strong>\n<ul>\n<li>Carga r\u00e1pida: S\u00ed<\/li>\n<li>Tecnolog\u00eda de bater\u00eda: Pol\u00edmero de litio<\/li>\n<li>N\u00famero de celdas de bater\u00eda: 3<\/li>\n<li>Capacidad de bater\u00eda: 41 Wh<\/li>\n<li>Tiempo de carga r\u00e1pida (50%): 45 minutos<\/li>\n<li>Autonom\u00eda: 7.5 horas<\/li>\n<\/ul>\n<\/li>\n<li><strong>Caracter\u00edsticas Especiales:<\/strong>\n<ul>\n<li>HP segment: Hogar<\/li>\n<li>Tipo de altavoz HP: HP Dual Speakers<\/li>\n<li>Adaptador inteligente AC HP: S\u00ed<\/li>\n<li>HP front camera: HP TrueVision HD<\/li>\n<\/ul>\n<\/li>\n<li><strong>Dise\u00f1o:<\/strong>\n<ul>\n<li>Nombre del color: 8471300000<\/li>\n<li>Posicionamiento de mercado: Everyday<\/li>\n<li>Tipo de producto: Port\u00e1til<\/li>\n<li>Nombre de marca original: HP<\/li>\n<li>Color del producto: Plata<\/li>\n<li>Factor de forma: Concha<\/li>\n<li>Introduction year: 2023<\/li>\n<\/ul>\n<\/li>\n<li><strong>Gr\u00e1ficos:<\/strong>\n<ul>\n<li>Tarjeta gr\u00e1fica integrada: S\u00ed<\/li>\n<li>Discrete graphics adapter: No<\/li>\n<li>Modelo de adaptador de gr\u00e1ficos discretos: No disponible<\/li>\n<li>Modelo de tarjeta gr\u00e1fica: Intel\u00ae UHD Graphics<\/li>\n<li>On-board graphics adapter family: Intel\u00ae UHD Graphics<\/li>\n<li>Fabricante de GPU integrada: Intel<\/li>\n<\/ul>\n<\/li>\n<li><strong>Conexi\u00f3n:<\/strong>\n<ul>\n<li>WLAN controller manufacturer: MediaTek<\/li>\n<li>Wi-Fi est\u00e1ndares: Wi-Fi 6E (802.11ax)<\/li>\n<li>Tipo de antena: 1&#215;1<\/li>\n<li>Versi\u00f3n de Bluetooth: 5.3<\/li>\n<li>Bluetooth: S\u00ed<\/li>\n<li>Conexi\u00f3n a red m\u00f3vil: No<\/li>\n<li>Modelo de controlador WLAN: MediaTek MT7902<\/li>\n<li>Est\u00e1ndar Wi-Fi: Wi-Fi 6E (802.11ax)<\/li>\n<\/ul>\n<\/li>\n<li><strong>Sostenibilidad:<\/strong>\n<ul>\n<li>Certificados de sostenibilidad: EPEAT Gold<\/li>\n<\/ul>\n<\/li>\n<\/ul>\n<\/div>\n","protected":false},"excerpt":{"rendered":"<p><span style=\"color: #ff0000;\"><strong>\u00a1ENV\u00cdO GRATIS!<\/strong><\/span><\/p>\n","protected":false},"featured_media":219671,"comment_status":"open","ping_status":"closed","template":"","meta":{"_joinchat":[]},"product_cat":[6536,6555,6556],"product_tag":[],"class_list":{"0":"post-219670","1":"product","2":"type-product","3":"status-publish","4":"has-post-thumbnail","6":"product_cat-informatica-y-ocio","7":"product_cat-ordenadores-informatica-y-gaming","8":"product_cat-portatiles-ordenadores-informatica-y-gaming","10":"first","11":"instock","12":"sale","13":"taxable","14":"shipping-taxable","15":"purchasable","16":"product-type-simple"},"_links":{"self":[{"href":"https:\/\/desdropi.com\/elparque\/wp-json\/wp\/v2\/product\/219670"}],"collection":[{"href":"https:\/\/desdropi.com\/elparque\/wp-json\/wp\/v2\/product"}],"about":[{"href":"https:\/\/desdropi.com\/elparque\/wp-json\/wp\/v2\/types\/product"}],"replies":[{"embeddable":true,"href":"https:\/\/desdropi.com\/elparque\/wp-json\/wp\/v2\/comments?post=219670"}],"version-history":[{"count":0,"href":"https:\/\/desdropi.com\/elparque\/wp-json\/wp\/v2\/product\/219670\/revisions"}],"wp:featuredmedia":[{"embeddable":true,"href":"https:\/\/desdropi.com\/elparque\/wp-json\/wp\/v2\/media\/219671"}],"wp:attachment":[{"href":"https:\/\/desdropi.com\/elparque\/wp-json\/wp\/v2\/media?parent=219670"}],"wp:term":[{"taxonomy":"product_cat","embeddable":true,"href":"https:\/\/desdropi.com\/elparque\/wp-json\/wp\/v2\/product_cat?post=219670"},{"taxonomy":"product_tag","embeddable":true,"href":"https:\/\/desdropi.com\/elparque\/wp-json\/wp\/v2\/product_tag?post=219670"}],"curies":[{"name":"wp","href":"https:\/\/api.w.org\/{rel}","templated":true}]}}