{"id":219683,"date":"2024-04-20T11:50:59","date_gmt":"2024-04-20T09:50:59","guid":{"rendered":"https:\/\/desdropi.com\/elparque\/?post_type=product&#038;p=219683"},"modified":"2024-05-17T13:03:56","modified_gmt":"2024-05-17T11:03:56","slug":"portatil-asus-e1504fa-bq204w-r5-7520-8gb-512ssd","status":"publish","type":"product","link":"https:\/\/desdropi.com\/elparque\/portatil-asus-e1504fa-bq204w-r5-7520-8gb-512ssd\/","title":{"rendered":"PORTATIL ASUS E1504FA-BQ204W R5 7520\/8GB\/512SSD"},"content":{"rendered":"<div class=\"descripcion-tab\">\n<ul>\n<li><strong>Nombre del Producto:<\/strong>\n<ul>\n<li>Marca: ASUS<\/li>\n<li>Modelo: 90NB0ZR2-M008U0<\/li>\n<li>EAN: 4711387059609<\/li>\n<\/ul>\n<\/li>\n<li><strong>Procesador:<\/strong>\n<ul>\n<li>Modelo del procesador: 7520U<\/li>\n<li>Fabricante de procesador: AMD<\/li>\n<li>N\u00famero de n\u00facleos de procesador: 4<\/li>\n<li>Frecuencia del procesador: 2,8 GHz<\/li>\n<li>Cach\u00e9 del procesador: 4 MB<\/li>\n<li>Familia de procesador: AMD Ryzen 5<\/li>\n<li>Frecuencia del procesador turbo: 4,3 GHz<\/li>\n<\/ul>\n<\/li>\n<li><strong>Memoria:<\/strong>\n<ul>\n<li>Memoria interna m\u00e1xima: 8 GB<\/li>\n<li>Tipo de memoria interna: LPDDR5-SDRAM<\/li>\n<li>Forma de factor de memoria: Incorporado<\/li>\n<li>Memoria RAM: 8 GB<\/li>\n<\/ul>\n<\/li>\n<li><strong>Exhibici\u00f3n:<\/strong>\n<ul>\n<li>Retroiluminaci\u00f3n LED: S\u00ed<\/li>\n<li>Tipo HD: Full HD<\/li>\n<li>Pantalla antirreflectante: S\u00ed<\/li>\n<li>Espacio de color RGB: NTSC<\/li>\n<li>Gama de colores: 45<\/li>\n<li>Relaci\u00f3n de aspecto nativa: 16:9<\/li>\n<li>Diagonal de la pantalla: 39,6 cm<\/li>\n<li>Resoluci\u00f3n de la pantalla: 1920 x 1080 px<\/li>\n<li>Pantalla t\u00e1ctil: No<\/li>\n<li>Brillo de pantalla: 250 cd\/m\u00b2<\/li>\n<li>Tipo de pantalla: IPS<\/li>\n<\/ul>\n<\/li>\n<li><strong>Audio:<\/strong>\n<ul>\n<li>Sistema de audio: SonicMaster<\/li>\n<li>Micr\u00f3fono incorporado: S\u00ed<\/li>\n<\/ul>\n<\/li>\n<li><strong>Puertos e Interfaces:<\/strong>\n<ul>\n<li>Cantidad de puertos USB 2.0: 1<\/li>\n<li>N\u00famero de puertos HDMI: 1<\/li>\n<li>Versi\u00f3n HDMI: 1.4<\/li>\n<li>Combo de salida de auriculares \/ micr\u00f3fono del puerto: S\u00ed<\/li>\n<li>Cantidad de puertos tipo A USB 3.0 (3.1 Gen 1): 1<\/li>\n<li>Cantidad de puertos tipo C USB 3.0 (3.1 Gen 1): 1<\/li>\n<li>Tipo de conector de carga: Toma de entrada de CC<\/li>\n<\/ul>\n<\/li>\n<li><strong>Peso y Dimensiones:<\/strong>\n<ul>\n<li>Profundidad: 232,5 mm<\/li>\n<li>Altura: 17,9 mm<\/li>\n<li>Ancho: 360,3 mm<\/li>\n<li>Peso: 1,63 kg<\/li>\n<\/ul>\n<\/li>\n<li><strong>Control de Energ\u00eda:<\/strong>\n<ul>\n<li>Voltaje de entrada del adaptador AC: 100 &#8211; 240 V<\/li>\n<li>Frecuencia de adaptador AC: 50 &#8211; 60 Hz<\/li>\n<li>Voltaje de salida del adaptador AC: 19 V<\/li>\n<li>Corriente de salida del adaptador AC: 3,42 A<\/li>\n<li>Potencia de adaptador AC: 45 W<\/li>\n<\/ul>\n<\/li>\n<li><strong>Teclado:<\/strong>\n<ul>\n<li>Dispositivo apuntador: Touchpad<\/li>\n<li>Teclado num\u00e9rico: S\u00ed<\/li>\n<\/ul>\n<\/li>\n<li><strong>Medios de Almacenaje:<\/strong>\n<ul>\n<li>Tipo de unidad \u00f3ptica: No<\/li>\n<li>Capacidad Disco Duro: 512 GB<\/li>\n<li>Tipo de Disco Duro: SSD<\/li>\n<li>N\u00famero de unidades SSD instalados: 1<\/li>\n<li>Disco de estado s\u00f3lido, capacidad: 512 GB<\/li>\n<li>Interfaces de disco de estado s\u00f3lido: PCI Express 3.0<\/li>\n<li>NVMe: S\u00ed<\/li>\n<li>Factor de forma de disco SSD: M.2<\/li>\n<\/ul>\n<\/li>\n<li><strong>Empaquetado:<\/strong>\n<ul>\n<li>Peso del paquete: 2,27 kg<\/li>\n<li>Profundidad del paquete: 65 mm<\/li>\n<li>Ancho del paquete: 481 mm<\/li>\n<li>Altura del paquete: 288 mm<\/li>\n<\/ul>\n<\/li>\n<li><strong>Seguridad:<\/strong>\n<ul>\n<li>M\u00f3dulo de plataforma confiable (TPM): S\u00ed<\/li>\n<li>Protecci\u00f3n mediante contrase\u00f1a: S\u00ed<\/li>\n<li>Protecci\u00f3n con contrase\u00f1a: BIOS, Usuario<\/li>\n<\/ul>\n<\/li>\n<li><strong>Software:<\/strong>\n<ul>\n<li>Sistema operativo instalado: Windows 11 Home in S mode<\/li>\n<li>Software de prueba: 1-month trial for new Microsoft 365 customers. Credit card required.<\/li>\n<\/ul>\n<\/li>\n<li><strong>C\u00e1mara fotogr\u00e1fica:<\/strong>\n<ul>\n<li>C\u00e1mara frontal: S\u00ed<\/li>\n<li>Tipo de c\u00e1mara frontal HD: HD<\/li>\n<li>C\u00e1mara con configuraci\u00f3n de privacidad: S\u00ed<\/li>\n<li>Tipo de privacidad: Tapa de obturador<\/li>\n<\/ul>\n<\/li>\n<li><strong>Bater\u00eda:<\/strong>\n<ul>\n<li>Tecnolog\u00eda de bater\u00eda: I\u00f3n de litio<\/li>\n<li>N\u00famero de celdas de bater\u00eda: 3<\/li>\n<li>Capacidad de bater\u00eda: 42 Wh<\/li>\n<\/ul>\n<\/li>\n<li><strong>Dise\u00f1o:<\/strong>\n<ul>\n<li>Factor de forma: Concha<\/li>\n<li>Posicionamiento de mercado: Hogar<\/li>\n<li>Nombre del color: Mixed Black<\/li>\n<li>Tipo de producto: Port\u00e1til<\/li>\n<li>Color del producto: Negro<\/li>\n<li>Material de la carcasa: Pl\u00e1stico<\/li>\n<li>A\u00f1o de introducci\u00f3n: 2023<\/li>\n<\/ul>\n<\/li>\n<li><strong>Gr\u00e1ficos:<\/strong>\n<ul>\n<li>Modelo de adaptador de gr\u00e1ficos discretos: No disponible<\/li>\n<li>Modelo de tarjeta gr\u00e1fica: AMD Radeon 610M<\/li>\n<li>Tarjeta gr\u00e1fica integrada: S\u00ed<\/li>\n<li>Discrete graphics adapter: No<\/li>\n<\/ul>\n<\/li>\n<li><strong>Conexi\u00f3n:<\/strong>\n<ul>\n<li>Est\u00e1ndar Wi-Fi: Wi-Fi 6E (802.11ax)<\/li>\n<li>Bluetooth: S\u00ed<\/li>\n<li>Versi\u00f3n de Bluetooth: 5.0<\/li>\n<li>Ethernet: No<\/li>\n<li>Tipo de antena: 1&#215;1<\/li>\n<li>Conexi\u00f3n a red m\u00f3vil: No<\/li>\n<\/ul>\n<\/li>\n<\/ul>\n<\/div>\n","protected":false},"excerpt":{"rendered":"<p><span style=\"color: #ff0000;\"><strong>\u00a1ENV\u00cdO GRATIS!<\/strong><\/span><\/p>\n","protected":false},"featured_media":219685,"comment_status":"open","ping_status":"closed","template":"","meta":{"_joinchat":[]},"product_cat":[6536,6555,6556],"product_tag":[],"class_list":{"0":"post-219683","1":"product","2":"type-product","3":"status-publish","4":"has-post-thumbnail","6":"product_cat-informatica-y-ocio","7":"product_cat-ordenadores-informatica-y-gaming","8":"product_cat-portatiles-ordenadores-informatica-y-gaming","10":"first","11":"instock","12":"sale","13":"taxable","14":"shipping-taxable","15":"purchasable","16":"product-type-simple"},"_links":{"self":[{"href":"https:\/\/desdropi.com\/elparque\/wp-json\/wp\/v2\/product\/219683"}],"collection":[{"href":"https:\/\/desdropi.com\/elparque\/wp-json\/wp\/v2\/product"}],"about":[{"href":"https:\/\/desdropi.com\/elparque\/wp-json\/wp\/v2\/types\/product"}],"replies":[{"embeddable":true,"href":"https:\/\/desdropi.com\/elparque\/wp-json\/wp\/v2\/comments?post=219683"}],"version-history":[{"count":0,"href":"https:\/\/desdropi.com\/elparque\/wp-json\/wp\/v2\/product\/219683\/revisions"}],"wp:featuredmedia":[{"embeddable":true,"href":"https:\/\/desdropi.com\/elparque\/wp-json\/wp\/v2\/media\/219685"}],"wp:attachment":[{"href":"https:\/\/desdropi.com\/elparque\/wp-json\/wp\/v2\/media?parent=219683"}],"wp:term":[{"taxonomy":"product_cat","embeddable":true,"href":"https:\/\/desdropi.com\/elparque\/wp-json\/wp\/v2\/product_cat?post=219683"},{"taxonomy":"product_tag","embeddable":true,"href":"https:\/\/desdropi.com\/elparque\/wp-json\/wp\/v2\/product_tag?post=219683"}],"curies":[{"name":"wp","href":"https:\/\/api.w.org\/{rel}","templated":true}]}}