{"id":219713,"date":"2024-04-20T12:17:19","date_gmt":"2024-04-20T10:17:19","guid":{"rendered":"https:\/\/desdropi.com\/elparque\/?post_type=product&#038;p=219713"},"modified":"2024-06-05T11:33:57","modified_gmt":"2024-06-05T09:33:57","slug":"portatil-lenovo-v15-i3-1215-8gb-256gb-ssd-156","status":"publish","type":"product","link":"https:\/\/desdropi.com\/elparque\/portatil-lenovo-v15-i3-1215-8gb-256gb-ssd-156\/","title":{"rendered":"PORTATIL LENOVO V15 I3 1215\/8GB\/256GB SSD\/ 15,6&#8243;"},"content":{"rendered":"<div class=\"descripcion-tab\">\n<div class=\"flex-1 overflow-hidden\">\n<div class=\"react-scroll-to-bottom--css-lwddp-79elbk h-full\">\n<div class=\"react-scroll-to-bottom--css-lwddp-1n7m0yu\">\n<div>\n<div class=\"flex flex-col text-sm pb-9\">\n<div class=\"w-full text-token-text-primary\" dir=\"auto\" data-testid=\"conversation-turn-65\">\n<div class=\"px-4 py-2 justify-center text-base md:gap-6 m-auto\">\n<div class=\"flex flex-1 text-base mx-auto gap-3 juice:gap-4 juice:md:gap-6 md:px-5 lg:px-1 xl:px-5 md:max-w-3xl lg:max-w-[40rem] xl:max-w-[48rem]\">\n<div class=\"relative flex w-full flex-col agent-turn\">\n<div class=\"flex-col gap-1 md:gap-3\">\n<div class=\"flex flex-grow flex-col max-w-full\">\n<div class=\"min-h-[20px] text-message flex flex-col items-start gap-3 whitespace-pre-wrap break-words [.text-message+&amp;]:mt-5 overflow-x-auto\" dir=\"auto\" data-message-author-role=\"assistant\" data-message-id=\"6e1850b6-667f-412a-ab09-0d701f5a3fa6\">\n<div class=\"markdown prose w-full break-words dark:prose-invert light\">\n<p><strong>Nombre del producto:<\/strong> Lenovo 82TT00KCSP<\/p>\n<p><strong>Marca:<\/strong> Lenovo<\/p>\n<p><strong>EAN:<\/strong> 197528652924<\/p>\n<p><strong>Procesador:<\/strong><\/p>\n<ul>\n<li>Fabricante de procesador: Intel<\/li>\n<li>Familia de procesador: Intel Core i3<\/li>\n<li>Modelo del procesador: i3-1215U<\/li>\n<li>N\u00famero de n\u00facleos de procesador: 6<\/li>\n<li>Frecuencia del procesador turbo: 4,4 GHz<\/li>\n<li>Frecuencia turbo m\u00e1xima del n\u00facleo de rendimiento: 4,4 GHz<\/li>\n<li>Frecuencia turbo m\u00e1xima del n\u00facleo de eficiencia: 3,3 GHz<\/li>\n<li>Tipo de cache en procesador: Smart Cache<\/li>\n<li>Cach\u00e9 del procesador: 10 MB<\/li>\n<li>Circuito integrado de tarjeta madre: Intel\u00ae SoC<\/li>\n<li>Generaci\u00f3n del procesador: Intel\u00ae Core\u2122 i3 de 12ma Generaci\u00f3n<\/li>\n<\/ul>\n<p><strong>Memoria:<\/strong><\/p>\n<ul>\n<li>Tipo de memoria interna: DDR4-SDRAM<\/li>\n<li>Velocidad de memoria del reloj: 3200 MHz<\/li>\n<li>Memoria interna m\u00e1xima: 16 GB<\/li>\n<li>Ranuras de memoria: 1x SO-DIMM<\/li>\n<li>Memoria RAM: 8 GB<\/li>\n<li>Forma de factor de memoria: Incorporado + SO-DIMM<\/li>\n<li>Canales de memoria: Doble canal<\/li>\n<\/ul>\n<p><strong>Exhibici\u00f3n:<\/strong><\/p>\n<ul>\n<li>Diagonal de la pantalla: 39,6 cm (15,6 pulgadas)<\/li>\n<li>Resoluci\u00f3n de la pantalla: 1920 x 1080 p\u00edxeles<\/li>\n<li>Pantalla t\u00e1ctil: No<\/li>\n<li>Tipo HD: Full HD<\/li>\n<li>Retroiluminaci\u00f3n LED: S\u00ed<\/li>\n<li>Pantalla antirreflectante: S\u00ed<\/li>\n<li>Brillo de pantalla: 250 nits<\/li>\n<li>Tipo de pantalla: TN<\/li>\n<li>Relaci\u00f3n de aspecto nativa: 16:9<\/li>\n<\/ul>\n<p><strong>Audio:<\/strong><\/p>\n<ul>\n<li>Chip de sonido: Realtek ALC3287<\/li>\n<li>N\u00famero de altavoces incorporados: 2<\/li>\n<li>Sistema de audio: Dolby Audio<\/li>\n<li>N\u00famero de micr\u00f3fonos: 2<\/li>\n<li>Potencia de altavoz: 1,5 W<\/li>\n<li>Micr\u00f3fono incorporado: S\u00ed<\/li>\n<\/ul>\n<p><strong>Puertos e Interfaces:<\/strong><\/p>\n<ul>\n<li>Ethernet LAN (RJ-45) cantidad de puertos: 1<\/li>\n<li>Combo de salida de auriculares \/ micr\u00f3fono del puerto: S\u00ed<\/li>\n<li>Puerto USB tipo C reversible: S\u00ed<\/li>\n<li>Cantidad de puertos USB 2.0: 1<\/li>\n<li>N\u00famero de puertos HDMI: 1<\/li>\n<li>Suministro de potencia USB: S\u00ed<\/li>\n<li>Cantidad de puertos tipo A USB 3.0 (3.1 Gen 1): 1<\/li>\n<li>Cantidad de puertos tipo C USB 3.0 (3.1 Gen 1): 1<\/li>\n<\/ul>\n<p><strong>Peso y dimensiones:<\/strong><\/p>\n<ul>\n<li>Profundidad: 236 mm<\/li>\n<li>Altura: 19,9 mm<\/li>\n<li>Peso: 1,7 kg<\/li>\n<li>Ancho: 359 mm<\/li>\n<\/ul>\n<p><strong>Control de energ\u00eda:<\/strong><\/p>\n<ul>\n<li>Potencia de adaptador AC: 65 W<\/li>\n<li>Frecuencia de adaptador AC: 50 &#8211; 60 Hz<\/li>\n<li>Voltaje de entrada de adaptador AC: 100 &#8211; 240 V<\/li>\n<\/ul>\n<p><strong>Condiciones ambientales:<\/strong><\/p>\n<ul>\n<li>Intervalo de humedad relativa para funcionamiento: 8 &#8211; 95%<\/li>\n<li>Intervalo de temperatura operativa: 5 &#8211; 35\u00b0C<\/li>\n<li>Intervalo de temperatura de almacenaje: 5 &#8211; 43\u00b0C<\/li>\n<li>Intervalo de humedad relativa durante almacenaje: 5 &#8211; 95%<\/li>\n<li>Altura m\u00e1xima de env\u00edo: 3048 m<\/li>\n<\/ul>\n<p><strong>Teclado:<\/strong><\/p>\n<ul>\n<li>Retroiluminaci\u00f3n de teclado: No<\/li>\n<li>Idioma del teclado: Espa\u00f1ol<\/li>\n<li>Dispositivo apuntador: Touchpad<\/li>\n<li>Teclado num\u00e9rico: S\u00ed<\/li>\n<\/ul>\n<p><strong>Medios de almacenaje:<\/strong><\/p>\n<ul>\n<li>NVMe: S\u00ed<\/li>\n<li>Tipo de Disco Duro: SSD<\/li>\n<li>Interfaces de disco de estado s\u00f3lido: PCI Express 4.0<\/li>\n<li>Capacidad Disco Duro: 256 GB<\/li>\n<li>N\u00famero de unidades SSD instalados: 1<\/li>\n<li>Disco de estado s\u00f3lido, capacidad: 256 GB<\/li>\n<li>Factor de forma de disco SSD: M.2<\/li>\n<li>Total SSDs capacity: 256 GB<\/li>\n<li>Tipo de unidad \u00f3ptica: No<\/li>\n<li>Tarjeta de lectura integrada: No<\/li>\n<\/ul>\n<p><strong>Seguridad:<\/strong><\/p>\n<ul>\n<li>M\u00f3dulo de plataforma confiable (TPM): S\u00ed<\/li>\n<li>Lector de huella digital: No<\/li>\n<li>Tipo de ranura de bloqueo del cable: Kensington<\/li>\n<li>Versi\u00f3n de Trusted Platform Module (TPM): 2.0<\/li>\n<li>Ranura para cable de seguridad: S\u00ed<\/li>\n<\/ul>\n<p><strong>Software:<\/strong><\/p>\n<ul>\n<li>Sistema operativo instalado: Windows 11 Home<\/li>\n<li>Software de prueba: Office<\/li>\n<li>Arquitectura del sistema operativo: 64 bits<\/li>\n<\/ul>\n<p><strong>C\u00e1mara fotogr\u00e1fica:<\/strong><\/p>\n<ul>\n<li>Resoluci\u00f3n de la c\u00e1mara delantera: 1280 x 720 p\u00edxeles<\/li>\n<li>C\u00e1mara frontal: S\u00ed<\/li>\n<li>C\u00e1mara con configuraci\u00f3n de privacidad: S\u00ed<\/li>\n<li>Tipo de privacidad: Tapa de obturador<\/li>\n<li>Tipo de c\u00e1mara frontal HD: HD<\/li>\n<\/ul>\n<p><strong>Bater\u00eda:<\/strong><\/p>\n<ul>\n<li>Capacidad de bater\u00eda: 38 Wh<\/li>\n<li>Tecnolog\u00eda de bater\u00eda: Pol\u00edmero de litio<\/li>\n<\/ul>\n<p><strong>Dise\u00f1o:<\/strong><\/p>\n<ul>\n<li>Material de la carcasa: Acrilonitrilo butadieno estireno (ABS), Policarbonato (PC)<\/li>\n<li>Nombre del color: Business Black<\/li>\n<li>Color del producto: Negro<\/li>\n<li>Tipo de producto: Port\u00e1til<\/li>\n<li>Factor de forma: Concha<\/li>\n<\/ul>\n<p><strong>Gr\u00e1ficos:<\/strong><\/p>\n<ul>\n<li>Modelo de tarjeta gr\u00e1fica: Intel\u00ae UHD Graphics<\/li>\n<li>Tarjeta gr\u00e1fica integrada: S\u00ed<\/li>\n<li>On-board graphics adapter family: Intel\u00ae UHD Graphics<\/li>\n<li>Fabricante de GPU (unidad de procesamiento gr\u00e1fico) integrada: Intel<\/li>\n<\/ul>\n<p><strong>Conexi\u00f3n:<\/strong><\/p>\n<ul>\n<li>Tipo de antena: 2&#215;2<\/li>\n<li>Ethernet: S\u00ed<\/li>\n<li>Est\u00e1ndar Wi-Fi: Wi-Fi 5 (802.11ac)<\/li>\n<li>Bluetooth: S\u00ed<\/li>\n<li>Versi\u00f3n de Bluetooth: 5.1<\/li>\n<li>WWAN: Sin instalar<\/li>\n<li>Conexi\u00f3n a red m\u00f3vil: No<\/li>\n<\/ul>\n<p><strong>Sostenibilidad:<\/strong><\/p>\n<ul>\n<li>Certificados de sostenibilidad: ENERGY STAR, EPEAT Silver, RoHS<\/li>\n<\/ul>\n<\/div>\n<\/div>\n<\/div>\n<div class=\"mt-1 flex gap-3 empty:hidden\">\n<div class=\"text-gray-400 flex self-end lg:self-center items-center justify-center lg:justify-start mt-0 -ml-1 h-7 gap-[2px] visible\">\n<p>&nbsp;<\/p>\n<div class=\"flex items-center gap-1.5 text-xs\"><\/div>\n<div class=\"flex\"><\/div>\n<\/div>\n<\/div>\n<div class=\"pr-2 lg:pr-0\"><\/div>\n<\/div>\n<div class=\"absolute\">\n<div class=\"flex w-full gap-2 items-center justify-center\"><\/div>\n<\/div>\n<\/div>\n<\/div>\n<\/div>\n<\/div>\n<\/div>\n<\/div>\n<\/div>\n<\/div>\n<\/div>\n<div class=\"w-full pt-2 md:pt-0 dark:border-white\/20 md:border-transparent md:dark:border-transparent md:w-[calc(100%-.5rem)]\">\n<form class=\"stretch mx-2 flex flex-row gap-3 last:mb-2 md:mx-4 md:last:mb-6 lg:mx-auto lg:max-w-2xl xl:max-w-3xl\">\n<div class=\"relative flex h-full flex-1 flex-col\">\n<div class=\"absolute bottom-full left-0 right-0\"><\/div>\n<div class=\"flex w-full items-center\"><\/div>\n<\/div>\n<\/form>\n<\/div>\n<\/div>\n","protected":false},"excerpt":{"rendered":"<p><span style=\"color: #ff0000;\"><strong>\u00a1ENV\u00cdO GRATIS!<\/strong><\/span><\/p>\n","protected":false},"featured_media":219704,"comment_status":"open","ping_status":"closed","template":"","meta":{"_joinchat":[]},"product_cat":[6536,6555,6556],"product_tag":[],"class_list":{"0":"post-219713","1":"product","2":"type-product","3":"status-publish","4":"has-post-thumbnail","6":"product_cat-informatica-y-ocio","7":"product_cat-ordenadores-informatica-y-gaming","8":"product_cat-portatiles-ordenadores-informatica-y-gaming","10":"first","11":"instock","12":"taxable","13":"shipping-taxable","14":"purchasable","15":"product-type-simple"},"_links":{"self":[{"href":"https:\/\/desdropi.com\/elparque\/wp-json\/wp\/v2\/product\/219713"}],"collection":[{"href":"https:\/\/desdropi.com\/elparque\/wp-json\/wp\/v2\/product"}],"about":[{"href":"https:\/\/desdropi.com\/elparque\/wp-json\/wp\/v2\/types\/product"}],"replies":[{"embeddable":true,"href":"https:\/\/desdropi.com\/elparque\/wp-json\/wp\/v2\/comments?post=219713"}],"version-history":[{"count":0,"href":"https:\/\/desdropi.com\/elparque\/wp-json\/wp\/v2\/product\/219713\/revisions"}],"wp:featuredmedia":[{"embeddable":true,"href":"https:\/\/desdropi.com\/elparque\/wp-json\/wp\/v2\/media\/219704"}],"wp:attachment":[{"href":"https:\/\/desdropi.com\/elparque\/wp-json\/wp\/v2\/media?parent=219713"}],"wp:term":[{"taxonomy":"product_cat","embeddable":true,"href":"https:\/\/desdropi.com\/elparque\/wp-json\/wp\/v2\/product_cat?post=219713"},{"taxonomy":"product_tag","embeddable":true,"href":"https:\/\/desdropi.com\/elparque\/wp-json\/wp\/v2\/product_tag?post=219713"}],"curies":[{"name":"wp","href":"https:\/\/api.w.org\/{rel}","templated":true}]}}