{"id":219719,"date":"2024-04-20T12:22:24","date_gmt":"2024-04-20T10:22:24","guid":{"rendered":"https:\/\/desdropi.com\/elparque\/?post_type=product&#038;p=219719"},"modified":"2024-05-17T13:03:59","modified_gmt":"2024-05-17T11:03:59","slug":"portatil-denver-celeron-n4000-4-64256-14-w10-w11","status":"publish","type":"product","link":"https:\/\/desdropi.com\/elparque\/portatil-denver-celeron-n4000-4-64256-14-w10-w11\/","title":{"rendered":"PORTATIL DENVER CELERON N4000 4\/64+256 14&#8243; W10\/W11"},"content":{"rendered":"<div class=\"descripcion-tab\">\n<strong>Nombre del producto:<\/strong> Denver NBD-14115SSDES<strong>Marca:<\/strong> Denver<\/p>\n<p><strong>EAN:<\/strong> 5706751054389<\/p>\n<p><strong>Procesador:<\/strong><\/p>\n<ul>\n<li>Fabricante de procesador: Intel<\/li>\n<li>Modelo del procesador: N4020<\/li>\n<li>Familia de procesador: Celeron<\/li>\n<li>N\u00famero de n\u00facleos de procesador: 2<\/li>\n<li>Frecuencia del procesador: 1,1 GHz<\/li>\n<li>Frecuencia del procesador turbo: 2,8 GHz<\/li>\n<li>Cach\u00e9 del procesador: 4 MB<\/li>\n<\/ul>\n<p><strong>Memoria:<\/strong><\/p>\n<ul>\n<li>Memoria RAM: 4 GB<\/li>\n<li>Tipo de memoria interna: DDR3-SDRAM<\/li>\n<\/ul>\n<p><strong>Exhibici\u00f3n:<\/strong><\/p>\n<ul>\n<li>Diagonal de la pantalla: 35,6 cm<\/li>\n<li>Resoluci\u00f3n de la pantalla: 1366 x 768 p\u00edxeles<\/li>\n<li>Tipo HD: XGA<\/li>\n<\/ul>\n<p><strong>Puertos e Interfaces:<\/strong><\/p>\n<ul>\n<li>Cantidad de puertos USB 2.0: 1<\/li>\n<li>Cantidad de puertos tipo A USB 3.0 (3.1 Gen 1): 1<\/li>\n<li>Cantidad de puertos Mini HDMI: 1<\/li>\n<li>Salidas para auriculares: 1<\/li>\n<\/ul>\n<p><strong>Peso y dimensiones:<\/strong><\/p>\n<ul>\n<li>Peso: 1,69 kg<\/li>\n<li>Ancho: 330 mm<\/li>\n<li>Profundidad: 288 mm<\/li>\n<li>Altura: 25 mm<\/li>\n<\/ul>\n<p><strong>Control de energ\u00eda:<\/strong><\/p>\n<ul>\n<li>Potencia de adaptador AC: 12 W<\/li>\n<\/ul>\n<p><strong>Teclado:<\/strong><\/p>\n<ul>\n<li>Teclado num\u00e9rico: S\u00ed<\/li>\n<li>Idioma del teclado: Espa\u00f1ol<\/li>\n<\/ul>\n<p><strong>Medios de almacenaje:<\/strong><\/p>\n<ul>\n<li>Tipo de Disco Duro: SSD<\/li>\n<li>Capacidad Disco Duro: 256 GB<\/li>\n<li>Total SSDs capacity: 256 GB<\/li>\n<li>Disco de estado s\u00f3lido, capacidad: 256 GB<\/li>\n<li>Factor de forma de disco SSD: M.2<\/li>\n<li>Memoria flash: 64 GB<\/li>\n<li>Tarjeta de lectura integrada: S\u00ed<\/li>\n<li>Tarjetas de memoria compatibles: MicroSD (TransFlash)<\/li>\n<\/ul>\n<p><strong>Software:<\/strong><\/p>\n<ul>\n<li>Sistema operativo instalado: Windows 10 Home<\/li>\n<\/ul>\n<p><strong>C\u00e1mara fotogr\u00e1fica:<\/strong><\/p>\n<ul>\n<li>C\u00e1mara frontal: S\u00ed<\/li>\n<li>Resoluci\u00f3n de la c\u00e1mara frontal: 0,3 MP<\/li>\n<\/ul>\n<p><strong>Bater\u00eda:<\/strong><\/p>\n<ul>\n<li>Tecnolog\u00eda de bater\u00eda: I\u00f3n de litio<\/li>\n<li>Capacidad de bater\u00eda: 5000 mAh<\/li>\n<\/ul>\n<p><strong>Dise\u00f1o:<\/strong><\/p>\n<ul>\n<li>Tipo de producto: Port\u00e1til<\/li>\n<li>Color del producto: Plata<\/li>\n<li>Factor de forma: Concha<\/li>\n<\/ul>\n<p><strong>Gr\u00e1ficos:<\/strong><\/p>\n<ul>\n<li>Tarjeta gr\u00e1fica integrada: S\u00ed<\/li>\n<li>Modelo de tarjeta gr\u00e1fica: Intel\u00ae UHD Graphics 600<\/li>\n<\/ul>\n<p><strong>Caracter\u00edsticas especiales del procesador:<\/strong><\/p>\n<ul>\n<li>Tecnolog\u00eda SpeedStep mejorada de Intel: S\u00ed<\/li>\n<li>Execute Disable Bit: S\u00ed<\/li>\n<li>Estados de inactividad: S\u00ed<\/li>\n<li>Configuraci\u00f3n de CPU (m\u00e1ximo): 1<\/li>\n<li>VT-x de Intel\u00ae con Extended Page Tables (EPT): S\u00ed<\/li>\n<li>Intel\u00ae 64: S\u00ed<\/li>\n<li>Tecnolog\u00eda de virtualizaci\u00f3n de Intel\u00ae para E\/S dirigida (VT-d): S\u00ed<\/li>\n<li>Extensiones de protecci\u00f3n de software Intel\u00ae (Intel\u00ae SGX): S\u00ed<\/li>\n<li>Tecnolog\u00eda de virtualizaci\u00f3n Intel\u00ae (VT-x): S\u00ed<\/li>\n<\/ul>\n<p><strong>Conexi\u00f3n:<\/strong><\/p>\n<ul>\n<li>Est\u00e1ndar Wi-Fi: Wi-Fi 4 (802.11n)<\/li>\n<li>Wi-Fi est\u00e1ndares: 802.11b, 802.11g, Wi-Fi 4 (802.11n)<\/li>\n<li>Wi-Fi velocidad de transferencia de datos (m\u00e1x): 150 Mbps<\/li>\n<li>Bluetooth: S\u00ed<\/li>\n<li>Versi\u00f3n de Bluetooth: 4.0<\/li>\n<\/ul>\n<\/div>\n","protected":false},"excerpt":{"rendered":"<p><span style=\"color: #ff0000;\"><strong>\u00a1ENV\u00cdO GRATIS!<\/strong><\/span><\/p>\n","protected":false},"featured_media":219720,"comment_status":"open","ping_status":"closed","template":"","meta":{"_joinchat":[]},"product_cat":[6536,6555,6556],"product_tag":[],"class_list":{"0":"post-219719","1":"product","2":"type-product","3":"status-publish","4":"has-post-thumbnail","6":"product_cat-informatica-y-ocio","7":"product_cat-ordenadores-informatica-y-gaming","8":"product_cat-portatiles-ordenadores-informatica-y-gaming","10":"first","11":"instock","12":"sale","13":"taxable","14":"shipping-taxable","15":"purchasable","16":"product-type-simple"},"_links":{"self":[{"href":"https:\/\/desdropi.com\/elparque\/wp-json\/wp\/v2\/product\/219719"}],"collection":[{"href":"https:\/\/desdropi.com\/elparque\/wp-json\/wp\/v2\/product"}],"about":[{"href":"https:\/\/desdropi.com\/elparque\/wp-json\/wp\/v2\/types\/product"}],"replies":[{"embeddable":true,"href":"https:\/\/desdropi.com\/elparque\/wp-json\/wp\/v2\/comments?post=219719"}],"version-history":[{"count":0,"href":"https:\/\/desdropi.com\/elparque\/wp-json\/wp\/v2\/product\/219719\/revisions"}],"wp:featuredmedia":[{"embeddable":true,"href":"https:\/\/desdropi.com\/elparque\/wp-json\/wp\/v2\/media\/219720"}],"wp:attachment":[{"href":"https:\/\/desdropi.com\/elparque\/wp-json\/wp\/v2\/media?parent=219719"}],"wp:term":[{"taxonomy":"product_cat","embeddable":true,"href":"https:\/\/desdropi.com\/elparque\/wp-json\/wp\/v2\/product_cat?post=219719"},{"taxonomy":"product_tag","embeddable":true,"href":"https:\/\/desdropi.com\/elparque\/wp-json\/wp\/v2\/product_tag?post=219719"}],"curies":[{"name":"wp","href":"https:\/\/api.w.org\/{rel}","templated":true}]}}