{"id":219753,"date":"2024-04-22T12:21:28","date_gmt":"2024-04-22T10:21:28","guid":{"rendered":"https:\/\/desdropi.com\/elparque\/?post_type=product&#038;p=219753"},"modified":"2024-05-18T11:34:35","modified_gmt":"2024-05-18T09:34:35","slug":"tecladoraton-ozone-doble-tap-es-gaming","status":"publish","type":"product","link":"https:\/\/desdropi.com\/elparque\/tecladoraton-ozone-doble-tap-es-gaming\/","title":{"rendered":"TECLADO+RATON OZONE DOBLE TAP ES GAMING"},"content":{"rendered":"<div class=\"descripcion-tab\">\n<ul>\n<li><strong>Nombre del producto<\/strong>: OZONE OZDOUBLETAPSP<\/li>\n<li><strong>Marca<\/strong>: OZONE<\/li>\n<li><strong>Modelo<\/strong>: OZDOUBLETAPSP<\/li>\n<li><strong>EAN<\/strong>: 8436532168833<\/li>\n<li><strong>Peso y dimensiones<\/strong>:\n<ul>\n<li>Dimensiones de teclado: 473 x 168 x 39 mm<\/li>\n<li>Peso del teclado: 860 g<\/li>\n<li>Peso del rat\u00f3n: 128 g<\/li>\n<li>Dimensiones del rat\u00f3n: 125 x 68 x 40 mm<\/li>\n<\/ul>\n<\/li>\n<li><strong>Control de energ\u00eda<\/strong>:\n<ul>\n<li>Alimentaci\u00f3n: USB<\/li>\n<\/ul>\n<\/li>\n<li><strong>Teclado<\/strong>:\n<ul>\n<li>Interfaz del dispositivo: USB<\/li>\n<li>Uso recomendado: Juego<\/li>\n<li>Interruptor del teclado: Switch de tecla semimec\u00e1nico<\/li>\n<li>Idioma del teclado: Espa\u00f1ol<\/li>\n<li>Cantidad de teclas: 105<\/li>\n<li>Tecnolog\u00eda de conectividad: Al\u00e1mbrico<\/li>\n<li>Utilizar con: PC\/servidor<\/li>\n<li>Formato del teclado: Completo (100%)<\/li>\n<li>Dispositivo apuntador: No<\/li>\n<li>Concentrador USB: No<\/li>\n<li>Lector de huella digital: No<\/li>\n<li>Teclas de Windows: S\u00ed<\/li>\n<li>Teclas multimedia: S\u00ed<\/li>\n<li>Teclado num\u00e9rico: S\u00ed<\/li>\n<\/ul>\n<\/li>\n<li><strong>Empaquetado<\/strong>:\n<ul>\n<li>N\u00famero de productos incluidos: 2<\/li>\n<li>Tipo de embalaje: Caja<\/li>\n<\/ul>\n<\/li>\n<li><strong>Dise\u00f1o<\/strong>:\n<ul>\n<li>Retroiluminaci\u00f3n: S\u00ed<\/li>\n<li>Tipo de retroiluminaci\u00f3n: LED<\/li>\n<li>Color de luz de fondo: Multi<\/li>\n<li>Estilo de teclado: Derecho<\/li>\n<li>Contactos del conector chapado: Oro<\/li>\n<li>Indicadores LED: S\u00ed<\/li>\n<li>Coloraci\u00f3n de superficie: Monocromo<\/li>\n<li>Descansa mu\u00f1ecas: No<\/li>\n<li>Color del producto: Negro<\/li>\n<\/ul>\n<\/li>\n<li><strong>Rat\u00f3n<\/strong>:\n<ul>\n<li>Rat\u00f3n incluido: S\u00ed<\/li>\n<li>Factor de forma: Mano derecha<\/li>\n<li>Tecnolog\u00eda de detecci\u00f3n de movimientos: \u00d3ptico<\/li>\n<li>Resoluci\u00f3n de movimiento: 4000<\/li>\n<li>Personalizable resoluci\u00f3n de movimiento: S\u00ed<\/li>\n<li>N\u00famero de modos de resoluci\u00f3n de movimiento: 6<\/li>\n<li>Cantidad de botones: 7<\/li>\n<li>Rueda de desplazamiento: S\u00ed<\/li>\n<li>Tipo de desplazamiento: Rueda<\/li>\n<li>Iluminaci\u00f3n de color: Multi<\/li>\n<li>Tipo de botones: Botones presionados<\/li>\n<li>Direcciones de desplazamiento: Vertical<\/li>\n<li>N\u00famero de ruedas de desplazamiento: 1<\/li>\n<li>Funciones de los botones: Atr\u00e1s, Interruptor DPI, Adelante<\/li>\n<\/ul>\n<\/li>\n<li><strong>Caracter\u00edsticas<\/strong>:\n<ul>\n<li>Conectar y usar (Plug and Play): S\u00ed<\/li>\n<li>Longitud de cable: 1,8 m<\/li>\n<li>Antifantasma: S\u00ed<\/li>\n<\/ul>\n<\/li>\n<\/ul>\n<\/div>\n","protected":false},"excerpt":{"rendered":"<p>Nombre del producto: OZONE OZDOUBLETAPSP Marca: OZONE Modelo: OZDOUBLETAPSP EAN: 8436532168833 Peso y dimensiones: Dimensiones de teclado: 473 x 168<\/p>\n","protected":false},"featured_media":219754,"comment_status":"open","ping_status":"closed","template":"","meta":{"_joinchat":[]},"product_cat":[6536,6562,6981],"product_tag":[],"class_list":{"0":"post-219753","1":"product","2":"type-product","3":"status-publish","4":"has-post-thumbnail","6":"product_cat-informatica-y-ocio","7":"product_cat-gaming-informatica-y-gaming","8":"product_cat-teclados-gaming-informatica-y-gaming","10":"first","11":"instock","12":"taxable","13":"shipping-taxable","14":"purchasable","15":"product-type-simple"},"_links":{"self":[{"href":"https:\/\/desdropi.com\/elparque\/wp-json\/wp\/v2\/product\/219753"}],"collection":[{"href":"https:\/\/desdropi.com\/elparque\/wp-json\/wp\/v2\/product"}],"about":[{"href":"https:\/\/desdropi.com\/elparque\/wp-json\/wp\/v2\/types\/product"}],"replies":[{"embeddable":true,"href":"https:\/\/desdropi.com\/elparque\/wp-json\/wp\/v2\/comments?post=219753"}],"version-history":[{"count":0,"href":"https:\/\/desdropi.com\/elparque\/wp-json\/wp\/v2\/product\/219753\/revisions"}],"wp:featuredmedia":[{"embeddable":true,"href":"https:\/\/desdropi.com\/elparque\/wp-json\/wp\/v2\/media\/219754"}],"wp:attachment":[{"href":"https:\/\/desdropi.com\/elparque\/wp-json\/wp\/v2\/media?parent=219753"}],"wp:term":[{"taxonomy":"product_cat","embeddable":true,"href":"https:\/\/desdropi.com\/elparque\/wp-json\/wp\/v2\/product_cat?post=219753"},{"taxonomy":"product_tag","embeddable":true,"href":"https:\/\/desdropi.com\/elparque\/wp-json\/wp\/v2\/product_tag?post=219753"}],"curies":[{"name":"wp","href":"https:\/\/api.w.org\/{rel}","templated":true}]}}