{"id":219759,"date":"2024-04-22T12:49:25","date_gmt":"2024-04-22T10:49:25","guid":{"rendered":"https:\/\/desdropi.com\/elparque\/?post_type=product&#038;p=219759"},"modified":"2024-05-18T11:35:18","modified_gmt":"2024-05-18T09:35:18","slug":"tecladoraton-logitech-mk220-cordless-usb","status":"publish","type":"product","link":"https:\/\/desdropi.com\/elparque\/tecladoraton-logitech-mk220-cordless-usb\/","title":{"rendered":"TECLADO+RATON LOGITECH MK220 CORDLESS USB"},"content":{"rendered":"<div class=\"descripcion-tab\">\n<ul>\n<li><strong>Nombre del producto<\/strong>: LOGITECH 920-003159<\/li>\n<li><strong>Marca<\/strong>: LOGITECH<\/li>\n<li><strong>Modelo<\/strong>: 920-003159<\/li>\n<li><strong>EAN<\/strong>: 5099206029835<\/li>\n<li><strong>Teclado<\/strong>:\n<ul>\n<li>Idioma del teclado: Espa\u00f1ol<\/li>\n<li>Tecnolog\u00eda de conectividad: Inal\u00e1mbrico<\/li>\n<li>Utilizar con: Universal<\/li>\n<li>Dispositivo apuntador: No<\/li>\n<li>Concentrador USB: No<\/li>\n<li>Lector de huella digital: No<\/li>\n<li>Teclado num\u00e9rico: S\u00ed<\/li>\n<li>Descansa mu\u00f1ecas: No<\/li>\n<\/ul>\n<\/li>\n<li><strong>Rat\u00f3n<\/strong>:\n<ul>\n<li>Rat\u00f3n incluido: S\u00ed<\/li>\n<\/ul>\n<\/li>\n<\/ul>\n<\/div>\n","protected":false},"excerpt":{"rendered":"<p>Nombre del producto: LOGITECH 920-003159 Marca: LOGITECH Modelo: 920-003159 EAN: 5099206029835 Teclado: Idioma del teclado: Espa\u00f1ol Tecnolog\u00eda de conectividad: Inal\u00e1mbrico<\/p>\n","protected":false},"featured_media":219760,"comment_status":"open","ping_status":"closed","template":"","meta":{"_joinchat":[]},"product_cat":[6536,6555,6978],"product_tag":[],"class_list":{"0":"post-219759","1":"product","2":"type-product","3":"status-publish","4":"has-post-thumbnail","6":"product_cat-informatica-y-ocio","7":"product_cat-ordenadores-informatica-y-gaming","8":"product_cat-teclados","10":"first","11":"instock","12":"taxable","13":"shipping-taxable","14":"purchasable","15":"product-type-simple"},"_links":{"self":[{"href":"https:\/\/desdropi.com\/elparque\/wp-json\/wp\/v2\/product\/219759"}],"collection":[{"href":"https:\/\/desdropi.com\/elparque\/wp-json\/wp\/v2\/product"}],"about":[{"href":"https:\/\/desdropi.com\/elparque\/wp-json\/wp\/v2\/types\/product"}],"replies":[{"embeddable":true,"href":"https:\/\/desdropi.com\/elparque\/wp-json\/wp\/v2\/comments?post=219759"}],"version-history":[{"count":0,"href":"https:\/\/desdropi.com\/elparque\/wp-json\/wp\/v2\/product\/219759\/revisions"}],"wp:featuredmedia":[{"embeddable":true,"href":"https:\/\/desdropi.com\/elparque\/wp-json\/wp\/v2\/media\/219760"}],"wp:attachment":[{"href":"https:\/\/desdropi.com\/elparque\/wp-json\/wp\/v2\/media?parent=219759"}],"wp:term":[{"taxonomy":"product_cat","embeddable":true,"href":"https:\/\/desdropi.com\/elparque\/wp-json\/wp\/v2\/product_cat?post=219759"},{"taxonomy":"product_tag","embeddable":true,"href":"https:\/\/desdropi.com\/elparque\/wp-json\/wp\/v2\/product_tag?post=219759"}],"curies":[{"name":"wp","href":"https:\/\/api.w.org\/{rel}","templated":true}]}}