{"id":219764,"date":"2024-04-22T12:54:15","date_gmt":"2024-04-22T10:54:15","guid":{"rendered":"https:\/\/desdropi.com\/elparque\/?post_type=product&#038;p=219764"},"modified":"2024-05-18T11:36:01","modified_gmt":"2024-05-18T09:36:01","slug":"tecladoraton-hama-69182664-wireles-cortino","status":"publish","type":"product","link":"https:\/\/desdropi.com\/elparque\/tecladoraton-hama-69182664-wireles-cortino\/","title":{"rendered":"TECLADO+RATON HAMA 69182664 WIRELES &#8220;CORTINO&#8221;"},"content":{"rendered":"<div class=\"descrpcion-tab\">\n<ul>\n<li><strong>Nombre del producto<\/strong>: HAMA 69182664<\/li>\n<li><strong>Marca<\/strong>: HAMA<\/li>\n<li><strong>Modelo<\/strong>: 69182664<\/li>\n<li><strong>EAN<\/strong>: 4047443384959<\/li>\n<li><strong>Requisitos del sistema<\/strong>:\n<ul>\n<li>Sistema operativo Windows soportado: S\u00ed<\/li>\n<\/ul>\n<\/li>\n<li><strong>Control de energ\u00eda<\/strong>:\n<ul>\n<li>Alimentaci\u00f3n: USB tipo A<\/li>\n<\/ul>\n<\/li>\n<li><strong>Teclado<\/strong>:\n<ul>\n<li>Interfaz del dispositivo: USB<\/li>\n<li>Uso recomendado: Universal<\/li>\n<li>Tecnolog\u00eda de conectividad: Inal\u00e1mbrico<\/li>\n<li>Utilizar con: Universal<\/li>\n<li>Formato del teclado: Est\u00e1ndar<\/li>\n<li>Estilo de teclado: Derecho<\/li>\n<li>Descansa mu\u00f1ecas: No<\/li>\n<li>Teclado num\u00e9rico: S\u00ed<\/li>\n<li>Cantidad de teclas: 105<\/li>\n<li>Teclado de tama\u00f1o completo: S\u00ed<\/li>\n<\/ul>\n<\/li>\n<li><strong>Contenido del embalaje<\/strong>:\n<ul>\n<li>Manual de usuario: S\u00ed<\/li>\n<\/ul>\n<\/li>\n<li><strong>Ergonom\u00eda<\/strong>:\n<ul>\n<li>Conectar y usar (Plug and Play): S\u00ed<\/li>\n<\/ul>\n<\/li>\n<li><strong>Dise\u00f1o<\/strong>:\n<ul>\n<li>Color del producto: Negro<\/li>\n<li>Retroiluminaci\u00f3n: No<\/li>\n<li>Coloraci\u00f3n de superficie: Mon\u00f3tono<\/li>\n<\/ul>\n<\/li>\n<li><strong>Rat\u00f3n<\/strong>:\n<ul>\n<li>Rat\u00f3n incluido: S\u00ed<\/li>\n<li>Tecnolog\u00eda de detecci\u00f3n de movimientos: \u00d3ptico<\/li>\n<li>N\u00famero de ruedas de desplazamiento: 1<\/li>\n<li>Cantidad de botones: 3<\/li>\n<li>Personalizable resoluci\u00f3n de movimiento: S\u00ed<\/li>\n<\/ul>\n<\/li>\n<\/ul>\n<\/div>\n","protected":false},"excerpt":{"rendered":"<p>Nombre del producto: HAMA 69182664 Marca: HAMA Modelo: 69182664 EAN: 4047443384959 Requisitos del sistema: Sistema operativo Windows soportado: S\u00ed Control<\/p>\n","protected":false},"featured_media":219765,"comment_status":"open","ping_status":"closed","template":"","meta":{"_joinchat":[]},"product_cat":[6536,6555,6978],"product_tag":[],"class_list":{"0":"post-219764","1":"product","2":"type-product","3":"status-publish","4":"has-post-thumbnail","6":"product_cat-informatica-y-ocio","7":"product_cat-ordenadores-informatica-y-gaming","8":"product_cat-teclados","10":"first","11":"instock","12":"taxable","13":"shipping-taxable","14":"purchasable","15":"product-type-simple"},"_links":{"self":[{"href":"https:\/\/desdropi.com\/elparque\/wp-json\/wp\/v2\/product\/219764"}],"collection":[{"href":"https:\/\/desdropi.com\/elparque\/wp-json\/wp\/v2\/product"}],"about":[{"href":"https:\/\/desdropi.com\/elparque\/wp-json\/wp\/v2\/types\/product"}],"replies":[{"embeddable":true,"href":"https:\/\/desdropi.com\/elparque\/wp-json\/wp\/v2\/comments?post=219764"}],"version-history":[{"count":0,"href":"https:\/\/desdropi.com\/elparque\/wp-json\/wp\/v2\/product\/219764\/revisions"}],"wp:featuredmedia":[{"embeddable":true,"href":"https:\/\/desdropi.com\/elparque\/wp-json\/wp\/v2\/media\/219765"}],"wp:attachment":[{"href":"https:\/\/desdropi.com\/elparque\/wp-json\/wp\/v2\/media?parent=219764"}],"wp:term":[{"taxonomy":"product_cat","embeddable":true,"href":"https:\/\/desdropi.com\/elparque\/wp-json\/wp\/v2\/product_cat?post=219764"},{"taxonomy":"product_tag","embeddable":true,"href":"https:\/\/desdropi.com\/elparque\/wp-json\/wp\/v2\/product_tag?post=219764"}],"curies":[{"name":"wp","href":"https:\/\/api.w.org\/{rel}","templated":true}]}}