{"id":219770,"date":"2024-04-22T12:59:45","date_gmt":"2024-04-22T10:59:45","guid":{"rendered":"https:\/\/desdropi.com\/elparque\/?post_type=product&#038;p=219770"},"modified":"2024-05-18T11:36:48","modified_gmt":"2024-05-18T09:36:48","slug":"tecladoraton-logitech-mk330-wireless-usb","status":"publish","type":"product","link":"https:\/\/desdropi.com\/elparque\/tecladoraton-logitech-mk330-wireless-usb\/","title":{"rendered":"TECLADO+RATON LOGITECH MK330 WIRELESS USB"},"content":{"rendered":"<div class=\"descripcion-tab\">\n<ul>\n<li><strong>Nombre del producto<\/strong>: LOGITECH 920-003978<\/li>\n<li><strong>Marca<\/strong>: LOGITECH<\/li>\n<li><strong>Modelo<\/strong>: 920-003978<\/li>\n<li><strong>EAN<\/strong>: 5099206033542<\/li>\n<li><strong>Peso y dimensiones<\/strong>:\n<ul>\n<li>Dimensiones de teclado: 425 x 180 x 22 mm<\/li>\n<li>Peso del teclado: 570 g<\/li>\n<li>Dimensiones del rat\u00f3n: 59 x 100 x 37,5 mm<\/li>\n<li>Peso del rat\u00f3n: 76 g<\/li>\n<li>Dimensiones del receptor: 14 x 19 x 6 mm<\/li>\n<li>Peso del receptor: 2 g<\/li>\n<\/ul>\n<\/li>\n<li><strong>Control de energ\u00eda<\/strong>:\n<ul>\n<li>Alimentaci\u00f3n: Bater\u00eda<\/li>\n<li>Tipo de bater\u00eda (teclado): AA (x2)<\/li>\n<li>Tipo de bater\u00eda (rat\u00f3n): AA (x1)<\/li>\n<\/ul>\n<\/li>\n<li><strong>Teclado<\/strong>:\n<ul>\n<li>Interfaz del dispositivo: RF inal\u00e1mbrico<\/li>\n<li>Utilizar con: PC\/servidor<\/li>\n<li>Uso recomendado: Oficina<\/li>\n<li>Formato del teclado: Est\u00e1ndar<\/li>\n<li>Estilo de teclado: Derecho<\/li>\n<li>Dise\u00f1o de teclado: QWERTY<\/li>\n<li>Descansa mu\u00f1ecas: No<\/li>\n<li>Idioma del teclado: Espa\u00f1ol<\/li>\n<li>Frecuencia de banda: 2.4 GHz<\/li>\n<li>Tecnolog\u00eda de conectividad: Inal\u00e1mbrico<\/li>\n<li>Teclado num\u00e9rico: S\u00ed<\/li>\n<\/ul>\n<\/li>\n<li><strong>Empaquetado<\/strong>:\n<ul>\n<li>Receptor incluido: S\u00ed<\/li>\n<li>Pilas incluidas: S\u00ed<\/li>\n<li>Interfaz de receptor inal\u00e1mbrico: USB<\/li>\n<li>Receptor unificador: S\u00ed<\/li>\n<li>N\u00famero de productos incluidos: 1<\/li>\n<li>Tipo de receptor: Unifying receiver<\/li>\n<\/ul>\n<\/li>\n<li><strong>Ergonom\u00eda<\/strong>:\n<ul>\n<li>Alcance inal\u00e1mbrico: 10 m<\/li>\n<\/ul>\n<\/li>\n<li><strong>Dise\u00f1o<\/strong>:\n<ul>\n<li>Color del producto: Negro, Gris<\/li>\n<li>Retroiluminaci\u00f3n: No<\/li>\n<li>Estilo de teclado: Derecho<\/li>\n<li>Descansa mu\u00f1ecas: No<\/li>\n<\/ul>\n<\/li>\n<li><strong>Rat\u00f3n<\/strong>:\n<ul>\n<li>Rat\u00f3n incluido: S\u00ed<\/li>\n<li>Rueda de desplazamiento: S\u00ed<\/li>\n<li>Tipo de desplazamiento: Rueda<\/li>\n<li>Resoluci\u00f3n de movimiento: 1000 DPI<\/li>\n<li>Tecnolog\u00eda de detecci\u00f3n de movimientos: \u00d3ptico<\/li>\n<li>N\u00famero de pilas (rat\u00f3n): 1<\/li>\n<\/ul>\n<\/li>\n<\/ul>\n<\/div>\n","protected":false},"excerpt":{"rendered":"<p>Nombre del producto: LOGITECH 920-003978 Marca: LOGITECH Modelo: 920-003978 EAN: 5099206033542 Peso y dimensiones: Dimensiones de teclado: 425 x 180<\/p>\n","protected":false},"featured_media":219771,"comment_status":"open","ping_status":"closed","template":"","meta":{"_joinchat":[]},"product_cat":[6536,6555,6978],"product_tag":[],"class_list":{"0":"post-219770","1":"product","2":"type-product","3":"status-publish","4":"has-post-thumbnail","6":"product_cat-informatica-y-ocio","7":"product_cat-ordenadores-informatica-y-gaming","8":"product_cat-teclados","10":"first","11":"instock","12":"taxable","13":"shipping-taxable","14":"purchasable","15":"product-type-simple"},"_links":{"self":[{"href":"https:\/\/desdropi.com\/elparque\/wp-json\/wp\/v2\/product\/219770"}],"collection":[{"href":"https:\/\/desdropi.com\/elparque\/wp-json\/wp\/v2\/product"}],"about":[{"href":"https:\/\/desdropi.com\/elparque\/wp-json\/wp\/v2\/types\/product"}],"replies":[{"embeddable":true,"href":"https:\/\/desdropi.com\/elparque\/wp-json\/wp\/v2\/comments?post=219770"}],"version-history":[{"count":0,"href":"https:\/\/desdropi.com\/elparque\/wp-json\/wp\/v2\/product\/219770\/revisions"}],"wp:featuredmedia":[{"embeddable":true,"href":"https:\/\/desdropi.com\/elparque\/wp-json\/wp\/v2\/media\/219771"}],"wp:attachment":[{"href":"https:\/\/desdropi.com\/elparque\/wp-json\/wp\/v2\/media?parent=219770"}],"wp:term":[{"taxonomy":"product_cat","embeddable":true,"href":"https:\/\/desdropi.com\/elparque\/wp-json\/wp\/v2\/product_cat?post=219770"},{"taxonomy":"product_tag","embeddable":true,"href":"https:\/\/desdropi.com\/elparque\/wp-json\/wp\/v2\/product_tag?post=219770"}],"curies":[{"name":"wp","href":"https:\/\/api.w.org\/{rel}","templated":true}]}}