{"id":219780,"date":"2024-04-22T13:07:45","date_gmt":"2024-04-22T11:07:45","guid":{"rendered":"https:\/\/desdropi.com\/elparque\/?post_type=product&#038;p=219780"},"modified":"2024-05-18T11:39:31","modified_gmt":"2024-05-18T09:39:31","slug":"tecladoraton-logitech-mk540-wireless-usb","status":"publish","type":"product","link":"https:\/\/desdropi.com\/elparque\/tecladoraton-logitech-mk540-wireless-usb\/","title":{"rendered":"TECLADO+RATON LOGITECH MK540 WIRELESS USB"},"content":{"rendered":"<div class=\"descripcion-tab\">\n<ul>\n<li><strong>Nombre del producto<\/strong>: LOGITECH 920-008680<\/li>\n<li><strong>Marca<\/strong>: LOGITECH<\/li>\n<li><strong>Modelo<\/strong>: 920-008680<\/li>\n<li><strong>EAN<\/strong>: 5099206077423<\/li>\n<li><strong>Requisitos del sistema<\/strong>:\n<ul>\n<li>Sistema operativo Windows soportado: Windows 7, Windows 10, Windows 11<\/li>\n<li>Otros sistemas operativos soportados: Chrome<\/li>\n<\/ul>\n<\/li>\n<li><strong>Peso y dimensiones<\/strong>:\n<ul>\n<li>Dimensiones de teclado: 457,3 x 193,5 x 24 mm<\/li>\n<li>Peso del teclado: 805 g<\/li>\n<li>Dimensiones del rat\u00f3n: 61,8 x 111,5 x 39,2 mm<\/li>\n<li>Peso del rat\u00f3n: 73,5 g<\/li>\n<\/ul>\n<\/li>\n<li><strong>Control de energ\u00eda<\/strong>:\n<ul>\n<li>Tecnolog\u00eda de bater\u00eda: Alcalino<\/li>\n<li>Alimentaci\u00f3n: Bater\u00eda<\/li>\n<li>Tipo de bater\u00eda (teclado): AA (x2)<\/li>\n<li>Tipo de bater\u00eda (rat\u00f3n): AA (x1)<\/li>\n<li>Capacidad de bater\u00eda: 2000<\/li>\n<\/ul>\n<\/li>\n<li><strong>Teclado<\/strong>:\n<ul>\n<li>Dise\u00f1o de teclado: QWERTY<\/li>\n<li>Idioma del teclado: Espa\u00f1ol<\/li>\n<li>Interruptor de encendido\/apagado integrado: S\u00ed<\/li>\n<li>Interfaz del dispositivo: USB<\/li>\n<li>Uso recomendado: Universal<\/li>\n<li>Interruptor del teclado: Interruptor de membrana<\/li>\n<li>Tecnolog\u00eda de conectividad: Inal\u00e1mbrico<\/li>\n<li>Utilizar con: Universal<\/li>\n<li>Formato del teclado: Completo (100%)<\/li>\n<li>Dispositivo apuntador: No<\/li>\n<li>Concentrador USB: No<\/li>\n<li>Lector de huella digital: No<\/li>\n<li>Teclas de acceso directo: S\u00ed<\/li>\n<li>Teclas de Windows: S\u00ed<\/li>\n<li>Resistencia a derrames y salpicaduras de hasta: 60 ml<\/li>\n<li>N\u00famero de posiciones de altura: 3<\/li>\n<li>Ajuste del \u00e1ngulo (m\u00edn.): 4<\/li>\n<li>Ajuste del \u00e1ngulo (m\u00e1x.): 8<\/li>\n<li>Frecuencia de banda: 2.4 GHz<\/li>\n<li>Teclado num\u00e9rico: S\u00ed<\/li>\n<\/ul>\n<\/li>\n<li><strong>Empaquetado<\/strong>:\n<ul>\n<li>Receptor incluido: S\u00ed<\/li>\n<li>Pilas incluidas: S\u00ed<\/li>\n<li>Manual de usuario: S\u00ed<\/li>\n<li>Ancho del paquete: 48 mm<\/li>\n<li>Profundidad del paquete: 530 mm<\/li>\n<li>Altura del paquete: 200 mm<\/li>\n<li>Peso del paquete: 1,2 kg<\/li>\n<li>Tipo de embalaje: Caja<\/li>\n<li>Interfaz de receptor inal\u00e1mbrico: USB<\/li>\n<li>Receptor unificador: S\u00ed<\/li>\n<li>Tipo de receptor: Unifying receiver<\/li>\n<\/ul>\n<\/li>\n<li><strong>Dise\u00f1o<\/strong>:\n<ul>\n<li>Estilo de teclado: Derecho<\/li>\n<li>Altura de teclado ajustable: S\u00ed<\/li>\n<li>Descansa mu\u00f1ecas: S\u00ed<\/li>\n<li>Teclado de tama\u00f1o completo: S\u00ed<\/li>\n<li>Color del producto: Negro, Blanco<\/li>\n<li>Retroiluminaci\u00f3n: No<\/li>\n<li>Indicador LED de bater\u00eda: S\u00ed<\/li>\n<li>Indicadores LED: S\u00ed<\/li>\n<li>Coloraci\u00f3n de superficie: Mon\u00f3tono<\/li>\n<li>Funciones de protecci\u00f3n: Resistente a derrames<\/li>\n<\/ul>\n<\/li>\n<li><strong>Rat\u00f3n<\/strong>:\n<ul>\n<li>Rat\u00f3n incluido: S\u00ed<\/li>\n<li>Factor de forma: Ambidiestro<\/li>\n<li>Tecnolog\u00eda de detecci\u00f3n de movimientos: \u00d3ptico<\/li>\n<li>Cantidad de botones: 3<\/li>\n<li>Rueda de desplazamiento: S\u00ed<\/li>\n<li>Tipo de desplazamiento: Rueda<\/li>\n<li>Mangos de goma: S\u00ed<\/li>\n<li>N\u00famero de ruedas de desplazamiento: 1<\/li>\n<li>Direcciones de desplazamiento: Vertical<\/li>\n<li>Tipo de botones: Botones presionados<\/li>\n<li>Tipo de bater\u00eda (rat\u00f3n): AA (x1)<\/li>\n<li>N\u00famero de pilas (rat\u00f3n): 1<\/li>\n<\/ul>\n<\/li>\n<li><strong>Caracter\u00edsticas<\/strong>:\n<ul>\n<li>Conectar y usar (Plug and Play): S\u00ed<\/li>\n<li>Alcance inal\u00e1mbrico: 10 m<\/li>\n<\/ul>\n<\/li>\n<li><strong>Datos log\u00edsticos<\/strong>:\n<ul>\n<li>Cantidad por contenedor (20ft): 3320<\/li>\n<li>Cantidad por contenedor (40ft): 7040<\/li>\n<li>Caja GTIN (EAN\/UPC): 50992060774210<\/li>\n<li>Largo de la caja principal: 202 mm<\/li>\n<li>Longitud de la caja: 539 mm<\/li>\n<li>Alto de la caja principal: 218 mm<\/li>\n<li>Peso del envase completo: 5,36 kg<\/li>\n<li>Cantidad por pal\u00e9: 140<\/li>\n<\/ul>\n<\/li>\n<\/ul>\n<\/div>\n","protected":false},"excerpt":{"rendered":"<p>Nombre del producto: LOGITECH 920-008680 Marca: LOGITECH Modelo: 920-008680 EAN: 5099206077423 Requisitos del sistema: Sistema operativo Windows soportado: Windows 7,<\/p>\n","protected":false},"featured_media":219781,"comment_status":"open","ping_status":"closed","template":"","meta":{"_joinchat":[]},"product_cat":[6536,6555,6978],"product_tag":[],"class_list":{"0":"post-219780","1":"product","2":"type-product","3":"status-publish","4":"has-post-thumbnail","6":"product_cat-informatica-y-ocio","7":"product_cat-ordenadores-informatica-y-gaming","8":"product_cat-teclados","10":"first","11":"instock","12":"taxable","13":"shipping-taxable","14":"purchasable","15":"product-type-simple"},"_links":{"self":[{"href":"https:\/\/desdropi.com\/elparque\/wp-json\/wp\/v2\/product\/219780"}],"collection":[{"href":"https:\/\/desdropi.com\/elparque\/wp-json\/wp\/v2\/product"}],"about":[{"href":"https:\/\/desdropi.com\/elparque\/wp-json\/wp\/v2\/types\/product"}],"replies":[{"embeddable":true,"href":"https:\/\/desdropi.com\/elparque\/wp-json\/wp\/v2\/comments?post=219780"}],"version-history":[{"count":0,"href":"https:\/\/desdropi.com\/elparque\/wp-json\/wp\/v2\/product\/219780\/revisions"}],"wp:featuredmedia":[{"embeddable":true,"href":"https:\/\/desdropi.com\/elparque\/wp-json\/wp\/v2\/media\/219781"}],"wp:attachment":[{"href":"https:\/\/desdropi.com\/elparque\/wp-json\/wp\/v2\/media?parent=219780"}],"wp:term":[{"taxonomy":"product_cat","embeddable":true,"href":"https:\/\/desdropi.com\/elparque\/wp-json\/wp\/v2\/product_cat?post=219780"},{"taxonomy":"product_tag","embeddable":true,"href":"https:\/\/desdropi.com\/elparque\/wp-json\/wp\/v2\/product_tag?post=219780"}],"curies":[{"name":"wp","href":"https:\/\/api.w.org\/{rel}","templated":true}]}}