{"id":219804,"date":"2024-04-22T18:09:01","date_gmt":"2024-04-22T16:09:01","guid":{"rendered":"https:\/\/desdropi.com\/elparque\/?post_type=product&#038;p=219804"},"modified":"2024-05-18T11:28:40","modified_gmt":"2024-05-18T09:28:40","slug":"teclado-subblim-ergo-keys-flat-hq-silver","status":"publish","type":"product","link":"https:\/\/desdropi.com\/elparque\/teclado-subblim-ergo-keys-flat-hq-silver\/","title":{"rendered":"TECLADO SUBBLIM ERGO KEYS FLAT HQ SILVER"},"content":{"rendered":"<div class=\"descripcion-tab\">\n<ul>\n<li><strong>Nombre del producto<\/strong>: SUBBLIM SUBKBC-0EKE20<\/li>\n<li><strong>Marca<\/strong>: SUBBLIM<\/li>\n<li><strong>Modelo<\/strong>: SUBKBC-0EKE20<\/li>\n<li><strong>EAN<\/strong>: 8436586741907<\/li>\n<li><strong>Requisitos del sistema<\/strong>:\n<ul>\n<li>Sistema operativo Windows soportado: Windows 10, Windows 7, Windows 8, Windows Vista, Windows XP<\/li>\n<li>Compatible con Mac: S\u00ed<\/li>\n<\/ul>\n<\/li>\n<li><strong>Peso y dimensiones<\/strong>:\n<ul>\n<li>Peso del teclado: 421 g<\/li>\n<li>Dimensiones de teclado: 430 \u00d7 130 \u00d7 25 cm<\/li>\n<\/ul>\n<\/li>\n<li><strong>Control de energ\u00eda<\/strong>:\n<ul>\n<li>Alimentaci\u00f3n: USB<\/li>\n<li>Tecnolog\u00eda de bater\u00eda: I\u00f3n de litio<\/li>\n<\/ul>\n<\/li>\n<li><strong>Teclado<\/strong>:\n<ul>\n<li>Uso recomendado: Oficina<\/li>\n<li>Interruptor del teclado: Interruptor de membrana<\/li>\n<li>Dise\u00f1o de teclado: QWERTY<\/li>\n<li>Idioma del teclado: Espa\u00f1ol<\/li>\n<li>Dispositivo apuntador: No<\/li>\n<li>Formato del teclado: Est\u00e1ndar<\/li>\n<li>Teclado num\u00e9rico: S\u00ed<\/li>\n<li>Teclado, cantidad de teclas: 105<\/li>\n<li>Teclas de Windows: S\u00ed<\/li>\n<li>Teclas multimedia: S\u00ed<\/li>\n<li>Teclas de perfil bajo: Perfil bajo<\/li>\n<li>Tecnolog\u00eda de conectividad: Cable<\/li>\n<li>Utilizar con: Universal<\/li>\n<li>Tecnolog\u00eda de las teclas del teclado: Membrana prensada<\/li>\n<li>Pa\u00eds de origen: China<\/li>\n<li>Compatibilidad multidispositivo: S\u00ed<\/li>\n<\/ul>\n<\/li>\n<li><strong>Empaquetado<\/strong>:\n<ul>\n<li>N\u00famero de productos incluidos: 1<\/li>\n<li>Tipo de embalaje: Caja<\/li>\n<\/ul>\n<\/li>\n<li><strong>Otras caracter\u00edsticas<\/strong>:\n<ul>\n<li>Ergonom\u00eda:\n<ul>\n<li>Conectar y usar (Plug and Play): S\u00ed<\/li>\n<\/ul>\n<\/li>\n<li>Dise\u00f1o:\n<ul>\n<li>Retroiluminaci\u00f3n: No<\/li>\n<li>Estilo de teclado: Derecho<\/li>\n<li>Descansa mu\u00f1ecas: No<\/li>\n<li>Color del producto: Blanco, plata<\/li>\n<li>Dise\u00f1o de plancha ergon\u00f3mico: S\u00ed<\/li>\n<\/ul>\n<\/li>\n<\/ul>\n<\/li>\n<li><strong>Rat\u00f3n<\/strong>:\n<ul>\n<li>Rat\u00f3n incluido: No<\/li>\n<\/ul>\n<\/li>\n<\/ul>\n<\/div>\n","protected":false},"excerpt":{"rendered":"<p>Nombre del producto: SUBBLIM SUBKBC-0EKE20 Marca: SUBBLIM Modelo: SUBKBC-0EKE20 EAN: 8436586741907 Requisitos del sistema: Sistema operativo Windows soportado: Windows 10,<\/p>\n","protected":false},"featured_media":219806,"comment_status":"open","ping_status":"closed","template":"","meta":{"_joinchat":[]},"product_cat":[6536,6555,6978],"product_tag":[],"class_list":{"0":"post-219804","1":"product","2":"type-product","3":"status-publish","4":"has-post-thumbnail","6":"product_cat-informatica-y-ocio","7":"product_cat-ordenadores-informatica-y-gaming","8":"product_cat-teclados","10":"first","11":"instock","12":"sale","13":"taxable","14":"shipping-taxable","15":"purchasable","16":"product-type-simple"},"_links":{"self":[{"href":"https:\/\/desdropi.com\/elparque\/wp-json\/wp\/v2\/product\/219804"}],"collection":[{"href":"https:\/\/desdropi.com\/elparque\/wp-json\/wp\/v2\/product"}],"about":[{"href":"https:\/\/desdropi.com\/elparque\/wp-json\/wp\/v2\/types\/product"}],"replies":[{"embeddable":true,"href":"https:\/\/desdropi.com\/elparque\/wp-json\/wp\/v2\/comments?post=219804"}],"version-history":[{"count":0,"href":"https:\/\/desdropi.com\/elparque\/wp-json\/wp\/v2\/product\/219804\/revisions"}],"wp:featuredmedia":[{"embeddable":true,"href":"https:\/\/desdropi.com\/elparque\/wp-json\/wp\/v2\/media\/219806"}],"wp:attachment":[{"href":"https:\/\/desdropi.com\/elparque\/wp-json\/wp\/v2\/media?parent=219804"}],"wp:term":[{"taxonomy":"product_cat","embeddable":true,"href":"https:\/\/desdropi.com\/elparque\/wp-json\/wp\/v2\/product_cat?post=219804"},{"taxonomy":"product_tag","embeddable":true,"href":"https:\/\/desdropi.com\/elparque\/wp-json\/wp\/v2\/product_tag?post=219804"}],"curies":[{"name":"wp","href":"https:\/\/api.w.org\/{rel}","templated":true}]}}