{"id":219812,"date":"2024-04-22T18:13:35","date_gmt":"2024-04-22T16:13:35","guid":{"rendered":"https:\/\/desdropi.com\/elparque\/?post_type=product&#038;p=219812"},"modified":"2024-05-18T11:30:34","modified_gmt":"2024-05-18T09:30:34","slug":"tecladoraton-hama-69134958-cable-cortino","status":"publish","type":"product","link":"https:\/\/desdropi.com\/elparque\/tecladoraton-hama-69134958-cable-cortino\/","title":{"rendered":"TECLADO+RATON HAMA 69134958 CABLE &#8220;CORTINO&#8221;"},"content":{"rendered":"<div class=\"descripcion-tab\">\n<ul>\n<li><strong>Nombre del producto<\/strong>: HAMA CORTINO<\/li>\n<li><strong>Marca<\/strong>: HAMA<\/li>\n<li><strong>Modelo<\/strong>: CORTINO<\/li>\n<li><strong>EAN<\/strong>: 4047443358905<\/li>\n<li><strong>Requisitos del sistema<\/strong>:\n<ul>\n<li>Sistema operativo Windows soportado: S\u00ed<\/li>\n<\/ul>\n<\/li>\n<li><strong>Control de energ\u00eda<\/strong>:\n<ul>\n<li>Alimentaci\u00f3n: USB<\/li>\n<\/ul>\n<\/li>\n<li><strong>Teclado<\/strong>:\n<ul>\n<li>Interfaz del dispositivo: USB<\/li>\n<li>Uso recomendado: Universal<\/li>\n<li>Tecnolog\u00eda de conectividad: Al\u00e1mbrico<\/li>\n<li>Utilizar con: Universal<\/li>\n<li>Formato del teclado: Est\u00e1ndar<\/li>\n<li>Estilo de teclado: Derecho<\/li>\n<li>Descansa mu\u00f1ecas: No<\/li>\n<li>Teclado num\u00e9rico: S\u00ed<\/li>\n<li>Teclado, cantidad de teclas: 105<\/li>\n<li>Teclado de tama\u00f1o completo: S\u00ed<\/li>\n<\/ul>\n<\/li>\n<li><strong>Contenido del embalaje<\/strong>:\n<ul>\n<li>Manual de usuario: S\u00ed<\/li>\n<\/ul>\n<\/li>\n<li><strong>Ergonom\u00eda<\/strong>:\n<ul>\n<li>Conectar y usar (Plug and Play): S\u00ed<\/li>\n<\/ul>\n<\/li>\n<li><strong>Dise\u00f1o<\/strong>:\n<ul>\n<li>Color del producto: Negro<\/li>\n<li>Retroiluminaci\u00f3n: No<\/li>\n<li>Coloraci\u00f3n de superficie: Mon\u00f3tono<\/li>\n<\/ul>\n<\/li>\n<li><strong>Rat\u00f3n<\/strong>:\n<ul>\n<li>Rat\u00f3n incluido: S\u00ed<\/li>\n<li>Tecnolog\u00eda de detecci\u00f3n de movimientos: \u00d3ptico<\/li>\n<li>N\u00famero de ruedas de desplazamiento: 1<\/li>\n<li>Cantidad de botones: 3<\/li>\n<li>Personalizable resoluci\u00f3n movimiento: S\u00ed<\/li>\n<\/ul>\n<\/li>\n<\/ul>\n<\/div>\n","protected":false},"excerpt":{"rendered":"<p>Nombre del producto: HAMA CORTINO Marca: HAMA Modelo: CORTINO EAN: 4047443358905 Requisitos del sistema: Sistema operativo Windows soportado: S\u00ed Control<\/p>\n","protected":false},"featured_media":219813,"comment_status":"open","ping_status":"closed","template":"","meta":{"_joinchat":[]},"product_cat":[6536,6555,6978],"product_tag":[],"class_list":{"0":"post-219812","1":"product","2":"type-product","3":"status-publish","4":"has-post-thumbnail","6":"product_cat-informatica-y-ocio","7":"product_cat-ordenadores-informatica-y-gaming","8":"product_cat-teclados","10":"first","11":"instock","12":"taxable","13":"shipping-taxable","14":"purchasable","15":"product-type-simple"},"_links":{"self":[{"href":"https:\/\/desdropi.com\/elparque\/wp-json\/wp\/v2\/product\/219812"}],"collection":[{"href":"https:\/\/desdropi.com\/elparque\/wp-json\/wp\/v2\/product"}],"about":[{"href":"https:\/\/desdropi.com\/elparque\/wp-json\/wp\/v2\/types\/product"}],"replies":[{"embeddable":true,"href":"https:\/\/desdropi.com\/elparque\/wp-json\/wp\/v2\/comments?post=219812"}],"version-history":[{"count":0,"href":"https:\/\/desdropi.com\/elparque\/wp-json\/wp\/v2\/product\/219812\/revisions"}],"wp:featuredmedia":[{"embeddable":true,"href":"https:\/\/desdropi.com\/elparque\/wp-json\/wp\/v2\/media\/219813"}],"wp:attachment":[{"href":"https:\/\/desdropi.com\/elparque\/wp-json\/wp\/v2\/media?parent=219812"}],"wp:term":[{"taxonomy":"product_cat","embeddable":true,"href":"https:\/\/desdropi.com\/elparque\/wp-json\/wp\/v2\/product_cat?post=219812"},{"taxonomy":"product_tag","embeddable":true,"href":"https:\/\/desdropi.com\/elparque\/wp-json\/wp\/v2\/product_tag?post=219812"}],"curies":[{"name":"wp","href":"https:\/\/api.w.org\/{rel}","templated":true}]}}