{"id":219855,"date":"2024-04-22T19:33:41","date_gmt":"2024-04-22T17:33:41","guid":{"rendered":"https:\/\/desdropi.com\/elparque\/?post_type=product&#038;p=219855"},"modified":"2024-05-18T01:00:06","modified_gmt":"2024-05-17T23:00:06","slug":"auriculares-logitech-stereo-headset-h150-con-micro","status":"publish","type":"product","link":"https:\/\/desdropi.com\/elparque\/auriculares-logitech-stereo-headset-h150-con-micro\/","title":{"rendered":"AURICULARES LOGITECH STEREO HEADSET H150 CON MICRO"},"content":{"rendered":"<div class=\"descripcon-tab\">\n<strong>NOMBRE DEL PRODUCTO:<\/strong> Auriculares Logitech<br \/>\n<strong>Marca:<\/strong> Logitech<br \/>\n<strong>Modelo:<\/strong> LOGIT.H150<br \/>\n<strong>EAN:<\/strong> 5099206028586<\/p>\n<p><strong>Puertos e Interfaces:<\/strong><\/p>\n<ul>\n<li>2x conectores de 3.5 mm: S\u00ed<\/li>\n<li>Tecnolog\u00eda de conectividad: Al\u00e1mbrico<\/li>\n<\/ul>\n<p><strong>Peso y dimensiones:<\/strong><\/p>\n<ul>\n<li>Ancho: 45 mm<\/li>\n<li>Profundidad: 85 mm<\/li>\n<li>Altura: 200 mm<\/li>\n<li>Peso: 80 g<\/li>\n<\/ul>\n<p><strong>Empaquetado:<\/strong><\/p>\n<ul>\n<li>Peso del paquete: 230 g<\/li>\n<li>Altura del paquete: 220 mm<\/li>\n<li>Profundidad del paquete: 200 mm<\/li>\n<li>Ancho del paquete: 54 mm<\/li>\n<\/ul>\n<p><strong>Micr\u00f3fono:<\/strong><\/p>\n<ul>\n<li>Frecuencia de micr\u00f3fono: 100 &#8211; 6500 Hz<\/li>\n<li>Cancelaci\u00f3n de ruido del micr\u00f3fono: S\u00ed<\/li>\n<li>Tipo de micr\u00f3fono: Boom<\/li>\n<li>Micr\u00f3fono mudo: S\u00ed<\/li>\n<li>Sensibilidad de micr\u00f3fono: -44 dB<\/li>\n<li>Micr\u00f3fono plegable: S\u00ed<\/li>\n<\/ul>\n<p><strong>Auriculares:<\/strong><\/p>\n<ul>\n<li>Aud\u00edfonos: Supraaural<\/li>\n<li>Sistema ac\u00fastico: Cerrado<\/li>\n<li>Frecuencia de auricular: 20 &#8211; 20000 Hz<\/li>\n<li>Impedancia: 22 ohmios<\/li>\n<li>Sensibilidad de auricular: 122 dB<\/li>\n<\/ul>\n<p><strong>Contenido del embalaje:<\/strong><\/p>\n<ul>\n<li>Cantidad: 1<\/li>\n<\/ul>\n<p><strong>Otras caracter\u00edsticas:<\/strong><\/p>\n<ul>\n<li>Manual de usuario: S\u00ed<\/li>\n<\/ul>\n<p><strong>Desempe\u00f1o:<\/strong><\/p>\n<ul>\n<li>Uso recomendado: Oficina\/Centro de llamadas<\/li>\n<li>Tipo de auricular: Binaural<\/li>\n<li>Estilo de uso: Diadema<\/li>\n<li>Color del producto: Blanco<\/li>\n<li>Tipo de producto: Auriculares<\/li>\n<li>Tipo de control: Botones, Giratorio<\/li>\n<li>Control de volumen: Giratorio<\/li>\n<li>Tipo de controles: Caja de control en cable<\/li>\n<li>Color del cable: Negro<\/li>\n<li>Longitud de cable: 1,8 m<\/li>\n<\/ul>\n<p><strong>Datos log\u00edsticos:<\/strong><\/p>\n<ul>\n<li>Alto de la caja principal: 215 mm<\/li>\n<li>Peso del envase completo: 1,33 kg<\/li>\n<li>Ancho de la caja principal: 141 mm<\/li>\n<li>Longitud de la caja: 448 mm<\/li>\n<li>C\u00f3digo de Sistema de Armonizaci\u00f3n (SA): 85183000<\/li>\n<\/ul>\n<\/div>\n","protected":false},"excerpt":{"rendered":"<p>NOMBRE DEL PRODUCTO: Auriculares Logitech Marca: Logitech Modelo: LOGIT.H150 EAN: 5099206028586 Puertos e Interfaces: 2x conectores de 3.5 mm: S\u00ed<\/p>\n","protected":false},"featured_media":219858,"comment_status":"open","ping_status":"closed","template":"","meta":{"_joinchat":[]},"product_cat":[3383,1022],"product_tag":[],"class_list":{"0":"post-219855","1":"product","2":"type-product","3":"status-publish","4":"has-post-thumbnail","6":"product_cat-auriculares","7":"product_cat-sonido","9":"first","10":"instock","11":"taxable","12":"shipping-taxable","13":"purchasable","14":"product-type-simple"},"_links":{"self":[{"href":"https:\/\/desdropi.com\/elparque\/wp-json\/wp\/v2\/product\/219855"}],"collection":[{"href":"https:\/\/desdropi.com\/elparque\/wp-json\/wp\/v2\/product"}],"about":[{"href":"https:\/\/desdropi.com\/elparque\/wp-json\/wp\/v2\/types\/product"}],"replies":[{"embeddable":true,"href":"https:\/\/desdropi.com\/elparque\/wp-json\/wp\/v2\/comments?post=219855"}],"version-history":[{"count":0,"href":"https:\/\/desdropi.com\/elparque\/wp-json\/wp\/v2\/product\/219855\/revisions"}],"wp:featuredmedia":[{"embeddable":true,"href":"https:\/\/desdropi.com\/elparque\/wp-json\/wp\/v2\/media\/219858"}],"wp:attachment":[{"href":"https:\/\/desdropi.com\/elparque\/wp-json\/wp\/v2\/media?parent=219855"}],"wp:term":[{"taxonomy":"product_cat","embeddable":true,"href":"https:\/\/desdropi.com\/elparque\/wp-json\/wp\/v2\/product_cat?post=219855"},{"taxonomy":"product_tag","embeddable":true,"href":"https:\/\/desdropi.com\/elparque\/wp-json\/wp\/v2\/product_tag?post=219855"}],"curies":[{"name":"wp","href":"https:\/\/api.w.org\/{rel}","templated":true}]}}