{"id":219872,"date":"2024-04-22T19:56:49","date_gmt":"2024-04-22T17:56:49","guid":{"rendered":"https:\/\/desdropi.com\/elparque\/?post_type=product&#038;p=219872"},"modified":"2024-05-18T01:00:06","modified_gmt":"2024-05-17T23:00:06","slug":"auriculares-phoenix-x-io-rgb-microf-gaming-usb-bla","status":"publish","type":"product","link":"https:\/\/desdropi.com\/elparque\/auriculares-phoenix-x-io-rgb-microf-gaming-usb-bla\/","title":{"rendered":"AURICULARES PHOENIX X-IO RGB MICROF GAMING USB BLA"},"content":{"rendered":"<div class=\"descripcion-tab\">\n<strong>NOMBRE DEL PRODUCTO:<\/strong> Auriculares Phoenix<br \/>\n<strong>Marca:<\/strong> Phoenix<br \/>\n<strong>Modelo:<\/strong> PHX-IO<br \/>\n<strong>EAN:<\/strong> 8436583233962<\/p>\n<p><strong>Puertos e Interfaces:<\/strong><\/p>\n<ul>\n<li><strong>Micr\u00f3fono:<\/strong>\n<ul>\n<li>Sensibilidad de micr\u00f3fono: -42 dB (+\/- 3 dB)<\/li>\n<li>Tipo de micr\u00f3fono: De brazo\/Integrado<\/li>\n<li>Impedancia del micr\u00f3fono: 2,2 kOhms<\/li>\n<li>Micr\u00f3fono extra\u00edble: S\u00ed<\/li>\n<li>Tipo de direcci\u00f3n de micr\u00f3fono: Omnidireccional<\/li>\n<\/ul>\n<\/li>\n<\/ul>\n<p><strong>Auriculares:<\/strong><\/p>\n<ul>\n<li>Unidad de disco: 50 mm<\/li>\n<li>Tipo de auricular: Supraaural<\/li>\n<li>Sistema ac\u00fastico: Cerrado<\/li>\n<li>Frecuencia de auricular: 20 &#8211; 20000 Hz<\/li>\n<li>Impedancia: 32 ohmios (+\/- 15%)<\/li>\n<li>Potencia m\u00e1xima de entrada: 30 mW<\/li>\n<li>Sensibilidad de auricular: 110 dB (+\/- 3 dB)<\/li>\n<li>Tipo de controlador: Volumen y funci\u00f3n Mute<\/li>\n<\/ul>\n<p><strong>Contenido del embalaje:<\/strong><\/p>\n<ul>\n<li>Gu\u00eda de configuraci\u00f3n r\u00e1pida: S\u00ed<\/li>\n<li>Cables incluidos: USB + Jack 3,5mm<\/li>\n<\/ul>\n<p><strong>Bater\u00eda:<\/strong><\/p>\n<ul>\n<li>No mencionada<\/li>\n<\/ul>\n<p><strong>Desempe\u00f1o:<\/strong><\/p>\n<ul>\n<li>Tipo de micr\u00f3fono: Integrado<\/li>\n<li>Estilo de uso: Diadema<\/li>\n<li>Tipo de producto: Auriculares<\/li>\n<li>Color del producto: Blanco, negro<\/li>\n<li>Plegable: S\u00ed<\/li>\n<li>Control de volumen: S\u00ed<\/li>\n<li>Uso recomendado: Llamadas y m\u00fasica<\/li>\n<li>Tipo de auricular: Diadema<\/li>\n<\/ul>\n<\/div>\n","protected":false},"excerpt":{"rendered":"<p>NOMBRE DEL PRODUCTO: Auriculares Phoenix Marca: Phoenix Modelo: PHX-IO EAN: 8436583233962 Puertos e Interfaces: Micr\u00f3fono: Sensibilidad de micr\u00f3fono: -42 dB<\/p>\n","protected":false},"featured_media":219876,"comment_status":"open","ping_status":"closed","template":"","meta":{"_joinchat":[]},"product_cat":[6988,6562,6536],"product_tag":[],"class_list":{"0":"post-219872","1":"product","2":"type-product","3":"status-publish","4":"has-post-thumbnail","6":"product_cat-auriculares-gaming-informatica-y-gaming","7":"product_cat-gaming-informatica-y-gaming","8":"product_cat-informatica-y-ocio","10":"first","11":"instock","12":"taxable","13":"shipping-taxable","14":"purchasable","15":"product-type-simple"},"_links":{"self":[{"href":"https:\/\/desdropi.com\/elparque\/wp-json\/wp\/v2\/product\/219872"}],"collection":[{"href":"https:\/\/desdropi.com\/elparque\/wp-json\/wp\/v2\/product"}],"about":[{"href":"https:\/\/desdropi.com\/elparque\/wp-json\/wp\/v2\/types\/product"}],"replies":[{"embeddable":true,"href":"https:\/\/desdropi.com\/elparque\/wp-json\/wp\/v2\/comments?post=219872"}],"version-history":[{"count":0,"href":"https:\/\/desdropi.com\/elparque\/wp-json\/wp\/v2\/product\/219872\/revisions"}],"wp:featuredmedia":[{"embeddable":true,"href":"https:\/\/desdropi.com\/elparque\/wp-json\/wp\/v2\/media\/219876"}],"wp:attachment":[{"href":"https:\/\/desdropi.com\/elparque\/wp-json\/wp\/v2\/media?parent=219872"}],"wp:term":[{"taxonomy":"product_cat","embeddable":true,"href":"https:\/\/desdropi.com\/elparque\/wp-json\/wp\/v2\/product_cat?post=219872"},{"taxonomy":"product_tag","embeddable":true,"href":"https:\/\/desdropi.com\/elparque\/wp-json\/wp\/v2\/product_tag?post=219872"}],"curies":[{"name":"wp","href":"https:\/\/api.w.org\/{rel}","templated":true}]}}