{"id":219886,"date":"2024-04-22T20:17:04","date_gmt":"2024-04-22T18:17:04","guid":{"rendered":"https:\/\/desdropi.com\/elparque\/?post_type=product&#038;p=219886"},"modified":"2024-05-18T11:50:46","modified_gmt":"2024-05-18T09:50:46","slug":"raton-logitech-m171-inalambrico-910-004424-negro","status":"publish","type":"product","link":"https:\/\/desdropi.com\/elparque\/raton-logitech-m171-inalambrico-910-004424-negro\/","title":{"rendered":"RATON LOGITECH M171 INALAMBRICO 910-004424 NEGRO"},"content":{"rendered":"<div class=\"descripcion-tab\">\n<ul>\n<li><strong>Nombre del producto<\/strong>: LOGITECH M171<\/li>\n<li><strong>Marca<\/strong>: LOGITECH<\/li>\n<li><strong>Modelo<\/strong>: M171<\/li>\n<li><strong>EAN<\/strong>: 5099206062856<\/li>\n<li><strong>Requisitos del sistema<\/strong>:\n<ul>\n<li>Sistema operativo Windows soportado: S\u00ed<\/li>\n<li>Sistema operativo MAC soportado: S\u00ed<\/li>\n<li>Sistema operativo Linux soportado: S\u00ed<\/li>\n<\/ul>\n<\/li>\n<li><strong>Peso y dimensiones<\/strong>:\n<ul>\n<li>Ancho: 97,7 mm<\/li>\n<li>Profundidad: 61,5 mm<\/li>\n<li>Altura: 35,2 mm<\/li>\n<li>Peso del rat\u00f3n: 70,5 g<\/li>\n<li>Ancho de receptor: 1,44 mm<\/li>\n<li>Fondo del receptor: 1,87 mm<\/li>\n<li>Altura de receptor: 6,6 mm<\/li>\n<li>Peso del receptor: 20 g<\/li>\n<\/ul>\n<\/li>\n<li><strong>Control de energ\u00eda<\/strong>:\n<ul>\n<li>Fuente de energ\u00eda: Bater\u00edas<\/li>\n<li>Numero de bater\u00edas soportadas: 1<\/li>\n<li>Tipo de bater\u00eda: AA<\/li>\n<li>Vida de bater\u00eda en servicio: 12 meses<\/li>\n<\/ul>\n<\/li>\n<li><strong>Dispositivo de entrada<\/strong>:\n<ul>\n<li>Interfaz del dispositivo: RF inal\u00e1mbrico<\/li>\n<li>Utilizar con: Oficina<\/li>\n<li>Cantidad de botones: 2<\/li>\n<li>Tecnolog\u00eda de detecci\u00f3n de movimientos: \u00d3ptico<\/li>\n<li>Uso recomendado: PC\/ordenador port\u00e1til<\/li>\n<li>Rueda de desplazamiento: S\u00ed<\/li>\n<li>Resoluci\u00f3n de movimiento DPI: 1000<\/li>\n<li>Tipo de desplazamiento: Rueda<\/li>\n<li>Tipo de botones: Botones presionados<\/li>\n<li>Frecuencia de banda: 2.4 GHz<\/li>\n<\/ul>\n<\/li>\n<li><strong>Empaquetado<\/strong>:\n<ul>\n<li>Receptor incluido: S\u00ed<\/li>\n<li>Pilas incluidas: S\u00ed<\/li>\n<li>Cantidad: 1<\/li>\n<\/ul>\n<\/li>\n<li><strong>Ergonom\u00eda<\/strong>:\n<ul>\n<li>Conectar y usar (Plug and Play): S\u00ed<\/li>\n<li>Alcance inal\u00e1mbrico: 10 m<\/li>\n<\/ul>\n<\/li>\n<li><strong>Dise\u00f1o<\/strong>:\n<ul>\n<li>Color del producto: Negro<\/li>\n<li>Factor de forma: Ambidextro<\/li>\n<li>Interfaz de receptor inal\u00e1mbrico: USB tipo A<\/li>\n<li>Tipo de receptor: Nanorreceptor<\/li>\n<\/ul>\n<\/li>\n<\/ul>\n<\/div>\n","protected":false},"excerpt":{"rendered":"<p>Nombre del producto: LOGITECH M171 Marca: LOGITECH Modelo: M171 EAN: 5099206062856 Requisitos del sistema: Sistema operativo Windows soportado: S\u00ed Sistema<\/p>\n","protected":false},"featured_media":219887,"comment_status":"open","ping_status":"closed","template":"","meta":{"_joinchat":[]},"product_cat":[6536,6555,6979],"product_tag":[],"class_list":{"0":"post-219886","1":"product","2":"type-product","3":"status-publish","4":"has-post-thumbnail","6":"product_cat-informatica-y-ocio","7":"product_cat-ordenadores-informatica-y-gaming","8":"product_cat-ratones","10":"first","11":"instock","12":"taxable","13":"shipping-taxable","14":"purchasable","15":"product-type-simple"},"_links":{"self":[{"href":"https:\/\/desdropi.com\/elparque\/wp-json\/wp\/v2\/product\/219886"}],"collection":[{"href":"https:\/\/desdropi.com\/elparque\/wp-json\/wp\/v2\/product"}],"about":[{"href":"https:\/\/desdropi.com\/elparque\/wp-json\/wp\/v2\/types\/product"}],"replies":[{"embeddable":true,"href":"https:\/\/desdropi.com\/elparque\/wp-json\/wp\/v2\/comments?post=219886"}],"version-history":[{"count":0,"href":"https:\/\/desdropi.com\/elparque\/wp-json\/wp\/v2\/product\/219886\/revisions"}],"wp:featuredmedia":[{"embeddable":true,"href":"https:\/\/desdropi.com\/elparque\/wp-json\/wp\/v2\/media\/219887"}],"wp:attachment":[{"href":"https:\/\/desdropi.com\/elparque\/wp-json\/wp\/v2\/media?parent=219886"}],"wp:term":[{"taxonomy":"product_cat","embeddable":true,"href":"https:\/\/desdropi.com\/elparque\/wp-json\/wp\/v2\/product_cat?post=219886"},{"taxonomy":"product_tag","embeddable":true,"href":"https:\/\/desdropi.com\/elparque\/wp-json\/wp\/v2\/product_tag?post=219886"}],"curies":[{"name":"wp","href":"https:\/\/api.w.org\/{rel}","templated":true}]}}