{"id":219889,"date":"2024-04-22T20:22:14","date_gmt":"2024-04-22T18:22:14","guid":{"rendered":"https:\/\/desdropi.com\/elparque\/?post_type=product&#038;p=219889"},"modified":"2024-05-18T11:57:16","modified_gmt":"2024-05-18T09:57:16","slug":"raton-logitech-m185-wireless-azul-910-002236","status":"publish","type":"product","link":"https:\/\/desdropi.com\/elparque\/raton-logitech-m185-wireless-azul-910-002236\/","title":{"rendered":"RATON LOGITECH M185 WIRELESS AZUL 910-002236"},"content":{"rendered":"<div class=\"descripcion-tab\">\n<div class=\"flex-1 overflow-hidden\">\n<div class=\"react-scroll-to-bottom--css-mcdpv-79elbk h-full\">\n<div class=\"react-scroll-to-bottom--css-mcdpv-1n7m0yu\">\n<div>\n<div class=\"flex flex-col text-sm pb-9\">\n<div class=\"w-full text-token-text-primary\" dir=\"auto\" data-testid=\"conversation-turn-33\">\n<div class=\"px-4 py-2 justify-center text-base md:gap-6 m-auto\">\n<div class=\"flex flex-1 text-base mx-auto gap-3 juice:gap-4 juice:md:gap-6 md:px-5 lg:px-1 xl:px-5 md:max-w-3xl lg:max-w-[40rem] xl:max-w-[48rem]\">\n<div class=\"relative flex w-full flex-col agent-turn\">\n<div class=\"flex-col gap-1 md:gap-3\">\n<div class=\"flex flex-grow flex-col max-w-full\">\n<div class=\"min-h-[20px] text-message flex flex-col items-start gap-3 whitespace-pre-wrap break-words [.text-message+&amp;]:mt-5 overflow-x-auto\" dir=\"auto\" data-message-author-role=\"assistant\" data-message-id=\"a2639316-ffd9-4417-9bca-1291edcbe00c\">\n<div class=\"markdown prose w-full break-words dark:prose-invert light\">\n<ul>\n<li><strong>Nombre del producto<\/strong>: LOGITECH 910-002236<\/li>\n<li><strong>Marca<\/strong>: LOGITECH<\/li>\n<li><strong>Modelo<\/strong>: 910-002236<\/li>\n<li><strong>EAN<\/strong>: 5099206028838<\/li>\n<li><strong>Requisitos del sistema<\/strong>:\n<ul>\n<li>Sistema operativo Windows soportado: Windows 10, Windows 7, Windows 8, Windows Vista<\/li>\n<li>Sistema operativo MAC soportado: Mac OS X 10.5 Leopard<\/li>\n<\/ul>\n<\/li>\n<li><strong>Peso y dimensiones<\/strong>:\n<ul>\n<li>Ancho: 60 mm<\/li>\n<li>Profundidad: 39 mm<\/li>\n<li>Altura: 99 mm<\/li>\n<li>Ancho de receptor: 1,87 mm<\/li>\n<li>Fondo del receptor: 6,1 mm<\/li>\n<li>Altura de receptor: 1,44 mm<\/li>\n<li>Peso del receptor: 1,8 g<\/li>\n<\/ul>\n<\/li>\n<li><strong>Control de energ\u00eda<\/strong>:\n<ul>\n<li>Tipo de bater\u00eda: AA<\/li>\n<li>Fuente de energ\u00eda: Bater\u00edas<\/li>\n<li>Numero de bater\u00edas soportadas: 1<\/li>\n<li>Vida de bater\u00eda en servicio: 12 meses<\/li>\n<\/ul>\n<\/li>\n<li><strong>Dispositivo de entrada<\/strong>:\n<ul>\n<li>Interfaz del dispositivo: RF inal\u00e1mbrico<\/li>\n<li>Cantidad de botones: 3<\/li>\n<li>Tecnolog\u00eda de detecci\u00f3n de movimientos: \u00d3ptico<\/li>\n<li>Resoluci\u00f3n de movimiento DPI: 1000<\/li>\n<li>Rueda de desplazamiento: S\u00ed<\/li>\n<li>Frecuencia de banda: 2.4 GHz<\/li>\n<li>Tipo de desplazamiento: Rueda<\/li>\n<li>Uso recomendado: Port\u00e1til<\/li>\n<li>Utilizar con: Oficina<\/li>\n<li>Tipo de botones: Botones presionados<\/li>\n<li>Alcance inal\u00e1mbrico: 10 m<\/li>\n<li>N\u00famero de ruedas de desplazamiento: 1<\/li>\n<\/ul>\n<\/li>\n<li><strong>Empaquetado<\/strong>:\n<ul>\n<li>Receptor incluido: S\u00ed<\/li>\n<li>Pilas incluidas: S\u00ed<\/li>\n<li>Manual de usuario: S\u00ed<\/li>\n<\/ul>\n<\/li>\n<li><strong>Otras caracter\u00edsticas<\/strong>:\n<ul>\n<li>USB: S\u00ed<\/li>\n<li>Sistemas operativos compatibles: Windows XP, Vista, 7 Mac OS X 10.5+ Linux kernel 2.6+<\/li>\n<\/ul>\n<\/li>\n<li><strong>Ergonom\u00eda<\/strong>:\n<ul>\n<li>Conectar y usar (Plug and Play): S\u00ed<\/li>\n<\/ul>\n<\/li>\n<li><strong>Dise\u00f1o<\/strong>:\n<ul>\n<li>Interfaz de receptor inal\u00e1mbrico: USB tipo A<\/li>\n<li>Tipo de receptor: Nanorreceptor<\/li>\n<li>Factor de forma: Ambidextro<\/li>\n<li>Color del producto: Negro, Azul<\/li>\n<\/ul>\n<\/li>\n<\/ul>\n<\/div>\n<\/div>\n<\/div>\n<div class=\"mt-1 flex gap-3 empty:hidden\">\n<div class=\"text-gray-400 flex self-end lg:self-center items-center justify-center lg:justify-start mt-0 -ml-1 h-7 gap-[2px] visible\">\n<p>&nbsp;<\/p>\n<div class=\"flex items-center gap-1.5 text-xs\"><\/div>\n<div class=\"flex\"><\/div>\n<\/div>\n<\/div>\n<div class=\"pr-2 lg:pr-0\"><\/div>\n<\/div>\n<div class=\"absolute\">\n<div class=\"flex w-full gap-2 items-center justify-center\"><\/div>\n<\/div>\n<\/div>\n<\/div>\n<\/div>\n<\/div>\n<\/div>\n<\/div>\n<\/div>\n<\/div>\n<\/div>\n<div class=\"w-full pt-2 md:pt-0 dark:border-white\/20 md:border-transparent md:dark:border-transparent md:w-[calc(100%-.5rem)]\">\n<form class=\"stretch mx-2 flex flex-row gap-3 last:mb-2 md:mx-4 md:last:mb-6 lg:mx-auto lg:max-w-2xl xl:max-w-3xl\">\n<div class=\"relative flex h-full flex-1 flex-col\">\n<div class=\"absolute bottom-full left-0 right-0\"><\/div>\n<div class=\"flex w-full items-center\"><\/div>\n<\/div>\n<\/form>\n<\/div>\n<\/div>\n","protected":false},"excerpt":{"rendered":"<p>Nombre del producto: LOGITECH 910-002236 Marca: LOGITECH Modelo: 910-002236 EAN: 5099206028838 Requisitos del sistema: Sistema operativo Windows soportado: Windows 10,<\/p>\n","protected":false},"featured_media":219893,"comment_status":"open","ping_status":"closed","template":"","meta":{"_joinchat":[]},"product_cat":[6536,6555,6978],"product_tag":[],"class_list":{"0":"post-219889","1":"product","2":"type-product","3":"status-publish","4":"has-post-thumbnail","6":"product_cat-informatica-y-ocio","7":"product_cat-ordenadores-informatica-y-gaming","8":"product_cat-teclados","10":"first","11":"instock","12":"taxable","13":"shipping-taxable","14":"purchasable","15":"product-type-simple"},"_links":{"self":[{"href":"https:\/\/desdropi.com\/elparque\/wp-json\/wp\/v2\/product\/219889"}],"collection":[{"href":"https:\/\/desdropi.com\/elparque\/wp-json\/wp\/v2\/product"}],"about":[{"href":"https:\/\/desdropi.com\/elparque\/wp-json\/wp\/v2\/types\/product"}],"replies":[{"embeddable":true,"href":"https:\/\/desdropi.com\/elparque\/wp-json\/wp\/v2\/comments?post=219889"}],"version-history":[{"count":0,"href":"https:\/\/desdropi.com\/elparque\/wp-json\/wp\/v2\/product\/219889\/revisions"}],"wp:featuredmedia":[{"embeddable":true,"href":"https:\/\/desdropi.com\/elparque\/wp-json\/wp\/v2\/media\/219893"}],"wp:attachment":[{"href":"https:\/\/desdropi.com\/elparque\/wp-json\/wp\/v2\/media?parent=219889"}],"wp:term":[{"taxonomy":"product_cat","embeddable":true,"href":"https:\/\/desdropi.com\/elparque\/wp-json\/wp\/v2\/product_cat?post=219889"},{"taxonomy":"product_tag","embeddable":true,"href":"https:\/\/desdropi.com\/elparque\/wp-json\/wp\/v2\/product_tag?post=219889"}],"curies":[{"name":"wp","href":"https:\/\/api.w.org\/{rel}","templated":true}]}}