{"id":220039,"date":"2024-04-23T09:30:39","date_gmt":"2024-04-23T07:30:39","guid":{"rendered":"https:\/\/desdropi.com\/elparque\/?post_type=product&#038;p=220039"},"modified":"2024-05-18T01:00:07","modified_gmt":"2024-05-17T23:00:07","slug":"raton-elbe-rt-110-inalambrico-bateria","status":"publish","type":"product","link":"https:\/\/desdropi.com\/elparque\/raton-elbe-rt-110-inalambrico-bateria\/","title":{"rendered":"RATON ELBE RT-110 INALAMBRICO BATERIA"},"content":{"rendered":"<div class=\"descripcion-tab\">\n<ul>\n<li><strong>Nombre del producto:<\/strong> ELBE RT-110<\/li>\n<li><strong>Marca:<\/strong> ELBE<\/li>\n<li><strong>Modelo:<\/strong> RT-110<\/li>\n<li><strong>EAN:<\/strong> 8435141906744<\/li>\n<li><strong>Requisitos del sistema:<\/strong>\n<ul>\n<li>No especificados.<\/li>\n<\/ul>\n<\/li>\n<li><strong>Peso y dimensiones:<\/strong>\n<ul>\n<li>Peso: 80 g<\/li>\n<li>Ancho: 80 mm<\/li>\n<li>Profundidad: 110 mm<\/li>\n<li>Altura: 50 mm<\/li>\n<\/ul>\n<\/li>\n<li><strong>Control de energ\u00eda:<\/strong>\n<ul>\n<li>Fuente de energ\u00eda: Recargable<\/li>\n<li>Tecnolog\u00eda de bater\u00eda: 400 mAh<\/li>\n<\/ul>\n<\/li>\n<li><strong>Empaquetado:<\/strong>\n<ul>\n<li>Interfaz de receptor inal\u00e1mbrico: USB tipo A<\/li>\n<li>Receptor incluido: S\u00ed<\/li>\n<li>Gu\u00eda de configuraci\u00f3n r\u00e1pida: S\u00ed<\/li>\n<li>Manual de usuario: S\u00ed<\/li>\n<li>Cantidad: 1<\/li>\n<\/ul>\n<\/li>\n<li><strong>Ergonom\u00eda:<\/strong>\n<ul>\n<li>Alcance inal\u00e1mbrico: 10 m<\/li>\n<\/ul>\n<\/li>\n<li><strong>Dise\u00f1o:<\/strong>\n<ul>\n<li>Color del producto: Azul<\/li>\n<li>Factor de forma: Mano derecha<\/li>\n<li>Coloraci\u00f3n de superficie: Mon\u00f3tono<\/li>\n<\/ul>\n<\/li>\n<li><strong>Rat\u00f3n:<\/strong>\n<ul>\n<li>Interfaz del dispositivo: RF inal\u00e1mbrico<\/li>\n<li>Cantidad de botones: 4<\/li>\n<li>Tecnolog\u00eda de detecci\u00f3n de movimientos: \u00d3ptico<\/li>\n<li>Resoluci\u00f3n de movimiento: 800, 1200, 1600 DPI<\/li>\n<li>Uso recomendado: Universal<\/li>\n<li>N\u00famero de ruedas de desplazamiento: 1<\/li>\n<li>Direcciones de desplazamiento: Vertical\/Horizontal<\/li>\n<li>Tipo de desplazamiento: Rueda<\/li>\n<li>Tipo de botones: Botones presionados<\/li>\n<\/ul>\n<\/li>\n<\/ul>\n<\/div>\n","protected":false},"excerpt":{"rendered":"<p><span style=\"color: #ff0000;\"><strong>\u00a1ENV\u00cdO GRATIS!<\/strong><\/span><\/p>\n","protected":false},"featured_media":220040,"comment_status":"open","ping_status":"closed","template":"","meta":{"_joinchat":[]},"product_cat":[6536,6555,6979],"product_tag":[],"class_list":{"0":"post-220039","1":"product","2":"type-product","3":"status-publish","4":"has-post-thumbnail","6":"product_cat-informatica-y-ocio","7":"product_cat-ordenadores-informatica-y-gaming","8":"product_cat-ratones","10":"first","11":"instock","12":"taxable","13":"shipping-taxable","14":"purchasable","15":"product-type-simple"},"_links":{"self":[{"href":"https:\/\/desdropi.com\/elparque\/wp-json\/wp\/v2\/product\/220039"}],"collection":[{"href":"https:\/\/desdropi.com\/elparque\/wp-json\/wp\/v2\/product"}],"about":[{"href":"https:\/\/desdropi.com\/elparque\/wp-json\/wp\/v2\/types\/product"}],"replies":[{"embeddable":true,"href":"https:\/\/desdropi.com\/elparque\/wp-json\/wp\/v2\/comments?post=220039"}],"version-history":[{"count":0,"href":"https:\/\/desdropi.com\/elparque\/wp-json\/wp\/v2\/product\/220039\/revisions"}],"wp:featuredmedia":[{"embeddable":true,"href":"https:\/\/desdropi.com\/elparque\/wp-json\/wp\/v2\/media\/220040"}],"wp:attachment":[{"href":"https:\/\/desdropi.com\/elparque\/wp-json\/wp\/v2\/media?parent=220039"}],"wp:term":[{"taxonomy":"product_cat","embeddable":true,"href":"https:\/\/desdropi.com\/elparque\/wp-json\/wp\/v2\/product_cat?post=220039"},{"taxonomy":"product_tag","embeddable":true,"href":"https:\/\/desdropi.com\/elparque\/wp-json\/wp\/v2\/product_tag?post=220039"}],"curies":[{"name":"wp","href":"https:\/\/api.w.org\/{rel}","templated":true}]}}