{"id":220046,"date":"2024-04-23T09:40:24","date_gmt":"2024-04-23T07:40:24","guid":{"rendered":"https:\/\/desdropi.com\/elparque\/?post_type=product&#038;p=220046"},"modified":"2024-05-18T11:48:48","modified_gmt":"2024-05-18T09:48:48","slug":"raton-logitech-m190-wireless-gris","status":"publish","type":"product","link":"https:\/\/desdropi.com\/elparque\/raton-logitech-m190-wireless-gris\/","title":{"rendered":"RATON LOGITECH M190 WIRELESS GRIS"},"content":{"rendered":"<div class=\"descripcion-tab\">\n<ul>\n<li><strong>Nombre del producto:<\/strong> LOGITECH 910-005906<\/li>\n<li><strong>Marca:<\/strong> LOGITECH<\/li>\n<li><strong>Modelo:<\/strong> 910-005906<\/li>\n<li><strong>EAN:<\/strong> 5099206091832<\/li>\n<li><strong>Requisitos del sistema:<\/strong>\n<ul>\n<li>Sistema operativo Windows soportado: Windows 10, Windows 11, Windows 7, Windows 8<\/li>\n<li>Sistema operativo MAC soportado: Mac OS X 10.10 Yosemite<\/li>\n<li>Sistema operativo Linux soportado: S\u00ed<\/li>\n<li>Otros sistemas operativos soportados: ChromeOS<\/li>\n<\/ul>\n<\/li>\n<li><strong>Peso y dimensiones:<\/strong>\n<ul>\n<li>Ancho: 66,1 mm<\/li>\n<li>Profundidad: 115,4 mm<\/li>\n<li>Altura: 40,3 mm<\/li>\n<li>Peso: 89,9 g<\/li>\n<li>Ancho de receptor: 1,44 mm<\/li>\n<li>Fondo del receptor: 6,1 mm<\/li>\n<li>Altura del receptor: 1,87 mm<\/li>\n<li>Peso del receptor: 2 g<\/li>\n<\/ul>\n<\/li>\n<li><strong>Control de energ\u00eda:<\/strong>\n<ul>\n<li>Fuente de energ\u00eda: Bater\u00edas<\/li>\n<li>Numero de bater\u00edas soportadas: 1<\/li>\n<li>Tipo de bater\u00eda: AA<\/li>\n<li>Vida de bater\u00eda en servicio: 18 meses<\/li>\n<li>Tecnolog\u00eda de bater\u00eda: Alcalino<\/li>\n<\/ul>\n<\/li>\n<li><strong>Empaquetado:<\/strong>\n<ul>\n<li>Cantidad: 1<\/li>\n<li>Ancho del paquete: 79,2 mm<\/li>\n<li>Peso del paquete: 139 g<\/li>\n<li>Profundidad del paquete: 128 mm<\/li>\n<li>Altura del paquete: 183 mm<\/li>\n<\/ul>\n<\/li>\n<li><strong>Contenido del embalaje:<\/strong>\n<ul>\n<li>Receptor incluido: S\u00ed<\/li>\n<li>Interfaz de receptor inal\u00e1mbrico: USB tipo A<\/li>\n<li>Tipo de receptor: Nanorreceptor<\/li>\n<\/ul>\n<\/li>\n<li><strong>Dise\u00f1o:<\/strong>\n<ul>\n<li>Factor de forma: Ambidextro<\/li>\n<li>Color del producto: Negro, Gris<\/li>\n<li>Coloraci\u00f3n de superficie: Monocromo<\/li>\n<\/ul>\n<\/li>\n<li><strong>Rat\u00f3n:<\/strong>\n<ul>\n<li>Utilizar con: Oficina<\/li>\n<li>Interfaz del dispositivo: RF inal\u00e1mbrico<\/li>\n<li>Tecnolog\u00eda de detecci\u00f3n de movimientos: \u00d3ptico<\/li>\n<li>Tipo de desplazamiento: Rueda<\/li>\n<li>Cantidad de botones: 3<\/li>\n<li>Tipo de botones: Botones presionados<\/li>\n<li>Resoluci\u00f3n de movimiento: 1000 DPI<\/li>\n<li>N\u00famero de ruedas de desplazamiento: 1<\/li>\n<li>Direcciones de desplazamiento: Vertical<\/li>\n<li>Frecuencia de banda: 2.4 GHz<\/li>\n<\/ul>\n<\/li>\n<li><strong>Datos log\u00edsticos:<\/strong>\n<ul>\n<li>Peso del envase completo: 1,59 kg<\/li>\n<li>Alto de la caja principal: 258 mm<\/li>\n<li>Longitud de la caja: 374 mm<\/li>\n<li>Largo de la caja principal: 105 mm<\/li>\n<li>C\u00f3digo de Sistema de Armonizaci\u00f3n (SA): 84716070<\/li>\n<\/ul>\n<\/li>\n<\/ul>\n<\/div>\n","protected":false},"excerpt":{"rendered":"<p>Nombre del producto: LOGITECH 910-005906 Marca: LOGITECH Modelo: 910-005906 EAN: 5099206091832 Requisitos del sistema: Sistema operativo Windows soportado: Windows 10,<\/p>\n","protected":false},"featured_media":220047,"comment_status":"open","ping_status":"closed","template":"","meta":{"_joinchat":[]},"product_cat":[6536,6555,6979],"product_tag":[],"class_list":{"0":"post-220046","1":"product","2":"type-product","3":"status-publish","4":"has-post-thumbnail","6":"product_cat-informatica-y-ocio","7":"product_cat-ordenadores-informatica-y-gaming","8":"product_cat-ratones","10":"first","11":"instock","12":"taxable","13":"shipping-taxable","14":"purchasable","15":"product-type-simple"},"_links":{"self":[{"href":"https:\/\/desdropi.com\/elparque\/wp-json\/wp\/v2\/product\/220046"}],"collection":[{"href":"https:\/\/desdropi.com\/elparque\/wp-json\/wp\/v2\/product"}],"about":[{"href":"https:\/\/desdropi.com\/elparque\/wp-json\/wp\/v2\/types\/product"}],"replies":[{"embeddable":true,"href":"https:\/\/desdropi.com\/elparque\/wp-json\/wp\/v2\/comments?post=220046"}],"version-history":[{"count":0,"href":"https:\/\/desdropi.com\/elparque\/wp-json\/wp\/v2\/product\/220046\/revisions"}],"wp:featuredmedia":[{"embeddable":true,"href":"https:\/\/desdropi.com\/elparque\/wp-json\/wp\/v2\/media\/220047"}],"wp:attachment":[{"href":"https:\/\/desdropi.com\/elparque\/wp-json\/wp\/v2\/media?parent=220046"}],"wp:term":[{"taxonomy":"product_cat","embeddable":true,"href":"https:\/\/desdropi.com\/elparque\/wp-json\/wp\/v2\/product_cat?post=220046"},{"taxonomy":"product_tag","embeddable":true,"href":"https:\/\/desdropi.com\/elparque\/wp-json\/wp\/v2\/product_tag?post=220046"}],"curies":[{"name":"wp","href":"https:\/\/api.w.org\/{rel}","templated":true}]}}