{"id":220054,"date":"2024-04-23T09:46:11","date_gmt":"2024-04-23T07:46:11","guid":{"rendered":"https:\/\/desdropi.com\/elparque\/?post_type=product&#038;p=220054"},"modified":"2024-05-18T12:01:07","modified_gmt":"2024-05-18T10:01:07","slug":"raton-marvo-fit-pro-wireless-gaming","status":"publish","type":"product","link":"https:\/\/desdropi.com\/elparque\/raton-marvo-fit-pro-wireless-gaming\/","title":{"rendered":"RATON MARVO FIT PRO WIRELESS GAMING"},"content":{"rendered":"<div class=\"descripcion-tab\">\n<ul>\n<li><strong>Nombre del producto:<\/strong> MARVO MA-FIT PRO<\/li>\n<li><strong>Marca:<\/strong> MARVO<\/li>\n<li><strong>Modelo:<\/strong> MA-FIT PRO<\/li>\n<li><strong>EAN:<\/strong> 6932391926154<\/li>\n<li><strong>Requisitos del sistema:<\/strong>\n<ul>\n<li>Sistema operativo Windows soportado: S\u00ed<\/li>\n<li>Sistema operativo MAC soportado: S\u00ed<\/li>\n<li>Sistema operativo Linux soportado: S\u00ed<\/li>\n<\/ul>\n<\/li>\n<li><strong>Peso y dimensiones:<\/strong>\n<ul>\n<li>Peso: 96 g<\/li>\n<\/ul>\n<\/li>\n<li><strong>Control de energ\u00eda:<\/strong>\n<ul>\n<li>Fuente de energ\u00eda: Bater\u00eda 600 mAh<\/li>\n<\/ul>\n<\/li>\n<li><strong>Empaquetado:<\/strong>\n<ul>\n<li>Cantidad: 1<\/li>\n<li>Tipo de embalaje: Caja<\/li>\n<\/ul>\n<\/li>\n<li><strong>Ergonom\u00eda:<\/strong>\n<ul>\n<li><strong>Dise\u00f1o:<\/strong>\n<ul>\n<li>Factor de forma: Mano derecha<\/li>\n<li>Color del producto: Blanco<\/li>\n<li>Coloraci\u00f3n de superficie: Mon\u00f3tono<\/li>\n<li>Iluminaci\u00f3n: S\u00ed<\/li>\n<li>Iluminaci\u00f3n de color: Multi<\/li>\n<\/ul>\n<\/li>\n<\/ul>\n<\/li>\n<li><strong>Rat\u00f3n:<\/strong>\n<ul>\n<li>Utilizar con: Juego, oficina<\/li>\n<li>Interfaz del dispositivo: USB tipo A<\/li>\n<li>Tecnolog\u00eda de detecci\u00f3n de movimientos: \u00d3ptico<\/li>\n<li>Tipo de desplazamiento: Rueda<\/li>\n<li>Cantidad de botones: 6<\/li>\n<li>Tipo de botones: Botones presionados<\/li>\n<li>Resoluci\u00f3n de movimiento: 19000 DPI<\/li>\n<li>Personalizable resoluci\u00f3n movimiento: S\u00ed<\/li>\n<li>Botones de rat\u00f3n programables: S\u00ed<\/li>\n<li>Aceleraci\u00f3n (m\u00e1x.): 50<\/li>\n<li>Frecuencia de sondeo: 1000 Hz<\/li>\n<li>N\u00famero de ruedas de desplazamiento: 1<\/li>\n<li>Direcciones de desplazamiento: Vertical<\/li>\n<\/ul>\n<\/li>\n<\/ul>\n<\/div>\n","protected":false},"excerpt":{"rendered":"<p>Nombre del producto: MARVO MA-FIT PRO Marca: MARVO Modelo: MA-FIT PRO EAN: 6932391926154 Requisitos del sistema: Sistema operativo Windows soportado:<\/p>\n","protected":false},"featured_media":220056,"comment_status":"open","ping_status":"closed","template":"","meta":{"_joinchat":[]},"product_cat":[6536,6562,6982],"product_tag":[],"class_list":{"0":"post-220054","1":"product","2":"type-product","3":"status-publish","4":"has-post-thumbnail","6":"product_cat-informatica-y-ocio","7":"product_cat-gaming-informatica-y-gaming","8":"product_cat-ratones-gaming-informatica-y-gaming","10":"first","11":"instock","12":"taxable","13":"shipping-taxable","14":"purchasable","15":"product-type-simple"},"_links":{"self":[{"href":"https:\/\/desdropi.com\/elparque\/wp-json\/wp\/v2\/product\/220054"}],"collection":[{"href":"https:\/\/desdropi.com\/elparque\/wp-json\/wp\/v2\/product"}],"about":[{"href":"https:\/\/desdropi.com\/elparque\/wp-json\/wp\/v2\/types\/product"}],"replies":[{"embeddable":true,"href":"https:\/\/desdropi.com\/elparque\/wp-json\/wp\/v2\/comments?post=220054"}],"version-history":[{"count":0,"href":"https:\/\/desdropi.com\/elparque\/wp-json\/wp\/v2\/product\/220054\/revisions"}],"wp:featuredmedia":[{"embeddable":true,"href":"https:\/\/desdropi.com\/elparque\/wp-json\/wp\/v2\/media\/220056"}],"wp:attachment":[{"href":"https:\/\/desdropi.com\/elparque\/wp-json\/wp\/v2\/media?parent=220054"}],"wp:term":[{"taxonomy":"product_cat","embeddable":true,"href":"https:\/\/desdropi.com\/elparque\/wp-json\/wp\/v2\/product_cat?post=220054"},{"taxonomy":"product_tag","embeddable":true,"href":"https:\/\/desdropi.com\/elparque\/wp-json\/wp\/v2\/product_tag?post=220054"}],"curies":[{"name":"wp","href":"https:\/\/api.w.org\/{rel}","templated":true}]}}