{"id":220062,"date":"2024-04-23T09:49:57","date_gmt":"2024-04-23T07:49:57","guid":{"rendered":"https:\/\/desdropi.com\/elparque\/?post_type=product&#038;p=220062"},"modified":"2024-05-18T12:02:10","modified_gmt":"2024-05-18T10:02:10","slug":"raton-logitech-m185-wireless-gris-910-002235","status":"publish","type":"product","link":"https:\/\/desdropi.com\/elparque\/raton-logitech-m185-wireless-gris-910-002235\/","title":{"rendered":"RATON LOGITECH M185 WIRELESS GRIS 910-002235"},"content":{"rendered":"<div class=\"descripcion-tab\">\n<div class=\"flex-1 overflow-hidden\">\n<div class=\"react-scroll-to-bottom--css-qihcb-79elbk h-full\">\n<div class=\"react-scroll-to-bottom--css-qihcb-1n7m0yu\">\n<div>\n<div class=\"flex flex-col text-sm pb-9\">\n<div class=\"w-full text-token-text-primary\" dir=\"auto\" data-testid=\"conversation-turn-47\">\n<div class=\"px-4 py-2 justify-center text-base md:gap-6 m-auto\">\n<div class=\"flex flex-1 text-base mx-auto gap-3 juice:gap-4 juice:md:gap-6 md:px-5 lg:px-1 xl:px-5 md:max-w-3xl lg:max-w-[40rem] xl:max-w-[48rem]\">\n<div class=\"relative flex w-full flex-col agent-turn\">\n<div class=\"flex-col gap-1 md:gap-3\">\n<div class=\"flex flex-grow flex-col max-w-full\">\n<div class=\"min-h-[20px] text-message flex flex-col items-start gap-3 whitespace-pre-wrap break-words [.text-message+&amp;]:mt-5 overflow-x-auto\" dir=\"auto\" data-message-author-role=\"assistant\" data-message-id=\"7b44d740-b64f-4afa-95a9-68c64612c65d\">\n<div class=\"markdown prose w-full break-words dark:prose-invert light\">\n<ul>\n<li><strong>Nombre del producto:<\/strong> LOGITECH 910-002235<\/li>\n<li><strong>Marca:<\/strong> LOGITECH<\/li>\n<li><strong>Modelo:<\/strong> 910-002235<\/li>\n<li><strong>EAN:<\/strong> 5099206027275<\/li>\n<li><strong>Requisitos del sistema:<\/strong>\n<ul>\n<li>Sistema operativo Linux soportado: S\u00ed<\/li>\n<li>Sistema operativo Windows soportado: Windows 10, Windows 11<\/li>\n<li>Otros sistemas operativos soportados: ChromeOS<\/li>\n<\/ul>\n<\/li>\n<li><strong>Peso y dimensiones:<\/strong>\n<ul>\n<li>Peso: 75,2 g<\/li>\n<li>Ancho: 60 mm<\/li>\n<li>Profundidad: 39 mm<\/li>\n<li>Altura: 99 mm<\/li>\n<li>Ancho de receptor: 1,87 mm<\/li>\n<li>Fondo del receptor: 6,1 mm<\/li>\n<li>Altura del receptor: 1,44 mm<\/li>\n<li>Peso del receptor: 1,8 g<\/li>\n<\/ul>\n<\/li>\n<li><strong>Control de energ\u00eda:<\/strong>\n<ul>\n<li>Tipo de bater\u00eda: AA<\/li>\n<li>Numero de bater\u00edas soportadas: 2<\/li>\n<li>Vida de bater\u00eda en servicio: 12 meses<\/li>\n<li>Fuente de energ\u00eda: Bater\u00edas<\/li>\n<li>Tecnolog\u00eda de bater\u00eda: Alcalino<\/li>\n<\/ul>\n<\/li>\n<li><strong>Empaquetado:<\/strong>\n<ul>\n<li>Interfaz de receptor inal\u00e1mbrico: USB tipo A<\/li>\n<li>Tipo de receptor: Nanorreceptor<\/li>\n<li>Receptor incluido: S\u00ed<\/li>\n<li>Pilas incluidas: S\u00ed<\/li>\n<li>Manual de usuario: S\u00ed<\/li>\n<li>Ancho del paquete: 126 mm<\/li>\n<li>Profundidad del paquete: 186 mm<\/li>\n<li>Altura del paquete: 83 mm<\/li>\n<li>Peso del paquete: 122,4 g<\/li>\n<\/ul>\n<\/li>\n<li><strong>Ergonom\u00eda:<\/strong>\n<ul>\n<li>Conectar y usar (Plug and Play): S\u00ed<\/li>\n<li>Alcance inal\u00e1mbrico: 10 m<\/li>\n<\/ul>\n<\/li>\n<li><strong>Dise\u00f1o:<\/strong>\n<ul>\n<li>Factor de forma: Ambidextro<\/li>\n<li>Color del producto: Gris<\/li>\n<\/ul>\n<\/li>\n<li><strong>Rat\u00f3n:<\/strong>\n<ul>\n<li>Interfaz del dispositivo: RF inal\u00e1mbrico<\/li>\n<li>Cantidad de botones: 3<\/li>\n<li>Tecnolog\u00eda de detecci\u00f3n de movimientos: \u00d3ptico<\/li>\n<li>Resoluci\u00f3n de movimiento: 1000 DPI<\/li>\n<li>Frecuencia de banda: 2.4 GHz<\/li>\n<li>Utilizar con: Oficina<\/li>\n<li>Uso recomendado: Port\u00e1til<\/li>\n<li>Tipo de botones: Botones presionados<\/li>\n<li>Tipo de desplazamiento: Rueda<\/li>\n<li>N\u00famero de ruedas de desplazamiento: 1<\/li>\n<li>Direcciones de desplazamiento: Vertical<\/li>\n<\/ul>\n<\/li>\n<li><strong>Datos log\u00edsticos:<\/strong>\n<ul>\n<li>Caja GTIN (EAN\/UPC): 50992060272716<\/li>\n<li>Largo de la caja principal: 10,1 mm<\/li>\n<li>Longitud de la caja: 36,2 mm<\/li>\n<li>Alto de la caja principal: 25,9 mm<\/li>\n<li>Peso del envase completo: 1,45 kg<\/li>\n<li>Cantidad por pal\u00e9: 980<\/li>\n<li>Cantidad por contenedor (20ft): 20000<\/li>\n<li>Cantidad por contenedor (40ft): 41200<\/li>\n<li>Cantidad por contenedor intermodal (40ft, HC): 46350<\/li>\n<\/ul>\n<\/li>\n<\/ul>\n<\/div>\n<\/div>\n<\/div>\n<div class=\"mt-1 flex gap-3 empty:hidden\">\n<div class=\"text-gray-400 flex self-end lg:self-center items-center justify-center lg:justify-start mt-0 -ml-1 h-7 gap-[2px] visible\">\n<p>&nbsp;<\/p>\n<div class=\"flex items-center gap-1.5 text-xs\"><\/div>\n<div class=\"flex\"><\/div>\n<\/div>\n<\/div>\n<div class=\"pr-2 lg:pr-0\"><\/div>\n<\/div>\n<div class=\"absolute\">\n<div class=\"flex w-full gap-2 items-center justify-center\"><\/div>\n<\/div>\n<\/div>\n<\/div>\n<\/div>\n<\/div>\n<\/div>\n<\/div>\n<\/div>\n<\/div>\n<\/div>\n<div class=\"w-full pt-2 md:pt-0 dark:border-white\/20 md:border-transparent md:dark:border-transparent md:w-[calc(100%-.5rem)]\">\n<form class=\"stretch mx-2 flex flex-row gap-3 last:mb-2 md:mx-4 md:last:mb-6 lg:mx-auto lg:max-w-2xl xl:max-w-3xl\">\n<div class=\"relative flex h-full flex-1 flex-col\">\n<div class=\"absolute bottom-full left-0 right-0\"><\/div>\n<div class=\"flex w-full items-center\"><\/div>\n<\/div>\n<\/form>\n<\/div>\n<\/div>\n","protected":false},"excerpt":{"rendered":"<p>Nombre del producto: LOGITECH 910-002235 Marca: LOGITECH Modelo: 910-002235 EAN: 5099206027275 Requisitos del sistema: Sistema operativo Linux soportado: S\u00ed Sistema<\/p>\n","protected":false},"featured_media":220063,"comment_status":"open","ping_status":"closed","template":"","meta":{"_joinchat":[]},"product_cat":[6536,6555,6979],"product_tag":[],"class_list":{"0":"post-220062","1":"product","2":"type-product","3":"status-publish","4":"has-post-thumbnail","6":"product_cat-informatica-y-ocio","7":"product_cat-ordenadores-informatica-y-gaming","8":"product_cat-ratones","10":"first","11":"instock","12":"taxable","13":"shipping-taxable","14":"purchasable","15":"product-type-simple"},"_links":{"self":[{"href":"https:\/\/desdropi.com\/elparque\/wp-json\/wp\/v2\/product\/220062"}],"collection":[{"href":"https:\/\/desdropi.com\/elparque\/wp-json\/wp\/v2\/product"}],"about":[{"href":"https:\/\/desdropi.com\/elparque\/wp-json\/wp\/v2\/types\/product"}],"replies":[{"embeddable":true,"href":"https:\/\/desdropi.com\/elparque\/wp-json\/wp\/v2\/comments?post=220062"}],"version-history":[{"count":0,"href":"https:\/\/desdropi.com\/elparque\/wp-json\/wp\/v2\/product\/220062\/revisions"}],"wp:featuredmedia":[{"embeddable":true,"href":"https:\/\/desdropi.com\/elparque\/wp-json\/wp\/v2\/media\/220063"}],"wp:attachment":[{"href":"https:\/\/desdropi.com\/elparque\/wp-json\/wp\/v2\/media?parent=220062"}],"wp:term":[{"taxonomy":"product_cat","embeddable":true,"href":"https:\/\/desdropi.com\/elparque\/wp-json\/wp\/v2\/product_cat?post=220062"},{"taxonomy":"product_tag","embeddable":true,"href":"https:\/\/desdropi.com\/elparque\/wp-json\/wp\/v2\/product_tag?post=220062"}],"curies":[{"name":"wp","href":"https:\/\/api.w.org\/{rel}","templated":true}]}}