{"id":220066,"date":"2024-04-23T09:54:50","date_gmt":"2024-04-23T07:54:50","guid":{"rendered":"https:\/\/desdropi.com\/elparque\/?post_type=product&#038;p=220066"},"modified":"2024-05-18T12:03:31","modified_gmt":"2024-05-18T10:03:31","slug":"raton-phoenix-void-12000-dpi-gaming-negro","status":"publish","type":"product","link":"https:\/\/desdropi.com\/elparque\/raton-phoenix-void-12000-dpi-gaming-negro\/","title":{"rendered":"RATON PHOENIX VOID 12000 DPI GAMING NEGRO"},"content":{"rendered":"<div class=\"descripcion-tab\">\n<div class=\"flex-1 overflow-hidden\">\n<div class=\"react-scroll-to-bottom--css-qihcb-79elbk h-full\">\n<div class=\"react-scroll-to-bottom--css-qihcb-1n7m0yu\">\n<div>\n<div class=\"flex flex-col text-sm pb-9\">\n<div class=\"w-full text-token-text-primary\" dir=\"auto\" data-testid=\"conversation-turn-49\">\n<div class=\"px-4 py-2 justify-center text-base md:gap-6 m-auto\">\n<div class=\"flex flex-1 text-base mx-auto gap-3 juice:gap-4 juice:md:gap-6 md:px-5 lg:px-1 xl:px-5 md:max-w-3xl lg:max-w-[40rem] xl:max-w-[48rem]\">\n<div class=\"relative flex w-full flex-col agent-turn\">\n<div class=\"flex-col gap-1 md:gap-3\">\n<div class=\"flex flex-grow flex-col max-w-full\">\n<div class=\"min-h-[20px] text-message flex flex-col items-start gap-3 whitespace-pre-wrap break-words [.text-message+&amp;]:mt-5 overflow-x-auto\" dir=\"auto\" data-message-author-role=\"assistant\" data-message-id=\"243299b9-842a-4e95-bd49-2af6e6c410d9\">\n<div class=\"markdown prose w-full break-words dark:prose-invert light\">\n<ul>\n<li><strong>Nombre del producto:<\/strong> PHOENIX PHVOIDB<\/li>\n<li><strong>Marca:<\/strong> PHOENIX<\/li>\n<li><strong>Modelo:<\/strong> PHVOIDB<\/li>\n<li><strong>EAN:<\/strong> 8436583236604<\/li>\n<li><strong>Requisitos del sistema:<\/strong>\n<ul>\n<li>Fuente de energ\u00eda: USB<\/li>\n<\/ul>\n<\/li>\n<li><strong>Peso y dimensiones:<\/strong>\n<ul>\n<li>Ancho: 72 mm<\/li>\n<li>Profundidad: 128 mm<\/li>\n<li>Altura: 40 mm<\/li>\n<li>Peso: 0,16 kg<\/li>\n<\/ul>\n<\/li>\n<li><strong>Empaquetado:<\/strong>\n<ul>\n<li>Manual de usuario: S\u00ed<\/li>\n<li>Cantidad: 1<\/li>\n<\/ul>\n<\/li>\n<li><strong>Ergonom\u00eda:<\/strong>\n<ul>\n<li><strong>Dise\u00f1o:<\/strong>\n<ul>\n<li>Color del producto: Negro, RGB<\/li>\n<li>Factor de forma: Derecho<\/li>\n<\/ul>\n<\/li>\n<\/ul>\n<\/li>\n<li><strong>Rat\u00f3n:<\/strong>\n<ul>\n<li>Tipo de botones: Botones presionados<\/li>\n<li>Cantidad de botones: 7<\/li>\n<li>Tipo de desplazamiento: Rueda<\/li>\n<li>Tecnolog\u00eda de detecci\u00f3n de movimientos: \u00d3ptico<\/li>\n<li>Resoluci\u00f3n de movimiento: 12000 DPI<\/li>\n<li>Uso recomendado: Universal<\/li>\n<li>N\u00famero de ruedas de desplazamiento: 1<\/li>\n<li>Direcciones de desplazamiento: Vertical<\/li>\n<\/ul>\n<\/li>\n<\/ul>\n<\/div>\n<\/div>\n<\/div>\n<div class=\"mt-1 flex gap-3 empty:hidden\">\n<div class=\"text-gray-400 flex self-end lg:self-center items-center justify-center lg:justify-start mt-0 -ml-1 h-7 gap-[2px] visible\">\n<p>&nbsp;<\/p>\n<div class=\"flex items-center gap-1.5 text-xs\"><\/div>\n<div class=\"flex\"><\/div>\n<\/div>\n<\/div>\n<div class=\"pr-2 lg:pr-0\"><\/div>\n<\/div>\n<div class=\"absolute\">\n<div class=\"flex w-full gap-2 items-center justify-center\"><\/div>\n<\/div>\n<\/div>\n<\/div>\n<\/div>\n<\/div>\n<\/div>\n<\/div>\n<\/div>\n<\/div>\n<\/div>\n<div class=\"w-full pt-2 md:pt-0 dark:border-white\/20 md:border-transparent md:dark:border-transparent md:w-[calc(100%-.5rem)]\">\n<form class=\"stretch mx-2 flex flex-row gap-3 last:mb-2 md:mx-4 md:last:mb-6 lg:mx-auto lg:max-w-2xl xl:max-w-3xl\">\n<div class=\"relative flex h-full flex-1 flex-col\">\n<div class=\"absolute bottom-full left-0 right-0\"><\/div>\n<div class=\"flex w-full items-center\"><\/div>\n<\/div>\n<\/form>\n<\/div>\n<\/div>\n","protected":false},"excerpt":{"rendered":"<p>Nombre del producto: PHOENIX PHVOIDB Marca: PHOENIX Modelo: PHVOIDB EAN: 8436583236604 Requisitos del sistema: Fuente de energ\u00eda: USB Peso y<\/p>\n","protected":false},"featured_media":220068,"comment_status":"open","ping_status":"closed","template":"","meta":{"_joinchat":[]},"product_cat":[6536,6562,6981],"product_tag":[],"class_list":{"0":"post-220066","1":"product","2":"type-product","3":"status-publish","4":"has-post-thumbnail","6":"product_cat-informatica-y-ocio","7":"product_cat-gaming-informatica-y-gaming","8":"product_cat-teclados-gaming-informatica-y-gaming","10":"first","11":"instock","12":"taxable","13":"shipping-taxable","14":"purchasable","15":"product-type-simple"},"_links":{"self":[{"href":"https:\/\/desdropi.com\/elparque\/wp-json\/wp\/v2\/product\/220066"}],"collection":[{"href":"https:\/\/desdropi.com\/elparque\/wp-json\/wp\/v2\/product"}],"about":[{"href":"https:\/\/desdropi.com\/elparque\/wp-json\/wp\/v2\/types\/product"}],"replies":[{"embeddable":true,"href":"https:\/\/desdropi.com\/elparque\/wp-json\/wp\/v2\/comments?post=220066"}],"version-history":[{"count":0,"href":"https:\/\/desdropi.com\/elparque\/wp-json\/wp\/v2\/product\/220066\/revisions"}],"wp:featuredmedia":[{"embeddable":true,"href":"https:\/\/desdropi.com\/elparque\/wp-json\/wp\/v2\/media\/220068"}],"wp:attachment":[{"href":"https:\/\/desdropi.com\/elparque\/wp-json\/wp\/v2\/media?parent=220066"}],"wp:term":[{"taxonomy":"product_cat","embeddable":true,"href":"https:\/\/desdropi.com\/elparque\/wp-json\/wp\/v2\/product_cat?post=220066"},{"taxonomy":"product_tag","embeddable":true,"href":"https:\/\/desdropi.com\/elparque\/wp-json\/wp\/v2\/product_tag?post=220066"}],"curies":[{"name":"wp","href":"https:\/\/api.w.org\/{rel}","templated":true}]}}