{"id":220074,"date":"2024-04-23T10:01:42","date_gmt":"2024-04-23T08:01:42","guid":{"rendered":"https:\/\/desdropi.com\/elparque\/?post_type=product&#038;p=220074"},"modified":"2024-05-18T12:10:45","modified_gmt":"2024-05-18T10:10:45","slug":"raton-hp-x4500-wireless-mouse-negro-hasta-1600-dpi","status":"publish","type":"product","link":"https:\/\/desdropi.com\/elparque\/raton-hp-x4500-wireless-mouse-negro-hasta-1600-dpi\/","title":{"rendered":"RATON HP X4500 WIRELESS MOUSE NEGRO HASTA 1600 DPI"},"content":{"rendered":"<div class=\"descripcion-tab\">\n<ul>\n<li><strong>Nombre del producto:<\/strong> HP H2W16AA<\/li>\n<li><strong>Marca:<\/strong> HP<\/li>\n<li><strong>Modelo:<\/strong> H2W16AA<\/li>\n<li><strong>EAN:<\/strong> 195122737023<\/li>\n<li><strong>Peso y dimensiones:<\/strong>\n<ul>\n<li>Profundidad: 74,2 mm<\/li>\n<li>Altura: 38,5 mm<\/li>\n<li>Ancho: 113,9 mm<\/li>\n<li>Peso: 80 g<\/li>\n<\/ul>\n<\/li>\n<li><strong>Control de energ\u00eda:<\/strong>\n<ul>\n<li>Tipo de bater\u00eda: AA<\/li>\n<li>N\u00famero de bater\u00edas soportadas: 2<\/li>\n<li>Fuente de energ\u00eda: Bater\u00edas<\/li>\n<\/ul>\n<\/li>\n<li><strong>Empaquetado:<\/strong>\n<ul>\n<li>Altura del paquete: 50,8 mm<\/li>\n<li>Ancho del paquete: 219,5 mm<\/li>\n<li>Peso del paquete: 210 g<\/li>\n<li>Profundidad del paquete: 158,5 mm<\/li>\n<li>Cantidad por paquete: 1<\/li>\n<\/ul>\n<\/li>\n<li><strong>Contenido del embalaje:<\/strong>\n<ul>\n<li>Interfaz de receptor inal\u00e1mbrico: USB tipo A<\/li>\n<li>Tipo de receptor: Nanorreceptor<\/li>\n<li>N\u00famero de productos incluidos: 1<\/li>\n<\/ul>\n<\/li>\n<li><strong>Otras caracter\u00edsticas:<\/strong>\n<ul>\n<li>Conexi\u00f3n inal\u00e1mbrica: S\u00ed<\/li>\n<\/ul>\n<\/li>\n<li><strong>Dise\u00f1o:<\/strong>\n<ul>\n<li>Color del producto: Negro<\/li>\n<li>Factor de forma: Ambidextro<\/li>\n<li>Segmento HP: Hogar<\/li>\n<\/ul>\n<\/li>\n<li><strong>Rat\u00f3n:<\/strong>\n<ul>\n<li>N\u00famero de ruedas de desplazamiento: 1<\/li>\n<li>Cantidad de botones: 20<\/li>\n<li>Tecnolog\u00eda de detecci\u00f3n de movimientos: L\u00e1ser<\/li>\n<li>Interfaz del dispositivo: RF inal\u00e1mbrico<\/li>\n<li>Tipo de desplazamiento: Rueda<\/li>\n<li>Rueda de desplazamiento: S\u00ed<\/li>\n<li>Uso recomendado: PC<\/li>\n<\/ul>\n<\/li>\n<li><strong>Datos log\u00edsticos:<\/strong>\n<ul>\n<li>Pa\u00eds de origen: China<\/li>\n<\/ul>\n<\/li>\n<\/ul>\n<\/div>\n","protected":false},"excerpt":{"rendered":"<p>Nombre del producto: HP H2W16AA Marca: HP Modelo: H2W16AA EAN: 195122737023 Peso y dimensiones: Profundidad: 74,2 mm Altura: 38,5 mm<\/p>\n","protected":false},"featured_media":220075,"comment_status":"open","ping_status":"closed","template":"","meta":{"_joinchat":[]},"product_cat":[6536,6555,6979],"product_tag":[],"class_list":{"0":"post-220074","1":"product","2":"type-product","3":"status-publish","4":"has-post-thumbnail","6":"product_cat-informatica-y-ocio","7":"product_cat-ordenadores-informatica-y-gaming","8":"product_cat-ratones","10":"first","11":"instock","12":"taxable","13":"shipping-taxable","14":"purchasable","15":"product-type-simple"},"_links":{"self":[{"href":"https:\/\/desdropi.com\/elparque\/wp-json\/wp\/v2\/product\/220074"}],"collection":[{"href":"https:\/\/desdropi.com\/elparque\/wp-json\/wp\/v2\/product"}],"about":[{"href":"https:\/\/desdropi.com\/elparque\/wp-json\/wp\/v2\/types\/product"}],"replies":[{"embeddable":true,"href":"https:\/\/desdropi.com\/elparque\/wp-json\/wp\/v2\/comments?post=220074"}],"version-history":[{"count":0,"href":"https:\/\/desdropi.com\/elparque\/wp-json\/wp\/v2\/product\/220074\/revisions"}],"wp:featuredmedia":[{"embeddable":true,"href":"https:\/\/desdropi.com\/elparque\/wp-json\/wp\/v2\/media\/220075"}],"wp:attachment":[{"href":"https:\/\/desdropi.com\/elparque\/wp-json\/wp\/v2\/media?parent=220074"}],"wp:term":[{"taxonomy":"product_cat","embeddable":true,"href":"https:\/\/desdropi.com\/elparque\/wp-json\/wp\/v2\/product_cat?post=220074"},{"taxonomy":"product_tag","embeddable":true,"href":"https:\/\/desdropi.com\/elparque\/wp-json\/wp\/v2\/product_tag?post=220074"}],"curies":[{"name":"wp","href":"https:\/\/api.w.org\/{rel}","templated":true}]}}