{"id":220087,"date":"2024-04-23T10:12:28","date_gmt":"2024-04-23T08:12:28","guid":{"rendered":"https:\/\/desdropi.com\/elparque\/?post_type=product&#038;p=220087"},"modified":"2024-05-18T12:06:17","modified_gmt":"2024-05-18T10:06:17","slug":"raton-phoenix-void-12000-dpi-gaming-blanco","status":"publish","type":"product","link":"https:\/\/desdropi.com\/elparque\/raton-phoenix-void-12000-dpi-gaming-blanco\/","title":{"rendered":"RATON PHOENIX VOID 12000 DPI GAMING BLANCO"},"content":{"rendered":"<div class=\"descripcion-tab\">\n<ul>\n<li><strong>Nombre del producto:<\/strong> PHOENIX PHVOIDW<\/li>\n<li><strong>Marca:<\/strong> PHOENIX<\/li>\n<li><strong>Modelo:<\/strong> PHVOIDW<\/li>\n<li><strong>EAN:<\/strong> 8436583236611<\/li>\n<li><strong>Requisitos del sistema:<\/strong>\n<ul>\n<li>No especificado.<\/li>\n<\/ul>\n<\/li>\n<li><strong>Peso y dimensiones:<\/strong>\n<ul>\n<li>Ancho: 72 mm<\/li>\n<li>Profundidad: 128 mm<\/li>\n<li>Altura: 40 mm<\/li>\n<li>Peso: 0,16 kg<\/li>\n<\/ul>\n<\/li>\n<li><strong>Control de energ\u00eda:<\/strong>\n<ul>\n<li>Fuente de energ\u00eda: USB<\/li>\n<\/ul>\n<\/li>\n<li><strong>Empaquetado:<\/strong>\n<ul>\n<li>Manual de usuario: S\u00ed<\/li>\n<li>Cantidad: 1<\/li>\n<\/ul>\n<\/li>\n<li><strong>Ergonom\u00eda:<\/strong>\n<ul>\n<li>No especificado.<\/li>\n<\/ul>\n<\/li>\n<li><strong>Dise\u00f1o:<\/strong>\n<ul>\n<li>Color del producto: Blanco, RGB<\/li>\n<li>Factor de forma: Derecho<\/li>\n<\/ul>\n<\/li>\n<li><strong>Rat\u00f3n:<\/strong>\n<ul>\n<li>Tipo de botones: Botones presionados<\/li>\n<li>Cantidad de botones: 7<\/li>\n<li>Tipo de desplazamiento: Rueda<\/li>\n<li>Tecnolog\u00eda de detecci\u00f3n de movimientos: \u00d3ptico<\/li>\n<li>Resoluci\u00f3n de movimiento: 12000<\/li>\n<li>Uso recomendado: Universal<\/li>\n<li>N\u00famero de ruedas de desplazamiento: 1<\/li>\n<li>Direcciones de desplazamiento: Vertical<\/li>\n<\/ul>\n<\/li>\n<\/ul>\n<\/div>\n","protected":false},"excerpt":{"rendered":"<p>Nombre del producto: PHOENIX PHVOIDW Marca: PHOENIX Modelo: PHVOIDW EAN: 8436583236611 Requisitos del sistema: No especificado. Peso y dimensiones: Ancho:<\/p>\n","protected":false},"featured_media":220092,"comment_status":"open","ping_status":"closed","template":"","meta":{"_joinchat":[]},"product_cat":[6536,6562,6982],"product_tag":[],"class_list":{"0":"post-220087","1":"product","2":"type-product","3":"status-publish","4":"has-post-thumbnail","6":"product_cat-informatica-y-ocio","7":"product_cat-gaming-informatica-y-gaming","8":"product_cat-ratones-gaming-informatica-y-gaming","10":"first","11":"instock","12":"taxable","13":"shipping-taxable","14":"purchasable","15":"product-type-simple"},"_links":{"self":[{"href":"https:\/\/desdropi.com\/elparque\/wp-json\/wp\/v2\/product\/220087"}],"collection":[{"href":"https:\/\/desdropi.com\/elparque\/wp-json\/wp\/v2\/product"}],"about":[{"href":"https:\/\/desdropi.com\/elparque\/wp-json\/wp\/v2\/types\/product"}],"replies":[{"embeddable":true,"href":"https:\/\/desdropi.com\/elparque\/wp-json\/wp\/v2\/comments?post=220087"}],"version-history":[{"count":0,"href":"https:\/\/desdropi.com\/elparque\/wp-json\/wp\/v2\/product\/220087\/revisions"}],"wp:featuredmedia":[{"embeddable":true,"href":"https:\/\/desdropi.com\/elparque\/wp-json\/wp\/v2\/media\/220092"}],"wp:attachment":[{"href":"https:\/\/desdropi.com\/elparque\/wp-json\/wp\/v2\/media?parent=220087"}],"wp:term":[{"taxonomy":"product_cat","embeddable":true,"href":"https:\/\/desdropi.com\/elparque\/wp-json\/wp\/v2\/product_cat?post=220087"},{"taxonomy":"product_tag","embeddable":true,"href":"https:\/\/desdropi.com\/elparque\/wp-json\/wp\/v2\/product_tag?post=220087"}],"curies":[{"name":"wp","href":"https:\/\/api.w.org\/{rel}","templated":true}]}}