{"id":220168,"date":"2024-04-23T11:32:10","date_gmt":"2024-04-23T09:32:10","guid":{"rendered":"https:\/\/desdropi.com\/elparque\/?post_type=product&#038;p=220168"},"modified":"2024-05-18T01:00:07","modified_gmt":"2024-05-17T23:00:07","slug":"extensor-de-cobertura-strong-repeater300v2","status":"publish","type":"product","link":"https:\/\/desdropi.com\/elparque\/extensor-de-cobertura-strong-repeater300v2\/","title":{"rendered":"EXTENSOR DE COBERTURA STRONG REPEATER300V2"},"content":{"rendered":"<div class=\"descripcion-tab\">\n<ul>\n<li><strong>Nombre del producto:<\/strong> STRONG<\/li>\n<li><strong>Marca:<\/strong> STRONG<\/li>\n<li><strong>Modelo:<\/strong> REPEATER300V2<\/li>\n<li><strong>EAN:<\/strong> 9120072370748<\/li>\n<\/ul>\n<p><strong>Puertos e Interfaces:<\/strong><\/p>\n<ul>\n<li>Tecnolog\u00eda de conectividad: Inal\u00e1mbrico y al\u00e1mbrico<\/li>\n<li>Ethernet LAN (RJ-45) cantidad de puertos: 2<\/li>\n<\/ul>\n<p><strong>Peso y dimensiones:<\/strong><\/p>\n<ul>\n<li>Ancho: 81 mm<\/li>\n<li>Profundidad: 83 mm<\/li>\n<li>Altura: 147 mm<\/li>\n<li>Peso: 130 g<\/li>\n<\/ul>\n<p><strong>Control de energ\u00eda:<\/strong><\/p>\n<ul>\n<li>Alimentaci\u00f3n: Corriente alterna<\/li>\n<li>Voltaje de entrada AC: 100 &#8211; 240<\/li>\n<li>Frecuencia de entrada AC: 50\/60<\/li>\n<\/ul>\n<p><strong>Condiciones ambientales:<\/strong><\/p>\n<ul>\n<li>Intervalo de temperatura operativa: 0 &#8211; 40<\/li>\n<li>Intervalo de humedad relativa para funcionamiento: 10 &#8211; 90<\/li>\n<li>Intervalo de temperatura de almacenaje: -10 &#8211; 70<\/li>\n<li>Intervalo de humedad relativa durante almacenaje: 10 &#8211; 90<\/li>\n<\/ul>\n<p><strong>Detalles t\u00e9cnicos:<\/strong><\/p>\n<ul>\n<li>Cumplimiento de sostenibilidad: S\u00ed<\/li>\n<li>Certificados de sostenibilidad: CE<\/li>\n<\/ul>\n<p><strong>Transmisi\u00f3n de datos:<\/strong><\/p>\n<ul>\n<li>Rango m\u00e1ximo de transferencia de datos: 300<\/li>\n<\/ul>\n<p><strong>Empaquetado:<\/strong><\/p>\n<ul>\n<li>Tipo de embalaje: Caja<\/li>\n<li>Cantidad por paquete: 1<\/li>\n<\/ul>\n<p><strong>Seguridad:<\/strong><\/p>\n<ul>\n<li>Algoritmos de seguridad soportados: WEP, WPA, WPA2<\/li>\n<li>Seguridad por pulsador WPS: S\u00ed<\/li>\n<\/ul>\n<p><strong>Contenido del embalaje:<\/strong><\/p>\n<ul>\n<li>Cables incluidos: LAN (RJ-45)<\/li>\n<li>Manual de usuario: S\u00ed<\/li>\n<\/ul>\n<p><strong>Antena:<\/strong><\/p>\n<ul>\n<li>Dise\u00f1o de la antena: Externo<\/li>\n<li>Ganancia de la antena (m\u00e1x): 3<\/li>\n<li>Cantidad de antenas: 2<\/li>\n<\/ul>\n<p><strong>Caracter\u00edsticas de LAN inal\u00e1mbrico:<\/strong><\/p>\n<ul>\n<li>Wifi: S\u00ed<\/li>\n<li>Banda Wi-Fi: Banda \u00fanica (2,4 GHz)<\/li>\n<li>Est\u00e1ndar Wi-Fi: Wi-Fi 4 (802.11n)<\/li>\n<li>Tasa de transferencia de datos WLAN (m\u00e1x.): 300<\/li>\n<li>Frecuencia de banda: 2.4 GHz<\/li>\n<li>Fuerza de la se\u00f1al: 20<\/li>\n<li>Cantidad de canales: 13<\/li>\n<\/ul>\n<p><strong>Caracter\u00edsticas de administraci\u00f3n:<\/strong><\/p>\n<ul>\n<li>Administaci\u00f3n basada en web: S\u00ed<\/li>\n<li>HDCP: S\u00ed<\/li>\n<li>DHCP, cliente: S\u00ed<\/li>\n<li>DHCP, servidor: S\u00ed<\/li>\n<li>Protocolos soportados: IPv4<\/li>\n<\/ul>\n<p><strong>Caracter\u00edsticas:<\/strong><\/p>\n<ul>\n<li>Tipo de producto: Repetidor de red<\/li>\n<li>Color del producto: Blanco<\/li>\n<li>Indicadores LED: S\u00ed<\/li>\n<li>Bot\u00f3n de restaurar: S\u00ed<\/li>\n<\/ul>\n<p><strong>Conexi\u00f3n:<\/strong><\/p>\n<ul>\n<li>Ethernet: S\u00ed<\/li>\n<li>Tipo de interfaz Ethernet LAN: Ethernet r\u00e1pido<\/li>\n<li>Ethernet LAN, velocidad de transferencia de datos: 10,100<\/li>\n<li>Est\u00e1ndares de red: IEEE 802.11b, IEEE 802.11g, IEEE 802.11n, IEEE 802.3, IEEE 802.3u<\/li>\n<li>Auto MDI \/ MDI-X: S\u00ed<\/li>\n<li>IP est\u00e1tica: S\u00ed<\/li>\n<li>IP din\u00e1mica: S\u00ed<\/li>\n<li>Protocolo punto a punto sobre Ethernet (PPPoE): S\u00ed<\/li>\n<\/ul>\n<\/div>\n","protected":false},"excerpt":{"rendered":"<p>Nombre del producto: STRONG Marca: STRONG Modelo: REPEATER300V2 EAN: 9120072370748 Puertos e Interfaces: Tecnolog\u00eda de conectividad: Inal\u00e1mbrico y al\u00e1mbrico Ethernet<\/p>\n","protected":false},"featured_media":220190,"comment_status":"open","ping_status":"closed","template":"","meta":{"_joinchat":[]},"product_cat":[7168,6536],"product_tag":[],"class_list":{"0":"post-220168","1":"product","2":"type-product","3":"status-publish","4":"has-post-thumbnail","6":"product_cat-amplificadores","7":"product_cat-informatica-y-ocio","9":"first","10":"instock","11":"taxable","12":"shipping-taxable","13":"purchasable","14":"product-type-simple"},"_links":{"self":[{"href":"https:\/\/desdropi.com\/elparque\/wp-json\/wp\/v2\/product\/220168"}],"collection":[{"href":"https:\/\/desdropi.com\/elparque\/wp-json\/wp\/v2\/product"}],"about":[{"href":"https:\/\/desdropi.com\/elparque\/wp-json\/wp\/v2\/types\/product"}],"replies":[{"embeddable":true,"href":"https:\/\/desdropi.com\/elparque\/wp-json\/wp\/v2\/comments?post=220168"}],"version-history":[{"count":0,"href":"https:\/\/desdropi.com\/elparque\/wp-json\/wp\/v2\/product\/220168\/revisions"}],"wp:featuredmedia":[{"embeddable":true,"href":"https:\/\/desdropi.com\/elparque\/wp-json\/wp\/v2\/media\/220190"}],"wp:attachment":[{"href":"https:\/\/desdropi.com\/elparque\/wp-json\/wp\/v2\/media?parent=220168"}],"wp:term":[{"taxonomy":"product_cat","embeddable":true,"href":"https:\/\/desdropi.com\/elparque\/wp-json\/wp\/v2\/product_cat?post=220168"},{"taxonomy":"product_tag","embeddable":true,"href":"https:\/\/desdropi.com\/elparque\/wp-json\/wp\/v2\/product_tag?post=220168"}],"curies":[{"name":"wp","href":"https:\/\/api.w.org\/{rel}","templated":true}]}}