{"id":220169,"date":"2024-04-23T11:20:07","date_gmt":"2024-04-23T09:20:07","guid":{"rendered":"https:\/\/desdropi.com\/elparque\/?post_type=product&#038;p=220169"},"modified":"2024-05-17T13:32:09","modified_gmt":"2024-05-17T11:32:09","slug":"silla-gaming-woxter-stinger-station-alien-blue","status":"publish","type":"product","link":"https:\/\/desdropi.com\/elparque\/silla-gaming-woxter-stinger-station-alien-blue\/","title":{"rendered":"SILLA GAMING WOXTER STINGER STATION ALIEN BLUE"},"content":{"rendered":"<div class=\"descripcion-tab\">\n<ul>\n<li><strong>Nombre del producto:<\/strong> WOXTER GM26-054<\/li>\n<li><strong>Marca:<\/strong> WOXTER<\/li>\n<li><strong>Modelo:<\/strong> GM26-054<\/li>\n<li><strong>EAN:<\/strong> 8435089029437<\/li>\n<li><strong>Peso y dimensiones:<\/strong>\n<ul>\n<li>Ancho: 620 mm<\/li>\n<li>Profundidad: 710 mm<\/li>\n<li>Altura (m\u00edn.): 116 mm<\/li>\n<li>Altura (m\u00e1x.): 126 mm<\/li>\n<li>Peso: 22,5 kg<\/li>\n<\/ul>\n<\/li>\n<li><strong>Empaquetado:<\/strong>\n<ul>\n<li>Cantidad por paquete: 1<\/li>\n<\/ul>\n<\/li>\n<li><strong>Contenido del embalaje:<\/strong>\n<ul>\n<li>Instrucciones de montaje: S\u00ed<\/li>\n<\/ul>\n<\/li>\n<li><strong>Ergonom\u00eda:<\/strong>\n<ul>\n<li>Reposacabezas: S\u00ed<\/li>\n<li>Protecci\u00f3n lateral: S\u00ed<\/li>\n<li>Plataforma de vuelo\/volante de carreras incluido: No<\/li>\n<li>Altura del asiento ajustable: S\u00ed<\/li>\n<\/ul>\n<\/li>\n<li><strong>Caracter\u00edsticas:<\/strong>\n<ul>\n<li>Tipo de producto: Silla para videojuegos de PC<\/li>\n<li>Tema: Racing<\/li>\n<li>Plataformas de juego soportadas: Universal<\/li>\n<li>Peso m\u00e1ximo del usuario: 150 kg<\/li>\n<li>Tipo de asiento: Asiento acolchado<\/li>\n<li>Color del asiento: Negro, Azul<\/li>\n<li>Tipo de respaldo: Respaldo acolchado<\/li>\n<li>Color de respaldo: Negro, Azul<\/li>\n<li>Color base: Antracita<\/li>\n<li>Material del asiento: Imitaci\u00f3n piel<\/li>\n<li>Material del respaldo: Imitaci\u00f3n piel<\/li>\n<li>Reposabrazos: S\u00ed<\/li>\n<li>Tipo de reposabrazos: Reposabrazos acolchado<\/li>\n<li>N\u00famero de ruedas: 5<\/li>\n<li>Rueda de reenv\u00edo: S\u00ed<\/li>\n<li>Material de las ruedas: Nylon<\/li>\n<li>Dise\u00f1o de plancha ergon\u00f3mico: S\u00ed<\/li>\n<li>Color de fotograma: Negro<\/li>\n<\/ul>\n<\/li>\n<\/ul>\n<\/div>\n","protected":false},"excerpt":{"rendered":"<p><span style=\"color: #ff0000;\"><strong>\u00a1ENV\u00cdO GRATIS!<\/strong><\/span><\/p>\n","protected":false},"featured_media":220171,"comment_status":"open","ping_status":"closed","template":"","meta":{"_joinchat":[]},"product_cat":[6536,6562,6563],"product_tag":[],"class_list":{"0":"post-220169","1":"product","2":"type-product","3":"status-publish","4":"has-post-thumbnail","6":"product_cat-informatica-y-ocio","7":"product_cat-gaming-informatica-y-gaming","8":"product_cat-sillas","10":"first","11":"instock","12":"sale","13":"taxable","14":"shipping-taxable","15":"purchasable","16":"product-type-simple"},"_links":{"self":[{"href":"https:\/\/desdropi.com\/elparque\/wp-json\/wp\/v2\/product\/220169"}],"collection":[{"href":"https:\/\/desdropi.com\/elparque\/wp-json\/wp\/v2\/product"}],"about":[{"href":"https:\/\/desdropi.com\/elparque\/wp-json\/wp\/v2\/types\/product"}],"replies":[{"embeddable":true,"href":"https:\/\/desdropi.com\/elparque\/wp-json\/wp\/v2\/comments?post=220169"}],"version-history":[{"count":0,"href":"https:\/\/desdropi.com\/elparque\/wp-json\/wp\/v2\/product\/220169\/revisions"}],"wp:featuredmedia":[{"embeddable":true,"href":"https:\/\/desdropi.com\/elparque\/wp-json\/wp\/v2\/media\/220171"}],"wp:attachment":[{"href":"https:\/\/desdropi.com\/elparque\/wp-json\/wp\/v2\/media?parent=220169"}],"wp:term":[{"taxonomy":"product_cat","embeddable":true,"href":"https:\/\/desdropi.com\/elparque\/wp-json\/wp\/v2\/product_cat?post=220169"},{"taxonomy":"product_tag","embeddable":true,"href":"https:\/\/desdropi.com\/elparque\/wp-json\/wp\/v2\/product_tag?post=220169"}],"curies":[{"name":"wp","href":"https:\/\/api.w.org\/{rel}","templated":true}]}}