{"id":220223,"date":"2024-04-23T11:55:20","date_gmt":"2024-04-23T09:55:20","guid":{"rendered":"https:\/\/desdropi.com\/elparque\/?post_type=product&#038;p=220223"},"modified":"2024-05-17T13:04:13","modified_gmt":"2024-05-17T11:04:13","slug":"extensor-de-covertura-tp-link-tl-wa850re-300mbps-w","status":"publish","type":"product","link":"https:\/\/desdropi.com\/elparque\/extensor-de-covertura-tp-link-tl-wa850re-300mbps-w\/","title":{"rendered":"EXTENSOR DE COVERTURA TP LINK TL-WA850RE 300MBPS W"},"content":{"rendered":"<div class=\"descripcion-tab\">\n<ul>\n<li><strong>Dos antenas internas:<\/strong> Se\u00f1ales m\u00e1s potentes que nunca, la cobertura de Wi-Fi hasta 300 Mbps, amplifica perfectamente hasta toda su casa.<\/li>\n<li><strong>Configuraci\u00f3n f\u00e1cil:<\/strong> S\u00f3lo necesita pulsar el bot\u00f3n &#8220;range extender&#8221; para ampliar f\u00e1cilmente la cobertura inal\u00e1mbrica.<\/li>\n<li><strong>Un puerto Ethernet:<\/strong> Permite funcionar al extensor como adaptador inal\u00e1mbrico para conectar dispositivos cableados.<\/li>\n<li><strong>Bajo consumo:<\/strong> S\u00f3lo 3W, ampl\u00eda Wi-Fi de su casa todos los d\u00edas sin notar el consumo de luz.<\/li>\n<li><strong>5 indicadores:<\/strong> Representan la intensidad de se\u00f1al actual que recibe, puede ayudar a encontrar la ubicaci\u00f3n id\u00f3nea para colocar el extensor de rango.<\/li>\n<li><strong>Frecuencia:<\/strong> 2.4~2.4835 GHz.<\/li>\n<\/ul>\n<\/div>\n","protected":false},"excerpt":{"rendered":"<p>Dos antenas internas: Se\u00f1ales m\u00e1s potentes que nunca, la cobertura de Wi-Fi hasta 300 Mbps, amplifica perfectamente hasta toda su<\/p>\n","protected":false},"featured_media":220231,"comment_status":"open","ping_status":"closed","template":"","meta":{"_joinchat":[]},"product_cat":[7168,6536],"product_tag":[],"class_list":{"0":"post-220223","1":"product","2":"type-product","3":"status-publish","4":"has-post-thumbnail","6":"product_cat-amplificadores","7":"product_cat-informatica-y-ocio","9":"first","10":"instock","11":"taxable","12":"shipping-taxable","13":"purchasable","14":"product-type-simple"},"_links":{"self":[{"href":"https:\/\/desdropi.com\/elparque\/wp-json\/wp\/v2\/product\/220223"}],"collection":[{"href":"https:\/\/desdropi.com\/elparque\/wp-json\/wp\/v2\/product"}],"about":[{"href":"https:\/\/desdropi.com\/elparque\/wp-json\/wp\/v2\/types\/product"}],"replies":[{"embeddable":true,"href":"https:\/\/desdropi.com\/elparque\/wp-json\/wp\/v2\/comments?post=220223"}],"version-history":[{"count":0,"href":"https:\/\/desdropi.com\/elparque\/wp-json\/wp\/v2\/product\/220223\/revisions"}],"wp:featuredmedia":[{"embeddable":true,"href":"https:\/\/desdropi.com\/elparque\/wp-json\/wp\/v2\/media\/220231"}],"wp:attachment":[{"href":"https:\/\/desdropi.com\/elparque\/wp-json\/wp\/v2\/media?parent=220223"}],"wp:term":[{"taxonomy":"product_cat","embeddable":true,"href":"https:\/\/desdropi.com\/elparque\/wp-json\/wp\/v2\/product_cat?post=220223"},{"taxonomy":"product_tag","embeddable":true,"href":"https:\/\/desdropi.com\/elparque\/wp-json\/wp\/v2\/product_tag?post=220223"}],"curies":[{"name":"wp","href":"https:\/\/api.w.org\/{rel}","templated":true}]}}