{"id":220277,"date":"2024-04-23T12:24:07","date_gmt":"2024-04-23T10:24:07","guid":{"rendered":"https:\/\/desdropi.com\/elparque\/?post_type=product&#038;p=220277"},"modified":"2024-05-17T13:35:12","modified_gmt":"2024-05-17T11:35:12","slug":"silla-gaming-drift-dr90-pro-gris-rosa","status":"publish","type":"product","link":"https:\/\/desdropi.com\/elparque\/silla-gaming-drift-dr90-pro-gris-rosa\/","title":{"rendered":"SILLA GAMING DRIFT DR90 PRO GRIS ROSA"},"content":{"rendered":"<div class=\"descripcion-tab\">\n<ul>\n<li><strong>Marca:<\/strong> DRIFT<\/li>\n<li><strong>Modelo:<\/strong> DR90PROP<\/li>\n<li><strong>EAN:<\/strong> 8436587973840<\/li>\n<\/ul>\n<p><strong>Peso y Dimensiones:<\/strong><\/p>\n<ul>\n<li>Ancho: 680 mm<\/li>\n<li>Profundidad: 630 mm<\/li>\n<li>Altura (min.): 124,5 mm<\/li>\n<li>Altura (m\u00e1x.): 132 mm<\/li>\n<li>Anchura del Asiento: 35,5 mm<\/li>\n<li>Altura del Asiento: 130 mm<\/li>\n<li>Altura del Asiento (m\u00edn.): 130 mm<\/li>\n<li>Altura del Asiento (m\u00e1x.): 140 mm<\/li>\n<li>Profundidad del Asiento: 35,5 mm<\/li>\n<li>Altura del Respaldo: 84 mm<\/li>\n<li>Ancho del Respaldo: 53 mm<\/li>\n<li>Anchura del Reposabrazos: 10 mm<\/li>\n<li>Peso: 19,1 kg<\/li>\n<li>Altura del Reposabrazos (m\u00edn.): 27,5 cm<\/li>\n<li>Altura del Reposabrazos (m\u00e1x.): 34,5 cm<\/li>\n<\/ul>\n<p><strong>Empaquetado:<\/strong><\/p>\n<ul>\n<li>Cantidad por Paquete: 1<\/li>\n<\/ul>\n<p><strong>Ergonom\u00eda:<\/strong><\/p>\n<ul>\n<li>Reposacabezas: S\u00ed<\/li>\n<li>Plataforma de Vuelo\/Volante de Carreras Incluido: No<\/li>\n<li>Anti-vuelco: S\u00ed<\/li>\n<\/ul>\n<p><strong>Caracter\u00edsticas:<\/strong><\/p>\n<ul>\n<li>Tipo de Producto: Silla para Videojuegos de PC<\/li>\n<li>Peso M\u00e1ximo del Usuario: 150 kg<\/li>\n<li>Material de la Base: Nylon<\/li>\n<li>Color del Fotograma: Negro<\/li>\n<li>Material del Marco: Metal<\/li>\n<li>Tipo de Asiento: Asiento Acolchado<\/li>\n<li>Color del Asiento: Gris, Rosa<\/li>\n<li>Material del Asiento: Tela, Espuma<\/li>\n<li>Tipo de Respaldo: Respaldo Acolchado<\/li>\n<li>Color del Respaldo: Gris, Rosa<\/li>\n<li>Material del Respaldo: Tela, Espuma<\/li>\n<li>Rango de \u00c1ngulos del Respaldo: 90\u00b0 &#8211; 135\u00b0<\/li>\n<li>Material de la Cubierta: Nylon<\/li>\n<li>Reposabrazos: S\u00ed<\/li>\n<li>Tipo de Reposabrazos: Reposabrazos Acolchado<\/li>\n<li>Reposabrazos Ajustable: S\u00ed (Tipo de ajuste: Reposabrazos 2D)<\/li>\n<li>Coj\u00edn Reposacuellos: S\u00ed<\/li>\n<li>Dise\u00f1o de Plancha Ergon\u00f3mico: S\u00ed<\/li>\n<li>Clase del Cilindro de Gas: 4<\/li>\n<li>Altura del Resorte de Gas (m\u00e1x.): 8<\/li>\n<li>Tipo de Mecanismo: Mecanismo de Mariposa<\/li>\n<li>Mecanismo del Asiento: Reclinaci\u00f3n por un solo punto<\/li>\n<li>Rueda de Reenv\u00edo: S\u00ed<\/li>\n<li>N\u00famero de Ruedas: 5<\/li>\n<li>Material de las Ruedas: Nylon<\/li>\n<li>Di\u00e1metro de la Rueda: 6 mm<\/li>\n<li>Ajuste de la Inclinaci\u00f3n: S\u00ed<\/li>\n<li>Color Base: Rosa<\/li>\n<\/ul>\n<\/div>\n","protected":false},"excerpt":{"rendered":"<p><span style=\"color: #ff0000;\"><strong>\u00a1ENV\u00cdO GRATIS!<\/strong><\/span><\/p>\n","protected":false},"featured_media":220279,"comment_status":"open","ping_status":"closed","template":"","meta":{"_joinchat":[]},"product_cat":[6536,6562,6563],"product_tag":[],"class_list":{"0":"post-220277","1":"product","2":"type-product","3":"status-publish","4":"has-post-thumbnail","6":"product_cat-informatica-y-ocio","7":"product_cat-gaming-informatica-y-gaming","8":"product_cat-sillas","10":"first","11":"instock","12":"sale","13":"taxable","14":"shipping-taxable","15":"purchasable","16":"product-type-simple"},"_links":{"self":[{"href":"https:\/\/desdropi.com\/elparque\/wp-json\/wp\/v2\/product\/220277"}],"collection":[{"href":"https:\/\/desdropi.com\/elparque\/wp-json\/wp\/v2\/product"}],"about":[{"href":"https:\/\/desdropi.com\/elparque\/wp-json\/wp\/v2\/types\/product"}],"replies":[{"embeddable":true,"href":"https:\/\/desdropi.com\/elparque\/wp-json\/wp\/v2\/comments?post=220277"}],"version-history":[{"count":0,"href":"https:\/\/desdropi.com\/elparque\/wp-json\/wp\/v2\/product\/220277\/revisions"}],"wp:featuredmedia":[{"embeddable":true,"href":"https:\/\/desdropi.com\/elparque\/wp-json\/wp\/v2\/media\/220279"}],"wp:attachment":[{"href":"https:\/\/desdropi.com\/elparque\/wp-json\/wp\/v2\/media?parent=220277"}],"wp:term":[{"taxonomy":"product_cat","embeddable":true,"href":"https:\/\/desdropi.com\/elparque\/wp-json\/wp\/v2\/product_cat?post=220277"},{"taxonomy":"product_tag","embeddable":true,"href":"https:\/\/desdropi.com\/elparque\/wp-json\/wp\/v2\/product_tag?post=220277"}],"curies":[{"name":"wp","href":"https:\/\/api.w.org\/{rel}","templated":true}]}}