{"id":220326,"date":"2024-04-23T13:05:19","date_gmt":"2024-04-23T11:05:19","guid":{"rendered":"https:\/\/desdropi.com\/elparque\/?post_type=product&#038;p=220326"},"modified":"2024-05-17T13:04:15","modified_gmt":"2024-05-17T11:04:15","slug":"silla-gaming-nasa-supernova-azul-blanca","status":"publish","type":"product","link":"https:\/\/desdropi.com\/elparque\/silla-gaming-nasa-supernova-azul-blanca\/","title":{"rendered":"SILLA GAMING NASA SUPERNOVA AZUL\/BLANCA"},"content":{"rendered":"<div class=\"descripcion-tab\">\n<ul>\n<li><strong>Nombre del Producto:<\/strong> SU017-BWR<\/li>\n<li><strong>Marca:<\/strong> NASA<\/li>\n<li><strong>Modelo:<\/strong> SU017-BWR<\/li>\n<li><strong>EAN:<\/strong> 4895232705429<\/li>\n<\/ul>\n<p><strong>Peso y Dimensiones:<\/strong><\/p>\n<ul>\n<li>Altura (min.): 126<\/li>\n<li>Altura (m\u00e1x.): 136<\/li>\n<li>Anchura del Asiento: 37 &#8211; 51<\/li>\n<li>Profundidad del Asiento: 50<\/li>\n<li>Altura del Respaldo: 83<\/li>\n<li>Ancho del Respaldo: 55<\/li>\n<\/ul>\n<p><strong>Empaquetado:<\/strong><\/p>\n<ul>\n<li>Cantidad por Paquete: 1<\/li>\n<li>Tipo de Embalaje: Caja<\/li>\n<\/ul>\n<p><strong>Ergonom\u00eda:<\/strong><\/p>\n<ul>\n<li>Plataforma de Vuelo\/Volante de Carreras Incluido: No<\/li>\n<li>Reposacabezas: S\u00ed<\/li>\n<\/ul>\n<p><strong>Caracter\u00edsticas:<\/strong><\/p>\n<ul>\n<li>Tipo de Producto: Silla para Videojuegos Universal<\/li>\n<li>Peso M\u00e1ximo del Usuario: 150<\/li>\n<li>Tipo de Asiento: Asiento Acolchado<\/li>\n<li>Tipo de Respaldo: Respaldo Acolchado<\/li>\n<li>Reposabrazos: S\u00ed<\/li>\n<li>Tipo de Reposabrazos: Reposabrazos R\u00edgido<\/li>\n<li>Dise\u00f1o de Plancha Ergon\u00f3mico: S\u00ed<\/li>\n<li>Rueda de Reenv\u00edo: S\u00ed<\/li>\n<li>N\u00famero de Ruedas: 5<\/li>\n<li>Color de Fotograma: Negro<\/li>\n<li>Material del Marco: Metal<\/li>\n<li>Color Base: Blanco, Azul<\/li>\n<li>Color del Asiento: Blanco, Azul<\/li>\n<li>Color de Respaldo: Blanco, Azul<\/li>\n<\/ul>\n<\/div>\n","protected":false},"excerpt":{"rendered":"<p><span style=\"color: #ff0000;\"><strong>\u00a1ENV\u00cdO GRATIS!<\/strong><\/span><\/p>\n","protected":false},"featured_media":220330,"comment_status":"open","ping_status":"closed","template":"","meta":{"_joinchat":[]},"product_cat":[6536,6562,6563],"product_tag":[],"class_list":{"0":"post-220326","1":"product","2":"type-product","3":"status-publish","4":"has-post-thumbnail","6":"product_cat-informatica-y-ocio","7":"product_cat-gaming-informatica-y-gaming","8":"product_cat-sillas","10":"first","11":"instock","12":"sale","13":"taxable","14":"shipping-taxable","15":"purchasable","16":"product-type-simple"},"_links":{"self":[{"href":"https:\/\/desdropi.com\/elparque\/wp-json\/wp\/v2\/product\/220326"}],"collection":[{"href":"https:\/\/desdropi.com\/elparque\/wp-json\/wp\/v2\/product"}],"about":[{"href":"https:\/\/desdropi.com\/elparque\/wp-json\/wp\/v2\/types\/product"}],"replies":[{"embeddable":true,"href":"https:\/\/desdropi.com\/elparque\/wp-json\/wp\/v2\/comments?post=220326"}],"version-history":[{"count":0,"href":"https:\/\/desdropi.com\/elparque\/wp-json\/wp\/v2\/product\/220326\/revisions"}],"wp:featuredmedia":[{"embeddable":true,"href":"https:\/\/desdropi.com\/elparque\/wp-json\/wp\/v2\/media\/220330"}],"wp:attachment":[{"href":"https:\/\/desdropi.com\/elparque\/wp-json\/wp\/v2\/media?parent=220326"}],"wp:term":[{"taxonomy":"product_cat","embeddable":true,"href":"https:\/\/desdropi.com\/elparque\/wp-json\/wp\/v2\/product_cat?post=220326"},{"taxonomy":"product_tag","embeddable":true,"href":"https:\/\/desdropi.com\/elparque\/wp-json\/wp\/v2\/product_tag?post=220326"}],"curies":[{"name":"wp","href":"https:\/\/api.w.org\/{rel}","templated":true}]}}