{"id":220361,"date":"2024-04-23T13:16:46","date_gmt":"2024-04-23T11:16:46","guid":{"rendered":"https:\/\/desdropi.com\/elparque\/?post_type=product&#038;p=220361"},"modified":"2024-05-17T13:04:18","modified_gmt":"2024-05-17T11:04:18","slug":"adaptador-plc-tp-link-tl-pa4010kit-kit-2-uds","status":"publish","type":"product","link":"https:\/\/desdropi.com\/elparque\/adaptador-plc-tp-link-tl-pa4010kit-kit-2-uds\/","title":{"rendered":"ADAPTADOR PLC TP LINK TL-PA4010KIT KIT 2 UDS"},"content":{"rendered":"<div class=\"descripcion-tab\"><strong>NOMBRE DEL PRODUCTO<\/strong><\/div>\n<ul>\n<li class=\"descripcion-tab\">Marca: TP-LINK<\/li>\n<li class=\"descripcion-tab\">Modelo: TL-PA4010KIT<\/li>\n<li class=\"descripcion-tab\">EAN: 6935364031985<\/li>\n<\/ul>\n<div class=\"descripcion-tab\">\n<p><strong>Puertos e Interfaces<\/strong><\/p>\n<ul>\n<li>Ethernet LAN (RJ-45) cantidad de puertos: 1<\/li>\n<\/ul>\n<p><strong>Peso y dimensiones<\/strong><\/p>\n<ul>\n<li>Ancho: 80 mm<\/li>\n<li>Profundidad: 77.8 mm<\/li>\n<li>Altura: 77.3 mm<\/li>\n<\/ul>\n<p><strong>Control de energ\u00eda<\/strong><\/p>\n<ul>\n<li>Consumo energ\u00e9tico: 3.6 W<\/li>\n<\/ul>\n<p><strong>Condiciones ambientales<\/strong><\/p>\n<ul>\n<li>Intervalo de temperatura operativa: 0\u00b0C &#8211; 40\u00b0C<\/li>\n<li>Intervalo de temperatura de almacenaje: -40\u00b0C &#8211; 70\u00b0C<\/li>\n<li>Intervalo de humedad relativa para funcionamiento: 10% &#8211; 90%<\/li>\n<li>Intervalo de humedad relativa durante almacenaje: 5% &#8211; 90%<\/li>\n<\/ul>\n<p><strong>Detalles t\u00e9cnicos<\/strong><\/p>\n<ul>\n<li>Certificados de sostenibilidad: RoHS<\/li>\n<\/ul>\n<p><strong>Empaquetado<\/strong><\/p>\n<ul>\n<li>Tipo de embalaje: Caja<\/li>\n<\/ul>\n<p><strong>Contenido del embalaje<\/strong><\/p>\n<ul>\n<li>Gu\u00eda de configuraci\u00f3n r\u00e1pida: S\u00ed<\/li>\n<li>Cables incluidos: LAN (RJ-45)<\/li>\n<\/ul>\n<p><strong>Antena<\/strong><\/p>\n<ul>\n<li>Cantidad de antenas: 2<\/li>\n<li>Tipo de antena: Externo<\/li>\n<li>Rango de potencia de transmisi\u00f3n: 15 &#8211; 20<\/li>\n<\/ul>\n<p><strong>Dise\u00f1o<\/strong><\/p>\n<ul>\n<li>Bot\u00f3n de restaurar: S\u00ed<\/li>\n<li>Color del producto: Blanco<\/li>\n<li>Material de la carcasa: Pl\u00e1stico<\/li>\n<li>Certificaci\u00f3n: CE, FCC<\/li>\n<\/ul>\n<p><strong>Desempe\u00f1o<\/strong><\/p>\n<ul>\n<li>Tipo: Transmisor y receptor de red<\/li>\n<li>Velocidad de transferencia de datos: 300 Mbps<\/li>\n<li>Ethernet LAN, velocidad de transferencia de datos: 10\/100 Mbps<\/li>\n<li>Seguridad por pulsador WPS: S\u00ed<\/li>\n<\/ul>\n<p><strong>Conexi\u00f3n<\/strong><\/p>\n<ul>\n<li>Tecnolog\u00eda de cableado: 10\/100Base-T(X)<\/li>\n<li>Est\u00e1ndares de red: IEEE 802.11b, IEEE 802.11g, IEEE 802.11n<\/li>\n<li>Algoritmos de seguridad soportados: 64-bit WEP, 128-bit WEP, WPA, WPA-PSK, WPA2, WPA2-PSK<\/li>\n<\/ul>\n<\/div>\n","protected":false},"excerpt":{"rendered":"<p>NOMBRE DEL PRODUCTO Marca: TP-LINK Modelo: TL-PA4010KIT EAN: 6935364031985 Puertos e Interfaces Ethernet LAN (RJ-45) cantidad de puertos: 1 Peso<\/p>\n","protected":false},"featured_media":220366,"comment_status":"open","ping_status":"closed","template":"","meta":{"_joinchat":[]},"product_cat":[6536,7169],"product_tag":[],"class_list":{"0":"post-220361","1":"product","2":"type-product","3":"status-publish","4":"has-post-thumbnail","6":"product_cat-informatica-y-ocio","7":"product_cat-adaptadores","9":"first","10":"instock","11":"sale","12":"taxable","13":"shipping-taxable","14":"purchasable","15":"product-type-simple"},"_links":{"self":[{"href":"https:\/\/desdropi.com\/elparque\/wp-json\/wp\/v2\/product\/220361"}],"collection":[{"href":"https:\/\/desdropi.com\/elparque\/wp-json\/wp\/v2\/product"}],"about":[{"href":"https:\/\/desdropi.com\/elparque\/wp-json\/wp\/v2\/types\/product"}],"replies":[{"embeddable":true,"href":"https:\/\/desdropi.com\/elparque\/wp-json\/wp\/v2\/comments?post=220361"}],"version-history":[{"count":0,"href":"https:\/\/desdropi.com\/elparque\/wp-json\/wp\/v2\/product\/220361\/revisions"}],"wp:featuredmedia":[{"embeddable":true,"href":"https:\/\/desdropi.com\/elparque\/wp-json\/wp\/v2\/media\/220366"}],"wp:attachment":[{"href":"https:\/\/desdropi.com\/elparque\/wp-json\/wp\/v2\/media?parent=220361"}],"wp:term":[{"taxonomy":"product_cat","embeddable":true,"href":"https:\/\/desdropi.com\/elparque\/wp-json\/wp\/v2\/product_cat?post=220361"},{"taxonomy":"product_tag","embeddable":true,"href":"https:\/\/desdropi.com\/elparque\/wp-json\/wp\/v2\/product_tag?post=220361"}],"curies":[{"name":"wp","href":"https:\/\/api.w.org\/{rel}","templated":true}]}}