{"id":220395,"date":"2024-04-23T13:35:42","date_gmt":"2024-04-23T11:35:42","guid":{"rendered":"https:\/\/desdropi.com\/elparque\/?post_type=product&#038;p=220395"},"modified":"2024-05-17T13:04:19","modified_gmt":"2024-05-17T11:04:19","slug":"altavoces-logitech-z207-bt-negros","status":"publish","type":"product","link":"https:\/\/desdropi.com\/elparque\/altavoces-logitech-z207-bt-negros\/","title":{"rendered":"ALTAVOCES LOGITECH Z207 BT NEGROS"},"content":{"rendered":"<div class=\"descripcion-tab\">\n<ul>\n<li><strong>Nombre del Producto:<\/strong> 980-001295<\/li>\n<li><strong>Marca:<\/strong> LOGITECH<\/li>\n<li><strong>Modelo:<\/strong> 980-001295<\/li>\n<li><strong>EAN:<\/strong> 5099206075023<\/li>\n<\/ul>\n<p><strong>Audio:<\/strong><\/p>\n<ul>\n<li>Potencia Estimada RMS: 5<\/li>\n<li>Salida de Pico de Potencia Musical (PMPO): 10<\/li>\n<\/ul>\n<p><strong>Puertos e Interfaces:<\/strong><\/p>\n<ul>\n<li>Tecnolog\u00eda de Conectividad: Inal\u00e1mbrico y al\u00e1mbrico<\/li>\n<li>Versi\u00f3n de Bluetooth: 4.1<\/li>\n<li>Auriculares: 3,5 mm<\/li>\n<li>Bluetooth: S\u00ed<\/li>\n<li>Conector de 3,5 mm: S\u00ed<\/li>\n<li>Salidas para Auriculares: 1<\/li>\n<li>Entrada de L\u00ednea: S\u00ed<\/li>\n<\/ul>\n<p><strong>Peso y Dimensiones:<\/strong><\/p>\n<ul>\n<li>Ancho: 90 mm<\/li>\n<li>Profundidad: 124 mm<\/li>\n<li>Altura: 241 mm<\/li>\n<li>Peso: 1 kg<\/li>\n<\/ul>\n<p><strong>Control de Energ\u00eda:<\/strong><\/p>\n<ul>\n<li>Alimentaci\u00f3n: Corriente Alterna<\/li>\n<li>Tipo de Enchufe: Tipo C<\/li>\n<\/ul>\n<p><strong>Altavoces:<\/strong><\/p>\n<ul>\n<li>Canales de Salida de Audio: 2.0<\/li>\n<li>N\u00famero de Dispositivos: 4<\/li>\n<li>Ubicaci\u00f3n de Bocina: Mesa\/estante<\/li>\n<\/ul>\n<p><strong>Empaquetado:<\/strong><\/p>\n<ul>\n<li>Tipo de Embalaje: Caja<\/li>\n<li>Ancho del Paquete: 125,6 mm<\/li>\n<li>Profundidad del Paquete: 217 mm<\/li>\n<li>Altura del Paquete: 244 mm<\/li>\n<li>Peso del Paquete: 1,31 kg<\/li>\n<\/ul>\n<p><strong>Contenido del Embalaje:<\/strong><\/p>\n<ul>\n<li>Cables incluidos: Audio (3,5 mm)<\/li>\n<li>Cantidad por Paquete: 2<\/li>\n<li>Gu\u00eda de Configuraci\u00f3n R\u00e1pida: S\u00ed<\/li>\n<\/ul>\n<p><strong>Otras Caracter\u00edsticas:<\/strong><\/p>\n<ul>\n<li>Apto para Uso en Pa\u00eds\/Localizaci\u00f3n: Europa<\/li>\n<\/ul>\n<p><strong>Desempe\u00f1o:<\/strong><\/p>\n<ul>\n<li>Uso Recomendado: PC<\/li>\n<li>Color del Producto: Negro<\/li>\n<li>Control de Volumen: Giratorio<\/li>\n<\/ul>\n<p><strong>Datos Log\u00edsticos:<\/strong><\/p>\n<ul>\n<li>Ancho de la Caja Principal: 231 mm<\/li>\n<li>Longitud de la Caja: 522 mm<\/li>\n<li>Alto de la Caja Principal: 262 mm<\/li>\n<li>Peso del Envase Completo: 5,75 kg<\/li>\n<li>Cantidad por Pal\u00e9: 224<\/li>\n<li>C\u00f3digo de Sistema de Armonizaci\u00f3n (SA): 85182200<\/li>\n<\/ul>\n<\/div>\n","protected":false},"excerpt":{"rendered":"<p><span style=\"color: #ff0000;\"><strong>\u00a1ENV\u00cdO GRATIS!<\/strong><\/span><\/p>\n","protected":false},"featured_media":220398,"comment_status":"open","ping_status":"closed","template":"","meta":{"_joinchat":[]},"product_cat":[1022,6885],"product_tag":[],"class_list":{"0":"post-220395","1":"product","2":"type-product","3":"status-publish","4":"has-post-thumbnail","6":"product_cat-sonido","7":"product_cat-altavoces","9":"first","10":"instock","11":"sale","12":"taxable","13":"shipping-taxable","14":"purchasable","15":"product-type-simple"},"_links":{"self":[{"href":"https:\/\/desdropi.com\/elparque\/wp-json\/wp\/v2\/product\/220395"}],"collection":[{"href":"https:\/\/desdropi.com\/elparque\/wp-json\/wp\/v2\/product"}],"about":[{"href":"https:\/\/desdropi.com\/elparque\/wp-json\/wp\/v2\/types\/product"}],"replies":[{"embeddable":true,"href":"https:\/\/desdropi.com\/elparque\/wp-json\/wp\/v2\/comments?post=220395"}],"version-history":[{"count":0,"href":"https:\/\/desdropi.com\/elparque\/wp-json\/wp\/v2\/product\/220395\/revisions"}],"wp:featuredmedia":[{"embeddable":true,"href":"https:\/\/desdropi.com\/elparque\/wp-json\/wp\/v2\/media\/220398"}],"wp:attachment":[{"href":"https:\/\/desdropi.com\/elparque\/wp-json\/wp\/v2\/media?parent=220395"}],"wp:term":[{"taxonomy":"product_cat","embeddable":true,"href":"https:\/\/desdropi.com\/elparque\/wp-json\/wp\/v2\/product_cat?post=220395"},{"taxonomy":"product_tag","embeddable":true,"href":"https:\/\/desdropi.com\/elparque\/wp-json\/wp\/v2\/product_tag?post=220395"}],"curies":[{"name":"wp","href":"https:\/\/api.w.org\/{rel}","templated":true}]}}