{"id":220410,"date":"2024-04-23T13:40:43","date_gmt":"2024-04-23T11:40:43","guid":{"rendered":"https:\/\/desdropi.com\/elparque\/?post_type=product&#038;p=220410"},"modified":"2024-05-17T13:04:19","modified_gmt":"2024-05-17T11:04:19","slug":"adaptador-plc-tp-link-powerline-av1000-cable","status":"publish","type":"product","link":"https:\/\/desdropi.com\/elparque\/adaptador-plc-tp-link-powerline-av1000-cable\/","title":{"rendered":"ADAPTADOR PLC TP LINK POWERLINE AV1000 CABLE"},"content":{"rendered":"<div class=\"descripcion-tab\">\n<strong>NOMBRE DEL PRODUCTO:<\/strong> TP-LINK TL-PA7017 KIT<\/p>\n<ul>\n<li><strong>Marca:<\/strong> TP-LINK<\/li>\n<li><strong>Modelo:<\/strong> TL-PA7017 KIT<\/li>\n<li><strong>EAN:<\/strong> 6935364089054<\/li>\n<\/ul>\n<p><strong>Requisitos del sistema<\/strong><\/p>\n<ul>\n<li>Sistema operativo Linux soportado: S\u00ed<\/li>\n<li>Compatible con Mac: S\u00ed<\/li>\n<li>Sistema operativo Windows soportado: Windows 2000, Windows 7, Windows 8, Windows 8.1, Windows Vista, Windows XP<\/li>\n<\/ul>\n<p><strong>Peso y dimensiones<\/strong><\/p>\n<ul>\n<li>Ancho: 65 mm<\/li>\n<li>Profundidad: 52 mm<\/li>\n<li>Altura: 58.3 mm<\/li>\n<li>Ancho del paquete: 190 mm<\/li>\n<li>Altura del paquete: 100 mm<\/li>\n<li>Profundidad del paquete: 136 mm<\/li>\n<\/ul>\n<p><strong>Control de energ\u00eda<\/strong><\/p>\n<ul>\n<li>Consumo energ\u00e9tico: 2.3 W<\/li>\n<li>Consumo de energ\u00eda (inactivo): 0.5 W<\/li>\n<li>Voltaje de entrada AC: 220 V<\/li>\n<li>Frecuencia de entrada AC: 50 Hz<\/li>\n<\/ul>\n<p><strong>Condiciones ambientales<\/strong><\/p>\n<ul>\n<li>Intervalo de temperatura operativa: 0\u00b0C &#8211; 40\u00b0C<\/li>\n<li>Intervalo de temperatura de almacenaje: -40\u00b0C &#8211; 70\u00b0C<\/li>\n<li>Intervalo de humedad relativa para funcionamiento: 10% &#8211; 90%<\/li>\n<li>Intervalo de humedad relativa durante almacenaje: 5% &#8211; 90%<\/li>\n<\/ul>\n<p><strong>Detalles t\u00e9cnicos<\/strong><\/p>\n<ul>\n<li>Certificados de sostenibilidad: RoHS<\/li>\n<\/ul>\n<p><strong>Contenido del embalaje<\/strong><\/p>\n<ul>\n<li>Cantidad por paquete: 2<\/li>\n<li>Gu\u00eda de instalaci\u00f3n r\u00e1pida: S\u00ed<\/li>\n<li>Cables incluidos: LAN (RJ-45)<\/li>\n<\/ul>\n<p><strong>Dise\u00f1o<\/strong><\/p>\n<ul>\n<li>Certificaci\u00f3n: CE<\/li>\n<li>Indicadores LED: LAN, PLC, Poder<\/li>\n<li>Color del producto: Blanco<\/li>\n<li>Tipo de antena: Interno<\/li>\n<\/ul>\n<p><strong>Desempe\u00f1o<\/strong><\/p>\n<ul>\n<li>Rango m\u00e1ximo de transferencia de datos: 1000 Mbps<\/li>\n<li>Ethernet: S\u00ed<\/li>\n<li>Wifi: No<\/li>\n<li>Est\u00e1ndares de red: IEEE 802.3, IEEE 802.3ab, IEEE 802.3u<\/li>\n<li>Conector: Tipo F<\/li>\n<li>Enchufe integrado: No<\/li>\n<li>Modulaci\u00f3n: OFDM<\/li>\n<li>Algoritmos de seguridad soportados: 128-bit AES<\/li>\n<li>Distancia de funcionamiento m\u00e1ximo: 300 metros<\/li>\n<li>Conectar y usar (Plug and Play): S\u00ed<\/li>\n<\/ul>\n<\/div>\n","protected":false},"excerpt":{"rendered":"<p>NOMBRE DEL PRODUCTO: TP-LINK TL-PA7017 KIT Marca: TP-LINK Modelo: TL-PA7017 KIT EAN: 6935364089054 Requisitos del sistema Sistema operativo Linux soportado:<\/p>\n","protected":false},"featured_media":220413,"comment_status":"open","ping_status":"closed","template":"","meta":{"_joinchat":[]},"product_cat":[6536,7169],"product_tag":[],"class_list":{"0":"post-220410","1":"product","2":"type-product","3":"status-publish","4":"has-post-thumbnail","6":"product_cat-informatica-y-ocio","7":"product_cat-adaptadores","9":"first","10":"instock","11":"sale","12":"taxable","13":"shipping-taxable","14":"purchasable","15":"product-type-simple"},"_links":{"self":[{"href":"https:\/\/desdropi.com\/elparque\/wp-json\/wp\/v2\/product\/220410"}],"collection":[{"href":"https:\/\/desdropi.com\/elparque\/wp-json\/wp\/v2\/product"}],"about":[{"href":"https:\/\/desdropi.com\/elparque\/wp-json\/wp\/v2\/types\/product"}],"replies":[{"embeddable":true,"href":"https:\/\/desdropi.com\/elparque\/wp-json\/wp\/v2\/comments?post=220410"}],"version-history":[{"count":0,"href":"https:\/\/desdropi.com\/elparque\/wp-json\/wp\/v2\/product\/220410\/revisions"}],"wp:featuredmedia":[{"embeddable":true,"href":"https:\/\/desdropi.com\/elparque\/wp-json\/wp\/v2\/media\/220413"}],"wp:attachment":[{"href":"https:\/\/desdropi.com\/elparque\/wp-json\/wp\/v2\/media?parent=220410"}],"wp:term":[{"taxonomy":"product_cat","embeddable":true,"href":"https:\/\/desdropi.com\/elparque\/wp-json\/wp\/v2\/product_cat?post=220410"},{"taxonomy":"product_tag","embeddable":true,"href":"https:\/\/desdropi.com\/elparque\/wp-json\/wp\/v2\/product_tag?post=220410"}],"curies":[{"name":"wp","href":"https:\/\/api.w.org\/{rel}","templated":true}]}}